{"id":8246,"date":"2026-02-10T20:43:13","date_gmt":"2026-02-10T20:43:13","guid":{"rendered":"https:\/\/ciclozone.com\/ciclozone-web-konto-versionshistorik\/"},"modified":"2026-03-30T18:21:52","modified_gmt":"2026-03-30T17:21:52","slug":"ciclozone-web-konto-versionshistorik","status":"publish","type":"page","link":"https:\/\/ciclozone.com\/sv\/ciclozone-web-konto-versionshistorik\/","title":{"rendered":"CicloZone Web Konto &#8211; Versionshistorik"},"content":{"rendered":"\t\t<div data-elementor-type=\"wp-page\" data-elementor-id=\"8246\" class=\"elementor elementor-8246 elementor-6428\" data-elementor-post-type=\"page\">\n\t\t\t\t<div class=\"elementor-element elementor-element-8fb9b8f e-flex e-con-boxed e-con e-parent\" data-id=\"8fb9b8f\" data-element_type=\"container\" data-e-type=\"container\" data-settings=\"{&quot;background_background&quot;:&quot;classic&quot;,&quot;animation&quot;:&quot;none&quot;,&quot;shape_divider_bottom&quot;:&quot;triangle&quot;,&quot;shape_divider_bottom_negative&quot;:&quot;yes&quot;}\">\n\t\t\t\t\t<div class=\"e-con-inner\">\n\t\t\t\t<div class=\"elementor-shape elementor-shape-bottom\" aria-hidden=\"true\" data-negative=\"true\">\n\t\t\t<svg xmlns=\"http:\/\/www.w3.org\/2000\/svg\" viewBox=\"0 0 1000 100\" preserveAspectRatio=\"none\">\n\t<path class=\"elementor-shape-fill\" d=\"M500.2,94.7L0,0v100h1000V0L500.2,94.7z\"\/>\n<\/svg>\t\t<\/div>\n\t\t<div class=\"elementor-element elementor-element-7be3c4b e-con-full e-flex e-con e-child\" data-id=\"7be3c4b\" data-element_type=\"container\" data-e-type=\"container\">\n\t\t\t\t<div class=\"elementor-element elementor-element-8518ff2 elementor-widget__width-initial elementor-widget elementor-widget-heading\" data-id=\"8518ff2\" data-element_type=\"widget\" data-e-type=\"widget\" data-widget_type=\"heading.default\">\n\t\t\t\t\t<h1 class=\"elementor-heading-title elementor-size-default\">CicloZone Web Konto - Versionshistorik<\/h1>\t\t\t\t<\/div>\n\t\t\t\t<div class=\"elementor-element elementor-element-130bca1 elementor-widget elementor-widget-image\" data-id=\"130bca1\" data-element_type=\"widget\" data-e-type=\"widget\" data-widget_type=\"image.default\">\n\t\t\t\t\t\t\t\t\t\t\t\t\t\t\t<img decoding=\"async\" width=\"300\" height=\"7\" src=\"https:\/\/ciclozone.com\/wp-content\/uploads\/2025\/08\/Swatch-Group-300x7.png\" class=\"attachment-medium size-medium wp-image-7407\" alt=\"\" srcset=\"https:\/\/ciclozone.com\/wp-content\/uploads\/2025\/08\/Swatch-Group-300x7.png 300w, https:\/\/ciclozone.com\/wp-content\/uploads\/2025\/08\/Swatch-Group.png 550w\" sizes=\"(max-width: 300px) 100vw, 300px\" \/>\t\t\t\t\t\t\t\t\t\t\t\t\t\t\t<\/div>\n\t\t\t\t<\/div>\n\t\t\t\t\t<\/div>\n\t\t\t\t<\/div>\n\t\t<div class=\"elementor-element elementor-element-a7ae7de e-flex e-con-boxed e-con e-parent\" data-id=\"a7ae7de\" data-element_type=\"container\" data-e-type=\"container\" data-settings=\"{&quot;background_background&quot;:&quot;classic&quot;}\">\n\t\t\t\t\t<div class=\"e-con-inner\">\n\t\t\t\t<div class=\"elementor-element elementor-element-f13c1c6 elementor-widget__width-initial elementor-widget elementor-widget-text-editor\" data-id=\"f13c1c6\" data-element_type=\"widget\" data-e-type=\"widget\" data-widget_type=\"text-editor.default\">\n\t\t\t\t\t\t\t\t\t<p>Den h\u00e4r sidan dokumenterar utvecklingen av plattformen CicloZone Web Accounts, som anv\u00e4nds av studior, instrukt\u00f6rer och personal f\u00f6r att hantera schemal\u00e4ggning, klasser och studioverksamhet. CicloZone Web Accounts \u00e4r en webbl\u00e4sarbaserad hanteringsplattform f\u00f6r inomhuscyklingsstudior.<\/p><h3><strong>CicloZone Web &#8211; Logga inLog In<\/strong><\/h3><h3><strong>Senast uppdaterad: januari 2026<\/strong><\/h3><h3><strong>Plattforms\u00f6versyn (2025)<\/strong><\/h3><p>2025 introducerade CicloZone en st\u00f6rre \u00f6versyn av sin webbkontoplattform.<\/p><p>Denna uppdatering ersatte det \u00e4ldre webbsystemet som anv\u00e4ndes f\u00f6re 2025 med en ny, enhetlig arkitektur designad f\u00f6r att st\u00f6dja moderna studioarbetsfl\u00f6den, skalbara klassbibliotek och p\u00e5g\u00e5ende funktionsutveckling.<\/p><p>P\u00e5 grund av omfattningen av denna \u00f6verg\u00e5ng listas inte enskilda uppdateringar fr\u00e5n den \u00e4ldre plattformen separat. Alla uppdateringar nedan g\u00e4ller den nuvarande plattformen CicloZone Web Accounts.<\/p><h4><strong>K\u00e4rn\u00e4ndringar inf\u00f6rdes under fj\u00e4rde kvartalet 2025<\/strong><\/h4><p>Ny arkitektur f\u00f6r webbkonton<\/p><p>Tillg\u00e5ng till studio och instrukt\u00f6r<\/p><p>Omgjorda arbetsfl\u00f6den f\u00f6r schemal\u00e4ggning och kalender<\/p><p>F\u00f6rb\u00e4ttrad systemprestanda och tillf\u00f6rlitlighet<\/p><p>Grund f\u00f6r p\u00e5g\u00e5ende lanseringar av webbfunktioner<\/p><h3><strong>Uppdateringar av webbkonton<\/strong><\/h3><h4><strong>januari 2026<\/strong><\/h4><h3><strong>F\u00f6rb\u00e4ttrad<\/strong><\/h3><ul><li>Visuell konsekvens \u00f6ver schemal\u00e4ggning och hanteringssk\u00e4rmar<\/li><\/ul><h3><strong>Fast<\/strong><\/h3><ul><li>Mindre inkonsekvenser i anv\u00e4ndargr\u00e4nssnitt och layout<\/li><\/ul><h4><strong>december 2025<\/strong><\/h4><h3><strong>Tillagd<\/strong><\/h3><ul><li>Initial release av den nya plattformen CicloZone Web Accounts<\/li><li>Ut\u00f6kade Studio TV-schemavisningar (dag, vecka och m\u00e5nad)<\/li><li>Klassfiltrering efter typ, tr\u00e4nare, taggar och prestationsstatistik<\/li><li>F\u00f6rb\u00e4ttrad klassf\u00f6rhandsvisning och urval fr\u00e5n klassbiblioteket<\/li><li>Spellistor f\u00f6r dag och vecka<\/li><li>Introduktion av teambeh\u00f6righeter<\/li><li>Faktureringssida<\/li><li>Class Builder Sida<\/li><li>Gr\u00e4nssnitt f\u00f6r m\u00f6rkt\/ljusl\u00e4ge<\/li><\/ul><h3><strong>Fast<\/strong><\/h3><ul><li>Tidiga plattformsproblem relaterade till klassuppgifter och kalenderuppdatering<\/li><\/ul><h4><strong>november 2025<\/strong><\/h4><h3><strong>Tillagd<\/strong><\/h3><ul><li>Rollbaserade tillg\u00e5ngsgrunder f\u00f6r studiochefer och instrukt\u00f6rer<\/li><\/ul><h3><strong>F\u00f6rb\u00e4ttrad<\/strong><\/h3><ul><li>Datahantering mellan schemalagda klasser och biblioteksinneh\u00e5ll<\/li><li>Schemal\u00e4ggningsnoggrannhet f\u00f6r klassens start- och sluttider<\/li><li>S\u00f6k och filtrera i klassbiblioteket<\/li><\/ul><h3><strong>Fast<\/strong><\/h3><ul><li>Mindre validerings- och tidsvalsproblem<\/li><\/ul><h3><strong>P\u00e5g\u00e5ende utveckling<\/strong><\/h3><p>CicloZone Web Accounts-plattformen underh\u00e5lls och uppdateras aktivt. Nya funktioner, f\u00f6rb\u00e4ttringar och korrigeringar sl\u00e4pps l\u00f6pande som en del av den kontinuerliga plattformsutvecklingen.<\/p><h4><strong>Omfattning och anm\u00e4rkningar<\/strong><\/h4><p>Denna versionshistorik g\u00e4ller endast CicloZone Web-konton.<\/p><p>Mobile Rider-appar och studiosk\u00e4rmsmjukvara har separata uppdateringshistorik.<\/p>\t\t\t\t\t\t\t\t<\/div>\n\t\t\t\t\t<\/div>\n\t\t\t\t<\/div>\n\t\t\t\t<\/div>\n\t\t","protected":false},"excerpt":{"rendered":"<p>CicloZone Web Konto &#8211; Versionshistorik Den h\u00e4r sidan dokumenterar utvecklingen av plattformen CicloZone Web Accounts, som anv\u00e4nds av studior, instrukt\u00f6rer [&hellip;]<\/p>\n","protected":false},"author":1,"featured_media":0,"parent":0,"menu_order":0,"comment_status":"closed","ping_status":"closed","template":"","meta":{"site-sidebar-layout":"no-sidebar","site-content-layout":"","ast-site-content-layout":"full-width-container","site-content-style":"default","site-sidebar-style":"default","ast-global-header-display":"","ast-banner-title-visibility":"","ast-main-header-display":"","ast-hfb-above-header-display":"","ast-hfb-below-header-display":"","ast-hfb-mobile-header-display":"","site-post-title":"disabled","ast-breadcrumbs-content":"","ast-featured-img":"disabled","footer-sml-layout":"","ast-disable-related-posts":"","theme-transparent-header-meta":"","adv-header-id-meta":"","stick-header-meta":"","header-above-stick-meta":"","header-main-stick-meta":"","header-below-stick-meta":"","astra-migrate-meta-layouts":"default","ast-page-background-enabled":"default","ast-page-background-meta":{"desktop":{"background-color":"var(--ast-global-color-5)","background-image":"","background-repeat":"repeat","background-position":"center center","background-size":"auto","background-attachment":"scroll","background-type":"","background-media":"","overlay-type":"","overlay-color":"","overlay-opacity":"","overlay-gradient":""},"tablet":{"background-color":"","background-image":"","background-repeat":"repeat","background-position":"center center","background-size":"auto","background-attachment":"scroll","background-type":"","background-media":"","overlay-type":"","overlay-color":"","overlay-opacity":"","overlay-gradient":""},"mobile":{"background-color":"","background-image":"","background-repeat":"repeat","background-position":"center center","background-size":"auto","background-attachment":"scroll","background-type":"","background-media":"","overlay-type":"","overlay-color":"","overlay-opacity":"","overlay-gradient":""}},"ast-content-background-meta":{"desktop":{"background-color":"var(--ast-global-color-4)","background-image":"","background-repeat":"repeat","background-position":"center center","background-size":"auto","background-attachment":"scroll","background-type":"","background-media":"","overlay-type":"","overlay-color":"","overlay-opacity":"","overlay-gradient":""},"tablet":{"background-color":"var(--ast-global-color-4)","background-image":"","background-repeat":"repeat","background-position":"center center","background-size":"auto","background-attachment":"scroll","background-type":"","background-media":"","overlay-type":"","overlay-color":"","overlay-opacity":"","overlay-gradient":""},"mobile":{"background-color":"var(--ast-global-color-4)","background-image":"","background-repeat":"repeat","background-position":"center center","background-size":"auto","background-attachment":"scroll","background-type":"","background-media":"","overlay-type":"","overlay-color":"","overlay-opacity":"","overlay-gradient":""}},"footnotes":""},"class_list":["post-8246","page","type-page","status-publish","hentry"],"yoast_head":"<!-- This site is optimized with the Yoast SEO plugin v27.1.1 - https:\/\/yoast.com\/product\/yoast-seo-wordpress\/ -->\n<title>CicloZone Web Konto - Versionshistorik - Ciclozone<\/title>\n<meta name=\"robots\" content=\"index, follow, max-snippet:-1, max-image-preview:large, max-video-preview:-1\" \/>\n<link rel=\"canonical\" href=\"https:\/\/ciclozone.com\/sv\/ciclozone-web-konto-versionshistorik\/\" \/>\n<meta property=\"og:locale\" content=\"sv_SE\" \/>\n<meta property=\"og:type\" content=\"article\" \/>\n<meta property=\"og:title\" content=\"CicloZone Web Konto - Versionshistorik - Ciclozone\" \/>\n<meta property=\"og:description\" content=\"CicloZone Web Konto &#8211; Versionshistorik Den h\u00e4r sidan dokumenterar utvecklingen av plattformen CicloZone Web Accounts, som anv\u00e4nds av studior, instrukt\u00f6rer [&hellip;]\" \/>\n<meta property=\"og:url\" content=\"https:\/\/ciclozone.com\/sv\/ciclozone-web-konto-versionshistorik\/\" \/>\n<meta property=\"og:site_name\" content=\"Ciclozone\" \/>\n<meta property=\"article:publisher\" content=\"https:\/\/www.facebook.com\/WeareCicloZone\/\" \/>\n<meta property=\"article:modified_time\" content=\"2026-03-30T17:21:52+00:00\" \/>\n<meta property=\"og:image\" content=\"https:\/\/ciclozone.com\/wp-content\/uploads\/2025\/08\/Swatch-Group.png\" \/>\n\t<meta property=\"og:image:width\" content=\"550\" \/>\n\t<meta property=\"og:image:height\" content=\"12\" \/>\n\t<meta property=\"og:image:type\" content=\"image\/png\" \/>\n<meta name=\"twitter:card\" content=\"summary_large_image\" \/>\n<meta name=\"twitter:label1\" content=\"Ber\u00e4knad l\u00e4stid\" \/>\n\t<meta name=\"twitter:data1\" content=\"2 minuter\" \/>\n<script type=\"application\/ld+json\" class=\"yoast-schema-graph\">{\"@context\":\"https:\/\/schema.org\",\"@graph\":[{\"@type\":\"WebPage\",\"@id\":\"https:\/\/ciclozone.com\/sv\/ciclozone-web-konto-versionshistorik\/\",\"url\":\"https:\/\/ciclozone.com\/sv\/ciclozone-web-konto-versionshistorik\/\",\"name\":\"CicloZone Web Konto - Versionshistorik - Ciclozone\",\"isPartOf\":{\"@id\":\"https:\/\/ciclozone.com\/sv\/#website\"},\"primaryImageOfPage\":{\"@id\":\"https:\/\/ciclozone.com\/sv\/ciclozone-web-konto-versionshistorik\/#primaryimage\"},\"image\":{\"@id\":\"https:\/\/ciclozone.com\/sv\/ciclozone-web-konto-versionshistorik\/#primaryimage\"},\"thumbnailUrl\":\"https:\/\/ciclozone.com\/wp-content\/uploads\/2025\/08\/Swatch-Group-300x7.png\",\"datePublished\":\"2026-02-10T20:43:13+00:00\",\"dateModified\":\"2026-03-30T17:21:52+00:00\",\"breadcrumb\":{\"@id\":\"https:\/\/ciclozone.com\/sv\/ciclozone-web-konto-versionshistorik\/#breadcrumb\"},\"inLanguage\":\"sv-SE\",\"potentialAction\":[{\"@type\":\"ReadAction\",\"target\":[\"https:\/\/ciclozone.com\/sv\/ciclozone-web-konto-versionshistorik\/\"]}]},{\"@type\":\"ImageObject\",\"inLanguage\":\"sv-SE\",\"@id\":\"https:\/\/ciclozone.com\/sv\/ciclozone-web-konto-versionshistorik\/#primaryimage\",\"url\":\"https:\/\/ciclozone.com\/wp-content\/uploads\/2025\/08\/Swatch-Group-300x7.png\",\"contentUrl\":\"https:\/\/ciclozone.com\/wp-content\/uploads\/2025\/08\/Swatch-Group-300x7.png\"},{\"@type\":\"BreadcrumbList\",\"@id\":\"https:\/\/ciclozone.com\/sv\/ciclozone-web-konto-versionshistorik\/#breadcrumb\",\"itemListElement\":[{\"@type\":\"ListItem\",\"position\":1,\"name\":\"Home\",\"item\":\"https:\/\/ciclozone.com\/sv\/\"},{\"@type\":\"ListItem\",\"position\":2,\"name\":\"CicloZone Web Konto &#8211; Versionshistorik\"}]},{\"@type\":\"WebSite\",\"@id\":\"https:\/\/ciclozone.com\/sv\/#website\",\"url\":\"https:\/\/ciclozone.com\/sv\/\",\"name\":\"Ciclozone\",\"description\":\"Indoor Cycling Redefined\",\"publisher\":{\"@id\":\"https:\/\/ciclozone.com\/sv\/#organization\"},\"potentialAction\":[{\"@type\":\"SearchAction\",\"target\":{\"@type\":\"EntryPoint\",\"urlTemplate\":\"https:\/\/ciclozone.com\/sv\/?s={search_term_string}\"},\"query-input\":{\"@type\":\"PropertyValueSpecification\",\"valueRequired\":true,\"valueName\":\"search_term_string\"}}],\"inLanguage\":\"sv-SE\"},{\"@type\":\"Organization\",\"@id\":\"https:\/\/ciclozone.com\/sv\/#organization\",\"name\":\"Ciclozone\",\"url\":\"https:\/\/ciclozone.com\/sv\/\",\"logo\":{\"@type\":\"ImageObject\",\"inLanguage\":\"sv-SE\",\"@id\":\"https:\/\/ciclozone.com\/sv\/#\/schema\/logo\/image\/\",\"url\":\"https:\/\/ciclozone.com\/wp-content\/uploads\/2025\/08\/ciclo-logo.png\",\"contentUrl\":\"https:\/\/ciclozone.com\/wp-content\/uploads\/2025\/08\/ciclo-logo.png\",\"width\":177,\"height\":44,\"caption\":\"Ciclozone\"},\"image\":{\"@id\":\"https:\/\/ciclozone.com\/sv\/#\/schema\/logo\/image\/\"},\"sameAs\":[\"https:\/\/www.facebook.com\/WeareCicloZone\/\",\"https:\/\/www.instagram.com\/ciclozoneuk\/\",\"https:\/\/www.linkedin.com\/company\/ciclozone\/\",\"https:\/\/www.youtube.com\/@ciclozone1059\/\"]}]}<\/script>\n<!-- \/ Yoast SEO plugin. -->","yoast_head_json":{"title":"CicloZone Web Konto - Versionshistorik - Ciclozone","robots":{"index":"index","follow":"follow","max-snippet":"max-snippet:-1","max-image-preview":"max-image-preview:large","max-video-preview":"max-video-preview:-1"},"canonical":"https:\/\/ciclozone.com\/sv\/ciclozone-web-konto-versionshistorik\/","og_locale":"sv_SE","og_type":"article","og_title":"CicloZone Web Konto - Versionshistorik - Ciclozone","og_description":"CicloZone Web Konto &#8211; Versionshistorik Den h\u00e4r sidan dokumenterar utvecklingen av plattformen CicloZone Web Accounts, som anv\u00e4nds av studior, instrukt\u00f6rer [&hellip;]","og_url":"https:\/\/ciclozone.com\/sv\/ciclozone-web-konto-versionshistorik\/","og_site_name":"Ciclozone","article_publisher":"https:\/\/www.facebook.com\/WeareCicloZone\/","article_modified_time":"2026-03-30T17:21:52+00:00","og_image":[{"width":550,"height":12,"url":"https:\/\/ciclozone.com\/wp-content\/uploads\/2025\/08\/Swatch-Group.png","type":"image\/png"}],"twitter_card":"summary_large_image","twitter_misc":{"Ber\u00e4knad l\u00e4stid":"2 minuter"},"schema":{"@context":"https:\/\/schema.org","@graph":[{"@type":"WebPage","@id":"https:\/\/ciclozone.com\/sv\/ciclozone-web-konto-versionshistorik\/","url":"https:\/\/ciclozone.com\/sv\/ciclozone-web-konto-versionshistorik\/","name":"CicloZone Web Konto - Versionshistorik - Ciclozone","isPartOf":{"@id":"https:\/\/ciclozone.com\/sv\/#website"},"primaryImageOfPage":{"@id":"https:\/\/ciclozone.com\/sv\/ciclozone-web-konto-versionshistorik\/#primaryimage"},"image":{"@id":"https:\/\/ciclozone.com\/sv\/ciclozone-web-konto-versionshistorik\/#primaryimage"},"thumbnailUrl":"https:\/\/ciclozone.com\/wp-content\/uploads\/2025\/08\/Swatch-Group-300x7.png","datePublished":"2026-02-10T20:43:13+00:00","dateModified":"2026-03-30T17:21:52+00:00","breadcrumb":{"@id":"https:\/\/ciclozone.com\/sv\/ciclozone-web-konto-versionshistorik\/#breadcrumb"},"inLanguage":"sv-SE","potentialAction":[{"@type":"ReadAction","target":["https:\/\/ciclozone.com\/sv\/ciclozone-web-konto-versionshistorik\/"]}]},{"@type":"ImageObject","inLanguage":"sv-SE","@id":"https:\/\/ciclozone.com\/sv\/ciclozone-web-konto-versionshistorik\/#primaryimage","url":"https:\/\/ciclozone.com\/wp-content\/uploads\/2025\/08\/Swatch-Group-300x7.png","contentUrl":"https:\/\/ciclozone.com\/wp-content\/uploads\/2025\/08\/Swatch-Group-300x7.png"},{"@type":"BreadcrumbList","@id":"https:\/\/ciclozone.com\/sv\/ciclozone-web-konto-versionshistorik\/#breadcrumb","itemListElement":[{"@type":"ListItem","position":1,"name":"Home","item":"https:\/\/ciclozone.com\/sv\/"},{"@type":"ListItem","position":2,"name":"CicloZone Web Konto &#8211; Versionshistorik"}]},{"@type":"WebSite","@id":"https:\/\/ciclozone.com\/sv\/#website","url":"https:\/\/ciclozone.com\/sv\/","name":"Ciclozone","description":"Indoor Cycling Redefined","publisher":{"@id":"https:\/\/ciclozone.com\/sv\/#organization"},"potentialAction":[{"@type":"SearchAction","target":{"@type":"EntryPoint","urlTemplate":"https:\/\/ciclozone.com\/sv\/?s={search_term_string}"},"query-input":{"@type":"PropertyValueSpecification","valueRequired":true,"valueName":"search_term_string"}}],"inLanguage":"sv-SE"},{"@type":"Organization","@id":"https:\/\/ciclozone.com\/sv\/#organization","name":"Ciclozone","url":"https:\/\/ciclozone.com\/sv\/","logo":{"@type":"ImageObject","inLanguage":"sv-SE","@id":"https:\/\/ciclozone.com\/sv\/#\/schema\/logo\/image\/","url":"https:\/\/ciclozone.com\/wp-content\/uploads\/2025\/08\/ciclo-logo.png","contentUrl":"https:\/\/ciclozone.com\/wp-content\/uploads\/2025\/08\/ciclo-logo.png","width":177,"height":44,"caption":"Ciclozone"},"image":{"@id":"https:\/\/ciclozone.com\/sv\/#\/schema\/logo\/image\/"},"sameAs":["https:\/\/www.facebook.com\/WeareCicloZone\/","https:\/\/www.instagram.com\/ciclozoneuk\/","https:\/\/www.linkedin.com\/company\/ciclozone\/","https:\/\/www.youtube.com\/@ciclozone1059\/"]}]}},"_links":{"self":[{"href":"https:\/\/ciclozone.com\/sv\/wp-json\/wp\/v2\/pages\/8246","targetHints":{"allow":["GET"]}}],"collection":[{"href":"https:\/\/ciclozone.com\/sv\/wp-json\/wp\/v2\/pages"}],"about":[{"href":"https:\/\/ciclozone.com\/sv\/wp-json\/wp\/v2\/types\/page"}],"author":[{"embeddable":true,"href":"https:\/\/ciclozone.com\/sv\/wp-json\/wp\/v2\/users\/1"}],"replies":[{"embeddable":true,"href":"https:\/\/ciclozone.com\/sv\/wp-json\/wp\/v2\/comments?post=8246"}],"version-history":[{"count":1,"href":"https:\/\/ciclozone.com\/sv\/wp-json\/wp\/v2\/pages\/8246\/revisions"}],"predecessor-version":[{"id":8247,"href":"https:\/\/ciclozone.com\/sv\/wp-json\/wp\/v2\/pages\/8246\/revisions\/8247"}],"wp:attachment":[{"href":"https:\/\/ciclozone.com\/sv\/wp-json\/wp\/v2\/media?parent=8246"}],"curies":[{"name":"wp","href":"https:\/\/api.w.org\/{rel}","templated":true}]}}