{"id":8244,"date":"2026-02-10T20:32:10","date_gmt":"2026-02-10T20:32:10","guid":{"rendered":"https:\/\/ciclozone.com\/ciclozone-applicationsversionshistorik\/"},"modified":"2026-03-30T18:21:52","modified_gmt":"2026-03-30T17:21:52","slug":"ciclozone-applicationsversionshistorik","status":"publish","type":"page","link":"https:\/\/ciclozone.com\/sv\/ciclozone-applicationsversionshistorik\/","title":{"rendered":"CicloZone Applicationsversionshistorik"},"content":{"rendered":"\t\t<div data-elementor-type=\"wp-page\" data-elementor-id=\"8244\" class=\"elementor elementor-8244 elementor-6417\" data-elementor-post-type=\"page\">\n\t\t\t\t<div class=\"elementor-element elementor-element-ce82d27 e-flex e-con-boxed e-con e-parent\" data-id=\"ce82d27\" data-element_type=\"container\" data-e-type=\"container\" data-settings=\"{&quot;background_background&quot;:&quot;classic&quot;,&quot;animation&quot;:&quot;none&quot;,&quot;shape_divider_bottom&quot;:&quot;triangle&quot;,&quot;shape_divider_bottom_negative&quot;:&quot;yes&quot;}\">\n\t\t\t\t\t<div class=\"e-con-inner\">\n\t\t\t\t<div class=\"elementor-shape elementor-shape-bottom\" aria-hidden=\"true\" data-negative=\"true\">\n\t\t\t<svg xmlns=\"http:\/\/www.w3.org\/2000\/svg\" viewBox=\"0 0 1000 100\" preserveAspectRatio=\"none\">\n\t<path class=\"elementor-shape-fill\" d=\"M500.2,94.7L0,0v100h1000V0L500.2,94.7z\"\/>\n<\/svg>\t\t<\/div>\n\t\t<div class=\"elementor-element elementor-element-1f1638d e-con-full e-flex e-con e-child\" data-id=\"1f1638d\" data-element_type=\"container\" data-e-type=\"container\">\n\t\t\t\t<div class=\"elementor-element elementor-element-67e7ba5 elementor-widget__width-initial elementor-widget elementor-widget-heading\" data-id=\"67e7ba5\" data-element_type=\"widget\" data-e-type=\"widget\" data-widget_type=\"heading.default\">\n\t\t\t\t\t<h1 class=\"elementor-heading-title elementor-size-default\">CicloZone Applicationsversionshistorik<\/h1>\t\t\t\t<\/div>\n\t\t\t\t<div class=\"elementor-element elementor-element-e0d15e2 elementor-widget elementor-widget-image\" data-id=\"e0d15e2\" data-element_type=\"widget\" data-e-type=\"widget\" data-widget_type=\"image.default\">\n\t\t\t\t\t\t\t\t\t\t\t\t\t\t\t<img decoding=\"async\" width=\"300\" height=\"7\" src=\"https:\/\/ciclozone.com\/wp-content\/uploads\/2025\/08\/Swatch-Group-300x7.png\" class=\"attachment-medium size-medium wp-image-7407\" alt=\"\" srcset=\"https:\/\/ciclozone.com\/wp-content\/uploads\/2025\/08\/Swatch-Group-300x7.png 300w, https:\/\/ciclozone.com\/wp-content\/uploads\/2025\/08\/Swatch-Group.png 550w\" sizes=\"(max-width: 300px) 100vw, 300px\" \/>\t\t\t\t\t\t\t\t\t\t\t\t\t\t\t<\/div>\n\t\t\t\t<\/div>\n\t\t\t\t\t<\/div>\n\t\t\t\t<\/div>\n\t\t<div class=\"elementor-element elementor-element-21387e6 e-flex e-con-boxed e-con e-parent\" data-id=\"21387e6\" data-element_type=\"container\" data-e-type=\"container\" data-settings=\"{&quot;background_background&quot;:&quot;classic&quot;}\">\n\t\t\t\t\t<div class=\"e-con-inner\">\n\t\t\t\t<div class=\"elementor-element elementor-element-b0f64b3 elementor-widget__width-initial elementor-widget elementor-widget-text-editor\" data-id=\"b0f64b3\" data-element_type=\"widget\" data-e-type=\"widget\" data-widget_type=\"text-editor.default\">\n\t\t\t\t\t\t\t\t\t<p><strong>iOS<\/strong>: <a href=\"https:\/\/apps.apple.com\/gb\/app\/ciclozone\/id1538024694\">CicloZone App &#8211; App Store<\/a><\/p><p><strong>Android:<\/strong> <a href=\"https:\/\/play.google.com\/store\/apps\/details?id=com.ciclozone&amp;pcampaignid=web_share\">CicloZone App &#8211; Google Play<\/a><\/p><h3><strong>Senast uppdaterad: 22 september 2025<\/strong><\/h3><h4><strong>Introduktion<\/strong><\/h4><p>Den h\u00e4r sidan dokumenterar offentligt sl\u00e4ppta versioner av mobilapplikationen CicloZone. Den ger en historisk \u00f6versikt \u00f6ver funktionstill\u00e4gg, f\u00f6rb\u00e4ttringar och stabilitetsuppdateringar i applikationen CicloZone.<\/p><p>Denna versionshistorik \u00e4r avsedd som en faktisk \u00e4ndringslogg och beskriver inte framtida funktioner eller \u00e5taganden om produktf\u00e4rdplan.<\/p><h4><strong>Snabbnavigering (efter \u00e5r)<\/strong><\/h4><p>Uppdateringar 2025<\/p><p>2024-uppdateringar<\/p><p>Anteckningar om historiska versioner<\/p><p>Uppdatera policy<\/p><h4><strong>Till\u00e4mpningsomf\u00e5ng<\/strong><\/h4><p>Mobilapplikationen CicloZone \u00e4r tillg\u00e4nglig p\u00e5 iOS och Android och \u00e4r byggd med en delad React Native-kodbas.<\/p><p>Om inte annat uttryckligen anges g\u00e4ller versionsnummer som anges i detta dokument f\u00f6r b\u00e5da mobila plattformar och sl\u00e4pps samtidigt.<\/p><h3><strong>Uppdateringar 2025<\/strong><\/h3><h4><strong>Version 6.7.36 \u2013 22 september 2025<\/strong><\/h4><p>F\u00f6rb\u00e4ttrad cykelanslutning<\/p><h4><strong>Version 6.7.35 \u2013 15 september 2025<\/strong><\/h4><p>Mindre stabilitetsf\u00f6rb\u00e4ttringar<\/p><h4><strong>Version 6.7.34 \u2013 8 september 2025<\/strong><\/h4><p>Buggfixar och prestandaf\u00f6rb\u00e4ttringar<\/p><h4><strong>Version 6.7.33 \u2013 1 september 2025<\/strong><\/h4><p>F\u00f6rb\u00e4ttrad hantering av Bluetooth-anslutningar<\/p><p>Mindre f\u00f6rb\u00e4ttringar av anv\u00e4ndargr\u00e4nssnittet<\/p><h4><strong>Version 6.7.31 \u2013 18 augusti 2025<\/strong><\/h4><p>Stabilitetsf\u00f6rb\u00e4ttringar f\u00f6r studioturer<\/p><h4><strong>Version 6.7.29 \u2013 4 augusti 2025<\/strong><\/h4><p>F\u00f6rb\u00e4ttringar av k\u00f6rsp\u00e5rningsnoggrannhet<\/p><p>Buggfixar relaterade till \u00e5teranslutning av enheten<\/p><h4><strong>Version 6.7.27 \u2013 21 juli 2025<\/strong><\/h4><p>F\u00f6rb\u00e4ttrad prestanda f\u00f6r studioturer<\/p><p>Mindre buggfixar<\/p><h4><strong>Version 6.7.25 \u2013 7 juli 2025<\/strong><\/h4><p>F\u00f6rb\u00e4ttringar av Bluetooth-enhetshantering<\/p><p>Allm\u00e4nna stabilitetsf\u00f6rb\u00e4ttringar<\/p><h4><strong>Version 6.7.23 \u2013 23 juni 2025<\/strong><\/h4><p>F\u00f6rb\u00e4ttrad noggrannhet i \u00e5kanalys<\/p><p>Prestandaoptimeringar<\/p><h4><strong>Version 6.6.15 \u2013 18 maj 2025<\/strong><\/h4><p>Riders kan svepa f\u00f6r att se klassresultattavlor direkt p\u00e5 sina enheter<\/p><p>Adaptiva FTP-tester till\u00e5ter ryttare att j\u00e4mf\u00f6ra FTP under en normal klass<\/p><p>Prestandaoptimeringar<\/p><p>F\u00f6rb\u00e4ttrad kompatibilitet med vissa cykelmodeller<\/p><p>Riders kan byta namn p\u00e5 sina Bluetooth-enheter<\/p><h4><strong>Version 6.5.14 \u2013 31 mars 2025<\/strong><\/h4><p>F\u00f6rb\u00e4ttrad stabilitet i \u00e5kanalys<br \/>Buggfixar som p\u00e5verkar studioresor<\/p><h4><strong>Version 6.4.12 \u2013 17 februari 2025<\/strong><\/h4><p>F\u00f6rb\u00e4ttrad tillf\u00f6rlitlighet f\u00f6r Bluetooth-anslutningar<\/p><p>Prestandaf\u00f6rb\u00e4ttringar under l\u00e4ngre klasser<\/p><h4><strong>Version 6.3.10 \u2013 6 januari 2025<\/strong><\/h4><p>Generella prestanda- och stabilitetsf\u00f6rb\u00e4ttringar<\/p><h3><strong>2024-uppdateringar<\/strong><\/h3><h4><strong>Version 6.2.8 \u2013 25 november 2024<\/strong><\/h4><p>F\u00f6rb\u00e4ttrad hantering av ryttarm\u00e5tt under liveklasser<\/p><h4><strong>Version 6.1.6 \u2013 14 oktober 2024<\/strong><\/h4><p>Bugfixar och mindre prestandaf\u00f6rb\u00e4ttringar<\/p><h4><strong>Version 6.0.4 \u2013 2 september 2024<\/strong><\/h4><p>F\u00f6rb\u00e4ttringar av anslutningsm\u00f6jligheter f\u00f6r studioresor<\/p><p>F\u00f6rb\u00e4ttrad hantering av Bluetooth-sensorer<\/p><h4><strong>Version 5.9.3 \u2013 22 juli 2024<\/strong><\/h4><p>Prestandaoptimeringar<\/p><p>Stabilitetsf\u00f6rb\u00e4ttringar p\u00e5 enheter som st\u00f6ds<\/p><h3><strong>Anteckningar om historiska versioner<\/strong><\/h3><p>Tidigare versioner kan inneh\u00e5lla grupperade f\u00f6rb\u00e4ttringar eller interna \u00e4ndringar som inte anges individuellt h\u00e4r. Den h\u00e4r historiken \u00e5terspeglar offentligt sl\u00e4ppta versioner som distribueras via officiella appbutiker.<\/p><h3><strong>Uppdatera policy<\/strong><\/h3><p>Den h\u00e4r sidan uppdateras n\u00e4r nya versioner av mobilapplikationen CicloZone sl\u00e4pps.<\/p>\t\t\t\t\t\t\t\t<\/div>\n\t\t\t\t\t<\/div>\n\t\t\t\t<\/div>\n\t\t\t\t<\/div>\n\t\t","protected":false},"excerpt":{"rendered":"<p>CicloZone Applicationsversionshistorik iOS: CicloZone App &#8211; App Store Android: CicloZone App &#8211; Google Play Senast uppdaterad: 22 september 2025 Introduktion [&hellip;]<\/p>\n","protected":false},"author":1,"featured_media":0,"parent":0,"menu_order":0,"comment_status":"closed","ping_status":"closed","template":"","meta":{"site-sidebar-layout":"no-sidebar","site-content-layout":"","ast-site-content-layout":"full-width-container","site-content-style":"default","site-sidebar-style":"default","ast-global-header-display":"","ast-banner-title-visibility":"","ast-main-header-display":"","ast-hfb-above-header-display":"","ast-hfb-below-header-display":"","ast-hfb-mobile-header-display":"","site-post-title":"","ast-breadcrumbs-content":"","ast-featured-img":"disabled","footer-sml-layout":"","ast-disable-related-posts":"","theme-transparent-header-meta":"","adv-header-id-meta":"","stick-header-meta":"","header-above-stick-meta":"","header-main-stick-meta":"","header-below-stick-meta":"","astra-migrate-meta-layouts":"default","ast-page-background-enabled":"default","ast-page-background-meta":{"desktop":{"background-color":"var(--ast-global-color-5)","background-image":"","background-repeat":"repeat","background-position":"center center","background-size":"auto","background-attachment":"scroll","background-type":"","background-media":"","overlay-type":"","overlay-color":"","overlay-opacity":"","overlay-gradient":""},"tablet":{"background-color":"","background-image":"","background-repeat":"repeat","background-position":"center center","background-size":"auto","background-attachment":"scroll","background-type":"","background-media":"","overlay-type":"","overlay-color":"","overlay-opacity":"","overlay-gradient":""},"mobile":{"background-color":"","background-image":"","background-repeat":"repeat","background-position":"center center","background-size":"auto","background-attachment":"scroll","background-type":"","background-media":"","overlay-type":"","overlay-color":"","overlay-opacity":"","overlay-gradient":""}},"ast-content-background-meta":{"desktop":{"background-color":"var(--ast-global-color-4)","background-image":"","background-repeat":"repeat","background-position":"center center","background-size":"auto","background-attachment":"scroll","background-type":"","background-media":"","overlay-type":"","overlay-color":"","overlay-opacity":"","overlay-gradient":""},"tablet":{"background-color":"var(--ast-global-color-4)","background-image":"","background-repeat":"repeat","background-position":"center center","background-size":"auto","background-attachment":"scroll","background-type":"","background-media":"","overlay-type":"","overlay-color":"","overlay-opacity":"","overlay-gradient":""},"mobile":{"background-color":"var(--ast-global-color-4)","background-image":"","background-repeat":"repeat","background-position":"center center","background-size":"auto","background-attachment":"scroll","background-type":"","background-media":"","overlay-type":"","overlay-color":"","overlay-opacity":"","overlay-gradient":""}},"footnotes":""},"class_list":["post-8244","page","type-page","status-publish","hentry"],"yoast_head":"<!-- This site is optimized with the Yoast SEO plugin v27.1.1 - https:\/\/yoast.com\/product\/yoast-seo-wordpress\/ -->\n<title>CicloZone Applicationsversionshistorik - Ciclozone<\/title>\n<meta name=\"robots\" content=\"index, follow, max-snippet:-1, max-image-preview:large, max-video-preview:-1\" \/>\n<link rel=\"canonical\" href=\"https:\/\/ciclozone.com\/sv\/ciclozone-applicationsversionshistorik\/\" \/>\n<meta property=\"og:locale\" content=\"sv_SE\" \/>\n<meta property=\"og:type\" content=\"article\" \/>\n<meta property=\"og:title\" content=\"CicloZone Applicationsversionshistorik - Ciclozone\" \/>\n<meta property=\"og:description\" content=\"CicloZone Applicationsversionshistorik iOS: CicloZone App &#8211; App Store Android: CicloZone App &#8211; Google Play Senast uppdaterad: 22 september 2025 Introduktion [&hellip;]\" \/>\n<meta property=\"og:url\" content=\"https:\/\/ciclozone.com\/sv\/ciclozone-applicationsversionshistorik\/\" \/>\n<meta property=\"og:site_name\" content=\"Ciclozone\" \/>\n<meta property=\"article:publisher\" content=\"https:\/\/www.facebook.com\/WeareCicloZone\/\" \/>\n<meta property=\"article:modified_time\" content=\"2026-03-30T17:21:52+00:00\" \/>\n<meta property=\"og:image\" content=\"https:\/\/ciclozone.com\/wp-content\/uploads\/2025\/08\/Swatch-Group.png\" \/>\n\t<meta property=\"og:image:width\" content=\"550\" \/>\n\t<meta property=\"og:image:height\" content=\"12\" \/>\n\t<meta property=\"og:image:type\" content=\"image\/png\" \/>\n<meta name=\"twitter:card\" content=\"summary_large_image\" \/>\n<meta name=\"twitter:label1\" content=\"Ber\u00e4knad l\u00e4stid\" \/>\n\t<meta name=\"twitter:data1\" content=\"2 minuter\" \/>\n<script type=\"application\/ld+json\" class=\"yoast-schema-graph\">{\"@context\":\"https:\/\/schema.org\",\"@graph\":[{\"@type\":\"WebPage\",\"@id\":\"https:\/\/ciclozone.com\/sv\/ciclozone-applicationsversionshistorik\/\",\"url\":\"https:\/\/ciclozone.com\/sv\/ciclozone-applicationsversionshistorik\/\",\"name\":\"CicloZone Applicationsversionshistorik - Ciclozone\",\"isPartOf\":{\"@id\":\"https:\/\/ciclozone.com\/sv\/#website\"},\"primaryImageOfPage\":{\"@id\":\"https:\/\/ciclozone.com\/sv\/ciclozone-applicationsversionshistorik\/#primaryimage\"},\"image\":{\"@id\":\"https:\/\/ciclozone.com\/sv\/ciclozone-applicationsversionshistorik\/#primaryimage\"},\"thumbnailUrl\":\"https:\/\/ciclozone.com\/wp-content\/uploads\/2025\/08\/Swatch-Group-300x7.png\",\"datePublished\":\"2026-02-10T20:32:10+00:00\",\"dateModified\":\"2026-03-30T17:21:52+00:00\",\"breadcrumb\":{\"@id\":\"https:\/\/ciclozone.com\/sv\/ciclozone-applicationsversionshistorik\/#breadcrumb\"},\"inLanguage\":\"sv-SE\",\"potentialAction\":[{\"@type\":\"ReadAction\",\"target\":[\"https:\/\/ciclozone.com\/sv\/ciclozone-applicationsversionshistorik\/\"]}]},{\"@type\":\"ImageObject\",\"inLanguage\":\"sv-SE\",\"@id\":\"https:\/\/ciclozone.com\/sv\/ciclozone-applicationsversionshistorik\/#primaryimage\",\"url\":\"https:\/\/ciclozone.com\/wp-content\/uploads\/2025\/08\/Swatch-Group-300x7.png\",\"contentUrl\":\"https:\/\/ciclozone.com\/wp-content\/uploads\/2025\/08\/Swatch-Group-300x7.png\"},{\"@type\":\"BreadcrumbList\",\"@id\":\"https:\/\/ciclozone.com\/sv\/ciclozone-applicationsversionshistorik\/#breadcrumb\",\"itemListElement\":[{\"@type\":\"ListItem\",\"position\":1,\"name\":\"Home\",\"item\":\"https:\/\/ciclozone.com\/sv\/\"},{\"@type\":\"ListItem\",\"position\":2,\"name\":\"CicloZone Applicationsversionshistorik\"}]},{\"@type\":\"WebSite\",\"@id\":\"https:\/\/ciclozone.com\/sv\/#website\",\"url\":\"https:\/\/ciclozone.com\/sv\/\",\"name\":\"Ciclozone\",\"description\":\"Indoor Cycling Redefined\",\"publisher\":{\"@id\":\"https:\/\/ciclozone.com\/sv\/#organization\"},\"potentialAction\":[{\"@type\":\"SearchAction\",\"target\":{\"@type\":\"EntryPoint\",\"urlTemplate\":\"https:\/\/ciclozone.com\/sv\/?s={search_term_string}\"},\"query-input\":{\"@type\":\"PropertyValueSpecification\",\"valueRequired\":true,\"valueName\":\"search_term_string\"}}],\"inLanguage\":\"sv-SE\"},{\"@type\":\"Organization\",\"@id\":\"https:\/\/ciclozone.com\/sv\/#organization\",\"name\":\"Ciclozone\",\"url\":\"https:\/\/ciclozone.com\/sv\/\",\"logo\":{\"@type\":\"ImageObject\",\"inLanguage\":\"sv-SE\",\"@id\":\"https:\/\/ciclozone.com\/sv\/#\/schema\/logo\/image\/\",\"url\":\"https:\/\/ciclozone.com\/wp-content\/uploads\/2025\/08\/ciclo-logo.png\",\"contentUrl\":\"https:\/\/ciclozone.com\/wp-content\/uploads\/2025\/08\/ciclo-logo.png\",\"width\":177,\"height\":44,\"caption\":\"Ciclozone\"},\"image\":{\"@id\":\"https:\/\/ciclozone.com\/sv\/#\/schema\/logo\/image\/\"},\"sameAs\":[\"https:\/\/www.facebook.com\/WeareCicloZone\/\",\"https:\/\/www.instagram.com\/ciclozoneuk\/\",\"https:\/\/www.linkedin.com\/company\/ciclozone\/\",\"https:\/\/www.youtube.com\/@ciclozone1059\/\"]}]}<\/script>\n<!-- \/ Yoast SEO plugin. -->","yoast_head_json":{"title":"CicloZone Applicationsversionshistorik - Ciclozone","robots":{"index":"index","follow":"follow","max-snippet":"max-snippet:-1","max-image-preview":"max-image-preview:large","max-video-preview":"max-video-preview:-1"},"canonical":"https:\/\/ciclozone.com\/sv\/ciclozone-applicationsversionshistorik\/","og_locale":"sv_SE","og_type":"article","og_title":"CicloZone Applicationsversionshistorik - Ciclozone","og_description":"CicloZone Applicationsversionshistorik iOS: CicloZone App &#8211; App Store Android: CicloZone App &#8211; Google Play Senast uppdaterad: 22 september 2025 Introduktion [&hellip;]","og_url":"https:\/\/ciclozone.com\/sv\/ciclozone-applicationsversionshistorik\/","og_site_name":"Ciclozone","article_publisher":"https:\/\/www.facebook.com\/WeareCicloZone\/","article_modified_time":"2026-03-30T17:21:52+00:00","og_image":[{"width":550,"height":12,"url":"https:\/\/ciclozone.com\/wp-content\/uploads\/2025\/08\/Swatch-Group.png","type":"image\/png"}],"twitter_card":"summary_large_image","twitter_misc":{"Ber\u00e4knad l\u00e4stid":"2 minuter"},"schema":{"@context":"https:\/\/schema.org","@graph":[{"@type":"WebPage","@id":"https:\/\/ciclozone.com\/sv\/ciclozone-applicationsversionshistorik\/","url":"https:\/\/ciclozone.com\/sv\/ciclozone-applicationsversionshistorik\/","name":"CicloZone Applicationsversionshistorik - Ciclozone","isPartOf":{"@id":"https:\/\/ciclozone.com\/sv\/#website"},"primaryImageOfPage":{"@id":"https:\/\/ciclozone.com\/sv\/ciclozone-applicationsversionshistorik\/#primaryimage"},"image":{"@id":"https:\/\/ciclozone.com\/sv\/ciclozone-applicationsversionshistorik\/#primaryimage"},"thumbnailUrl":"https:\/\/ciclozone.com\/wp-content\/uploads\/2025\/08\/Swatch-Group-300x7.png","datePublished":"2026-02-10T20:32:10+00:00","dateModified":"2026-03-30T17:21:52+00:00","breadcrumb":{"@id":"https:\/\/ciclozone.com\/sv\/ciclozone-applicationsversionshistorik\/#breadcrumb"},"inLanguage":"sv-SE","potentialAction":[{"@type":"ReadAction","target":["https:\/\/ciclozone.com\/sv\/ciclozone-applicationsversionshistorik\/"]}]},{"@type":"ImageObject","inLanguage":"sv-SE","@id":"https:\/\/ciclozone.com\/sv\/ciclozone-applicationsversionshistorik\/#primaryimage","url":"https:\/\/ciclozone.com\/wp-content\/uploads\/2025\/08\/Swatch-Group-300x7.png","contentUrl":"https:\/\/ciclozone.com\/wp-content\/uploads\/2025\/08\/Swatch-Group-300x7.png"},{"@type":"BreadcrumbList","@id":"https:\/\/ciclozone.com\/sv\/ciclozone-applicationsversionshistorik\/#breadcrumb","itemListElement":[{"@type":"ListItem","position":1,"name":"Home","item":"https:\/\/ciclozone.com\/sv\/"},{"@type":"ListItem","position":2,"name":"CicloZone Applicationsversionshistorik"}]},{"@type":"WebSite","@id":"https:\/\/ciclozone.com\/sv\/#website","url":"https:\/\/ciclozone.com\/sv\/","name":"Ciclozone","description":"Indoor Cycling Redefined","publisher":{"@id":"https:\/\/ciclozone.com\/sv\/#organization"},"potentialAction":[{"@type":"SearchAction","target":{"@type":"EntryPoint","urlTemplate":"https:\/\/ciclozone.com\/sv\/?s={search_term_string}"},"query-input":{"@type":"PropertyValueSpecification","valueRequired":true,"valueName":"search_term_string"}}],"inLanguage":"sv-SE"},{"@type":"Organization","@id":"https:\/\/ciclozone.com\/sv\/#organization","name":"Ciclozone","url":"https:\/\/ciclozone.com\/sv\/","logo":{"@type":"ImageObject","inLanguage":"sv-SE","@id":"https:\/\/ciclozone.com\/sv\/#\/schema\/logo\/image\/","url":"https:\/\/ciclozone.com\/wp-content\/uploads\/2025\/08\/ciclo-logo.png","contentUrl":"https:\/\/ciclozone.com\/wp-content\/uploads\/2025\/08\/ciclo-logo.png","width":177,"height":44,"caption":"Ciclozone"},"image":{"@id":"https:\/\/ciclozone.com\/sv\/#\/schema\/logo\/image\/"},"sameAs":["https:\/\/www.facebook.com\/WeareCicloZone\/","https:\/\/www.instagram.com\/ciclozoneuk\/","https:\/\/www.linkedin.com\/company\/ciclozone\/","https:\/\/www.youtube.com\/@ciclozone1059\/"]}]}},"_links":{"self":[{"href":"https:\/\/ciclozone.com\/sv\/wp-json\/wp\/v2\/pages\/8244","targetHints":{"allow":["GET"]}}],"collection":[{"href":"https:\/\/ciclozone.com\/sv\/wp-json\/wp\/v2\/pages"}],"about":[{"href":"https:\/\/ciclozone.com\/sv\/wp-json\/wp\/v2\/types\/page"}],"author":[{"embeddable":true,"href":"https:\/\/ciclozone.com\/sv\/wp-json\/wp\/v2\/users\/1"}],"replies":[{"embeddable":true,"href":"https:\/\/ciclozone.com\/sv\/wp-json\/wp\/v2\/comments?post=8244"}],"version-history":[{"count":1,"href":"https:\/\/ciclozone.com\/sv\/wp-json\/wp\/v2\/pages\/8244\/revisions"}],"predecessor-version":[{"id":8245,"href":"https:\/\/ciclozone.com\/sv\/wp-json\/wp\/v2\/pages\/8244\/revisions\/8245"}],"wp:attachment":[{"href":"https:\/\/ciclozone.com\/sv\/wp-json\/wp\/v2\/media?parent=8244"}],"curies":[{"name":"wp","href":"https:\/\/api.w.org\/{rel}","templated":true}]}}