{"id":8238,"date":"2026-02-10T20:40:45","date_gmt":"2026-02-10T20:40:45","guid":{"rendered":"https:\/\/ciclozone.com\/ciclo-studio-android-tv-versionshistorik-och-uppdateringar\/"},"modified":"2026-03-30T18:21:51","modified_gmt":"2026-03-30T17:21:51","slug":"ciclo-studio-android-tv-versionshistorik-och-uppdateringar","status":"publish","type":"page","link":"https:\/\/ciclozone.com\/sv\/ciclo-studio-android-tv-versionshistorik-och-uppdateringar\/","title":{"rendered":"Ciclo Studio (Android TV) \u2013 Versionshistorik och uppdateringar"},"content":{"rendered":"\t\t<div data-elementor-type=\"wp-page\" data-elementor-id=\"8238\" class=\"elementor elementor-8238 elementor-6423\" data-elementor-post-type=\"page\">\n\t\t\t\t<div class=\"elementor-element elementor-element-1fc1fcc e-flex e-con-boxed e-con e-parent\" data-id=\"1fc1fcc\" data-element_type=\"container\" data-e-type=\"container\" data-settings=\"{&quot;background_background&quot;:&quot;classic&quot;,&quot;animation&quot;:&quot;none&quot;,&quot;shape_divider_bottom&quot;:&quot;triangle&quot;,&quot;shape_divider_bottom_negative&quot;:&quot;yes&quot;}\">\n\t\t\t\t\t<div class=\"e-con-inner\">\n\t\t\t\t<div class=\"elementor-shape elementor-shape-bottom\" aria-hidden=\"true\" data-negative=\"true\">\n\t\t\t<svg xmlns=\"http:\/\/www.w3.org\/2000\/svg\" viewBox=\"0 0 1000 100\" preserveAspectRatio=\"none\">\n\t<path class=\"elementor-shape-fill\" d=\"M500.2,94.7L0,0v100h1000V0L500.2,94.7z\"\/>\n<\/svg>\t\t<\/div>\n\t\t<div class=\"elementor-element elementor-element-b3084b2 e-con-full e-flex e-con e-child\" data-id=\"b3084b2\" data-element_type=\"container\" data-e-type=\"container\">\n\t\t\t\t<div class=\"elementor-element elementor-element-237ed72 elementor-widget__width-initial elementor-widget elementor-widget-heading\" data-id=\"237ed72\" data-element_type=\"widget\" data-e-type=\"widget\" data-widget_type=\"heading.default\">\n\t\t\t\t\t<h1 class=\"elementor-heading-title elementor-size-default\">Ciclo Studio (Android TV) \u2013 Versionshistorik och uppdateringar<\/h1>\t\t\t\t<\/div>\n\t\t\t\t<div class=\"elementor-element elementor-element-607a6ea elementor-widget elementor-widget-image\" data-id=\"607a6ea\" data-element_type=\"widget\" data-e-type=\"widget\" data-widget_type=\"image.default\">\n\t\t\t\t\t\t\t\t\t\t\t\t\t\t\t<img decoding=\"async\" width=\"300\" height=\"7\" src=\"https:\/\/ciclozone.com\/wp-content\/uploads\/2025\/08\/Swatch-Group-300x7.png\" class=\"attachment-medium size-medium wp-image-7407\" alt=\"\" srcset=\"https:\/\/ciclozone.com\/wp-content\/uploads\/2025\/08\/Swatch-Group-300x7.png 300w, https:\/\/ciclozone.com\/wp-content\/uploads\/2025\/08\/Swatch-Group.png 550w\" sizes=\"(max-width: 300px) 100vw, 300px\" \/>\t\t\t\t\t\t\t\t\t\t\t\t\t\t\t<\/div>\n\t\t\t\t<\/div>\n\t\t\t\t\t<\/div>\n\t\t\t\t<\/div>\n\t\t<div class=\"elementor-element elementor-element-be8e3f8 e-flex e-con-boxed e-con e-parent\" data-id=\"be8e3f8\" data-element_type=\"container\" data-e-type=\"container\" data-settings=\"{&quot;background_background&quot;:&quot;classic&quot;}\">\n\t\t\t\t\t<div class=\"e-con-inner\">\n\t\t\t\t<div class=\"elementor-element elementor-element-45ceb5e elementor-widget__width-initial elementor-widget elementor-widget-text-editor\" data-id=\"45ceb5e\" data-element_type=\"widget\" data-e-type=\"widget\" data-widget_type=\"text-editor.default\">\n\t\t\t\t\t\t\t\t\t<p><strong>Android TV:<\/strong> <a href=\"https:\/\/play.google.com\/store\/apps\/details?id=com.ciclozone.x&amp;hl=en_GB\">Ciclo Studio App &#8211; Google Play<\/a><\/p><h3><strong>Senast uppdaterad: 22 maj 2025<\/strong><\/h3><h3><strong>Introduktion<\/strong><\/h3><p>Den h\u00e4r sidan dokumenterar offentligt sl\u00e4ppta versioner av Ciclo Studio-applikationen f\u00f6r Android TV. Den ger en fakta\u00f6versikt \u00f6ver stabilitetsf\u00f6rb\u00e4ttringar, prestandauppdateringar och funktionstill\u00e4gg \u00f6ver publicerade utg\u00e5vor.<\/p><p>Den h\u00e4r sidan dokumenterar Ciclo Studio-applikationen f\u00f6r Android TV. Uppdateringar av mobilappar dokumenteras separat.<\/p><p>Om inget annat anges fokuserar uppdateringar p\u00e5 plattformsstabilitet, anslutningss\u00e4kerhet och prestandaoptimering.<\/p><h3><strong>Ciclo Studio (Android TV) \u2013 Versionshistorik<\/strong><\/h3><h4><strong>Version 5.3.13 (versionskod 553) \u2014 22 maj 2025<\/strong><\/h4><p>Allm\u00e4nna stabilitetsf\u00f6rb\u00e4ttringar<\/p><p>Mindre prestandaoptimeringar<\/p><h4><strong>Version 5.3.12 (versionskod 552) \u2014 18 maj 2025<\/strong><\/h4><p>Prestandaoptimeringar<\/p><p>F\u00f6rb\u00e4ttringar av bakgrundsprocesshantering<\/p><h4><strong>Version 5.1.22 (versionskod 532) \u2013 26 mars 2025<\/strong><\/h4><p>Stabilitetsf\u00f6rb\u00e4ttringar f\u00f6r l\u00e4ngre studiosessioner<\/p><h4><strong>Version 4.0.9 (versionskod 409) \u2014 15 januari 2025<\/strong><\/h4><p>F\u00f6rb\u00e4ttrad total applikationsstabilitet<\/p><p>Prestandaf\u00f6rb\u00e4ttringar f\u00f6r Android TV enheter<\/p><h4><strong>Version 3.1.63 (versionskod 363) \u2014 12 november 2024<\/strong><\/h4><p>Stabilitetsf\u00f6rb\u00e4ttringar<\/p><p>Optimering av systemresursanv\u00e4ndning<\/p><h4><strong>Version 3.0.0 (versionskod 302) \u2014 31 juli 2024<\/strong><\/h4><h3><strong>Stor plattformsuppdatering<\/strong><\/h3><h3><strong>Leaderboard<\/strong><\/h3><ul><li>Introducerade en ny leaderboarddesign och uppdaterad leaderboardlogik<\/li><\/ul><h3><strong>Beh\u00f6righeter<\/strong><\/h3><ul><li>Tillagd beg\u00e4ran om Android \u00f6verlagringsbeh\u00f6righet f\u00f6r att st\u00f6dja visningskrav p\u00e5 systemniv\u00e5<\/li><\/ul><h3><strong>Uppdateringar i appen<\/strong><\/h3><ul><li>Lade till uppdateringsprompt i appen under nedr\u00e4kning n\u00e4r en nyare version \u00e4r tillg\u00e4nglig<\/li><\/ul><h4><strong>Version 2.0.3 (versionskod 68) \u2014 17 oktober 2023<\/strong><\/h4><p>Allm\u00e4nna stabilitetsf\u00f6rb\u00e4ttringar<\/p><p>Prestandajustering f\u00f6r Android TV milj\u00f6er<\/p><h4><strong>Version 2.0.2 (versionskod 67) \u2014 27 september 2023<\/strong><\/h4><p>Stabilitetsfixar<\/p><p>Mindre f\u00f6rb\u00e4ttringar av applikationslyh\u00f6rdhet<\/p><h4><strong>Version 2.0.1 (versionskod 66) \u2014 12 september 2023<\/strong><\/h4><p>Prestandaoptimeringar<\/p><p>F\u00f6rb\u00e4ttringar av tillf\u00f6rlitlighet f\u00f6r studiosk\u00e4rmsutg\u00e5ng<\/p><h4><strong>Version 2.0.0 (versionskod 65) \u2013 6 september 2023<\/strong><\/h4><p>F\u00f6rb\u00e4ttringar av plattformens stabilitet<\/p><p>Interna prestandaf\u00f6rb\u00e4ttringar<\/p><h4><strong>Version 2.0.0 (versionskod 64) \u2013 4 september 2023<\/strong><\/h4><p>Initial release av 2.0-plattformsgrenen<\/p><p>Allm\u00e4nna stabilitets- och prestandaf\u00f6rb\u00e4ttringar<\/p><h4><strong>Version 1.2.8 (versionskod 63) \u2014 8 augusti 2023<\/strong><\/h4><p>Stabilitetsf\u00f6rb\u00e4ttringar<\/p><p>Mindre systemoptimeringar<\/p><h4><strong>Version 1.2.7 (versionskod 62) \u2014 16 juni 2023<\/strong><\/h4><p>Prestandaf\u00f6rb\u00e4ttringar<\/p><p>Buggfixar som p\u00e5verkar l\u00e5nga sessioner<\/p><h4><strong>Version 1.2.6 (versionskod 59) \u2013 25 april 2023<\/strong><\/h4><p>Allm\u00e4nna prestandaf\u00f6rb\u00e4ttringar<\/p><p>\u00d6kad tillf\u00f6rlitlighet p\u00e5 Android TV-enheter som st\u00f6ds<\/p><h4><strong>Version 1.2.5 (versionskod 58) \u2013 5 april 2023<\/strong><\/h4><p>Stabilitetsfixar<\/p><p>Mindre f\u00f6rb\u00e4ttringar av systemets beteende<\/p><h4><strong>Version 1.2.4 (versionskod 57) \u2013 8 september 2022<\/strong><\/h4><p>Prestandaoptimeringar<\/p><p>Bugfixar<\/p><h4><strong>Version 1.2.3 (versionskod 55) \u2013 4 augusti 2022<\/strong><\/h4><p>Allm\u00e4nna stabilitetsf\u00f6rb\u00e4ttringar<\/p><h4><strong>Version 1.2.2 (versionskod 53) \u2014 27 juni 2022<\/strong><\/h4><p>F\u00f6rb\u00e4ttringar av stabilitet och tillf\u00f6rlitlighet<\/p><h4><strong>Version 1.2.1 (versionskod 52) \u2013 4 maj 2022<\/strong><\/h4><p>Mindre prestandaf\u00f6rb\u00e4ttringar<\/p><h4><strong>Version 1.2.0 (versionskod 51) \u2013 29 april 2022<\/strong><\/h4><p>Allm\u00e4nna plattformsf\u00f6rb\u00e4ttringar<\/p><p>Stabilitetsoptimeringar<\/p><h4><strong>Version 1.1.0 (versionskod 15) \u2014 16 mars 2022<\/strong><\/h4><p>Tidiga f\u00f6rb\u00e4ttringar av plattformsstabilitet<\/p><h4><strong>Version 1.0.5 (versionskod 13) \u2013 9 mars 2022<\/strong><\/h4><p>Prestandafixar<\/p><p>Mindre buggfixar<\/p><h4><strong>Version 1.0.4 (versionskod 12) \u2013 8 mars 2022<\/strong><\/h4><p>Stabilitetsf\u00f6rb\u00e4ttringar<\/p><h4><strong>Version 1.0.4 (versionskod 11) \u2014 28 februari 2022<\/strong><\/h4><p>Mindre prestandafixar<\/p><h4><strong>Version 1.0.4 (versionskod 10) \u2014 24 februari 2022<\/strong><\/h4><p>Bugfixar<\/p><p>Stabilitetsf\u00f6rb\u00e4ttringar<\/p><h4><strong>Version 1.0.4 (versionskod 9) \u2013 23 februari 2022<\/strong><\/h4><p>Interna korrigeringar<\/p><h4><strong>Version 1.0.3 (versionskod 8) \u2014 14 februari 2022<\/strong><\/h4><p>Inledande offentliga releaser<\/p><p>F\u00f6rb\u00e4ttringar av k\u00e4rnstabilitet<\/p><h3><strong>Anteckningar om historiska versioner<\/strong><\/h3><p>Endast versioner med bekr\u00e4ftade Google Play releasetidsst\u00e4mplar listas<\/p><p>Inl\u00e4gg utan detaljerade \u00e4ndringsnoteringar \u00e5terspeglar underh\u00e5llsfokuserade uppdateringar<\/p><p>Duplicerade semantiska versioner kan finnas p\u00e5 grund av flera inl\u00e4mningar i Play Butik med olika versionskoder<\/p><h3><strong>Uppdatera policy<\/strong><\/h3><p>Den h\u00e4r sidan uppdateras n\u00e4r nya versioner av Ciclo Studio sl\u00e4pps offentligt.<\/p>\t\t\t\t\t\t\t\t<\/div>\n\t\t\t\t\t<\/div>\n\t\t\t\t<\/div>\n\t\t\t\t<\/div>\n\t\t","protected":false},"excerpt":{"rendered":"<p>Ciclo Studio (Android TV) \u2013 Versionshistorik och uppdateringar Android TV: Ciclo Studio App &#8211; Google Play Senast uppdaterad: 22 maj [&hellip;]<\/p>\n","protected":false},"author":1,"featured_media":0,"parent":0,"menu_order":0,"comment_status":"closed","ping_status":"closed","template":"","meta":{"site-sidebar-layout":"no-sidebar","site-content-layout":"","ast-site-content-layout":"full-width-container","site-content-style":"default","site-sidebar-style":"default","ast-global-header-display":"","ast-banner-title-visibility":"","ast-main-header-display":"","ast-hfb-above-header-display":"","ast-hfb-below-header-display":"","ast-hfb-mobile-header-display":"","site-post-title":"","ast-breadcrumbs-content":"","ast-featured-img":"disabled","footer-sml-layout":"","ast-disable-related-posts":"","theme-transparent-header-meta":"","adv-header-id-meta":"","stick-header-meta":"","header-above-stick-meta":"","header-main-stick-meta":"","header-below-stick-meta":"","astra-migrate-meta-layouts":"default","ast-page-background-enabled":"default","ast-page-background-meta":{"desktop":{"background-color":"var(--ast-global-color-5)","background-image":"","background-repeat":"repeat","background-position":"center center","background-size":"auto","background-attachment":"scroll","background-type":"","background-media":"","overlay-type":"","overlay-color":"","overlay-opacity":"","overlay-gradient":""},"tablet":{"background-color":"","background-image":"","background-repeat":"repeat","background-position":"center center","background-size":"auto","background-attachment":"scroll","background-type":"","background-media":"","overlay-type":"","overlay-color":"","overlay-opacity":"","overlay-gradient":""},"mobile":{"background-color":"","background-image":"","background-repeat":"repeat","background-position":"center center","background-size":"auto","background-attachment":"scroll","background-type":"","background-media":"","overlay-type":"","overlay-color":"","overlay-opacity":"","overlay-gradient":""}},"ast-content-background-meta":{"desktop":{"background-color":"var(--ast-global-color-4)","background-image":"","background-repeat":"repeat","background-position":"center center","background-size":"auto","background-attachment":"scroll","background-type":"","background-media":"","overlay-type":"","overlay-color":"","overlay-opacity":"","overlay-gradient":""},"tablet":{"background-color":"var(--ast-global-color-4)","background-image":"","background-repeat":"repeat","background-position":"center center","background-size":"auto","background-attachment":"scroll","background-type":"","background-media":"","overlay-type":"","overlay-color":"","overlay-opacity":"","overlay-gradient":""},"mobile":{"background-color":"var(--ast-global-color-4)","background-image":"","background-repeat":"repeat","background-position":"center center","background-size":"auto","background-attachment":"scroll","background-type":"","background-media":"","overlay-type":"","overlay-color":"","overlay-opacity":"","overlay-gradient":""}},"footnotes":""},"class_list":["post-8238","page","type-page","status-publish","hentry"],"yoast_head":"<!-- This site is optimized with the Yoast SEO plugin v27.1.1 - https:\/\/yoast.com\/product\/yoast-seo-wordpress\/ -->\n<title>Ciclo Studio (Android TV) \u2013 Versionshistorik och uppdateringar - Ciclozone<\/title>\n<meta name=\"robots\" content=\"index, follow, max-snippet:-1, max-image-preview:large, max-video-preview:-1\" \/>\n<link rel=\"canonical\" href=\"https:\/\/ciclozone.com\/sv\/ciclo-studio-android-tv-versionshistorik-och-uppdateringar\/\" \/>\n<meta property=\"og:locale\" content=\"sv_SE\" \/>\n<meta property=\"og:type\" content=\"article\" \/>\n<meta property=\"og:title\" content=\"Ciclo Studio (Android TV) \u2013 Versionshistorik och uppdateringar - Ciclozone\" \/>\n<meta property=\"og:description\" content=\"Ciclo Studio (Android TV) \u2013 Versionshistorik och uppdateringar Android TV: Ciclo Studio App &#8211; Google Play Senast uppdaterad: 22 maj [&hellip;]\" \/>\n<meta property=\"og:url\" content=\"https:\/\/ciclozone.com\/sv\/ciclo-studio-android-tv-versionshistorik-och-uppdateringar\/\" \/>\n<meta property=\"og:site_name\" content=\"Ciclozone\" \/>\n<meta property=\"article:publisher\" content=\"https:\/\/www.facebook.com\/WeareCicloZone\/\" \/>\n<meta property=\"article:modified_time\" content=\"2026-03-30T17:21:51+00:00\" \/>\n<meta property=\"og:image\" content=\"https:\/\/ciclozone.com\/wp-content\/uploads\/2025\/08\/Swatch-Group.png\" \/>\n\t<meta property=\"og:image:width\" content=\"550\" \/>\n\t<meta property=\"og:image:height\" content=\"12\" \/>\n\t<meta property=\"og:image:type\" content=\"image\/png\" \/>\n<meta name=\"twitter:card\" content=\"summary_large_image\" \/>\n<meta name=\"twitter:label1\" content=\"Ber\u00e4knad l\u00e4stid\" \/>\n\t<meta name=\"twitter:data1\" content=\"2 minuter\" \/>\n<script type=\"application\/ld+json\" class=\"yoast-schema-graph\">{\"@context\":\"https:\/\/schema.org\",\"@graph\":[{\"@type\":\"WebPage\",\"@id\":\"https:\/\/ciclozone.com\/sv\/ciclo-studio-android-tv-versionshistorik-och-uppdateringar\/\",\"url\":\"https:\/\/ciclozone.com\/sv\/ciclo-studio-android-tv-versionshistorik-och-uppdateringar\/\",\"name\":\"Ciclo Studio (Android TV) \u2013 Versionshistorik och uppdateringar - Ciclozone\",\"isPartOf\":{\"@id\":\"https:\/\/ciclozone.com\/sv\/#website\"},\"primaryImageOfPage\":{\"@id\":\"https:\/\/ciclozone.com\/sv\/ciclo-studio-android-tv-versionshistorik-och-uppdateringar\/#primaryimage\"},\"image\":{\"@id\":\"https:\/\/ciclozone.com\/sv\/ciclo-studio-android-tv-versionshistorik-och-uppdateringar\/#primaryimage\"},\"thumbnailUrl\":\"https:\/\/ciclozone.com\/wp-content\/uploads\/2025\/08\/Swatch-Group-300x7.png\",\"datePublished\":\"2026-02-10T20:40:45+00:00\",\"dateModified\":\"2026-03-30T17:21:51+00:00\",\"breadcrumb\":{\"@id\":\"https:\/\/ciclozone.com\/sv\/ciclo-studio-android-tv-versionshistorik-och-uppdateringar\/#breadcrumb\"},\"inLanguage\":\"sv-SE\",\"potentialAction\":[{\"@type\":\"ReadAction\",\"target\":[\"https:\/\/ciclozone.com\/sv\/ciclo-studio-android-tv-versionshistorik-och-uppdateringar\/\"]}]},{\"@type\":\"ImageObject\",\"inLanguage\":\"sv-SE\",\"@id\":\"https:\/\/ciclozone.com\/sv\/ciclo-studio-android-tv-versionshistorik-och-uppdateringar\/#primaryimage\",\"url\":\"https:\/\/ciclozone.com\/wp-content\/uploads\/2025\/08\/Swatch-Group-300x7.png\",\"contentUrl\":\"https:\/\/ciclozone.com\/wp-content\/uploads\/2025\/08\/Swatch-Group-300x7.png\"},{\"@type\":\"BreadcrumbList\",\"@id\":\"https:\/\/ciclozone.com\/sv\/ciclo-studio-android-tv-versionshistorik-och-uppdateringar\/#breadcrumb\",\"itemListElement\":[{\"@type\":\"ListItem\",\"position\":1,\"name\":\"Home\",\"item\":\"https:\/\/ciclozone.com\/sv\/\"},{\"@type\":\"ListItem\",\"position\":2,\"name\":\"Ciclo Studio (Android TV) \u2013 Versionshistorik och uppdateringar\"}]},{\"@type\":\"WebSite\",\"@id\":\"https:\/\/ciclozone.com\/sv\/#website\",\"url\":\"https:\/\/ciclozone.com\/sv\/\",\"name\":\"Ciclozone\",\"description\":\"Indoor Cycling Redefined\",\"publisher\":{\"@id\":\"https:\/\/ciclozone.com\/sv\/#organization\"},\"potentialAction\":[{\"@type\":\"SearchAction\",\"target\":{\"@type\":\"EntryPoint\",\"urlTemplate\":\"https:\/\/ciclozone.com\/sv\/?s={search_term_string}\"},\"query-input\":{\"@type\":\"PropertyValueSpecification\",\"valueRequired\":true,\"valueName\":\"search_term_string\"}}],\"inLanguage\":\"sv-SE\"},{\"@type\":\"Organization\",\"@id\":\"https:\/\/ciclozone.com\/sv\/#organization\",\"name\":\"Ciclozone\",\"url\":\"https:\/\/ciclozone.com\/sv\/\",\"logo\":{\"@type\":\"ImageObject\",\"inLanguage\":\"sv-SE\",\"@id\":\"https:\/\/ciclozone.com\/sv\/#\/schema\/logo\/image\/\",\"url\":\"https:\/\/ciclozone.com\/wp-content\/uploads\/2025\/08\/ciclo-logo.png\",\"contentUrl\":\"https:\/\/ciclozone.com\/wp-content\/uploads\/2025\/08\/ciclo-logo.png\",\"width\":177,\"height\":44,\"caption\":\"Ciclozone\"},\"image\":{\"@id\":\"https:\/\/ciclozone.com\/sv\/#\/schema\/logo\/image\/\"},\"sameAs\":[\"https:\/\/www.facebook.com\/WeareCicloZone\/\",\"https:\/\/www.instagram.com\/ciclozoneuk\/\",\"https:\/\/www.linkedin.com\/company\/ciclozone\/\",\"https:\/\/www.youtube.com\/@ciclozone1059\/\"]}]}<\/script>\n<!-- \/ Yoast SEO plugin. -->","yoast_head_json":{"title":"Ciclo Studio (Android TV) \u2013 Versionshistorik och uppdateringar - Ciclozone","robots":{"index":"index","follow":"follow","max-snippet":"max-snippet:-1","max-image-preview":"max-image-preview:large","max-video-preview":"max-video-preview:-1"},"canonical":"https:\/\/ciclozone.com\/sv\/ciclo-studio-android-tv-versionshistorik-och-uppdateringar\/","og_locale":"sv_SE","og_type":"article","og_title":"Ciclo Studio (Android TV) \u2013 Versionshistorik och uppdateringar - Ciclozone","og_description":"Ciclo Studio (Android TV) \u2013 Versionshistorik och uppdateringar Android TV: Ciclo Studio App &#8211; Google Play Senast uppdaterad: 22 maj [&hellip;]","og_url":"https:\/\/ciclozone.com\/sv\/ciclo-studio-android-tv-versionshistorik-och-uppdateringar\/","og_site_name":"Ciclozone","article_publisher":"https:\/\/www.facebook.com\/WeareCicloZone\/","article_modified_time":"2026-03-30T17:21:51+00:00","og_image":[{"width":550,"height":12,"url":"https:\/\/ciclozone.com\/wp-content\/uploads\/2025\/08\/Swatch-Group.png","type":"image\/png"}],"twitter_card":"summary_large_image","twitter_misc":{"Ber\u00e4knad l\u00e4stid":"2 minuter"},"schema":{"@context":"https:\/\/schema.org","@graph":[{"@type":"WebPage","@id":"https:\/\/ciclozone.com\/sv\/ciclo-studio-android-tv-versionshistorik-och-uppdateringar\/","url":"https:\/\/ciclozone.com\/sv\/ciclo-studio-android-tv-versionshistorik-och-uppdateringar\/","name":"Ciclo Studio (Android TV) \u2013 Versionshistorik och uppdateringar - Ciclozone","isPartOf":{"@id":"https:\/\/ciclozone.com\/sv\/#website"},"primaryImageOfPage":{"@id":"https:\/\/ciclozone.com\/sv\/ciclo-studio-android-tv-versionshistorik-och-uppdateringar\/#primaryimage"},"image":{"@id":"https:\/\/ciclozone.com\/sv\/ciclo-studio-android-tv-versionshistorik-och-uppdateringar\/#primaryimage"},"thumbnailUrl":"https:\/\/ciclozone.com\/wp-content\/uploads\/2025\/08\/Swatch-Group-300x7.png","datePublished":"2026-02-10T20:40:45+00:00","dateModified":"2026-03-30T17:21:51+00:00","breadcrumb":{"@id":"https:\/\/ciclozone.com\/sv\/ciclo-studio-android-tv-versionshistorik-och-uppdateringar\/#breadcrumb"},"inLanguage":"sv-SE","potentialAction":[{"@type":"ReadAction","target":["https:\/\/ciclozone.com\/sv\/ciclo-studio-android-tv-versionshistorik-och-uppdateringar\/"]}]},{"@type":"ImageObject","inLanguage":"sv-SE","@id":"https:\/\/ciclozone.com\/sv\/ciclo-studio-android-tv-versionshistorik-och-uppdateringar\/#primaryimage","url":"https:\/\/ciclozone.com\/wp-content\/uploads\/2025\/08\/Swatch-Group-300x7.png","contentUrl":"https:\/\/ciclozone.com\/wp-content\/uploads\/2025\/08\/Swatch-Group-300x7.png"},{"@type":"BreadcrumbList","@id":"https:\/\/ciclozone.com\/sv\/ciclo-studio-android-tv-versionshistorik-och-uppdateringar\/#breadcrumb","itemListElement":[{"@type":"ListItem","position":1,"name":"Home","item":"https:\/\/ciclozone.com\/sv\/"},{"@type":"ListItem","position":2,"name":"Ciclo Studio (Android TV) \u2013 Versionshistorik och uppdateringar"}]},{"@type":"WebSite","@id":"https:\/\/ciclozone.com\/sv\/#website","url":"https:\/\/ciclozone.com\/sv\/","name":"Ciclozone","description":"Indoor Cycling Redefined","publisher":{"@id":"https:\/\/ciclozone.com\/sv\/#organization"},"potentialAction":[{"@type":"SearchAction","target":{"@type":"EntryPoint","urlTemplate":"https:\/\/ciclozone.com\/sv\/?s={search_term_string}"},"query-input":{"@type":"PropertyValueSpecification","valueRequired":true,"valueName":"search_term_string"}}],"inLanguage":"sv-SE"},{"@type":"Organization","@id":"https:\/\/ciclozone.com\/sv\/#organization","name":"Ciclozone","url":"https:\/\/ciclozone.com\/sv\/","logo":{"@type":"ImageObject","inLanguage":"sv-SE","@id":"https:\/\/ciclozone.com\/sv\/#\/schema\/logo\/image\/","url":"https:\/\/ciclozone.com\/wp-content\/uploads\/2025\/08\/ciclo-logo.png","contentUrl":"https:\/\/ciclozone.com\/wp-content\/uploads\/2025\/08\/ciclo-logo.png","width":177,"height":44,"caption":"Ciclozone"},"image":{"@id":"https:\/\/ciclozone.com\/sv\/#\/schema\/logo\/image\/"},"sameAs":["https:\/\/www.facebook.com\/WeareCicloZone\/","https:\/\/www.instagram.com\/ciclozoneuk\/","https:\/\/www.linkedin.com\/company\/ciclozone\/","https:\/\/www.youtube.com\/@ciclozone1059\/"]}]}},"_links":{"self":[{"href":"https:\/\/ciclozone.com\/sv\/wp-json\/wp\/v2\/pages\/8238","targetHints":{"allow":["GET"]}}],"collection":[{"href":"https:\/\/ciclozone.com\/sv\/wp-json\/wp\/v2\/pages"}],"about":[{"href":"https:\/\/ciclozone.com\/sv\/wp-json\/wp\/v2\/types\/page"}],"author":[{"embeddable":true,"href":"https:\/\/ciclozone.com\/sv\/wp-json\/wp\/v2\/users\/1"}],"replies":[{"embeddable":true,"href":"https:\/\/ciclozone.com\/sv\/wp-json\/wp\/v2\/comments?post=8238"}],"version-history":[{"count":1,"href":"https:\/\/ciclozone.com\/sv\/wp-json\/wp\/v2\/pages\/8238\/revisions"}],"predecessor-version":[{"id":8239,"href":"https:\/\/ciclozone.com\/sv\/wp-json\/wp\/v2\/pages\/8238\/revisions\/8239"}],"wp:attachment":[{"href":"https:\/\/ciclozone.com\/sv\/wp-json\/wp\/v2\/media?parent=8238"}],"curies":[{"name":"wp","href":"https:\/\/api.w.org\/{rel}","templated":true}]}}