{"id":10636,"date":"2026-01-06T17:46:07","date_gmt":"2026-01-06T17:46:07","guid":{"rendered":"https:\/\/ciclozone.com\/cookiepolicy\/"},"modified":"2026-04-13T14:39:18","modified_gmt":"2026-04-13T13:39:18","slug":"cookiepolicy","status":"publish","type":"page","link":"https:\/\/ciclozone.com\/sv\/cookiepolicy\/","title":{"rendered":"Cookiepolicy"},"content":{"rendered":"\t\t<div data-elementor-type=\"wp-page\" data-elementor-id=\"10636\" class=\"elementor elementor-10636 elementor-5772\" data-elementor-post-type=\"page\">\n\t\t\t\t<div class=\"elementor-element elementor-element-4a5f615 e-flex e-con-boxed e-con e-parent\" data-id=\"4a5f615\" data-element_type=\"container\" data-e-type=\"container\" data-settings=\"{&quot;background_background&quot;:&quot;classic&quot;,&quot;animation&quot;:&quot;none&quot;,&quot;shape_divider_bottom&quot;:&quot;triangle&quot;,&quot;shape_divider_bottom_negative&quot;:&quot;yes&quot;}\">\n\t\t\t\t\t<div class=\"e-con-inner\">\n\t\t\t\t<div class=\"elementor-shape elementor-shape-bottom\" aria-hidden=\"true\" data-negative=\"true\">\n\t\t\t<svg xmlns=\"http:\/\/www.w3.org\/2000\/svg\" viewBox=\"0 0 1000 100\" preserveAspectRatio=\"none\">\n\t<path class=\"elementor-shape-fill\" d=\"M500.2,94.7L0,0v100h1000V0L500.2,94.7z\"\/>\n<\/svg>\t\t<\/div>\n\t\t<div class=\"elementor-element elementor-element-27d0884 e-con-full e-flex e-con e-child\" data-id=\"27d0884\" data-element_type=\"container\" data-e-type=\"container\">\n\t\t\t\t<div class=\"elementor-element elementor-element-eb3fdd0 elementor-widget__width-initial elementor-widget elementor-widget-heading\" data-id=\"eb3fdd0\" data-element_type=\"widget\" data-e-type=\"widget\" data-widget_type=\"heading.default\">\n\t\t\t\t\t<h1 class=\"elementor-heading-title elementor-size-default\">Cookiepolicy<\/h1>\t\t\t\t<\/div>\n\t\t\t\t<div class=\"elementor-element elementor-element-75d7e37 elementor-widget elementor-widget-image\" data-id=\"75d7e37\" data-element_type=\"widget\" data-e-type=\"widget\" data-widget_type=\"image.default\">\n\t\t\t\t\t\t\t\t\t\t\t\t\t\t\t<img decoding=\"async\" width=\"300\" height=\"7\" src=\"https:\/\/ciclozone.com\/wp-content\/uploads\/2025\/08\/Swatch-Group-300x7.png\" class=\"attachment-medium size-medium wp-image-7407\" alt=\"\" srcset=\"https:\/\/ciclozone.com\/wp-content\/uploads\/2025\/08\/Swatch-Group-300x7.png 300w, https:\/\/ciclozone.com\/wp-content\/uploads\/2025\/08\/Swatch-Group.png 550w\" sizes=\"(max-width: 300px) 100vw, 300px\" \/>\t\t\t\t\t\t\t\t\t\t\t\t\t\t\t<\/div>\n\t\t\t\t<\/div>\n\t\t\t\t\t<\/div>\n\t\t\t\t<\/div>\n\t\t<div class=\"elementor-element elementor-element-7959cbe policy-page e-flex e-con-boxed e-con e-parent\" data-id=\"7959cbe\" data-element_type=\"container\" data-e-type=\"container\" data-settings=\"{&quot;background_background&quot;:&quot;classic&quot;}\">\n\t\t\t\t\t<div class=\"e-con-inner\">\n\t\t\t\t<div class=\"elementor-element elementor-element-9c91c72 elementor-widget__width-initial elementor-widget elementor-widget-text-editor\" data-id=\"9c91c72\" data-element_type=\"widget\" data-e-type=\"widget\" data-widget_type=\"text-editor.default\">\n\t\t\t\t\t\t\t\t\t<p>Ikrafttr\u00e4dandedatum: 1 januari 2026<\/p><p>Senast uppdaterad: 1 januari 2026<\/p><p>Denna cookiepolicy g\u00e4ller f\u00f6r CicloZones webbplats och relaterade digitala tj\u00e4nster, inklusive plattformar riktade till cyklister och studior tillg\u00e4ngliga via https:\/\/ciclozone-marketing.on-forge.com<\/p><p>F\u00f6r mer information om hur vi behandlar personuppgifter och dina r\u00e4ttigheter enligt dataskyddslagstiftningen, se v\u00e5r integritetspolicy.<\/p><p>1. Vad \u00e4r cookies?<\/p><p>Cookies \u00e4r sm\u00e5 textfiler som lagras p\u00e5 din enhet n\u00e4r en webbplats laddas i din webbl\u00e4sare. De anv\u00e4nds brett f\u00f6r att s\u00e4kerst\u00e4lla att webbplatser fungerar korrekt, f\u00f6rb\u00e4ttra s\u00e4kerheten, optimera anv\u00e4ndarupplevelsen och analysera prestanda f\u00f6r att identifiera f\u00f6rb\u00e4ttringsomr\u00e5den.<\/p><p>2. Hur vi anv\u00e4nder cookies<\/p><p>Liksom de flesta onlinetj\u00e4nster anv\u00e4nder CicloZone f\u00f6rstaparts- och tredjepartscookies f\u00f6r flera \u00e4ndam\u00e5l.<\/p><p>F\u00f6rstapartscookies \u00e4r fr\u00e4mst n\u00f6dv\u00e4ndiga f\u00f6r att webbplatsen ska fungera korrekt och samlar inte in personligt identifierbar information.<\/p><p>Tredjepartscookies, n\u00e4r de anv\u00e4nds, hj\u00e4lper oss att f\u00f6rst\u00e5 hur webbplatsen presterar, hur bes\u00f6kare interagerar med den, h\u00e5lla v\u00e5ra tj\u00e4nster s\u00e4kra och f\u00f6rb\u00e4ttra framtida anv\u00e4ndarupplevelser.<\/p><p>Cookies s\u00e4tts endast i enlighet med dina samtyckesval, utom n\u00e4r de \u00e4r strikt n\u00f6dv\u00e4ndiga f\u00f6r driften av webbplatsen.<\/p><p>3. Typer av cookies vi anv\u00e4nder N\u00f6dv\u00e4ndiga cookies<\/p><p>N\u00f6dv\u00e4ndiga cookies kr\u00e4vs f\u00f6r att m\u00f6jligg\u00f6ra k\u00e4rnfunktionalitet, som s\u00e4ker inloggning, sessionshantering och att komma ih\u00e5g dina samtyckesval. Dessa cookies lagrar inte personligt identifierbar information.<\/p><p>Cookie\tDuration\tDescription<\/p><p>wpEmojiSettingsSupports\tSession\tSet by WordPress when a user interacts with emojis. It determines whether the browser can display emojis correctly.<\/p><p>cookieyes-consent\t1 year\tSet by CookieYes to store your cookie consent preferences so they are respected on subsequent visits.<\/p><p>Vi kan anv\u00e4nda analys- och prestandacookies f\u00f6r att hj\u00e4lpa oss f\u00f6rst\u00e5 hur bes\u00f6kare anv\u00e4nder v\u00e5r webbplats, f\u00f6rb\u00e4ttra prestanda och optimera anv\u00e4ndarupplevelsen.<\/p><p>Dessa cookies s\u00e4tts bara om du har gett ditt samtycke via v\u00e5r cookiebanner.<\/p><p>Detaljer om eventuella analys- eller prestandacookies som anv\u00e4nds listas ovan n\u00e4r de \u00e4r aktiva.<\/p><p>Tredjepartscookies<\/p><p>Vissa sidor kan inneh\u00e5lla inb\u00e4ddat inneh\u00e5ll eller integrationer (till exempel videoplattformar eller andra tredjepartstj\u00e4nster). Dessa tredje parter kan s\u00e4tta sina egna cookies.<\/p><p>We do not control these cookies, and their use is governed by the third party\u2019s own privacy and cookie policies.<\/p><p>4. WordPress-specifika cookies<\/p><p>V\u00e5r webbplats \u00e4r byggd p\u00e5 WordPress, som kan s\u00e4tta ytterligare cookies i specifika situationer:<\/p><p>Kommentarscookies (namn, e-post, webbplats) kan lagras i upp till ett \u00e5r om du v\u00e4ljer att spara dem.<\/p><p>Login cookies last up to two days, or up to two weeks if \u201cRemember Me\u201d is selected.<\/p><p>Sk\u00e4rmpreferenscookies kan vara i upp till ett \u00e5r.<\/p><p>Redigerings- eller publiceringscookies upph\u00f6r efter en dag och inneh\u00e5ller inga personuppgifter.<\/p><p>5. Hantering av dina cookieinst\u00e4llningar<\/p><p>You can manage your cookie preferences at any time by clicking the \u201cConsent Preferences\u201d button available on the site. This allows you to review, update, or withdraw your consent.<\/p><p>Du kan ocks\u00e5 kontrollera eller ta bort cookies via dina webbl\u00e4sarinst\u00e4llningar. Observera att inaktivering av cookies kan p\u00e5verka webbplatsens funktionalitet.<\/p><p>Dokumentation f\u00f6r webbl\u00e4sarst\u00f6d:<\/p><p>Chrome: https:\/\/support.google.com\/accounts\/answer\/32050<\/p><p>Safari: https:\/\/support.apple.com\/guide\/safari\/manage-cookies-and-website-data-sfri11471\/mac<\/p><p>Firefox: https:\/\/support.mozilla.org\/en-US\/kb\/clear-cookies-and-site-data-firefox<\/p><p>Internet Explorer: https:\/\/support.microsoft.com\/help\/17442<\/p><p>Om du anv\u00e4nder en annan webbl\u00e4sare, se dess officiella supportdokumentation.<\/p><p>6. \u00c4ndringar av denna cookiepolicy<\/p><p>We may update this Cookie Policy from time to time to reflect changes in technology, legislation, or how we use cookies. Updates will be posted on this page with a revised \u201cLast updated\u201d date.<\/p>\t\t\t\t\t\t\t\t<\/div>\n\t\t\t\t\t<\/div>\n\t\t\t\t<\/div>\n\t\t\t\t<\/div>\n\t\t","protected":false},"excerpt":{"rendered":"<p>Cookiepolicy Ikrafttr\u00e4dandedatum: 1 januari 2026 Senast uppdaterad: 1 januari 2026 Denna cookiepolicy g\u00e4ller f\u00f6r CicloZones webbplats och relaterade digitala tj\u00e4nster, [&hellip;]<\/p>\n","protected":false},"author":1,"featured_media":0,"parent":0,"menu_order":0,"comment_status":"closed","ping_status":"closed","template":"","meta":{"site-sidebar-layout":"no-sidebar","site-content-layout":"","ast-site-content-layout":"full-width-container","site-content-style":"default","site-sidebar-style":"default","ast-global-header-display":"","ast-banner-title-visibility":"","ast-main-header-display":"","ast-hfb-above-header-display":"","ast-hfb-below-header-display":"","ast-hfb-mobile-header-display":"","site-post-title":"","ast-breadcrumbs-content":"","ast-featured-img":"disabled","footer-sml-layout":"","ast-disable-related-posts":"","theme-transparent-header-meta":"","adv-header-id-meta":"","stick-header-meta":"","header-above-stick-meta":"","header-main-stick-meta":"","header-below-stick-meta":"","astra-migrate-meta-layouts":"default","ast-page-background-enabled":"default","ast-page-background-meta":{"desktop":{"background-color":"var(--ast-global-color-5)","background-image":"","background-repeat":"repeat","background-position":"center center","background-size":"auto","background-attachment":"scroll","background-type":"","background-media":"","overlay-type":"","overlay-color":"","overlay-opacity":"","overlay-gradient":""},"tablet":{"background-color":"","background-image":"","background-repeat":"repeat","background-position":"center center","background-size":"auto","background-attachment":"scroll","background-type":"","background-media":"","overlay-type":"","overlay-color":"","overlay-opacity":"","overlay-gradient":""},"mobile":{"background-color":"","background-image":"","background-repeat":"repeat","background-position":"center center","background-size":"auto","background-attachment":"scroll","background-type":"","background-media":"","overlay-type":"","overlay-color":"","overlay-opacity":"","overlay-gradient":""}},"ast-content-background-meta":{"desktop":{"background-color":"var(--ast-global-color-4)","background-image":"","background-repeat":"repeat","background-position":"center center","background-size":"auto","background-attachment":"scroll","background-type":"","background-media":"","overlay-type":"","overlay-color":"","overlay-opacity":"","overlay-gradient":""},"tablet":{"background-color":"var(--ast-global-color-4)","background-image":"","background-repeat":"repeat","background-position":"center center","background-size":"auto","background-attachment":"scroll","background-type":"","background-media":"","overlay-type":"","overlay-color":"","overlay-opacity":"","overlay-gradient":""},"mobile":{"background-color":"var(--ast-global-color-4)","background-image":"","background-repeat":"repeat","background-position":"center center","background-size":"auto","background-attachment":"scroll","background-type":"","background-media":"","overlay-type":"","overlay-color":"","overlay-opacity":"","overlay-gradient":""}},"footnotes":""},"class_list":["post-10636","page","type-page","status-publish","hentry"],"yoast_head":"<!-- This site is optimized with the Yoast SEO plugin v27.1.1 - https:\/\/yoast.com\/product\/yoast-seo-wordpress\/ -->\n<title>Cookiepolicy - Ciclozone<\/title>\n<meta name=\"robots\" content=\"index, follow, max-snippet:-1, max-image-preview:large, max-video-preview:-1\" \/>\n<link rel=\"canonical\" href=\"https:\/\/ciclozone.com\/sv\/cookiepolicy\/\" \/>\n<meta property=\"og:locale\" content=\"sv_SE\" \/>\n<meta property=\"og:type\" content=\"article\" \/>\n<meta property=\"og:title\" content=\"Cookiepolicy - Ciclozone\" \/>\n<meta property=\"og:description\" content=\"Cookiepolicy Ikrafttr\u00e4dandedatum: 1 januari 2026 Senast uppdaterad: 1 januari 2026 Denna cookiepolicy g\u00e4ller f\u00f6r CicloZones webbplats och relaterade digitala tj\u00e4nster, [&hellip;]\" \/>\n<meta property=\"og:url\" content=\"https:\/\/ciclozone.com\/sv\/cookiepolicy\/\" \/>\n<meta property=\"og:site_name\" content=\"Ciclozone\" \/>\n<meta property=\"article:publisher\" content=\"https:\/\/www.facebook.com\/WeareCicloZone\/\" \/>\n<meta property=\"article:modified_time\" content=\"2026-04-13T13:39:18+00:00\" \/>\n<meta property=\"og:image\" content=\"https:\/\/ciclozone.com\/wp-content\/uploads\/2025\/08\/Swatch-Group.png\" \/>\n\t<meta property=\"og:image:width\" content=\"550\" \/>\n\t<meta property=\"og:image:height\" content=\"12\" \/>\n\t<meta property=\"og:image:type\" content=\"image\/png\" \/>\n<meta name=\"twitter:card\" content=\"summary_large_image\" \/>\n<meta name=\"twitter:label1\" content=\"Ber\u00e4knad l\u00e4stid\" \/>\n\t<meta name=\"twitter:data1\" content=\"3 minuter\" \/>\n<script type=\"application\/ld+json\" class=\"yoast-schema-graph\">{\"@context\":\"https:\/\/schema.org\",\"@graph\":[{\"@type\":\"WebPage\",\"@id\":\"https:\/\/ciclozone.com\/sv\/cookiepolicy\/\",\"url\":\"https:\/\/ciclozone.com\/sv\/cookiepolicy\/\",\"name\":\"Cookiepolicy - Ciclozone\",\"isPartOf\":{\"@id\":\"https:\/\/ciclozone.com\/sv\/#website\"},\"primaryImageOfPage\":{\"@id\":\"https:\/\/ciclozone.com\/sv\/cookiepolicy\/#primaryimage\"},\"image\":{\"@id\":\"https:\/\/ciclozone.com\/sv\/cookiepolicy\/#primaryimage\"},\"thumbnailUrl\":\"https:\/\/ciclozone.com\/wp-content\/uploads\/2025\/08\/Swatch-Group-300x7.png\",\"datePublished\":\"2026-01-06T17:46:07+00:00\",\"dateModified\":\"2026-04-13T13:39:18+00:00\",\"breadcrumb\":{\"@id\":\"https:\/\/ciclozone.com\/sv\/cookiepolicy\/#breadcrumb\"},\"inLanguage\":\"sv-SE\",\"potentialAction\":[{\"@type\":\"ReadAction\",\"target\":[\"https:\/\/ciclozone.com\/sv\/cookiepolicy\/\"]}]},{\"@type\":\"ImageObject\",\"inLanguage\":\"sv-SE\",\"@id\":\"https:\/\/ciclozone.com\/sv\/cookiepolicy\/#primaryimage\",\"url\":\"https:\/\/ciclozone.com\/wp-content\/uploads\/2025\/08\/Swatch-Group-300x7.png\",\"contentUrl\":\"https:\/\/ciclozone.com\/wp-content\/uploads\/2025\/08\/Swatch-Group-300x7.png\"},{\"@type\":\"BreadcrumbList\",\"@id\":\"https:\/\/ciclozone.com\/sv\/cookiepolicy\/#breadcrumb\",\"itemListElement\":[{\"@type\":\"ListItem\",\"position\":1,\"name\":\"Home\",\"item\":\"https:\/\/ciclozone.com\/sv\/\"},{\"@type\":\"ListItem\",\"position\":2,\"name\":\"Cookiepolicy\"}]},{\"@type\":\"WebSite\",\"@id\":\"https:\/\/ciclozone.com\/sv\/#website\",\"url\":\"https:\/\/ciclozone.com\/sv\/\",\"name\":\"Ciclozone\",\"description\":\"Indoor Cycling Redefined\",\"publisher\":{\"@id\":\"https:\/\/ciclozone.com\/sv\/#organization\"},\"potentialAction\":[{\"@type\":\"SearchAction\",\"target\":{\"@type\":\"EntryPoint\",\"urlTemplate\":\"https:\/\/ciclozone.com\/sv\/?s={search_term_string}\"},\"query-input\":{\"@type\":\"PropertyValueSpecification\",\"valueRequired\":true,\"valueName\":\"search_term_string\"}}],\"inLanguage\":\"sv-SE\"},{\"@type\":\"Organization\",\"@id\":\"https:\/\/ciclozone.com\/sv\/#organization\",\"name\":\"Ciclozone\",\"url\":\"https:\/\/ciclozone.com\/sv\/\",\"logo\":{\"@type\":\"ImageObject\",\"inLanguage\":\"sv-SE\",\"@id\":\"https:\/\/ciclozone.com\/sv\/#\/schema\/logo\/image\/\",\"url\":\"https:\/\/ciclozone.com\/wp-content\/uploads\/2025\/08\/ciclo-logo.png\",\"contentUrl\":\"https:\/\/ciclozone.com\/wp-content\/uploads\/2025\/08\/ciclo-logo.png\",\"width\":177,\"height\":44,\"caption\":\"Ciclozone\"},\"image\":{\"@id\":\"https:\/\/ciclozone.com\/sv\/#\/schema\/logo\/image\/\"},\"sameAs\":[\"https:\/\/www.facebook.com\/WeareCicloZone\/\",\"https:\/\/www.instagram.com\/ciclozoneuk\/\",\"https:\/\/www.linkedin.com\/company\/ciclozone\/\",\"https:\/\/www.youtube.com\/@ciclozone1059\/\"]}]}<\/script>\n<!-- \/ Yoast SEO plugin. -->","yoast_head_json":{"title":"Cookiepolicy - Ciclozone","robots":{"index":"index","follow":"follow","max-snippet":"max-snippet:-1","max-image-preview":"max-image-preview:large","max-video-preview":"max-video-preview:-1"},"canonical":"https:\/\/ciclozone.com\/sv\/cookiepolicy\/","og_locale":"sv_SE","og_type":"article","og_title":"Cookiepolicy - Ciclozone","og_description":"Cookiepolicy Ikrafttr\u00e4dandedatum: 1 januari 2026 Senast uppdaterad: 1 januari 2026 Denna cookiepolicy g\u00e4ller f\u00f6r CicloZones webbplats och relaterade digitala tj\u00e4nster, [&hellip;]","og_url":"https:\/\/ciclozone.com\/sv\/cookiepolicy\/","og_site_name":"Ciclozone","article_publisher":"https:\/\/www.facebook.com\/WeareCicloZone\/","article_modified_time":"2026-04-13T13:39:18+00:00","og_image":[{"width":550,"height":12,"url":"https:\/\/ciclozone.com\/wp-content\/uploads\/2025\/08\/Swatch-Group.png","type":"image\/png"}],"twitter_card":"summary_large_image","twitter_misc":{"Ber\u00e4knad l\u00e4stid":"3 minuter"},"schema":{"@context":"https:\/\/schema.org","@graph":[{"@type":"WebPage","@id":"https:\/\/ciclozone.com\/sv\/cookiepolicy\/","url":"https:\/\/ciclozone.com\/sv\/cookiepolicy\/","name":"Cookiepolicy - Ciclozone","isPartOf":{"@id":"https:\/\/ciclozone.com\/sv\/#website"},"primaryImageOfPage":{"@id":"https:\/\/ciclozone.com\/sv\/cookiepolicy\/#primaryimage"},"image":{"@id":"https:\/\/ciclozone.com\/sv\/cookiepolicy\/#primaryimage"},"thumbnailUrl":"https:\/\/ciclozone.com\/wp-content\/uploads\/2025\/08\/Swatch-Group-300x7.png","datePublished":"2026-01-06T17:46:07+00:00","dateModified":"2026-04-13T13:39:18+00:00","breadcrumb":{"@id":"https:\/\/ciclozone.com\/sv\/cookiepolicy\/#breadcrumb"},"inLanguage":"sv-SE","potentialAction":[{"@type":"ReadAction","target":["https:\/\/ciclozone.com\/sv\/cookiepolicy\/"]}]},{"@type":"ImageObject","inLanguage":"sv-SE","@id":"https:\/\/ciclozone.com\/sv\/cookiepolicy\/#primaryimage","url":"https:\/\/ciclozone.com\/wp-content\/uploads\/2025\/08\/Swatch-Group-300x7.png","contentUrl":"https:\/\/ciclozone.com\/wp-content\/uploads\/2025\/08\/Swatch-Group-300x7.png"},{"@type":"BreadcrumbList","@id":"https:\/\/ciclozone.com\/sv\/cookiepolicy\/#breadcrumb","itemListElement":[{"@type":"ListItem","position":1,"name":"Home","item":"https:\/\/ciclozone.com\/sv\/"},{"@type":"ListItem","position":2,"name":"Cookiepolicy"}]},{"@type":"WebSite","@id":"https:\/\/ciclozone.com\/sv\/#website","url":"https:\/\/ciclozone.com\/sv\/","name":"Ciclozone","description":"Indoor Cycling Redefined","publisher":{"@id":"https:\/\/ciclozone.com\/sv\/#organization"},"potentialAction":[{"@type":"SearchAction","target":{"@type":"EntryPoint","urlTemplate":"https:\/\/ciclozone.com\/sv\/?s={search_term_string}"},"query-input":{"@type":"PropertyValueSpecification","valueRequired":true,"valueName":"search_term_string"}}],"inLanguage":"sv-SE"},{"@type":"Organization","@id":"https:\/\/ciclozone.com\/sv\/#organization","name":"Ciclozone","url":"https:\/\/ciclozone.com\/sv\/","logo":{"@type":"ImageObject","inLanguage":"sv-SE","@id":"https:\/\/ciclozone.com\/sv\/#\/schema\/logo\/image\/","url":"https:\/\/ciclozone.com\/wp-content\/uploads\/2025\/08\/ciclo-logo.png","contentUrl":"https:\/\/ciclozone.com\/wp-content\/uploads\/2025\/08\/ciclo-logo.png","width":177,"height":44,"caption":"Ciclozone"},"image":{"@id":"https:\/\/ciclozone.com\/sv\/#\/schema\/logo\/image\/"},"sameAs":["https:\/\/www.facebook.com\/WeareCicloZone\/","https:\/\/www.instagram.com\/ciclozoneuk\/","https:\/\/www.linkedin.com\/company\/ciclozone\/","https:\/\/www.youtube.com\/@ciclozone1059\/"]}]}},"_links":{"self":[{"href":"https:\/\/ciclozone.com\/sv\/wp-json\/wp\/v2\/pages\/10636","targetHints":{"allow":["GET"]}}],"collection":[{"href":"https:\/\/ciclozone.com\/sv\/wp-json\/wp\/v2\/pages"}],"about":[{"href":"https:\/\/ciclozone.com\/sv\/wp-json\/wp\/v2\/types\/page"}],"author":[{"embeddable":true,"href":"https:\/\/ciclozone.com\/sv\/wp-json\/wp\/v2\/users\/1"}],"replies":[{"embeddable":true,"href":"https:\/\/ciclozone.com\/sv\/wp-json\/wp\/v2\/comments?post=10636"}],"version-history":[{"count":2,"href":"https:\/\/ciclozone.com\/sv\/wp-json\/wp\/v2\/pages\/10636\/revisions"}],"predecessor-version":[{"id":10819,"href":"https:\/\/ciclozone.com\/sv\/wp-json\/wp\/v2\/pages\/10636\/revisions\/10819"}],"wp:attachment":[{"href":"https:\/\/ciclozone.com\/sv\/wp-json\/wp\/v2\/media?parent=10636"}],"curies":[{"name":"wp","href":"https:\/\/api.w.org\/{rel}","templated":true}]}}