{"id":8225,"date":"2026-02-10T20:43:13","date_gmt":"2026-02-10T20:43:13","guid":{"rendered":"https:\/\/ciclozone.com\/ciclozone-web-conta-historico-de-versoes\/"},"modified":"2026-03-30T18:22:02","modified_gmt":"2026-03-30T17:22:02","slug":"ciclozone-web-conta-historico-de-versoes","status":"publish","type":"page","link":"https:\/\/ciclozone.com\/pt-pt\/ciclozone-web-conta-historico-de-versoes\/","title":{"rendered":"CicloZone Web Conta &#8211; Hist\u00f3rico de vers\u00f5es"},"content":{"rendered":"\t\t<div data-elementor-type=\"wp-page\" data-elementor-id=\"8225\" class=\"elementor elementor-8225 elementor-6428\" data-elementor-post-type=\"page\">\n\t\t\t\t<div class=\"elementor-element elementor-element-8fb9b8f e-flex e-con-boxed e-con e-parent\" data-id=\"8fb9b8f\" data-element_type=\"container\" data-e-type=\"container\" data-settings=\"{&quot;background_background&quot;:&quot;classic&quot;,&quot;animation&quot;:&quot;none&quot;,&quot;shape_divider_bottom&quot;:&quot;triangle&quot;,&quot;shape_divider_bottom_negative&quot;:&quot;yes&quot;}\">\n\t\t\t\t\t<div class=\"e-con-inner\">\n\t\t\t\t<div class=\"elementor-shape elementor-shape-bottom\" aria-hidden=\"true\" data-negative=\"true\">\n\t\t\t<svg xmlns=\"http:\/\/www.w3.org\/2000\/svg\" viewBox=\"0 0 1000 100\" preserveAspectRatio=\"none\">\n\t<path class=\"elementor-shape-fill\" d=\"M500.2,94.7L0,0v100h1000V0L500.2,94.7z\"\/>\n<\/svg>\t\t<\/div>\n\t\t<div class=\"elementor-element elementor-element-7be3c4b e-con-full e-flex e-con e-child\" data-id=\"7be3c4b\" data-element_type=\"container\" data-e-type=\"container\">\n\t\t\t\t<div class=\"elementor-element elementor-element-8518ff2 elementor-widget__width-initial elementor-widget elementor-widget-heading\" data-id=\"8518ff2\" data-element_type=\"widget\" data-e-type=\"widget\" data-widget_type=\"heading.default\">\n\t\t\t\t\t<h1 class=\"elementor-heading-title elementor-size-default\">CicloZone Web Conta - Hist\u00f3rico de vers\u00f5es<\/h1>\t\t\t\t<\/div>\n\t\t\t\t<div class=\"elementor-element elementor-element-130bca1 elementor-widget elementor-widget-image\" data-id=\"130bca1\" data-element_type=\"widget\" data-e-type=\"widget\" data-widget_type=\"image.default\">\n\t\t\t\t\t\t\t\t\t\t\t\t\t\t\t<img decoding=\"async\" width=\"300\" height=\"7\" src=\"https:\/\/ciclozone.com\/wp-content\/uploads\/2025\/08\/Swatch-Group-300x7.png\" class=\"attachment-medium size-medium wp-image-7387\" alt=\"\" srcset=\"https:\/\/ciclozone.com\/wp-content\/uploads\/2025\/08\/Swatch-Group-300x7.png 300w, https:\/\/ciclozone.com\/wp-content\/uploads\/2025\/08\/Swatch-Group.png 550w\" sizes=\"(max-width: 300px) 100vw, 300px\" \/>\t\t\t\t\t\t\t\t\t\t\t\t\t\t\t<\/div>\n\t\t\t\t<\/div>\n\t\t\t\t\t<\/div>\n\t\t\t\t<\/div>\n\t\t<div class=\"elementor-element elementor-element-a7ae7de e-flex e-con-boxed e-con e-parent\" data-id=\"a7ae7de\" data-element_type=\"container\" data-e-type=\"container\" data-settings=\"{&quot;background_background&quot;:&quot;classic&quot;}\">\n\t\t\t\t\t<div class=\"e-con-inner\">\n\t\t\t\t<div class=\"elementor-element elementor-element-f13c1c6 elementor-widget__width-initial elementor-widget elementor-widget-text-editor\" data-id=\"f13c1c6\" data-element_type=\"widget\" data-e-type=\"widget\" data-widget_type=\"text-editor.default\">\n\t\t\t\t\t\t\t\t\t<p>Esta p\u00e1gina documenta a evolu\u00e7\u00e3o da plataforma CicloZone Web Accounts, utilizada por est\u00fadios, instrutores e funcion\u00e1rios para gerir marca\u00e7\u00f5es, aulas e opera\u00e7\u00f5es de est\u00fadio. CicloZone Web Accounts \u00e9 uma plataforma de gest\u00e3o baseada no browser para est\u00fadios de ciclismo indoor.<\/p><h3><strong>CicloZone Web &#8211; Iniciar sess\u00e3oLog In<\/strong><\/h3><h3><strong>\u00daltima atualiza\u00e7\u00e3o: janeiro de 2026<\/strong><\/h3><h3><strong>Revis\u00e3o da plataforma (2025)<\/strong><\/h3><p>Em 2025, a CicloZone introduziu uma grande reformula\u00e7\u00e3o na sua plataforma de contas Web.<\/p><p>Esta atualiza\u00e7\u00e3o substituiu o sistema web legado utilizado antes de 2025 por uma arquitetura nova e unificada, concebida para suportar fluxos de trabalho de est\u00fadio modernos, bibliotecas de classes escal\u00e1veis \u200b\u200be desenvolvimento cont\u00ednuo de recursos.<\/p><p>Devido ao \u00e2mbito desta transi\u00e7\u00e3o, as atualiza\u00e7\u00f5es individuais da plataforma legada n\u00e3o s\u00e3o listadas separadamente. Todas as atualiza\u00e7\u00f5es abaixo aplicam-se \u00e0 plataforma atual de contas CicloZone Web.<\/p><h4><strong>Principais altera\u00e7\u00f5es introduzidas no quarto trimestre de 2025<\/strong><\/h4><p>Nova arquitetura de contas Web<\/p><p>Acesso ao est\u00fadio e ao instrutor<\/p><p>Fluxos de trabalho de agendamento e calend\u00e1rio redesenhados<\/p><p>Melhor desempenho e fiabilidade do sistema<\/p><p>Base para lan\u00e7amentos cont\u00ednuos de recursos web<\/p><h3><strong>Atualiza\u00e7\u00f5es de contas web<\/strong><\/h3><h4><strong>Janeiro de 2026<\/strong><\/h4><h3><strong>Melhorou<\/strong><\/h3><ul><li>Consist\u00eancia visual nos ecr\u00e3s de agendamento e gest\u00e3o<\/li><\/ul><h3><strong>Fixado<\/strong><\/h3><ul><li>Pequenas inconsist\u00eancias de UI e layout<\/li><\/ul><h4><strong>Dezembro de 2025<\/strong><\/h4><h3><strong>Adicionado<\/strong><\/h3><ul><li>Lan\u00e7amento inicial da nova plataforma de contas CicloZone Web<\/li><li>Visualiza\u00e7\u00f5es expandidas da programa\u00e7\u00e3o do Studio TV (dia, semana e m\u00eas)<\/li><li>Filtragem de classes por tipo, treinador, tags e m\u00e9tricas de desempenho<\/li><li>Visualiza\u00e7\u00e3o e sele\u00e7\u00e3o melhoradas de turmas na Biblioteca de turmas<\/li><li>Listas de reprodu\u00e7\u00e3o do dia e da semana<\/li><li>Introdu\u00e7\u00e3o \u00e0s permiss\u00f5es da equipa<\/li><li>P\u00e1gina de fatura\u00e7\u00e3o<\/li><li>Class Builder P\u00e1g.<\/li><li>Interface do modo escuro\/claro<\/li><\/ul><h3><strong>Fixado<\/strong><\/h3><ul><li>Problemas iniciais da plataforma relacionados com as tarefas de aula e atualiza\u00e7\u00e3o do calend\u00e1rio<\/li><\/ul><h4><strong>Novembro de 2025<\/strong><\/h4><h3><strong>Adicionado<\/strong><\/h3><ul><li>Funda\u00e7\u00f5es de acesso baseado em fun\u00e7\u00f5es para gestores de est\u00fadio e instrutores<\/li><\/ul><h3><strong>Melhorou<\/strong><\/h3><ul><li>Tratamento de dados entre aulas agendadas e conte\u00fado da biblioteca<\/li><li>Precis\u00e3o de agendamento para hor\u00e1rios de in\u00edcio e de fim das aulas<\/li><li>Pesquisa e filtragem na Biblioteca de Aulas<\/li><\/ul><h3><strong>Fixado<\/strong><\/h3><ul><li>Pequenos problemas de valida\u00e7\u00e3o e sele\u00e7\u00e3o de tempo<\/li><\/ul><h3><strong>Desenvolvimento Cont\u00ednuo<\/strong><\/h3><p>A plataforma de contas CicloZone Web \u00e9 ativamente mantida e atualizada. Novas funcionalidades, melhorias e corre\u00e7\u00f5es s\u00e3o continuamente lan\u00e7adas como parte do desenvolvimento cont\u00ednuo da plataforma.<\/p><h4><strong>\u00c2mbito e Notas<\/strong><\/h4><p>Este hist\u00f3rico de vers\u00f5es aplica-se apenas \u00e0s contas CicloZone Web.<\/p><p>As aplica\u00e7\u00f5es m\u00f3veis de piloto e o software de ecr\u00e3 de est\u00fadio t\u00eam hist\u00f3ricos de atualiza\u00e7\u00e3o separados.<\/p>\t\t\t\t\t\t\t\t<\/div>\n\t\t\t\t\t<\/div>\n\t\t\t\t<\/div>\n\t\t\t\t<\/div>\n\t\t","protected":false},"excerpt":{"rendered":"<p>CicloZone Web Conta &#8211; Hist\u00f3rico de vers\u00f5es Esta p\u00e1gina documenta a evolu\u00e7\u00e3o da plataforma CicloZone Web Accounts, utilizada por est\u00fadios, [&hellip;]<\/p>\n","protected":false},"author":1,"featured_media":0,"parent":0,"menu_order":0,"comment_status":"closed","ping_status":"closed","template":"","meta":{"site-sidebar-layout":"no-sidebar","site-content-layout":"","ast-site-content-layout":"full-width-container","site-content-style":"default","site-sidebar-style":"default","ast-global-header-display":"","ast-banner-title-visibility":"","ast-main-header-display":"","ast-hfb-above-header-display":"","ast-hfb-below-header-display":"","ast-hfb-mobile-header-display":"","site-post-title":"disabled","ast-breadcrumbs-content":"","ast-featured-img":"disabled","footer-sml-layout":"","ast-disable-related-posts":"","theme-transparent-header-meta":"","adv-header-id-meta":"","stick-header-meta":"","header-above-stick-meta":"","header-main-stick-meta":"","header-below-stick-meta":"","astra-migrate-meta-layouts":"default","ast-page-background-enabled":"default","ast-page-background-meta":{"desktop":{"background-color":"var(--ast-global-color-5)","background-image":"","background-repeat":"repeat","background-position":"center center","background-size":"auto","background-attachment":"scroll","background-type":"","background-media":"","overlay-type":"","overlay-color":"","overlay-opacity":"","overlay-gradient":""},"tablet":{"background-color":"","background-image":"","background-repeat":"repeat","background-position":"center center","background-size":"auto","background-attachment":"scroll","background-type":"","background-media":"","overlay-type":"","overlay-color":"","overlay-opacity":"","overlay-gradient":""},"mobile":{"background-color":"","background-image":"","background-repeat":"repeat","background-position":"center center","background-size":"auto","background-attachment":"scroll","background-type":"","background-media":"","overlay-type":"","overlay-color":"","overlay-opacity":"","overlay-gradient":""}},"ast-content-background-meta":{"desktop":{"background-color":"var(--ast-global-color-4)","background-image":"","background-repeat":"repeat","background-position":"center center","background-size":"auto","background-attachment":"scroll","background-type":"","background-media":"","overlay-type":"","overlay-color":"","overlay-opacity":"","overlay-gradient":""},"tablet":{"background-color":"var(--ast-global-color-4)","background-image":"","background-repeat":"repeat","background-position":"center center","background-size":"auto","background-attachment":"scroll","background-type":"","background-media":"","overlay-type":"","overlay-color":"","overlay-opacity":"","overlay-gradient":""},"mobile":{"background-color":"var(--ast-global-color-4)","background-image":"","background-repeat":"repeat","background-position":"center center","background-size":"auto","background-attachment":"scroll","background-type":"","background-media":"","overlay-type":"","overlay-color":"","overlay-opacity":"","overlay-gradient":""}},"footnotes":""},"class_list":["post-8225","page","type-page","status-publish","hentry"],"yoast_head":"<!-- This site is optimized with the Yoast SEO plugin v27.1.1 - https:\/\/yoast.com\/product\/yoast-seo-wordpress\/ -->\n<title>CicloZone Web Conta - Hist\u00f3rico de vers\u00f5es - Ciclozone<\/title>\n<meta name=\"robots\" content=\"index, follow, max-snippet:-1, max-image-preview:large, max-video-preview:-1\" \/>\n<link rel=\"canonical\" href=\"https:\/\/ciclozone.com\/pt-pt\/ciclozone-web-conta-historico-de-versoes\/\" \/>\n<meta property=\"og:locale\" content=\"pt_PT\" \/>\n<meta property=\"og:type\" content=\"article\" \/>\n<meta property=\"og:title\" content=\"CicloZone Web Conta - Hist\u00f3rico de vers\u00f5es - Ciclozone\" \/>\n<meta property=\"og:description\" content=\"CicloZone Web Conta &#8211; Hist\u00f3rico de vers\u00f5es Esta p\u00e1gina documenta a evolu\u00e7\u00e3o da plataforma CicloZone Web Accounts, utilizada por est\u00fadios, [&hellip;]\" \/>\n<meta property=\"og:url\" content=\"https:\/\/ciclozone.com\/pt-pt\/ciclozone-web-conta-historico-de-versoes\/\" \/>\n<meta property=\"og:site_name\" content=\"Ciclozone\" \/>\n<meta property=\"article:publisher\" content=\"https:\/\/www.facebook.com\/WeareCicloZone\/\" \/>\n<meta property=\"article:modified_time\" content=\"2026-03-30T17:22:02+00:00\" \/>\n<meta property=\"og:image\" content=\"https:\/\/ciclozone.com\/wp-content\/uploads\/2025\/08\/Swatch-Group.png\" \/>\n\t<meta property=\"og:image:width\" content=\"550\" \/>\n\t<meta property=\"og:image:height\" content=\"12\" \/>\n\t<meta property=\"og:image:type\" content=\"image\/png\" \/>\n<meta name=\"twitter:card\" content=\"summary_large_image\" \/>\n<meta name=\"twitter:label1\" content=\"Tempo estimado de leitura\" \/>\n\t<meta name=\"twitter:data1\" content=\"2 minutos\" \/>\n<script type=\"application\/ld+json\" class=\"yoast-schema-graph\">{\"@context\":\"https:\/\/schema.org\",\"@graph\":[{\"@type\":\"WebPage\",\"@id\":\"https:\/\/ciclozone.com\/pt-pt\/ciclozone-web-conta-historico-de-versoes\/\",\"url\":\"https:\/\/ciclozone.com\/pt-pt\/ciclozone-web-conta-historico-de-versoes\/\",\"name\":\"CicloZone Web Conta - Hist\u00f3rico de vers\u00f5es - Ciclozone\",\"isPartOf\":{\"@id\":\"https:\/\/ciclozone.com\/pt-pt\/#website\"},\"primaryImageOfPage\":{\"@id\":\"https:\/\/ciclozone.com\/pt-pt\/ciclozone-web-conta-historico-de-versoes\/#primaryimage\"},\"image\":{\"@id\":\"https:\/\/ciclozone.com\/pt-pt\/ciclozone-web-conta-historico-de-versoes\/#primaryimage\"},\"thumbnailUrl\":\"https:\/\/ciclozone.com\/wp-content\/uploads\/2025\/08\/Swatch-Group-300x7.png\",\"datePublished\":\"2026-02-10T20:43:13+00:00\",\"dateModified\":\"2026-03-30T17:22:02+00:00\",\"breadcrumb\":{\"@id\":\"https:\/\/ciclozone.com\/pt-pt\/ciclozone-web-conta-historico-de-versoes\/#breadcrumb\"},\"inLanguage\":\"pt-PT\",\"potentialAction\":[{\"@type\":\"ReadAction\",\"target\":[\"https:\/\/ciclozone.com\/pt-pt\/ciclozone-web-conta-historico-de-versoes\/\"]}]},{\"@type\":\"ImageObject\",\"inLanguage\":\"pt-PT\",\"@id\":\"https:\/\/ciclozone.com\/pt-pt\/ciclozone-web-conta-historico-de-versoes\/#primaryimage\",\"url\":\"https:\/\/ciclozone.com\/wp-content\/uploads\/2025\/08\/Swatch-Group-300x7.png\",\"contentUrl\":\"https:\/\/ciclozone.com\/wp-content\/uploads\/2025\/08\/Swatch-Group-300x7.png\"},{\"@type\":\"BreadcrumbList\",\"@id\":\"https:\/\/ciclozone.com\/pt-pt\/ciclozone-web-conta-historico-de-versoes\/#breadcrumb\",\"itemListElement\":[{\"@type\":\"ListItem\",\"position\":1,\"name\":\"Home\",\"item\":\"https:\/\/ciclozone.com\/pt-pt\/\"},{\"@type\":\"ListItem\",\"position\":2,\"name\":\"CicloZone Web Conta &#8211; Hist\u00f3rico de vers\u00f5es\"}]},{\"@type\":\"WebSite\",\"@id\":\"https:\/\/ciclozone.com\/pt-pt\/#website\",\"url\":\"https:\/\/ciclozone.com\/pt-pt\/\",\"name\":\"Ciclozone\",\"description\":\"Indoor Cycling Redefined\",\"publisher\":{\"@id\":\"https:\/\/ciclozone.com\/pt-pt\/#organization\"},\"potentialAction\":[{\"@type\":\"SearchAction\",\"target\":{\"@type\":\"EntryPoint\",\"urlTemplate\":\"https:\/\/ciclozone.com\/pt-pt\/?s={search_term_string}\"},\"query-input\":{\"@type\":\"PropertyValueSpecification\",\"valueRequired\":true,\"valueName\":\"search_term_string\"}}],\"inLanguage\":\"pt-PT\"},{\"@type\":\"Organization\",\"@id\":\"https:\/\/ciclozone.com\/pt-pt\/#organization\",\"name\":\"Ciclozone\",\"url\":\"https:\/\/ciclozone.com\/pt-pt\/\",\"logo\":{\"@type\":\"ImageObject\",\"inLanguage\":\"pt-PT\",\"@id\":\"https:\/\/ciclozone.com\/pt-pt\/#\/schema\/logo\/image\/\",\"url\":\"https:\/\/ciclozone.com\/wp-content\/uploads\/2025\/08\/ciclo-logo.png\",\"contentUrl\":\"https:\/\/ciclozone.com\/wp-content\/uploads\/2025\/08\/ciclo-logo.png\",\"width\":177,\"height\":44,\"caption\":\"Ciclozone\"},\"image\":{\"@id\":\"https:\/\/ciclozone.com\/pt-pt\/#\/schema\/logo\/image\/\"},\"sameAs\":[\"https:\/\/www.facebook.com\/WeareCicloZone\/\",\"https:\/\/www.instagram.com\/ciclozoneuk\/\",\"https:\/\/www.linkedin.com\/company\/ciclozone\/\",\"https:\/\/www.youtube.com\/@ciclozone1059\/\"]}]}<\/script>\n<!-- \/ Yoast SEO plugin. -->","yoast_head_json":{"title":"CicloZone Web Conta - Hist\u00f3rico de vers\u00f5es - Ciclozone","robots":{"index":"index","follow":"follow","max-snippet":"max-snippet:-1","max-image-preview":"max-image-preview:large","max-video-preview":"max-video-preview:-1"},"canonical":"https:\/\/ciclozone.com\/pt-pt\/ciclozone-web-conta-historico-de-versoes\/","og_locale":"pt_PT","og_type":"article","og_title":"CicloZone Web Conta - Hist\u00f3rico de vers\u00f5es - Ciclozone","og_description":"CicloZone Web Conta &#8211; Hist\u00f3rico de vers\u00f5es Esta p\u00e1gina documenta a evolu\u00e7\u00e3o da plataforma CicloZone Web Accounts, utilizada por est\u00fadios, [&hellip;]","og_url":"https:\/\/ciclozone.com\/pt-pt\/ciclozone-web-conta-historico-de-versoes\/","og_site_name":"Ciclozone","article_publisher":"https:\/\/www.facebook.com\/WeareCicloZone\/","article_modified_time":"2026-03-30T17:22:02+00:00","og_image":[{"width":550,"height":12,"url":"https:\/\/ciclozone.com\/wp-content\/uploads\/2025\/08\/Swatch-Group.png","type":"image\/png"}],"twitter_card":"summary_large_image","twitter_misc":{"Tempo estimado de leitura":"2 minutos"},"schema":{"@context":"https:\/\/schema.org","@graph":[{"@type":"WebPage","@id":"https:\/\/ciclozone.com\/pt-pt\/ciclozone-web-conta-historico-de-versoes\/","url":"https:\/\/ciclozone.com\/pt-pt\/ciclozone-web-conta-historico-de-versoes\/","name":"CicloZone Web Conta - Hist\u00f3rico de vers\u00f5es - Ciclozone","isPartOf":{"@id":"https:\/\/ciclozone.com\/pt-pt\/#website"},"primaryImageOfPage":{"@id":"https:\/\/ciclozone.com\/pt-pt\/ciclozone-web-conta-historico-de-versoes\/#primaryimage"},"image":{"@id":"https:\/\/ciclozone.com\/pt-pt\/ciclozone-web-conta-historico-de-versoes\/#primaryimage"},"thumbnailUrl":"https:\/\/ciclozone.com\/wp-content\/uploads\/2025\/08\/Swatch-Group-300x7.png","datePublished":"2026-02-10T20:43:13+00:00","dateModified":"2026-03-30T17:22:02+00:00","breadcrumb":{"@id":"https:\/\/ciclozone.com\/pt-pt\/ciclozone-web-conta-historico-de-versoes\/#breadcrumb"},"inLanguage":"pt-PT","potentialAction":[{"@type":"ReadAction","target":["https:\/\/ciclozone.com\/pt-pt\/ciclozone-web-conta-historico-de-versoes\/"]}]},{"@type":"ImageObject","inLanguage":"pt-PT","@id":"https:\/\/ciclozone.com\/pt-pt\/ciclozone-web-conta-historico-de-versoes\/#primaryimage","url":"https:\/\/ciclozone.com\/wp-content\/uploads\/2025\/08\/Swatch-Group-300x7.png","contentUrl":"https:\/\/ciclozone.com\/wp-content\/uploads\/2025\/08\/Swatch-Group-300x7.png"},{"@type":"BreadcrumbList","@id":"https:\/\/ciclozone.com\/pt-pt\/ciclozone-web-conta-historico-de-versoes\/#breadcrumb","itemListElement":[{"@type":"ListItem","position":1,"name":"Home","item":"https:\/\/ciclozone.com\/pt-pt\/"},{"@type":"ListItem","position":2,"name":"CicloZone Web Conta &#8211; Hist\u00f3rico de vers\u00f5es"}]},{"@type":"WebSite","@id":"https:\/\/ciclozone.com\/pt-pt\/#website","url":"https:\/\/ciclozone.com\/pt-pt\/","name":"Ciclozone","description":"Indoor Cycling Redefined","publisher":{"@id":"https:\/\/ciclozone.com\/pt-pt\/#organization"},"potentialAction":[{"@type":"SearchAction","target":{"@type":"EntryPoint","urlTemplate":"https:\/\/ciclozone.com\/pt-pt\/?s={search_term_string}"},"query-input":{"@type":"PropertyValueSpecification","valueRequired":true,"valueName":"search_term_string"}}],"inLanguage":"pt-PT"},{"@type":"Organization","@id":"https:\/\/ciclozone.com\/pt-pt\/#organization","name":"Ciclozone","url":"https:\/\/ciclozone.com\/pt-pt\/","logo":{"@type":"ImageObject","inLanguage":"pt-PT","@id":"https:\/\/ciclozone.com\/pt-pt\/#\/schema\/logo\/image\/","url":"https:\/\/ciclozone.com\/wp-content\/uploads\/2025\/08\/ciclo-logo.png","contentUrl":"https:\/\/ciclozone.com\/wp-content\/uploads\/2025\/08\/ciclo-logo.png","width":177,"height":44,"caption":"Ciclozone"},"image":{"@id":"https:\/\/ciclozone.com\/pt-pt\/#\/schema\/logo\/image\/"},"sameAs":["https:\/\/www.facebook.com\/WeareCicloZone\/","https:\/\/www.instagram.com\/ciclozoneuk\/","https:\/\/www.linkedin.com\/company\/ciclozone\/","https:\/\/www.youtube.com\/@ciclozone1059\/"]}]}},"_links":{"self":[{"href":"https:\/\/ciclozone.com\/pt-pt\/wp-json\/wp\/v2\/pages\/8225","targetHints":{"allow":["GET"]}}],"collection":[{"href":"https:\/\/ciclozone.com\/pt-pt\/wp-json\/wp\/v2\/pages"}],"about":[{"href":"https:\/\/ciclozone.com\/pt-pt\/wp-json\/wp\/v2\/types\/page"}],"author":[{"embeddable":true,"href":"https:\/\/ciclozone.com\/pt-pt\/wp-json\/wp\/v2\/users\/1"}],"replies":[{"embeddable":true,"href":"https:\/\/ciclozone.com\/pt-pt\/wp-json\/wp\/v2\/comments?post=8225"}],"version-history":[{"count":1,"href":"https:\/\/ciclozone.com\/pt-pt\/wp-json\/wp\/v2\/pages\/8225\/revisions"}],"predecessor-version":[{"id":8226,"href":"https:\/\/ciclozone.com\/pt-pt\/wp-json\/wp\/v2\/pages\/8225\/revisions\/8226"}],"wp:attachment":[{"href":"https:\/\/ciclozone.com\/pt-pt\/wp-json\/wp\/v2\/media?parent=8225"}],"curies":[{"name":"wp","href":"https:\/\/api.w.org\/{rel}","templated":true}]}}