{"id":8217,"date":"2026-02-10T20:40:45","date_gmt":"2026-02-10T20:40:45","guid":{"rendered":"https:\/\/ciclozone.com\/ciclo-studio-android-tv-historico-de-versoes-e-atualizacoes\/"},"modified":"2026-03-30T18:22:02","modified_gmt":"2026-03-30T17:22:02","slug":"ciclo-studio-android-tv-historico-de-versoes-e-atualizacoes","status":"publish","type":"page","link":"https:\/\/ciclozone.com\/pt-pt\/ciclo-studio-android-tv-historico-de-versoes-e-atualizacoes\/","title":{"rendered":"Ciclo Studio (Android TV) \u2013 Hist\u00f3rico de vers\u00f5es e atualiza\u00e7\u00f5es"},"content":{"rendered":"\t\t<div data-elementor-type=\"wp-page\" data-elementor-id=\"8217\" class=\"elementor elementor-8217 elementor-6423\" data-elementor-post-type=\"page\">\n\t\t\t\t<div class=\"elementor-element elementor-element-1fc1fcc e-flex e-con-boxed e-con e-parent\" data-id=\"1fc1fcc\" data-element_type=\"container\" data-e-type=\"container\" data-settings=\"{&quot;background_background&quot;:&quot;classic&quot;,&quot;animation&quot;:&quot;none&quot;,&quot;shape_divider_bottom&quot;:&quot;triangle&quot;,&quot;shape_divider_bottom_negative&quot;:&quot;yes&quot;}\">\n\t\t\t\t\t<div class=\"e-con-inner\">\n\t\t\t\t<div class=\"elementor-shape elementor-shape-bottom\" aria-hidden=\"true\" data-negative=\"true\">\n\t\t\t<svg xmlns=\"http:\/\/www.w3.org\/2000\/svg\" viewBox=\"0 0 1000 100\" preserveAspectRatio=\"none\">\n\t<path class=\"elementor-shape-fill\" d=\"M500.2,94.7L0,0v100h1000V0L500.2,94.7z\"\/>\n<\/svg>\t\t<\/div>\n\t\t<div class=\"elementor-element elementor-element-b3084b2 e-con-full e-flex e-con e-child\" data-id=\"b3084b2\" data-element_type=\"container\" data-e-type=\"container\">\n\t\t\t\t<div class=\"elementor-element elementor-element-237ed72 elementor-widget__width-initial elementor-widget elementor-widget-heading\" data-id=\"237ed72\" data-element_type=\"widget\" data-e-type=\"widget\" data-widget_type=\"heading.default\">\n\t\t\t\t\t<h1 class=\"elementor-heading-title elementor-size-default\">Ciclo Studio (Android TV) \u2013 Hist\u00f3rico de vers\u00f5es e atualiza\u00e7\u00f5es<\/h1>\t\t\t\t<\/div>\n\t\t\t\t<div class=\"elementor-element elementor-element-607a6ea elementor-widget elementor-widget-image\" data-id=\"607a6ea\" data-element_type=\"widget\" data-e-type=\"widget\" data-widget_type=\"image.default\">\n\t\t\t\t\t\t\t\t\t\t\t\t\t\t\t<img decoding=\"async\" width=\"300\" height=\"7\" src=\"https:\/\/ciclozone.com\/wp-content\/uploads\/2025\/08\/Swatch-Group-300x7.png\" class=\"attachment-medium size-medium wp-image-7387\" alt=\"\" srcset=\"https:\/\/ciclozone.com\/wp-content\/uploads\/2025\/08\/Swatch-Group-300x7.png 300w, https:\/\/ciclozone.com\/wp-content\/uploads\/2025\/08\/Swatch-Group.png 550w\" sizes=\"(max-width: 300px) 100vw, 300px\" \/>\t\t\t\t\t\t\t\t\t\t\t\t\t\t\t<\/div>\n\t\t\t\t<\/div>\n\t\t\t\t\t<\/div>\n\t\t\t\t<\/div>\n\t\t<div class=\"elementor-element elementor-element-be8e3f8 e-flex e-con-boxed e-con e-parent\" data-id=\"be8e3f8\" data-element_type=\"container\" data-e-type=\"container\" data-settings=\"{&quot;background_background&quot;:&quot;classic&quot;}\">\n\t\t\t\t\t<div class=\"e-con-inner\">\n\t\t\t\t<div class=\"elementor-element elementor-element-45ceb5e elementor-widget__width-initial elementor-widget elementor-widget-text-editor\" data-id=\"45ceb5e\" data-element_type=\"widget\" data-e-type=\"widget\" data-widget_type=\"text-editor.default\">\n\t\t\t\t\t\t\t\t\t<p><strong>Android TV:<\/strong> <a href=\"https:\/\/play.google.com\/store\/apps\/details?id=com.ciclozone.x&amp;hl=en_GB\">Ciclo Studio App &#8211; Google Play<\/a><\/p><h3><strong>\u00daltima atualiza\u00e7\u00e3o: 22 de maio de 2025<\/strong><\/h3><h3><strong>Introdu\u00e7\u00e3o<\/strong><\/h3><p>Esta p\u00e1gina documenta as vers\u00f5es lan\u00e7adas publicamente da aplica\u00e7\u00e3o Ciclo Studio para Android TV. Fornece uma vis\u00e3o geral factual das melhorias de estabilidade, atualiza\u00e7\u00f5es de desempenho e adi\u00e7\u00f5es de funcionalidades nas vers\u00f5es publicadas.<\/p><p>Esta p\u00e1gina documenta a aplica\u00e7\u00e3o Ciclo Studio para Android TV. As atualiza\u00e7\u00f5es das aplica\u00e7\u00f5es m\u00f3veis s\u00e3o documentadas separadamente.<\/p><p>Salvo indica\u00e7\u00e3o em contr\u00e1rio, as atualiza\u00e7\u00f5es centram-se na estabilidade da plataforma, na fiabilidade da conectividade e na otimiza\u00e7\u00e3o do desempenho.<\/p><h3><strong>Ciclo Studio (Android TV) \u2013 Hist\u00f3rico de vers\u00f5es<\/strong><\/h3><h4><strong>Vers\u00e3o 5.3.13 (c\u00f3digo de vers\u00e3o 553) \u2013 22 de maio de 2025<\/strong><\/h4><p>Melhorias gerais de estabilidade<\/p><p>Pequenas otimiza\u00e7\u00f5es de desempenho<\/p><h4><strong>Vers\u00e3o 5.3.12 (c\u00f3digo de vers\u00e3o 552) \u2013 18 de maio de 2025<\/strong><\/h4><p>Otimiza\u00e7\u00f5es de desempenho<\/p><p>Melhorias no tratamento de processos em segundo plano<\/p><h4><strong>Vers\u00e3o 5.1.22 (c\u00f3digo de vers\u00e3o 532) \u2013 26 de mar\u00e7o de 2025<\/strong><\/h4><p>Melhorias de estabilidade para sess\u00f5es prolongadas de est\u00fadio<\/p><h4><strong>Vers\u00e3o 4.0.9 (c\u00f3digo de vers\u00e3o 409) \u2013 15 de janeiro de 2025<\/strong><\/h4><p>Melhor estabilidade geral da aplica\u00e7\u00e3o<\/p><p>Refinamentos de desempenho para dispositivos Android TV<\/p><h4><strong>Vers\u00e3o 3.1.63 (c\u00f3digo de vers\u00e3o 363) \u2013 12 de novembro de 2024<\/strong><\/h4><p>Melhorias de estabilidade<\/p><p>Otimiza\u00e7\u00e3o da utiliza\u00e7\u00e3o de recursos do sistema<\/p><h4><strong>Vers\u00e3o 3.0.0 (c\u00f3digo de vers\u00e3o 302) \u2013 31 de julho de 2024<\/strong><\/h4><h3><strong>Atualiza\u00e7\u00e3o importante da plataforma<\/strong><\/h3><h3><strong>Tabela de classifica\u00e7\u00e3o<\/strong><\/h3><ul><li>Introduziu um novo design de tabela de classifica\u00e7\u00e3o e l\u00f3gica atualizada da tabela de classifica\u00e7\u00e3o<\/li><\/ul><h3><strong>Permiss\u00f5es<\/strong><\/h3><ul><li>Adicionado pedido de permiss\u00e3o de sobreposi\u00e7\u00e3o Android para suportar os requisitos de visualiza\u00e7\u00e3o ao n\u00edvel do sistema<\/li><\/ul><h3><strong>Atualiza\u00e7\u00f5es na aplica\u00e7\u00e3o<\/strong><\/h3><p>Adicionado aviso de atualiza\u00e7\u00e3o na aplica\u00e7\u00e3o durante a contagem decrescente quando uma vers\u00e3o mais recente estiver dispon\u00edvel<\/p><h4><strong>Vers\u00e3o 2.0.3 (c\u00f3digo de vers\u00e3o 68) \u2013 17 de outubro de 2023<\/strong><\/h4><p>Melhorias gerais de estabilidade<\/p><p>Ajuste de desempenho para ambientes Android TV<\/p><h4><strong>Vers\u00e3o 2.0.2 (c\u00f3digo de vers\u00e3o 67) \u2013 27 de setembro de 2023<\/strong><\/h4><p>Corre\u00e7\u00f5es de estabilidade<\/p><p>Pequenas melhorias na capacidade de resposta da aplica\u00e7\u00e3o<\/p><h4><strong>Vers\u00e3o 2.0.1 (c\u00f3digo de vers\u00e3o 66) \u2013 12 de setembro de 2023<\/strong><\/h4><p>Otimiza\u00e7\u00f5es de desempenho<\/p><p>Melhorias de fiabilidade para sa\u00edda de v\u00eddeo de est\u00fadio<\/p><h4><strong>Vers\u00e3o 2.0.0 (c\u00f3digo de vers\u00e3o 65) \u2013 6 de setembro de 2023<\/strong><\/h4><p>Melhorias na estabilidade da plataforma<\/p><p>Refinamentos de desempenho interno<\/p><h4><strong>Vers\u00e3o 2.0.0 (c\u00f3digo de vers\u00e3o 64) \u2013 4 de setembro de 2023<\/strong><\/h4><p>Lan\u00e7amento inicial do branch da plataforma 2.0<\/p><p>Melhorias gerais de estabilidade e desempenho<\/p><h4><strong>Vers\u00e3o 1.2.8 (c\u00f3digo de vers\u00e3o 63) \u2013 8 de agosto de 2023<\/strong><\/h4><p>Melhorias de estabilidade<\/p><p>Pequenas otimiza\u00e7\u00f5es do sistema<\/p><h4><strong>Vers\u00e3o 1.2.7 (c\u00f3digo de vers\u00e3o 62) \u2013 16 de junho de 2023<\/strong><\/h4><p>Melhorias de desempenho<\/p><p>Corre\u00e7\u00f5es de bugs que afetam sess\u00f5es de longa dura\u00e7\u00e3o<\/p><h4><strong>Vers\u00e3o 1.2.6 (c\u00f3digo de vers\u00e3o 59) \u2013 25 de abril de 2023<\/strong><\/h4><p>Melhorias gerais de desempenho<\/p><p>Maior fiabilidade em dispositivos Android TV suportados<\/p><h4><strong>Vers\u00e3o 1.2.5 (c\u00f3digo de vers\u00e3o 58) \u2013 5 de abril de 2023<\/strong><\/h4><p>Corre\u00e7\u00f5es de estabilidade<\/p><p>Pequenas melhorias no comportamento do sistema<\/p><h4><strong>Vers\u00e3o 1.2.4 (c\u00f3digo de vers\u00e3o 57) \u2013 8 de setembro de 2022<\/strong><\/h4><p>Otimiza\u00e7\u00f5es de desempenho<\/p><p>Corre\u00e7\u00f5es de bugs<\/p><h4><strong>Vers\u00e3o 1.2.3 (c\u00f3digo de vers\u00e3o 55) \u2013 4 de agosto de 2022<\/strong><\/h4><p>Melhorias gerais de estabilidade<\/p><h4><strong>Vers\u00e3o 1.2.2 (c\u00f3digo de vers\u00e3o 53) \u2013 27 de junho de 2022<\/strong><\/h4><p>Melhorias de estabilidade e fiabilidade<\/p><h4><strong>Vers\u00e3o 1.2.1 (c\u00f3digo de vers\u00e3o 52) \u2013 4 de maio de 2022<\/strong><\/h4><p>Pequenas melhorias de desempenho<\/p><h4><strong>Vers\u00e3o 1.2.0 (c\u00f3digo de vers\u00e3o 51) \u2013 29 de abril de 2022<\/strong><\/h4><p>Melhorias gerais da plataforma<\/p><p>Otimiza\u00e7\u00f5es de estabilidade<\/p><h4><strong>Vers\u00e3o 1.1.0 (c\u00f3digo de vers\u00e3o 15) \u2013 16 de mar\u00e7o de 2022<\/strong><\/h4><p>Melhorias iniciais de estabilidade da plataforma<\/p><h4><strong>Vers\u00e3o 1.0.5 (c\u00f3digo de vers\u00e3o 13) \u2013 9 de mar\u00e7o de 2022<\/strong><\/h4><p>Corre\u00e7\u00f5es de desempenho<\/p><p>Pequenas corre\u00e7\u00f5es de bugs<\/p><h4><strong>Vers\u00e3o 1.0.4 (c\u00f3digo de vers\u00e3o 12) \u2013 8 de mar\u00e7o de 2022<\/strong><\/h4><p>Melhorias de estabilidade<\/p><h4><strong>Vers\u00e3o 1.0.4 (c\u00f3digo de vers\u00e3o 11) \u2013 28 de fevereiro de 2022<\/strong><\/h4><p>Pequenas corre\u00e7\u00f5es de desempenho<\/p><h4><strong>Vers\u00e3o 1.0.4 (c\u00f3digo de vers\u00e3o 10) \u2013 24 de fevereiro de 2022<\/strong><\/h4><p>Corre\u00e7\u00f5es de bugs<\/p><p>Melhorias de estabilidade<\/p><h4><strong>Vers\u00e3o 1.0.4 (c\u00f3digo de vers\u00e3o 9) \u2013 23 de fevereiro de 2022<\/strong><\/h4><p>Corre\u00e7\u00f5es internas<\/p><h4><strong>Vers\u00e3o 1.0.3 (c\u00f3digo de vers\u00e3o 8) \u2013 14 de fevereiro de 2022<\/strong><\/h4><p>Lan\u00e7amentos p\u00fablicos iniciais<\/p><p>Melhorias de estabilidade central<\/p><h3><strong>Notas sobre vers\u00f5es hist\u00f3ricas<\/strong><\/h3><p>Apenas as vers\u00f5es com carimbos de data e hora de lan\u00e7amento confirmados Google Play s\u00e3o listadas<\/p><p>As entradas sem notas de altera\u00e7\u00e3o detalhadas refletem atualiza\u00e7\u00f5es focadas na manuten\u00e7\u00e3o<\/p><p>Podem existir vers\u00f5es sem\u00e2nticas duplicadas devido a v\u00e1rios envios da Play Store com c\u00f3digos de vers\u00e3o diferentes<\/p><h3><strong>Pol\u00edtica de atualiza\u00e7\u00e3o<\/strong><\/h3><p>Esta p\u00e1gina \u00e9 atualizada \u00e0 medida que novas vers\u00f5es de Ciclo Studio s\u00e3o lan\u00e7adas publicamente.<\/p>\t\t\t\t\t\t\t\t<\/div>\n\t\t\t\t\t<\/div>\n\t\t\t\t<\/div>\n\t\t\t\t<\/div>\n\t\t","protected":false},"excerpt":{"rendered":"<p>Ciclo Studio (Android TV) \u2013 Hist\u00f3rico de vers\u00f5es e atualiza\u00e7\u00f5es Android TV: Ciclo Studio App &#8211; Google Play \u00daltima atualiza\u00e7\u00e3o: [&hellip;]<\/p>\n","protected":false},"author":1,"featured_media":0,"parent":0,"menu_order":0,"comment_status":"closed","ping_status":"closed","template":"","meta":{"site-sidebar-layout":"no-sidebar","site-content-layout":"","ast-site-content-layout":"full-width-container","site-content-style":"default","site-sidebar-style":"default","ast-global-header-display":"","ast-banner-title-visibility":"","ast-main-header-display":"","ast-hfb-above-header-display":"","ast-hfb-below-header-display":"","ast-hfb-mobile-header-display":"","site-post-title":"","ast-breadcrumbs-content":"","ast-featured-img":"disabled","footer-sml-layout":"","ast-disable-related-posts":"","theme-transparent-header-meta":"","adv-header-id-meta":"","stick-header-meta":"","header-above-stick-meta":"","header-main-stick-meta":"","header-below-stick-meta":"","astra-migrate-meta-layouts":"default","ast-page-background-enabled":"default","ast-page-background-meta":{"desktop":{"background-color":"var(--ast-global-color-5)","background-image":"","background-repeat":"repeat","background-position":"center center","background-size":"auto","background-attachment":"scroll","background-type":"","background-media":"","overlay-type":"","overlay-color":"","overlay-opacity":"","overlay-gradient":""},"tablet":{"background-color":"","background-image":"","background-repeat":"repeat","background-position":"center center","background-size":"auto","background-attachment":"scroll","background-type":"","background-media":"","overlay-type":"","overlay-color":"","overlay-opacity":"","overlay-gradient":""},"mobile":{"background-color":"","background-image":"","background-repeat":"repeat","background-position":"center center","background-size":"auto","background-attachment":"scroll","background-type":"","background-media":"","overlay-type":"","overlay-color":"","overlay-opacity":"","overlay-gradient":""}},"ast-content-background-meta":{"desktop":{"background-color":"var(--ast-global-color-4)","background-image":"","background-repeat":"repeat","background-position":"center center","background-size":"auto","background-attachment":"scroll","background-type":"","background-media":"","overlay-type":"","overlay-color":"","overlay-opacity":"","overlay-gradient":""},"tablet":{"background-color":"var(--ast-global-color-4)","background-image":"","background-repeat":"repeat","background-position":"center center","background-size":"auto","background-attachment":"scroll","background-type":"","background-media":"","overlay-type":"","overlay-color":"","overlay-opacity":"","overlay-gradient":""},"mobile":{"background-color":"var(--ast-global-color-4)","background-image":"","background-repeat":"repeat","background-position":"center center","background-size":"auto","background-attachment":"scroll","background-type":"","background-media":"","overlay-type":"","overlay-color":"","overlay-opacity":"","overlay-gradient":""}},"footnotes":""},"class_list":["post-8217","page","type-page","status-publish","hentry"],"yoast_head":"<!-- This site is optimized with the Yoast SEO plugin v27.1.1 - https:\/\/yoast.com\/product\/yoast-seo-wordpress\/ -->\n<title>Ciclo Studio (Android TV) \u2013 Hist\u00f3rico de vers\u00f5es e atualiza\u00e7\u00f5es - Ciclozone<\/title>\n<meta name=\"robots\" content=\"index, follow, max-snippet:-1, max-image-preview:large, max-video-preview:-1\" \/>\n<link rel=\"canonical\" href=\"https:\/\/ciclozone.com\/pt-pt\/ciclo-studio-android-tv-historico-de-versoes-e-atualizacoes\/\" \/>\n<meta property=\"og:locale\" content=\"pt_PT\" \/>\n<meta property=\"og:type\" content=\"article\" \/>\n<meta property=\"og:title\" content=\"Ciclo Studio (Android TV) \u2013 Hist\u00f3rico de vers\u00f5es e atualiza\u00e7\u00f5es - Ciclozone\" \/>\n<meta property=\"og:description\" content=\"Ciclo Studio (Android TV) \u2013 Hist\u00f3rico de vers\u00f5es e atualiza\u00e7\u00f5es Android TV: Ciclo Studio App &#8211; Google Play \u00daltima atualiza\u00e7\u00e3o: [&hellip;]\" \/>\n<meta property=\"og:url\" content=\"https:\/\/ciclozone.com\/pt-pt\/ciclo-studio-android-tv-historico-de-versoes-e-atualizacoes\/\" \/>\n<meta property=\"og:site_name\" content=\"Ciclozone\" \/>\n<meta property=\"article:publisher\" content=\"https:\/\/www.facebook.com\/WeareCicloZone\/\" \/>\n<meta property=\"article:modified_time\" content=\"2026-03-30T17:22:02+00:00\" \/>\n<meta property=\"og:image\" content=\"https:\/\/ciclozone.com\/wp-content\/uploads\/2025\/08\/Swatch-Group.png\" \/>\n\t<meta property=\"og:image:width\" content=\"550\" \/>\n\t<meta property=\"og:image:height\" content=\"12\" \/>\n\t<meta property=\"og:image:type\" content=\"image\/png\" \/>\n<meta name=\"twitter:card\" content=\"summary_large_image\" \/>\n<meta name=\"twitter:label1\" content=\"Tempo estimado de leitura\" \/>\n\t<meta name=\"twitter:data1\" content=\"4 minutos\" \/>\n<script type=\"application\/ld+json\" class=\"yoast-schema-graph\">{\"@context\":\"https:\/\/schema.org\",\"@graph\":[{\"@type\":\"WebPage\",\"@id\":\"https:\/\/ciclozone.com\/pt-pt\/ciclo-studio-android-tv-historico-de-versoes-e-atualizacoes\/\",\"url\":\"https:\/\/ciclozone.com\/pt-pt\/ciclo-studio-android-tv-historico-de-versoes-e-atualizacoes\/\",\"name\":\"Ciclo Studio (Android TV) \u2013 Hist\u00f3rico de vers\u00f5es e atualiza\u00e7\u00f5es - Ciclozone\",\"isPartOf\":{\"@id\":\"https:\/\/ciclozone.com\/pt-pt\/#website\"},\"primaryImageOfPage\":{\"@id\":\"https:\/\/ciclozone.com\/pt-pt\/ciclo-studio-android-tv-historico-de-versoes-e-atualizacoes\/#primaryimage\"},\"image\":{\"@id\":\"https:\/\/ciclozone.com\/pt-pt\/ciclo-studio-android-tv-historico-de-versoes-e-atualizacoes\/#primaryimage\"},\"thumbnailUrl\":\"https:\/\/ciclozone.com\/wp-content\/uploads\/2025\/08\/Swatch-Group-300x7.png\",\"datePublished\":\"2026-02-10T20:40:45+00:00\",\"dateModified\":\"2026-03-30T17:22:02+00:00\",\"breadcrumb\":{\"@id\":\"https:\/\/ciclozone.com\/pt-pt\/ciclo-studio-android-tv-historico-de-versoes-e-atualizacoes\/#breadcrumb\"},\"inLanguage\":\"pt-PT\",\"potentialAction\":[{\"@type\":\"ReadAction\",\"target\":[\"https:\/\/ciclozone.com\/pt-pt\/ciclo-studio-android-tv-historico-de-versoes-e-atualizacoes\/\"]}]},{\"@type\":\"ImageObject\",\"inLanguage\":\"pt-PT\",\"@id\":\"https:\/\/ciclozone.com\/pt-pt\/ciclo-studio-android-tv-historico-de-versoes-e-atualizacoes\/#primaryimage\",\"url\":\"https:\/\/ciclozone.com\/wp-content\/uploads\/2025\/08\/Swatch-Group-300x7.png\",\"contentUrl\":\"https:\/\/ciclozone.com\/wp-content\/uploads\/2025\/08\/Swatch-Group-300x7.png\"},{\"@type\":\"BreadcrumbList\",\"@id\":\"https:\/\/ciclozone.com\/pt-pt\/ciclo-studio-android-tv-historico-de-versoes-e-atualizacoes\/#breadcrumb\",\"itemListElement\":[{\"@type\":\"ListItem\",\"position\":1,\"name\":\"Home\",\"item\":\"https:\/\/ciclozone.com\/pt-pt\/\"},{\"@type\":\"ListItem\",\"position\":2,\"name\":\"Ciclo Studio (Android TV) \u2013 Hist\u00f3rico de vers\u00f5es e atualiza\u00e7\u00f5es\"}]},{\"@type\":\"WebSite\",\"@id\":\"https:\/\/ciclozone.com\/pt-pt\/#website\",\"url\":\"https:\/\/ciclozone.com\/pt-pt\/\",\"name\":\"Ciclozone\",\"description\":\"Indoor Cycling Redefined\",\"publisher\":{\"@id\":\"https:\/\/ciclozone.com\/pt-pt\/#organization\"},\"potentialAction\":[{\"@type\":\"SearchAction\",\"target\":{\"@type\":\"EntryPoint\",\"urlTemplate\":\"https:\/\/ciclozone.com\/pt-pt\/?s={search_term_string}\"},\"query-input\":{\"@type\":\"PropertyValueSpecification\",\"valueRequired\":true,\"valueName\":\"search_term_string\"}}],\"inLanguage\":\"pt-PT\"},{\"@type\":\"Organization\",\"@id\":\"https:\/\/ciclozone.com\/pt-pt\/#organization\",\"name\":\"Ciclozone\",\"url\":\"https:\/\/ciclozone.com\/pt-pt\/\",\"logo\":{\"@type\":\"ImageObject\",\"inLanguage\":\"pt-PT\",\"@id\":\"https:\/\/ciclozone.com\/pt-pt\/#\/schema\/logo\/image\/\",\"url\":\"https:\/\/ciclozone.com\/wp-content\/uploads\/2025\/08\/ciclo-logo.png\",\"contentUrl\":\"https:\/\/ciclozone.com\/wp-content\/uploads\/2025\/08\/ciclo-logo.png\",\"width\":177,\"height\":44,\"caption\":\"Ciclozone\"},\"image\":{\"@id\":\"https:\/\/ciclozone.com\/pt-pt\/#\/schema\/logo\/image\/\"},\"sameAs\":[\"https:\/\/www.facebook.com\/WeareCicloZone\/\",\"https:\/\/www.instagram.com\/ciclozoneuk\/\",\"https:\/\/www.linkedin.com\/company\/ciclozone\/\",\"https:\/\/www.youtube.com\/@ciclozone1059\/\"]}]}<\/script>\n<!-- \/ Yoast SEO plugin. -->","yoast_head_json":{"title":"Ciclo Studio (Android TV) \u2013 Hist\u00f3rico de vers\u00f5es e atualiza\u00e7\u00f5es - Ciclozone","robots":{"index":"index","follow":"follow","max-snippet":"max-snippet:-1","max-image-preview":"max-image-preview:large","max-video-preview":"max-video-preview:-1"},"canonical":"https:\/\/ciclozone.com\/pt-pt\/ciclo-studio-android-tv-historico-de-versoes-e-atualizacoes\/","og_locale":"pt_PT","og_type":"article","og_title":"Ciclo Studio (Android TV) \u2013 Hist\u00f3rico de vers\u00f5es e atualiza\u00e7\u00f5es - Ciclozone","og_description":"Ciclo Studio (Android TV) \u2013 Hist\u00f3rico de vers\u00f5es e atualiza\u00e7\u00f5es Android TV: Ciclo Studio App &#8211; Google Play \u00daltima atualiza\u00e7\u00e3o: [&hellip;]","og_url":"https:\/\/ciclozone.com\/pt-pt\/ciclo-studio-android-tv-historico-de-versoes-e-atualizacoes\/","og_site_name":"Ciclozone","article_publisher":"https:\/\/www.facebook.com\/WeareCicloZone\/","article_modified_time":"2026-03-30T17:22:02+00:00","og_image":[{"width":550,"height":12,"url":"https:\/\/ciclozone.com\/wp-content\/uploads\/2025\/08\/Swatch-Group.png","type":"image\/png"}],"twitter_card":"summary_large_image","twitter_misc":{"Tempo estimado de leitura":"4 minutos"},"schema":{"@context":"https:\/\/schema.org","@graph":[{"@type":"WebPage","@id":"https:\/\/ciclozone.com\/pt-pt\/ciclo-studio-android-tv-historico-de-versoes-e-atualizacoes\/","url":"https:\/\/ciclozone.com\/pt-pt\/ciclo-studio-android-tv-historico-de-versoes-e-atualizacoes\/","name":"Ciclo Studio (Android TV) \u2013 Hist\u00f3rico de vers\u00f5es e atualiza\u00e7\u00f5es - Ciclozone","isPartOf":{"@id":"https:\/\/ciclozone.com\/pt-pt\/#website"},"primaryImageOfPage":{"@id":"https:\/\/ciclozone.com\/pt-pt\/ciclo-studio-android-tv-historico-de-versoes-e-atualizacoes\/#primaryimage"},"image":{"@id":"https:\/\/ciclozone.com\/pt-pt\/ciclo-studio-android-tv-historico-de-versoes-e-atualizacoes\/#primaryimage"},"thumbnailUrl":"https:\/\/ciclozone.com\/wp-content\/uploads\/2025\/08\/Swatch-Group-300x7.png","datePublished":"2026-02-10T20:40:45+00:00","dateModified":"2026-03-30T17:22:02+00:00","breadcrumb":{"@id":"https:\/\/ciclozone.com\/pt-pt\/ciclo-studio-android-tv-historico-de-versoes-e-atualizacoes\/#breadcrumb"},"inLanguage":"pt-PT","potentialAction":[{"@type":"ReadAction","target":["https:\/\/ciclozone.com\/pt-pt\/ciclo-studio-android-tv-historico-de-versoes-e-atualizacoes\/"]}]},{"@type":"ImageObject","inLanguage":"pt-PT","@id":"https:\/\/ciclozone.com\/pt-pt\/ciclo-studio-android-tv-historico-de-versoes-e-atualizacoes\/#primaryimage","url":"https:\/\/ciclozone.com\/wp-content\/uploads\/2025\/08\/Swatch-Group-300x7.png","contentUrl":"https:\/\/ciclozone.com\/wp-content\/uploads\/2025\/08\/Swatch-Group-300x7.png"},{"@type":"BreadcrumbList","@id":"https:\/\/ciclozone.com\/pt-pt\/ciclo-studio-android-tv-historico-de-versoes-e-atualizacoes\/#breadcrumb","itemListElement":[{"@type":"ListItem","position":1,"name":"Home","item":"https:\/\/ciclozone.com\/pt-pt\/"},{"@type":"ListItem","position":2,"name":"Ciclo Studio (Android TV) \u2013 Hist\u00f3rico de vers\u00f5es e atualiza\u00e7\u00f5es"}]},{"@type":"WebSite","@id":"https:\/\/ciclozone.com\/pt-pt\/#website","url":"https:\/\/ciclozone.com\/pt-pt\/","name":"Ciclozone","description":"Indoor Cycling Redefined","publisher":{"@id":"https:\/\/ciclozone.com\/pt-pt\/#organization"},"potentialAction":[{"@type":"SearchAction","target":{"@type":"EntryPoint","urlTemplate":"https:\/\/ciclozone.com\/pt-pt\/?s={search_term_string}"},"query-input":{"@type":"PropertyValueSpecification","valueRequired":true,"valueName":"search_term_string"}}],"inLanguage":"pt-PT"},{"@type":"Organization","@id":"https:\/\/ciclozone.com\/pt-pt\/#organization","name":"Ciclozone","url":"https:\/\/ciclozone.com\/pt-pt\/","logo":{"@type":"ImageObject","inLanguage":"pt-PT","@id":"https:\/\/ciclozone.com\/pt-pt\/#\/schema\/logo\/image\/","url":"https:\/\/ciclozone.com\/wp-content\/uploads\/2025\/08\/ciclo-logo.png","contentUrl":"https:\/\/ciclozone.com\/wp-content\/uploads\/2025\/08\/ciclo-logo.png","width":177,"height":44,"caption":"Ciclozone"},"image":{"@id":"https:\/\/ciclozone.com\/pt-pt\/#\/schema\/logo\/image\/"},"sameAs":["https:\/\/www.facebook.com\/WeareCicloZone\/","https:\/\/www.instagram.com\/ciclozoneuk\/","https:\/\/www.linkedin.com\/company\/ciclozone\/","https:\/\/www.youtube.com\/@ciclozone1059\/"]}]}},"_links":{"self":[{"href":"https:\/\/ciclozone.com\/pt-pt\/wp-json\/wp\/v2\/pages\/8217","targetHints":{"allow":["GET"]}}],"collection":[{"href":"https:\/\/ciclozone.com\/pt-pt\/wp-json\/wp\/v2\/pages"}],"about":[{"href":"https:\/\/ciclozone.com\/pt-pt\/wp-json\/wp\/v2\/types\/page"}],"author":[{"embeddable":true,"href":"https:\/\/ciclozone.com\/pt-pt\/wp-json\/wp\/v2\/users\/1"}],"replies":[{"embeddable":true,"href":"https:\/\/ciclozone.com\/pt-pt\/wp-json\/wp\/v2\/comments?post=8217"}],"version-history":[{"count":1,"href":"https:\/\/ciclozone.com\/pt-pt\/wp-json\/wp\/v2\/pages\/8217\/revisions"}],"predecessor-version":[{"id":8218,"href":"https:\/\/ciclozone.com\/pt-pt\/wp-json\/wp\/v2\/pages\/8217\/revisions\/8218"}],"wp:attachment":[{"href":"https:\/\/ciclozone.com\/pt-pt\/wp-json\/wp\/v2\/media?parent=8217"}],"curies":[{"name":"wp","href":"https:\/\/api.w.org\/{rel}","templated":true}]}}