{"id":10640,"date":"2026-01-06T17:46:07","date_gmt":"2026-01-06T17:46:07","guid":{"rendered":"https:\/\/ciclozone.com\/politica-de-cookies\/"},"modified":"2026-04-13T14:39:17","modified_gmt":"2026-04-13T13:39:17","slug":"politica-de-cookies","status":"publish","type":"page","link":"https:\/\/ciclozone.com\/pt-pt\/politica-de-cookies\/","title":{"rendered":"Pol\u00edtica de Cookies"},"content":{"rendered":"\t\t<div data-elementor-type=\"wp-page\" data-elementor-id=\"10640\" class=\"elementor elementor-10640 elementor-5772\" data-elementor-post-type=\"page\">\n\t\t\t\t<div class=\"elementor-element elementor-element-4a5f615 e-flex e-con-boxed e-con e-parent\" data-id=\"4a5f615\" data-element_type=\"container\" data-e-type=\"container\" data-settings=\"{&quot;background_background&quot;:&quot;classic&quot;,&quot;animation&quot;:&quot;none&quot;,&quot;shape_divider_bottom&quot;:&quot;triangle&quot;,&quot;shape_divider_bottom_negative&quot;:&quot;yes&quot;}\">\n\t\t\t\t\t<div class=\"e-con-inner\">\n\t\t\t\t<div class=\"elementor-shape elementor-shape-bottom\" aria-hidden=\"true\" data-negative=\"true\">\n\t\t\t<svg xmlns=\"http:\/\/www.w3.org\/2000\/svg\" viewBox=\"0 0 1000 100\" preserveAspectRatio=\"none\">\n\t<path class=\"elementor-shape-fill\" d=\"M500.2,94.7L0,0v100h1000V0L500.2,94.7z\"\/>\n<\/svg>\t\t<\/div>\n\t\t<div class=\"elementor-element elementor-element-27d0884 e-con-full e-flex e-con e-child\" data-id=\"27d0884\" data-element_type=\"container\" data-e-type=\"container\">\n\t\t\t\t<div class=\"elementor-element elementor-element-eb3fdd0 elementor-widget__width-initial elementor-widget elementor-widget-heading\" data-id=\"eb3fdd0\" data-element_type=\"widget\" data-e-type=\"widget\" data-widget_type=\"heading.default\">\n\t\t\t\t\t<h1 class=\"elementor-heading-title elementor-size-default\">Pol\u00edtica de Cookies<\/h1>\t\t\t\t<\/div>\n\t\t\t\t<div class=\"elementor-element elementor-element-75d7e37 elementor-widget elementor-widget-image\" data-id=\"75d7e37\" data-element_type=\"widget\" data-e-type=\"widget\" data-widget_type=\"image.default\">\n\t\t\t\t\t\t\t\t\t\t\t\t\t\t\t<img decoding=\"async\" width=\"300\" height=\"7\" src=\"https:\/\/ciclozone.com\/wp-content\/uploads\/2025\/08\/Swatch-Group-300x7.png\" class=\"attachment-medium size-medium wp-image-7387\" alt=\"\" srcset=\"https:\/\/ciclozone.com\/wp-content\/uploads\/2025\/08\/Swatch-Group-300x7.png 300w, https:\/\/ciclozone.com\/wp-content\/uploads\/2025\/08\/Swatch-Group.png 550w\" sizes=\"(max-width: 300px) 100vw, 300px\" \/>\t\t\t\t\t\t\t\t\t\t\t\t\t\t\t<\/div>\n\t\t\t\t<\/div>\n\t\t\t\t\t<\/div>\n\t\t\t\t<\/div>\n\t\t<div class=\"elementor-element elementor-element-7959cbe policy-page e-flex e-con-boxed e-con e-parent\" data-id=\"7959cbe\" data-element_type=\"container\" data-e-type=\"container\" data-settings=\"{&quot;background_background&quot;:&quot;classic&quot;}\">\n\t\t\t\t\t<div class=\"e-con-inner\">\n\t\t\t\t<div class=\"elementor-element elementor-element-9c91c72 elementor-widget__width-initial elementor-widget elementor-widget-text-editor\" data-id=\"9c91c72\" data-element_type=\"widget\" data-e-type=\"widget\" data-widget_type=\"text-editor.default\">\n\t\t\t\t\t\t\t\t\t<p>Data de entrada em vigor: 1 de janeiro de 2026<\/p><p>\u00daltima atualiza\u00e7\u00e3o: 1 de janeiro de 2026<\/p><p>Esta Pol\u00edtica de Cookies aplica-se ao s\u00edtio web da CicloZone e aos servi\u00e7os digitais relacionados, incluindo plataformas dirigidas a ciclistas e est\u00fadios acess\u00edveis atrav\u00e9s de https:\/\/ciclozone-marketing.on-forge.com<\/p><p>Para mais informa\u00e7\u00f5es sobre como processamos dados pessoais e os seus direitos ao abrigo das leis de prote\u00e7\u00e3o de dados, consulte a nossa Pol\u00edtica de Privacidade.<\/p><p>1. O que s\u00e3o cookies?<\/p><p>Os cookies s\u00e3o pequenos ficheiros de texto armazenados no seu dispositivo quando um s\u00edtio web \u00e9 carregado no seu navegador. S\u00e3o amplamente utilizados para garantir o funcionamento correto dos s\u00edtios web, refor\u00e7ar a seguran\u00e7a, melhorar a experi\u00eancia do utilizador e analisar o desempenho para identificar \u00e1reas de melhoria.<\/p><p>2. Como utilizamos cookies<\/p><p>Como a maioria dos servi\u00e7os online, a CicloZone utiliza cookies pr\u00f3prios e de terceiros para diversos fins.<\/p><p>Os cookies pr\u00f3prios s\u00e3o essencialmente necess\u00e1rios para o funcionamento correto do s\u00edtio web e n\u00e3o recolhem informa\u00e7\u00f5es pessoalmente identific\u00e1veis.<\/p><p>Os cookies de terceiros, quando utilizados, ajudam-nos a compreender o desempenho do s\u00edtio web, como os visitantes interagem com ele, a manter os nossos servi\u00e7os seguros e a melhorar futuras experi\u00eancias de utiliza\u00e7\u00e3o.<\/p><p>Os cookies s\u00f3 s\u00e3o definidos de acordo com as suas prefer\u00eancias de consentimento, exceto quando estritamente necess\u00e1rios para o funcionamento do s\u00edtio.<\/p><p>3. Tipos de cookies que utilizamos Cookies necess\u00e1rios<\/p><p>Os cookies necess\u00e1rios s\u00e3o indispens\u00e1veis para ativar funcionalidades essenciais, como o in\u00edcio de sess\u00e3o seguro, a gest\u00e3o de sess\u00f5es e a memoriza\u00e7\u00e3o das suas prefer\u00eancias de consentimento. Estes cookies n\u00e3o armazenam informa\u00e7\u00f5es pessoalmente identific\u00e1veis.<\/p><p>Cookie\tDuration\tDescription<\/p><p>wpEmojiSettingsSupports\tSession\tSet by WordPress when a user interacts with emojis. It determines whether the browser can display emojis correctly.<\/p><p>cookieyes-consent\t1 year\tSet by CookieYes to store your cookie consent preferences so they are respected on subsequent visits.<\/p><p>Podemos utilizar cookies de an\u00e1lise e desempenho para nos ajudar a compreender como os visitantes utilizam o nosso s\u00edtio web, melhorar o desempenho e otimizar a experi\u00eancia do utilizador.<\/p><p>Estes cookies s\u00f3 s\u00e3o definidos quando o utilizador forneceu o seu consentimento atrav\u00e9s do nosso banner de cookies.<\/p><p>Os detalhes de quaisquer cookies de an\u00e1lise ou desempenho em utiliza\u00e7\u00e3o ser\u00e3o listados acima quando ativos.<\/p><p>Cookies de terceiros<\/p><p>Algumas p\u00e1ginas podem incluir conte\u00fado incorporado ou integra\u00e7\u00f5es (por exemplo, plataformas de v\u00eddeo ou outros servi\u00e7os de terceiros). Estes terceiros podem definir os seus pr\u00f3prios cookies.<\/p><p>We do not control these cookies, and their use is governed by the third party\u2019s own privacy and cookie policies.<\/p><p>4. Cookies espec\u00edficos do WordPress<\/p><p>O nosso s\u00edtio est\u00e1 constru\u00eddo sobre WordPress, que pode definir cookies adicionais em situa\u00e7\u00f5es espec\u00edficas:<\/p><p>Os cookies de coment\u00e1rios (nome, e-mail, s\u00edtio web) podem ser armazenados durante at\u00e9 um ano se optar por guard\u00e1-los.<\/p><p>Login cookies last up to two days, or up to two weeks if \u201cRemember Me\u201d is selected.<\/p><p>Os cookies de prefer\u00eancias de ecr\u00e3 podem durar at\u00e9 um ano.<\/p><p>Os cookies de edi\u00e7\u00e3o ou publica\u00e7\u00e3o expiram ap\u00f3s um dia e n\u00e3o cont\u00eam dados pessoais.<\/p><p>5. Gest\u00e3o das suas prefer\u00eancias de cookies<\/p><p>You can manage your cookie preferences at any time by clicking the \u201cConsent Preferences\u201d button available on the site. This allows you to review, update, or withdraw your consent.<\/p><p>Pode tamb\u00e9m controlar ou eliminar cookies atrav\u00e9s das defini\u00e7\u00f5es do seu navegador. Tenha em aten\u00e7\u00e3o que desativar cookies pode afetar a funcionalidade do s\u00edtio.<\/p><p>Documenta\u00e7\u00e3o de suporte do navegador:<\/p><p>Chrome: https:\/\/support.google.com\/accounts\/answer\/32050<\/p><p>Safari: https:\/\/support.apple.com\/guide\/safari\/manage-cookies-and-website-data-sfri11471\/mac<\/p><p>Firefox: https:\/\/support.mozilla.org\/en-US\/kb\/clear-cookies-and-site-data-firefox<\/p><p>Internet Explorer: https:\/\/support.microsoft.com\/help\/17442<\/p><p>Se utilizar um navegador diferente, consulte a respetiva documenta\u00e7\u00e3o de suporte oficial.<\/p><p>6. Altera\u00e7\u00f5es a esta Pol\u00edtica de Cookies<\/p><p>We may update this Cookie Policy from time to time to reflect changes in technology, legislation, or how we use cookies. Updates will be posted on this page with a revised \u201cLast updated\u201d date.<\/p>\t\t\t\t\t\t\t\t<\/div>\n\t\t\t\t\t<\/div>\n\t\t\t\t<\/div>\n\t\t\t\t<\/div>\n\t\t","protected":false},"excerpt":{"rendered":"<p>Pol\u00edtica de Cookies Data de entrada em vigor: 1 de janeiro de 2026 \u00daltima atualiza\u00e7\u00e3o: 1 de janeiro de 2026 [&hellip;]<\/p>\n","protected":false},"author":1,"featured_media":0,"parent":0,"menu_order":0,"comment_status":"closed","ping_status":"closed","template":"","meta":{"site-sidebar-layout":"no-sidebar","site-content-layout":"","ast-site-content-layout":"full-width-container","site-content-style":"default","site-sidebar-style":"default","ast-global-header-display":"","ast-banner-title-visibility":"","ast-main-header-display":"","ast-hfb-above-header-display":"","ast-hfb-below-header-display":"","ast-hfb-mobile-header-display":"","site-post-title":"","ast-breadcrumbs-content":"","ast-featured-img":"disabled","footer-sml-layout":"","ast-disable-related-posts":"","theme-transparent-header-meta":"","adv-header-id-meta":"","stick-header-meta":"","header-above-stick-meta":"","header-main-stick-meta":"","header-below-stick-meta":"","astra-migrate-meta-layouts":"default","ast-page-background-enabled":"default","ast-page-background-meta":{"desktop":{"background-color":"var(--ast-global-color-5)","background-image":"","background-repeat":"repeat","background-position":"center center","background-size":"auto","background-attachment":"scroll","background-type":"","background-media":"","overlay-type":"","overlay-color":"","overlay-opacity":"","overlay-gradient":""},"tablet":{"background-color":"","background-image":"","background-repeat":"repeat","background-position":"center center","background-size":"auto","background-attachment":"scroll","background-type":"","background-media":"","overlay-type":"","overlay-color":"","overlay-opacity":"","overlay-gradient":""},"mobile":{"background-color":"","background-image":"","background-repeat":"repeat","background-position":"center center","background-size":"auto","background-attachment":"scroll","background-type":"","background-media":"","overlay-type":"","overlay-color":"","overlay-opacity":"","overlay-gradient":""}},"ast-content-background-meta":{"desktop":{"background-color":"var(--ast-global-color-4)","background-image":"","background-repeat":"repeat","background-position":"center center","background-size":"auto","background-attachment":"scroll","background-type":"","background-media":"","overlay-type":"","overlay-color":"","overlay-opacity":"","overlay-gradient":""},"tablet":{"background-color":"var(--ast-global-color-4)","background-image":"","background-repeat":"repeat","background-position":"center center","background-size":"auto","background-attachment":"scroll","background-type":"","background-media":"","overlay-type":"","overlay-color":"","overlay-opacity":"","overlay-gradient":""},"mobile":{"background-color":"var(--ast-global-color-4)","background-image":"","background-repeat":"repeat","background-position":"center center","background-size":"auto","background-attachment":"scroll","background-type":"","background-media":"","overlay-type":"","overlay-color":"","overlay-opacity":"","overlay-gradient":""}},"footnotes":""},"class_list":["post-10640","page","type-page","status-publish","hentry"],"yoast_head":"<!-- This site is optimized with the Yoast SEO plugin v27.1.1 - https:\/\/yoast.com\/product\/yoast-seo-wordpress\/ -->\n<title>Pol\u00edtica de Cookies - Ciclozone<\/title>\n<meta name=\"robots\" content=\"index, follow, max-snippet:-1, max-image-preview:large, max-video-preview:-1\" \/>\n<link rel=\"canonical\" href=\"https:\/\/ciclozone.com\/pt-pt\/politica-de-cookies\/\" \/>\n<meta property=\"og:locale\" content=\"pt_PT\" \/>\n<meta property=\"og:type\" content=\"article\" \/>\n<meta property=\"og:title\" content=\"Pol\u00edtica de Cookies - Ciclozone\" \/>\n<meta property=\"og:description\" content=\"Pol\u00edtica de Cookies Data de entrada em vigor: 1 de janeiro de 2026 \u00daltima atualiza\u00e7\u00e3o: 1 de janeiro de 2026 [&hellip;]\" \/>\n<meta property=\"og:url\" content=\"https:\/\/ciclozone.com\/pt-pt\/politica-de-cookies\/\" \/>\n<meta property=\"og:site_name\" content=\"Ciclozone\" \/>\n<meta property=\"article:publisher\" content=\"https:\/\/www.facebook.com\/WeareCicloZone\/\" \/>\n<meta property=\"article:modified_time\" content=\"2026-04-13T13:39:17+00:00\" \/>\n<meta property=\"og:image\" content=\"https:\/\/ciclozone.com\/wp-content\/uploads\/2025\/08\/Swatch-Group.png\" \/>\n\t<meta property=\"og:image:width\" content=\"550\" \/>\n\t<meta property=\"og:image:height\" content=\"12\" \/>\n\t<meta property=\"og:image:type\" content=\"image\/png\" \/>\n<meta name=\"twitter:card\" content=\"summary_large_image\" \/>\n<meta name=\"twitter:label1\" content=\"Tempo estimado de leitura\" \/>\n\t<meta name=\"twitter:data1\" content=\"4 minutos\" \/>\n<script type=\"application\/ld+json\" class=\"yoast-schema-graph\">{\"@context\":\"https:\/\/schema.org\",\"@graph\":[{\"@type\":\"WebPage\",\"@id\":\"https:\/\/ciclozone.com\/pt-pt\/politica-de-cookies\/\",\"url\":\"https:\/\/ciclozone.com\/pt-pt\/politica-de-cookies\/\",\"name\":\"Pol\u00edtica de Cookies - Ciclozone\",\"isPartOf\":{\"@id\":\"https:\/\/ciclozone.com\/pt-pt\/#website\"},\"primaryImageOfPage\":{\"@id\":\"https:\/\/ciclozone.com\/pt-pt\/politica-de-cookies\/#primaryimage\"},\"image\":{\"@id\":\"https:\/\/ciclozone.com\/pt-pt\/politica-de-cookies\/#primaryimage\"},\"thumbnailUrl\":\"https:\/\/ciclozone.com\/wp-content\/uploads\/2025\/08\/Swatch-Group-300x7.png\",\"datePublished\":\"2026-01-06T17:46:07+00:00\",\"dateModified\":\"2026-04-13T13:39:17+00:00\",\"breadcrumb\":{\"@id\":\"https:\/\/ciclozone.com\/pt-pt\/politica-de-cookies\/#breadcrumb\"},\"inLanguage\":\"pt-PT\",\"potentialAction\":[{\"@type\":\"ReadAction\",\"target\":[\"https:\/\/ciclozone.com\/pt-pt\/politica-de-cookies\/\"]}]},{\"@type\":\"ImageObject\",\"inLanguage\":\"pt-PT\",\"@id\":\"https:\/\/ciclozone.com\/pt-pt\/politica-de-cookies\/#primaryimage\",\"url\":\"https:\/\/ciclozone.com\/wp-content\/uploads\/2025\/08\/Swatch-Group-300x7.png\",\"contentUrl\":\"https:\/\/ciclozone.com\/wp-content\/uploads\/2025\/08\/Swatch-Group-300x7.png\"},{\"@type\":\"BreadcrumbList\",\"@id\":\"https:\/\/ciclozone.com\/pt-pt\/politica-de-cookies\/#breadcrumb\",\"itemListElement\":[{\"@type\":\"ListItem\",\"position\":1,\"name\":\"Home\",\"item\":\"https:\/\/ciclozone.com\/pt-pt\/\"},{\"@type\":\"ListItem\",\"position\":2,\"name\":\"Pol\u00edtica de Cookies\"}]},{\"@type\":\"WebSite\",\"@id\":\"https:\/\/ciclozone.com\/pt-pt\/#website\",\"url\":\"https:\/\/ciclozone.com\/pt-pt\/\",\"name\":\"Ciclozone\",\"description\":\"Indoor Cycling Redefined\",\"publisher\":{\"@id\":\"https:\/\/ciclozone.com\/pt-pt\/#organization\"},\"potentialAction\":[{\"@type\":\"SearchAction\",\"target\":{\"@type\":\"EntryPoint\",\"urlTemplate\":\"https:\/\/ciclozone.com\/pt-pt\/?s={search_term_string}\"},\"query-input\":{\"@type\":\"PropertyValueSpecification\",\"valueRequired\":true,\"valueName\":\"search_term_string\"}}],\"inLanguage\":\"pt-PT\"},{\"@type\":\"Organization\",\"@id\":\"https:\/\/ciclozone.com\/pt-pt\/#organization\",\"name\":\"Ciclozone\",\"url\":\"https:\/\/ciclozone.com\/pt-pt\/\",\"logo\":{\"@type\":\"ImageObject\",\"inLanguage\":\"pt-PT\",\"@id\":\"https:\/\/ciclozone.com\/pt-pt\/#\/schema\/logo\/image\/\",\"url\":\"https:\/\/ciclozone.com\/wp-content\/uploads\/2025\/08\/ciclo-logo.png\",\"contentUrl\":\"https:\/\/ciclozone.com\/wp-content\/uploads\/2025\/08\/ciclo-logo.png\",\"width\":177,\"height\":44,\"caption\":\"Ciclozone\"},\"image\":{\"@id\":\"https:\/\/ciclozone.com\/pt-pt\/#\/schema\/logo\/image\/\"},\"sameAs\":[\"https:\/\/www.facebook.com\/WeareCicloZone\/\",\"https:\/\/www.instagram.com\/ciclozoneuk\/\",\"https:\/\/www.linkedin.com\/company\/ciclozone\/\",\"https:\/\/www.youtube.com\/@ciclozone1059\/\"]}]}<\/script>\n<!-- \/ Yoast SEO plugin. -->","yoast_head_json":{"title":"Pol\u00edtica de Cookies - Ciclozone","robots":{"index":"index","follow":"follow","max-snippet":"max-snippet:-1","max-image-preview":"max-image-preview:large","max-video-preview":"max-video-preview:-1"},"canonical":"https:\/\/ciclozone.com\/pt-pt\/politica-de-cookies\/","og_locale":"pt_PT","og_type":"article","og_title":"Pol\u00edtica de Cookies - Ciclozone","og_description":"Pol\u00edtica de Cookies Data de entrada em vigor: 1 de janeiro de 2026 \u00daltima atualiza\u00e7\u00e3o: 1 de janeiro de 2026 [&hellip;]","og_url":"https:\/\/ciclozone.com\/pt-pt\/politica-de-cookies\/","og_site_name":"Ciclozone","article_publisher":"https:\/\/www.facebook.com\/WeareCicloZone\/","article_modified_time":"2026-04-13T13:39:17+00:00","og_image":[{"width":550,"height":12,"url":"https:\/\/ciclozone.com\/wp-content\/uploads\/2025\/08\/Swatch-Group.png","type":"image\/png"}],"twitter_card":"summary_large_image","twitter_misc":{"Tempo estimado de leitura":"4 minutos"},"schema":{"@context":"https:\/\/schema.org","@graph":[{"@type":"WebPage","@id":"https:\/\/ciclozone.com\/pt-pt\/politica-de-cookies\/","url":"https:\/\/ciclozone.com\/pt-pt\/politica-de-cookies\/","name":"Pol\u00edtica de Cookies - Ciclozone","isPartOf":{"@id":"https:\/\/ciclozone.com\/pt-pt\/#website"},"primaryImageOfPage":{"@id":"https:\/\/ciclozone.com\/pt-pt\/politica-de-cookies\/#primaryimage"},"image":{"@id":"https:\/\/ciclozone.com\/pt-pt\/politica-de-cookies\/#primaryimage"},"thumbnailUrl":"https:\/\/ciclozone.com\/wp-content\/uploads\/2025\/08\/Swatch-Group-300x7.png","datePublished":"2026-01-06T17:46:07+00:00","dateModified":"2026-04-13T13:39:17+00:00","breadcrumb":{"@id":"https:\/\/ciclozone.com\/pt-pt\/politica-de-cookies\/#breadcrumb"},"inLanguage":"pt-PT","potentialAction":[{"@type":"ReadAction","target":["https:\/\/ciclozone.com\/pt-pt\/politica-de-cookies\/"]}]},{"@type":"ImageObject","inLanguage":"pt-PT","@id":"https:\/\/ciclozone.com\/pt-pt\/politica-de-cookies\/#primaryimage","url":"https:\/\/ciclozone.com\/wp-content\/uploads\/2025\/08\/Swatch-Group-300x7.png","contentUrl":"https:\/\/ciclozone.com\/wp-content\/uploads\/2025\/08\/Swatch-Group-300x7.png"},{"@type":"BreadcrumbList","@id":"https:\/\/ciclozone.com\/pt-pt\/politica-de-cookies\/#breadcrumb","itemListElement":[{"@type":"ListItem","position":1,"name":"Home","item":"https:\/\/ciclozone.com\/pt-pt\/"},{"@type":"ListItem","position":2,"name":"Pol\u00edtica de Cookies"}]},{"@type":"WebSite","@id":"https:\/\/ciclozone.com\/pt-pt\/#website","url":"https:\/\/ciclozone.com\/pt-pt\/","name":"Ciclozone","description":"Indoor Cycling Redefined","publisher":{"@id":"https:\/\/ciclozone.com\/pt-pt\/#organization"},"potentialAction":[{"@type":"SearchAction","target":{"@type":"EntryPoint","urlTemplate":"https:\/\/ciclozone.com\/pt-pt\/?s={search_term_string}"},"query-input":{"@type":"PropertyValueSpecification","valueRequired":true,"valueName":"search_term_string"}}],"inLanguage":"pt-PT"},{"@type":"Organization","@id":"https:\/\/ciclozone.com\/pt-pt\/#organization","name":"Ciclozone","url":"https:\/\/ciclozone.com\/pt-pt\/","logo":{"@type":"ImageObject","inLanguage":"pt-PT","@id":"https:\/\/ciclozone.com\/pt-pt\/#\/schema\/logo\/image\/","url":"https:\/\/ciclozone.com\/wp-content\/uploads\/2025\/08\/ciclo-logo.png","contentUrl":"https:\/\/ciclozone.com\/wp-content\/uploads\/2025\/08\/ciclo-logo.png","width":177,"height":44,"caption":"Ciclozone"},"image":{"@id":"https:\/\/ciclozone.com\/pt-pt\/#\/schema\/logo\/image\/"},"sameAs":["https:\/\/www.facebook.com\/WeareCicloZone\/","https:\/\/www.instagram.com\/ciclozoneuk\/","https:\/\/www.linkedin.com\/company\/ciclozone\/","https:\/\/www.youtube.com\/@ciclozone1059\/"]}]}},"_links":{"self":[{"href":"https:\/\/ciclozone.com\/pt-pt\/wp-json\/wp\/v2\/pages\/10640","targetHints":{"allow":["GET"]}}],"collection":[{"href":"https:\/\/ciclozone.com\/pt-pt\/wp-json\/wp\/v2\/pages"}],"about":[{"href":"https:\/\/ciclozone.com\/pt-pt\/wp-json\/wp\/v2\/types\/page"}],"author":[{"embeddable":true,"href":"https:\/\/ciclozone.com\/pt-pt\/wp-json\/wp\/v2\/users\/1"}],"replies":[{"embeddable":true,"href":"https:\/\/ciclozone.com\/pt-pt\/wp-json\/wp\/v2\/comments?post=10640"}],"version-history":[{"count":2,"href":"https:\/\/ciclozone.com\/pt-pt\/wp-json\/wp\/v2\/pages\/10640\/revisions"}],"predecessor-version":[{"id":10818,"href":"https:\/\/ciclozone.com\/pt-pt\/wp-json\/wp\/v2\/pages\/10640\/revisions\/10818"}],"wp:attachment":[{"href":"https:\/\/ciclozone.com\/pt-pt\/wp-json\/wp\/v2\/media?parent=10640"}],"curies":[{"name":"wp","href":"https:\/\/api.w.org\/{rel}","templated":true}]}}