{"id":8206,"date":"2026-02-10T20:40:45","date_gmt":"2026-02-10T20:40:45","guid":{"rendered":"https:\/\/ciclozone.com\/ciclo-studio-android-tv-cronologia-versioni-e-aggiornamenti\/"},"modified":"2026-03-30T18:21:10","modified_gmt":"2026-03-30T17:21:10","slug":"ciclo-studio-android-tv-cronologia-versioni-e-aggiornamenti","status":"publish","type":"page","link":"https:\/\/ciclozone.com\/it\/ciclo-studio-android-tv-cronologia-versioni-e-aggiornamenti\/","title":{"rendered":"Ciclo Studio (Android TV) \u2013 Cronologia versioni e aggiornamenti"},"content":{"rendered":"\t\t<div data-elementor-type=\"wp-page\" data-elementor-id=\"8206\" class=\"elementor elementor-8206 elementor-6423\" data-elementor-post-type=\"page\">\n\t\t\t\t<div class=\"elementor-element elementor-element-1fc1fcc e-flex e-con-boxed e-con e-parent\" data-id=\"1fc1fcc\" data-element_type=\"container\" data-e-type=\"container\" data-settings=\"{&quot;background_background&quot;:&quot;classic&quot;,&quot;animation&quot;:&quot;none&quot;,&quot;shape_divider_bottom&quot;:&quot;triangle&quot;,&quot;shape_divider_bottom_negative&quot;:&quot;yes&quot;}\">\n\t\t\t\t\t<div class=\"e-con-inner\">\n\t\t\t\t<div class=\"elementor-shape elementor-shape-bottom\" aria-hidden=\"true\" data-negative=\"true\">\n\t\t\t<svg xmlns=\"http:\/\/www.w3.org\/2000\/svg\" viewBox=\"0 0 1000 100\" preserveAspectRatio=\"none\">\n\t<path class=\"elementor-shape-fill\" d=\"M500.2,94.7L0,0v100h1000V0L500.2,94.7z\"\/>\n<\/svg>\t\t<\/div>\n\t\t<div class=\"elementor-element elementor-element-b3084b2 e-con-full e-flex e-con e-child\" data-id=\"b3084b2\" data-element_type=\"container\" data-e-type=\"container\">\n\t\t\t\t<div class=\"elementor-element elementor-element-237ed72 elementor-widget__width-initial elementor-widget elementor-widget-heading\" data-id=\"237ed72\" data-element_type=\"widget\" data-e-type=\"widget\" data-widget_type=\"heading.default\">\n\t\t\t\t\t<h1 class=\"elementor-heading-title elementor-size-default\">Ciclo Studio (Android TV) \u2013 Cronologia versioni e aggiornamenti<\/h1>\t\t\t\t<\/div>\n\t\t\t\t<div class=\"elementor-element elementor-element-607a6ea elementor-widget elementor-widget-image\" data-id=\"607a6ea\" data-element_type=\"widget\" data-e-type=\"widget\" data-widget_type=\"image.default\">\n\t\t\t\t\t\t\t\t\t\t\t\t\t\t\t<img decoding=\"async\" width=\"300\" height=\"7\" src=\"https:\/\/ciclozone.com\/wp-content\/uploads\/2025\/08\/Swatch-Group-300x7.png\" class=\"attachment-medium size-medium wp-image-7152\" alt=\"\" srcset=\"https:\/\/ciclozone.com\/wp-content\/uploads\/2025\/08\/Swatch-Group-300x7.png 300w, https:\/\/ciclozone.com\/wp-content\/uploads\/2025\/08\/Swatch-Group.png 550w\" sizes=\"(max-width: 300px) 100vw, 300px\" \/>\t\t\t\t\t\t\t\t\t\t\t\t\t\t\t<\/div>\n\t\t\t\t<\/div>\n\t\t\t\t\t<\/div>\n\t\t\t\t<\/div>\n\t\t<div class=\"elementor-element elementor-element-be8e3f8 e-flex e-con-boxed e-con e-parent\" data-id=\"be8e3f8\" data-element_type=\"container\" data-e-type=\"container\" data-settings=\"{&quot;background_background&quot;:&quot;classic&quot;}\">\n\t\t\t\t\t<div class=\"e-con-inner\">\n\t\t\t\t<div class=\"elementor-element elementor-element-45ceb5e elementor-widget__width-initial elementor-widget elementor-widget-text-editor\" data-id=\"45ceb5e\" data-element_type=\"widget\" data-e-type=\"widget\" data-widget_type=\"text-editor.default\">\n\t\t\t\t\t\t\t\t\t<p><strong>Android TV:<\/strong> <a href=\"https:\/\/play.google.com\/store\/apps\/details?id=com.ciclozone.x&amp;hl=en_GB\">Ciclo Studio App &#8211; Google Play<\/a><\/p><h3><strong>Ultimo aggiornamento: 22 maggio 2025<\/strong><\/h3><h3><strong>Introduzione<\/strong><\/h3><p>Questa pagina documenta le versioni rilasciate pubblicamente dell&#8217;applicazione Ciclo Studio per Android TV. Fornisce una panoramica fattuale dei miglioramenti della stabilit\u00e0, degli aggiornamenti delle prestazioni e delle aggiunte di funzionalit\u00e0 nelle versioni pubblicate.<\/p><p>Questa pagina documenta l&#8217;applicazione Ciclo Studio per Android TV. Gli aggiornamenti delle app mobili sono documentati separatamente.<\/p><p>Salvo diversa indicazione, gli aggiornamenti si concentrano sulla stabilit\u00e0 della piattaforma, sull&#8217;affidabilit\u00e0 della connettivit\u00e0 e sull&#8217;ottimizzazione delle prestazioni.<\/p><h3><strong>Ciclo Studio (Android TV) \u2013 Cronologia delle versioni<\/strong><\/h3><h4><strong>Versione 5.3.13 (codice versione 553) \u2014 22 maggio 2025<\/strong><\/h4><p>Miglioramenti generali della stabilit\u00e0<\/p><p>Piccole ottimizzazioni delle prestazioni<\/p><h4><strong>Versione 5.3.12 (codice versione 552) \u2014 18 maggio 2025<\/strong><\/h4><p>Ottimizzazioni delle prestazioni<\/p><p>Miglioramenti alla gestione dei processi in background<\/p><h4><strong>Versione 5.1.22 (codice versione 532) \u2014 26 marzo 2025<\/strong><\/h4><p>Miglioramenti della stabilit\u00e0 per sessioni di studio estese<\/p><h4><strong>Versione 4.0.9 (codice versione 409) \u2014 15 gennaio 2025<\/strong><\/h4><p>Stabilit\u00e0 complessiva dell&#8217;applicazione migliorata<\/p><p>Miglioramenti delle prestazioni per i dispositivi Android TV<\/p><h4><strong>Versione 3.1.63 (codice versione 363) \u2014 12 novembre 2024<\/strong><\/h4><p>Miglioramenti della stabilit\u00e0<\/p><p>Ottimizzazione dell&#8217;utilizzo delle risorse di sistema<\/p><h4><strong>Versione 3.0.0 (codice versione 302) \u2014 31 luglio 2024<\/strong><\/h4><h3><strong>Importante aggiornamento della piattaforma<\/strong><\/h3><h3><strong>Classifica<\/strong><\/h3><ul><li>Introdotto un nuovo design della classifica e una logica aggiornata della classifica<\/li><\/ul><h3><strong>Autorizzazioni<\/strong><\/h3><p>Aggiunta richiesta per l&#8217;autorizzazione Android Overlay per supportare i requisiti di visualizzazione a livello di sistema<\/p><h3><strong>Aggiornamenti in-app<\/strong><\/h3><ul><li>Aggiunta richiesta di aggiornamento in-app durante il conto alla rovescia quando \u00e8 disponibile una versione pi\u00f9 recente<\/li><\/ul><h4><strong>Versione 2.0.3 (codice versione 68) \u2014 17 ottobre 2023<\/strong><\/h4><p>Miglioramenti generali della stabilit\u00e0<\/p><p>Ottimizzazione delle prestazioni per gli ambienti Android TV<\/p><h4><strong>Versione 2.0.2 (codice versione 67) \u2014 27 settembre 2023<\/strong><\/h4><p>Correzioni di stabilit\u00e0<\/p><p>Piccoli miglioramenti alla reattivit\u00e0 dell&#8217;applicazione<\/p><h4><strong>Versione 2.0.1 (codice versione 66) \u2014 12 settembre 2023<\/strong><\/h4><p>Ottimizzazioni delle prestazioni<\/p><p>Miglioramenti dell&#8217;affidabilit\u00e0 per l&#8217;output di visualizzazione in studio<\/p><h4><strong>Versione 2.0.0 (codice versione 65) \u2014 6 settembre 2023<\/strong><\/h4><p>Miglioramenti alla stabilit\u00e0 della piattaforma<\/p><p>Miglioramenti delle prestazioni interne<\/p><h4><strong>Versione 2.0.0 (codice versione 64) \u2014 4 settembre 2023<\/strong><\/h4><p>Rilascio iniziale del ramo della piattaforma 2.0<\/p><p>Miglioramenti generali della stabilit\u00e0 e delle prestazioni<\/p><h4><strong>Versione 1.2.8 (codice versione 63) \u2014 8 agosto 2023<\/strong><\/h4><p>Miglioramenti della stabilit\u00e0<\/p><p>Piccole ottimizzazioni del sistema<\/p><h4><strong>Versione 1.2.7 (codice versione 62) \u2014 16 giugno 2023<\/strong><\/h4><p>Miglioramenti delle prestazioni<\/p><p>Correzioni di bug che interessano sessioni di lunga durata<\/p><h4><strong>Versione 1.2.6 (codice versione 59) \u2014 25 aprile 2023<\/strong><\/h4><p>Miglioramenti generali delle prestazioni<\/p><p>Maggiore affidabilit\u00e0 sui dispositivi Android TV supportati<\/p><h4><strong>Versione 1.2.5 (codice versione 58) \u2014 5 aprile 2023<\/strong><\/h4><p>Correzioni di stabilit\u00e0<\/p><p>Piccoli miglioramenti al comportamento del sistema<\/p><h4><strong>Versione 1.2.4 (codice versione 57) \u2014 8 settembre 2022<\/strong><\/h4><p>Ottimizzazioni delle prestazioni<\/p><p>Correzioni di bug<\/p><h4><strong>Versione 1.2.3 (codice versione 55) \u2014 4 agosto 2022<\/strong><\/h4><p>Miglioramenti generali della stabilit\u00e0<\/p><h4><strong>Versione 1.2.2 (codice versione 53) \u2014 27 giugno 2022<\/strong><\/h4><p>Miglioramenti di stabilit\u00e0 e affidabilit\u00e0<\/p><h4><strong>Versione 1.2.1 (codice versione 52) \u2014 4 maggio 2022<\/strong><\/h4><p>Piccoli miglioramenti delle prestazioni<\/p><h4><strong>Versione 1.2.0 (codice versione 51) \u2014 29 aprile 2022<\/strong><\/h4><p>Miglioramenti generali della piattaforma<\/p><p>Ottimizzazioni della stabilit\u00e0<\/p><h4><strong>Versione 1.1.0 (codice versione 15) \u2014 16 marzo 2022<\/strong><\/h4><p>Primi miglioramenti alla stabilit\u00e0 della piattaforma<\/p><h4><strong>Versione 1.0.5 (codice versione 13) \u2014 9 marzo 2022<\/strong><\/h4><p>Correzioni delle prestazioni<\/p><p>Correzioni di bug minori<\/p><h4><strong>Versione 1.0.4 (codice versione 12) \u2014 8 marzo 2022<\/strong><\/h4><p>Miglioramenti della stabilit\u00e0<\/p><h4><strong>Versione 1.0.4 (codice versione 11) \u2014 28 febbraio 2022<\/strong><\/h4><p>Correzioni minori delle prestazioni<\/p><h4><strong>Versione 1.0.4 (codice versione 10) \u2014 24 febbraio 2022<\/strong><\/h4><p>Correzioni di bug<\/p><p>Miglioramenti della stabilit\u00e0<\/p><h4><strong>Versione 1.0.4 (codice versione 9) \u2014 23 febbraio 2022<\/strong><\/h4><p>Correzioni interne<\/p><h4><strong>Versione 1.0.3 (codice versione 8) \u2014 14 febbraio 2022<\/strong><\/h4><p>Primi rilasci pubblici<\/p><p>Miglioramenti alla stabilit\u00e0 del core<\/p><h3><strong>Note sulle versioni storiche<\/strong><\/h3><p>Sono elencate solo le versioni con timestamp di rilascio confermati Google Play<\/p><p>Le voci senza note di modifica dettagliate riflettono aggiornamenti incentrati sulla manutenzione<\/p><p>Potrebbero esistere versioni semantiche duplicate a causa di pi\u00f9 invii al Play Store con codici di versione diversi<\/p><h3><strong>Politica di aggiornamento<\/strong><\/h3><p>Questa pagina viene aggiornata man mano che le nuove versioni di Ciclo Studio vengono rilasciate pubblicamente.<\/p>\t\t\t\t\t\t\t\t<\/div>\n\t\t\t\t\t<\/div>\n\t\t\t\t<\/div>\n\t\t\t\t<\/div>\n\t\t","protected":false},"excerpt":{"rendered":"<p>Ciclo Studio (Android TV) \u2013 Cronologia versioni e aggiornamenti Android TV: Ciclo Studio App &#8211; Google Play Ultimo aggiornamento: 22 [&hellip;]<\/p>\n","protected":false},"author":1,"featured_media":0,"parent":0,"menu_order":0,"comment_status":"closed","ping_status":"closed","template":"","meta":{"site-sidebar-layout":"no-sidebar","site-content-layout":"","ast-site-content-layout":"full-width-container","site-content-style":"default","site-sidebar-style":"default","ast-global-header-display":"","ast-banner-title-visibility":"","ast-main-header-display":"","ast-hfb-above-header-display":"","ast-hfb-below-header-display":"","ast-hfb-mobile-header-display":"","site-post-title":"","ast-breadcrumbs-content":"","ast-featured-img":"disabled","footer-sml-layout":"","ast-disable-related-posts":"","theme-transparent-header-meta":"","adv-header-id-meta":"","stick-header-meta":"","header-above-stick-meta":"","header-main-stick-meta":"","header-below-stick-meta":"","astra-migrate-meta-layouts":"default","ast-page-background-enabled":"default","ast-page-background-meta":{"desktop":{"background-color":"var(--ast-global-color-5)","background-image":"","background-repeat":"repeat","background-position":"center center","background-size":"auto","background-attachment":"scroll","background-type":"","background-media":"","overlay-type":"","overlay-color":"","overlay-opacity":"","overlay-gradient":""},"tablet":{"background-color":"","background-image":"","background-repeat":"repeat","background-position":"center center","background-size":"auto","background-attachment":"scroll","background-type":"","background-media":"","overlay-type":"","overlay-color":"","overlay-opacity":"","overlay-gradient":""},"mobile":{"background-color":"","background-image":"","background-repeat":"repeat","background-position":"center center","background-size":"auto","background-attachment":"scroll","background-type":"","background-media":"","overlay-type":"","overlay-color":"","overlay-opacity":"","overlay-gradient":""}},"ast-content-background-meta":{"desktop":{"background-color":"var(--ast-global-color-4)","background-image":"","background-repeat":"repeat","background-position":"center center","background-size":"auto","background-attachment":"scroll","background-type":"","background-media":"","overlay-type":"","overlay-color":"","overlay-opacity":"","overlay-gradient":""},"tablet":{"background-color":"var(--ast-global-color-4)","background-image":"","background-repeat":"repeat","background-position":"center center","background-size":"auto","background-attachment":"scroll","background-type":"","background-media":"","overlay-type":"","overlay-color":"","overlay-opacity":"","overlay-gradient":""},"mobile":{"background-color":"var(--ast-global-color-4)","background-image":"","background-repeat":"repeat","background-position":"center center","background-size":"auto","background-attachment":"scroll","background-type":"","background-media":"","overlay-type":"","overlay-color":"","overlay-opacity":"","overlay-gradient":""}},"footnotes":""},"class_list":["post-8206","page","type-page","status-publish","hentry"],"yoast_head":"<!-- This site is optimized with the Yoast SEO plugin v27.1.1 - https:\/\/yoast.com\/product\/yoast-seo-wordpress\/ -->\n<title>Ciclo Studio (Android TV) \u2013 Cronologia versioni e aggiornamenti - Ciclozone<\/title>\n<meta name=\"robots\" content=\"index, follow, max-snippet:-1, max-image-preview:large, max-video-preview:-1\" \/>\n<link rel=\"canonical\" href=\"https:\/\/ciclozone.com\/it\/ciclo-studio-android-tv-cronologia-versioni-e-aggiornamenti\/\" \/>\n<meta property=\"og:locale\" content=\"it_IT\" \/>\n<meta property=\"og:type\" content=\"article\" \/>\n<meta property=\"og:title\" content=\"Ciclo Studio (Android TV) \u2013 Cronologia versioni e aggiornamenti - Ciclozone\" \/>\n<meta property=\"og:description\" content=\"Ciclo Studio (Android TV) \u2013 Cronologia versioni e aggiornamenti Android TV: Ciclo Studio App &#8211; Google Play Ultimo aggiornamento: 22 [&hellip;]\" \/>\n<meta property=\"og:url\" content=\"https:\/\/ciclozone.com\/it\/ciclo-studio-android-tv-cronologia-versioni-e-aggiornamenti\/\" \/>\n<meta property=\"og:site_name\" content=\"Ciclozone\" \/>\n<meta property=\"article:publisher\" content=\"https:\/\/www.facebook.com\/WeareCicloZone\/\" \/>\n<meta property=\"article:modified_time\" content=\"2026-03-30T17:21:10+00:00\" \/>\n<meta property=\"og:image\" content=\"https:\/\/ciclozone.com\/wp-content\/uploads\/2025\/08\/Swatch-Group.png\" \/>\n\t<meta property=\"og:image:width\" content=\"550\" \/>\n\t<meta property=\"og:image:height\" content=\"12\" \/>\n\t<meta property=\"og:image:type\" content=\"image\/png\" \/>\n<meta name=\"twitter:card\" content=\"summary_large_image\" \/>\n<meta name=\"twitter:label1\" content=\"Tempo di lettura stimato\" \/>\n\t<meta name=\"twitter:data1\" content=\"2 minuti\" \/>\n<script type=\"application\/ld+json\" class=\"yoast-schema-graph\">{\"@context\":\"https:\/\/schema.org\",\"@graph\":[{\"@type\":\"WebPage\",\"@id\":\"https:\/\/ciclozone.com\/it\/ciclo-studio-android-tv-cronologia-versioni-e-aggiornamenti\/\",\"url\":\"https:\/\/ciclozone.com\/it\/ciclo-studio-android-tv-cronologia-versioni-e-aggiornamenti\/\",\"name\":\"Ciclo Studio (Android TV) \u2013 Cronologia versioni e aggiornamenti - Ciclozone\",\"isPartOf\":{\"@id\":\"https:\/\/ciclozone.com\/it\/#website\"},\"primaryImageOfPage\":{\"@id\":\"https:\/\/ciclozone.com\/it\/ciclo-studio-android-tv-cronologia-versioni-e-aggiornamenti\/#primaryimage\"},\"image\":{\"@id\":\"https:\/\/ciclozone.com\/it\/ciclo-studio-android-tv-cronologia-versioni-e-aggiornamenti\/#primaryimage\"},\"thumbnailUrl\":\"https:\/\/ciclozone.com\/wp-content\/uploads\/2025\/08\/Swatch-Group-300x7.png\",\"datePublished\":\"2026-02-10T20:40:45+00:00\",\"dateModified\":\"2026-03-30T17:21:10+00:00\",\"breadcrumb\":{\"@id\":\"https:\/\/ciclozone.com\/it\/ciclo-studio-android-tv-cronologia-versioni-e-aggiornamenti\/#breadcrumb\"},\"inLanguage\":\"it-IT\",\"potentialAction\":[{\"@type\":\"ReadAction\",\"target\":[\"https:\/\/ciclozone.com\/it\/ciclo-studio-android-tv-cronologia-versioni-e-aggiornamenti\/\"]}]},{\"@type\":\"ImageObject\",\"inLanguage\":\"it-IT\",\"@id\":\"https:\/\/ciclozone.com\/it\/ciclo-studio-android-tv-cronologia-versioni-e-aggiornamenti\/#primaryimage\",\"url\":\"https:\/\/ciclozone.com\/wp-content\/uploads\/2025\/08\/Swatch-Group-300x7.png\",\"contentUrl\":\"https:\/\/ciclozone.com\/wp-content\/uploads\/2025\/08\/Swatch-Group-300x7.png\"},{\"@type\":\"BreadcrumbList\",\"@id\":\"https:\/\/ciclozone.com\/it\/ciclo-studio-android-tv-cronologia-versioni-e-aggiornamenti\/#breadcrumb\",\"itemListElement\":[{\"@type\":\"ListItem\",\"position\":1,\"name\":\"Home\",\"item\":\"https:\/\/ciclozone.com\/it\/\"},{\"@type\":\"ListItem\",\"position\":2,\"name\":\"Ciclo Studio (Android TV) \u2013 Cronologia versioni e aggiornamenti\"}]},{\"@type\":\"WebSite\",\"@id\":\"https:\/\/ciclozone.com\/it\/#website\",\"url\":\"https:\/\/ciclozone.com\/it\/\",\"name\":\"Ciclozone\",\"description\":\"Indoor Cycling Redefined\",\"publisher\":{\"@id\":\"https:\/\/ciclozone.com\/it\/#organization\"},\"potentialAction\":[{\"@type\":\"SearchAction\",\"target\":{\"@type\":\"EntryPoint\",\"urlTemplate\":\"https:\/\/ciclozone.com\/it\/?s={search_term_string}\"},\"query-input\":{\"@type\":\"PropertyValueSpecification\",\"valueRequired\":true,\"valueName\":\"search_term_string\"}}],\"inLanguage\":\"it-IT\"},{\"@type\":\"Organization\",\"@id\":\"https:\/\/ciclozone.com\/it\/#organization\",\"name\":\"Ciclozone\",\"url\":\"https:\/\/ciclozone.com\/it\/\",\"logo\":{\"@type\":\"ImageObject\",\"inLanguage\":\"it-IT\",\"@id\":\"https:\/\/ciclozone.com\/it\/#\/schema\/logo\/image\/\",\"url\":\"https:\/\/ciclozone.com\/wp-content\/uploads\/2025\/08\/ciclo-logo.png\",\"contentUrl\":\"https:\/\/ciclozone.com\/wp-content\/uploads\/2025\/08\/ciclo-logo.png\",\"width\":177,\"height\":44,\"caption\":\"Ciclozone\"},\"image\":{\"@id\":\"https:\/\/ciclozone.com\/it\/#\/schema\/logo\/image\/\"},\"sameAs\":[\"https:\/\/www.facebook.com\/WeareCicloZone\/\",\"https:\/\/www.instagram.com\/ciclozoneuk\/\",\"https:\/\/www.linkedin.com\/company\/ciclozone\/\",\"https:\/\/www.youtube.com\/@ciclozone1059\/\"]}]}<\/script>\n<!-- \/ Yoast SEO plugin. -->","yoast_head_json":{"title":"Ciclo Studio (Android TV) \u2013 Cronologia versioni e aggiornamenti - Ciclozone","robots":{"index":"index","follow":"follow","max-snippet":"max-snippet:-1","max-image-preview":"max-image-preview:large","max-video-preview":"max-video-preview:-1"},"canonical":"https:\/\/ciclozone.com\/it\/ciclo-studio-android-tv-cronologia-versioni-e-aggiornamenti\/","og_locale":"it_IT","og_type":"article","og_title":"Ciclo Studio (Android TV) \u2013 Cronologia versioni e aggiornamenti - Ciclozone","og_description":"Ciclo Studio (Android TV) \u2013 Cronologia versioni e aggiornamenti Android TV: Ciclo Studio App &#8211; Google Play Ultimo aggiornamento: 22 [&hellip;]","og_url":"https:\/\/ciclozone.com\/it\/ciclo-studio-android-tv-cronologia-versioni-e-aggiornamenti\/","og_site_name":"Ciclozone","article_publisher":"https:\/\/www.facebook.com\/WeareCicloZone\/","article_modified_time":"2026-03-30T17:21:10+00:00","og_image":[{"width":550,"height":12,"url":"https:\/\/ciclozone.com\/wp-content\/uploads\/2025\/08\/Swatch-Group.png","type":"image\/png"}],"twitter_card":"summary_large_image","twitter_misc":{"Tempo di lettura stimato":"2 minuti"},"schema":{"@context":"https:\/\/schema.org","@graph":[{"@type":"WebPage","@id":"https:\/\/ciclozone.com\/it\/ciclo-studio-android-tv-cronologia-versioni-e-aggiornamenti\/","url":"https:\/\/ciclozone.com\/it\/ciclo-studio-android-tv-cronologia-versioni-e-aggiornamenti\/","name":"Ciclo Studio (Android TV) \u2013 Cronologia versioni e aggiornamenti - Ciclozone","isPartOf":{"@id":"https:\/\/ciclozone.com\/it\/#website"},"primaryImageOfPage":{"@id":"https:\/\/ciclozone.com\/it\/ciclo-studio-android-tv-cronologia-versioni-e-aggiornamenti\/#primaryimage"},"image":{"@id":"https:\/\/ciclozone.com\/it\/ciclo-studio-android-tv-cronologia-versioni-e-aggiornamenti\/#primaryimage"},"thumbnailUrl":"https:\/\/ciclozone.com\/wp-content\/uploads\/2025\/08\/Swatch-Group-300x7.png","datePublished":"2026-02-10T20:40:45+00:00","dateModified":"2026-03-30T17:21:10+00:00","breadcrumb":{"@id":"https:\/\/ciclozone.com\/it\/ciclo-studio-android-tv-cronologia-versioni-e-aggiornamenti\/#breadcrumb"},"inLanguage":"it-IT","potentialAction":[{"@type":"ReadAction","target":["https:\/\/ciclozone.com\/it\/ciclo-studio-android-tv-cronologia-versioni-e-aggiornamenti\/"]}]},{"@type":"ImageObject","inLanguage":"it-IT","@id":"https:\/\/ciclozone.com\/it\/ciclo-studio-android-tv-cronologia-versioni-e-aggiornamenti\/#primaryimage","url":"https:\/\/ciclozone.com\/wp-content\/uploads\/2025\/08\/Swatch-Group-300x7.png","contentUrl":"https:\/\/ciclozone.com\/wp-content\/uploads\/2025\/08\/Swatch-Group-300x7.png"},{"@type":"BreadcrumbList","@id":"https:\/\/ciclozone.com\/it\/ciclo-studio-android-tv-cronologia-versioni-e-aggiornamenti\/#breadcrumb","itemListElement":[{"@type":"ListItem","position":1,"name":"Home","item":"https:\/\/ciclozone.com\/it\/"},{"@type":"ListItem","position":2,"name":"Ciclo Studio (Android TV) \u2013 Cronologia versioni e aggiornamenti"}]},{"@type":"WebSite","@id":"https:\/\/ciclozone.com\/it\/#website","url":"https:\/\/ciclozone.com\/it\/","name":"Ciclozone","description":"Indoor Cycling Redefined","publisher":{"@id":"https:\/\/ciclozone.com\/it\/#organization"},"potentialAction":[{"@type":"SearchAction","target":{"@type":"EntryPoint","urlTemplate":"https:\/\/ciclozone.com\/it\/?s={search_term_string}"},"query-input":{"@type":"PropertyValueSpecification","valueRequired":true,"valueName":"search_term_string"}}],"inLanguage":"it-IT"},{"@type":"Organization","@id":"https:\/\/ciclozone.com\/it\/#organization","name":"Ciclozone","url":"https:\/\/ciclozone.com\/it\/","logo":{"@type":"ImageObject","inLanguage":"it-IT","@id":"https:\/\/ciclozone.com\/it\/#\/schema\/logo\/image\/","url":"https:\/\/ciclozone.com\/wp-content\/uploads\/2025\/08\/ciclo-logo.png","contentUrl":"https:\/\/ciclozone.com\/wp-content\/uploads\/2025\/08\/ciclo-logo.png","width":177,"height":44,"caption":"Ciclozone"},"image":{"@id":"https:\/\/ciclozone.com\/it\/#\/schema\/logo\/image\/"},"sameAs":["https:\/\/www.facebook.com\/WeareCicloZone\/","https:\/\/www.instagram.com\/ciclozoneuk\/","https:\/\/www.linkedin.com\/company\/ciclozone\/","https:\/\/www.youtube.com\/@ciclozone1059\/"]}]}},"_links":{"self":[{"href":"https:\/\/ciclozone.com\/it\/wp-json\/wp\/v2\/pages\/8206","targetHints":{"allow":["GET"]}}],"collection":[{"href":"https:\/\/ciclozone.com\/it\/wp-json\/wp\/v2\/pages"}],"about":[{"href":"https:\/\/ciclozone.com\/it\/wp-json\/wp\/v2\/types\/page"}],"author":[{"embeddable":true,"href":"https:\/\/ciclozone.com\/it\/wp-json\/wp\/v2\/users\/1"}],"replies":[{"embeddable":true,"href":"https:\/\/ciclozone.com\/it\/wp-json\/wp\/v2\/comments?post=8206"}],"version-history":[{"count":1,"href":"https:\/\/ciclozone.com\/it\/wp-json\/wp\/v2\/pages\/8206\/revisions"}],"predecessor-version":[{"id":8207,"href":"https:\/\/ciclozone.com\/it\/wp-json\/wp\/v2\/pages\/8206\/revisions\/8207"}],"wp:attachment":[{"href":"https:\/\/ciclozone.com\/it\/wp-json\/wp\/v2\/media?parent=8206"}],"curies":[{"name":"wp","href":"https:\/\/api.w.org\/{rel}","templated":true}]}}