{"id":8143,"date":"2026-02-10T20:43:13","date_gmt":"2026-02-10T20:43:13","guid":{"rendered":"https:\/\/ciclozone.com\/compte-ciclozone-web-historique-des-versions\/"},"modified":"2026-03-30T18:20:55","modified_gmt":"2026-03-30T17:20:55","slug":"compte-ciclozone-web-historique-des-versions","status":"publish","type":"page","link":"https:\/\/ciclozone.com\/fr\/compte-ciclozone-web-historique-des-versions\/","title":{"rendered":"Compte CicloZone Web &#8211; Historique des versions"},"content":{"rendered":"\t\t<div data-elementor-type=\"wp-page\" data-elementor-id=\"8143\" class=\"elementor elementor-8143 elementor-6428\" data-elementor-post-type=\"page\">\n\t\t\t\t<div class=\"elementor-element elementor-element-8fb9b8f e-flex e-con-boxed e-con e-parent\" data-id=\"8fb9b8f\" data-element_type=\"container\" data-e-type=\"container\" data-settings=\"{&quot;background_background&quot;:&quot;classic&quot;,&quot;animation&quot;:&quot;none&quot;,&quot;shape_divider_bottom&quot;:&quot;triangle&quot;,&quot;shape_divider_bottom_negative&quot;:&quot;yes&quot;}\">\n\t\t\t\t\t<div class=\"e-con-inner\">\n\t\t\t\t<div class=\"elementor-shape elementor-shape-bottom\" aria-hidden=\"true\" data-negative=\"true\">\n\t\t\t<svg xmlns=\"http:\/\/www.w3.org\/2000\/svg\" viewBox=\"0 0 1000 100\" preserveAspectRatio=\"none\">\n\t<path class=\"elementor-shape-fill\" d=\"M500.2,94.7L0,0v100h1000V0L500.2,94.7z\"\/>\n<\/svg>\t\t<\/div>\n\t\t<div class=\"elementor-element elementor-element-7be3c4b e-con-full e-flex e-con e-child\" data-id=\"7be3c4b\" data-element_type=\"container\" data-e-type=\"container\">\n\t\t\t\t<div class=\"elementor-element elementor-element-8518ff2 elementor-widget__width-initial elementor-widget elementor-widget-heading\" data-id=\"8518ff2\" data-element_type=\"widget\" data-e-type=\"widget\" data-widget_type=\"heading.default\">\n\t\t\t\t\t<h1 class=\"elementor-heading-title elementor-size-default\">Compte CicloZone Web - Historique des versions<\/h1>\t\t\t\t<\/div>\n\t\t\t\t<div class=\"elementor-element elementor-element-130bca1 elementor-widget elementor-widget-image\" data-id=\"130bca1\" data-element_type=\"widget\" data-e-type=\"widget\" data-widget_type=\"image.default\">\n\t\t\t\t\t\t\t\t\t\t\t\t\t\t\t<img decoding=\"async\" width=\"300\" height=\"7\" src=\"https:\/\/ciclozone.com\/wp-content\/uploads\/2025\/08\/Swatch-Group-300x7.png\" class=\"attachment-medium size-medium wp-image-7132\" alt=\"\" srcset=\"https:\/\/ciclozone.com\/wp-content\/uploads\/2025\/08\/Swatch-Group-300x7.png 300w, https:\/\/ciclozone.com\/wp-content\/uploads\/2025\/08\/Swatch-Group.png 550w\" sizes=\"(max-width: 300px) 100vw, 300px\" \/>\t\t\t\t\t\t\t\t\t\t\t\t\t\t\t<\/div>\n\t\t\t\t<\/div>\n\t\t\t\t\t<\/div>\n\t\t\t\t<\/div>\n\t\t<div class=\"elementor-element elementor-element-a7ae7de e-flex e-con-boxed e-con e-parent\" data-id=\"a7ae7de\" data-element_type=\"container\" data-e-type=\"container\" data-settings=\"{&quot;background_background&quot;:&quot;classic&quot;}\">\n\t\t\t\t\t<div class=\"e-con-inner\">\n\t\t\t\t<div class=\"elementor-element elementor-element-f13c1c6 elementor-widget__width-initial elementor-widget elementor-widget-text-editor\" data-id=\"f13c1c6\" data-element_type=\"widget\" data-e-type=\"widget\" data-widget_type=\"text-editor.default\">\n\t\t\t\t\t\t\t\t\t<p>Cette page documente l&rsquo;\u00e9volution de la plateforme de comptes CicloZone Web, utilis\u00e9e par les studios, les instructeurs et le personnel pour g\u00e9rer la planification, les cours et les op\u00e9rations du studio. CicloZone Web Accounts est une plateforme de gestion bas\u00e9e sur un navigateur pour les studios de cyclisme en salle.<\/p><h3><strong>CicloZone Web &#8211; ConnexionLog In<\/strong><\/h3><h3><strong>Derni\u00e8re mise \u00e0 jour : janvier 2026<\/strong><\/h3><h3><strong>R\u00e9vision de la plateforme (2025)<\/strong><\/h3><p>En 2025, CicloZone a introduit une refonte majeure de sa plateforme de comptes Web.<\/p><p>Cette mise \u00e0 jour a remplac\u00e9 l&rsquo;ancien syst\u00e8me Web utilis\u00e9 avant 2025 par une nouvelle architecture unifi\u00e9e con\u00e7ue pour prendre en charge les flux de travail de studio modernes, les biblioth\u00e8ques de classes \u00e9volutives et le d\u00e9veloppement continu de fonctionnalit\u00e9s.<\/p><p>En raison de l\u2019ampleur de cette transition, les mises \u00e0 jour individuelles de la plateforme h\u00e9rit\u00e9e ne sont pas r\u00e9pertori\u00e9es s\u00e9par\u00e9ment. Toutes les mises \u00e0 jour ci-dessous s&rsquo;appliquent \u00e0 la plateforme de comptes CicloZone Web actuelle.<\/p><h4><strong>Changements fondamentaux introduits au quatri\u00e8me trimestre 2025<\/strong><\/h4><p>Nouvelle architecture de comptes Web<\/p><p>Acc\u00e8s studio et instructeur<\/p><p>Flux de travail de planification et de calendrier repens\u00e9s<\/p><p>Performances et fiabilit\u00e9 am\u00e9lior\u00e9es du syst\u00e8me<\/p><p>Fondation pour les versions de fonctionnalit\u00e9s Web en cours<\/p><h3><strong>Mises \u00e0 jour des comptes Web<\/strong><\/h3><h4><strong>janvier 2026<\/strong><\/h4><h3><strong>Am\u00e9lior\u00e9<\/strong><\/h3><ul><li>Coh\u00e9rence visuelle sur les \u00e9crans de planification et de gestion<\/li><\/ul><h3><strong>Fix\u00e9<\/strong><\/h3><ul><li>Incoh\u00e9rences mineures de l&rsquo;interface utilisateur et de la mise en page<\/li><\/ul><h4><strong>d\u00e9cembre 2025<\/strong><\/h4><h3><strong>Ajout\u00e9<\/strong><\/h3><ul><li>Version initiale de la nouvelle plateforme de comptes CicloZone Web<\/li><li>Vues \u00e9tendues du programme Studio\u00a0TV (jour, semaine et mois)<\/li><li>Filtrage des classes par type, entra\u00eeneur, balises et mesures de performances<\/li><li>Aper\u00e7u et s\u00e9lection am\u00e9lior\u00e9s des classes dans la biblioth\u00e8que de classes<\/li><li>Listes de lecture du jour et de la semaine<\/li><li>Pr\u00e9sentation des autorisations d&rsquo;\u00e9quipe<\/li><li>Page de facturation<\/li><li>Class Builder Page<\/li><li>Interface mode sombre\/clair<\/li><\/ul><h3><strong>Fix\u00e9<\/strong><\/h3><ul><li>Premiers probl\u00e8mes de plate-forme li\u00e9s \u00e0 l&rsquo;affectation des cours et \u00e0 l&rsquo;actualisation du calendrier<\/li><\/ul><h4><strong>novembre 2025<\/strong><\/h4><h3><strong>Ajout\u00e9<\/strong><\/h3><ul><li>Bases d&rsquo;acc\u00e8s bas\u00e9es sur les r\u00f4les pour les gestionnaires de studio et les instructeurs<\/li><\/ul><h3><strong>Am\u00e9lior\u00e9<\/strong><\/h3><ul><li>Gestion des donn\u00e9es entre les cours programm\u00e9s et le contenu de la biblioth\u00e8que<\/li><li>Pr\u00e9cision de la planification des heures de d\u00e9but et de fin des cours<\/li><li>Recherche et filtrage dans la biblioth\u00e8que de classe<\/li><\/ul><h3><strong>Fix\u00e9<\/strong><\/h3><ul><li>Probl\u00e8mes mineurs de validation et de s\u00e9lection du temps<\/li><\/ul><h3><strong>D\u00e9veloppement continu<\/strong><\/h3><p>La plateforme de comptes CicloZone Web est activement entretenue et mise \u00e0 jour. De nouvelles fonctionnalit\u00e9s, am\u00e9liorations et correctifs sont publi\u00e9s r\u00e9guli\u00e8rement dans le cadre du d\u00e9veloppement continu de la plateforme.<\/p><h4><strong>Port\u00e9e et notes<\/strong><\/h4><p>Cet historique des versions s&rsquo;applique uniquement aux comptes CicloZone Web.<\/p><p>Les applications mobiles et les logiciels d&rsquo;\u00e9cran de studio ont des historiques de mise \u00e0 jour distincts.<\/p>\t\t\t\t\t\t\t\t<\/div>\n\t\t\t\t\t<\/div>\n\t\t\t\t<\/div>\n\t\t\t\t<\/div>\n\t\t","protected":false},"excerpt":{"rendered":"<p>Compte CicloZone Web &#8211; Historique des versions Cette page documente l&rsquo;\u00e9volution de la plateforme de comptes CicloZone Web, utilis\u00e9e par [&hellip;]<\/p>\n","protected":false},"author":1,"featured_media":0,"parent":0,"menu_order":0,"comment_status":"closed","ping_status":"closed","template":"","meta":{"site-sidebar-layout":"no-sidebar","site-content-layout":"","ast-site-content-layout":"full-width-container","site-content-style":"default","site-sidebar-style":"default","ast-global-header-display":"","ast-banner-title-visibility":"","ast-main-header-display":"","ast-hfb-above-header-display":"","ast-hfb-below-header-display":"","ast-hfb-mobile-header-display":"","site-post-title":"disabled","ast-breadcrumbs-content":"","ast-featured-img":"disabled","footer-sml-layout":"","ast-disable-related-posts":"","theme-transparent-header-meta":"","adv-header-id-meta":"","stick-header-meta":"","header-above-stick-meta":"","header-main-stick-meta":"","header-below-stick-meta":"","astra-migrate-meta-layouts":"default","ast-page-background-enabled":"default","ast-page-background-meta":{"desktop":{"background-color":"var(--ast-global-color-5)","background-image":"","background-repeat":"repeat","background-position":"center center","background-size":"auto","background-attachment":"scroll","background-type":"","background-media":"","overlay-type":"","overlay-color":"","overlay-opacity":"","overlay-gradient":""},"tablet":{"background-color":"","background-image":"","background-repeat":"repeat","background-position":"center center","background-size":"auto","background-attachment":"scroll","background-type":"","background-media":"","overlay-type":"","overlay-color":"","overlay-opacity":"","overlay-gradient":""},"mobile":{"background-color":"","background-image":"","background-repeat":"repeat","background-position":"center center","background-size":"auto","background-attachment":"scroll","background-type":"","background-media":"","overlay-type":"","overlay-color":"","overlay-opacity":"","overlay-gradient":""}},"ast-content-background-meta":{"desktop":{"background-color":"var(--ast-global-color-4)","background-image":"","background-repeat":"repeat","background-position":"center center","background-size":"auto","background-attachment":"scroll","background-type":"","background-media":"","overlay-type":"","overlay-color":"","overlay-opacity":"","overlay-gradient":""},"tablet":{"background-color":"var(--ast-global-color-4)","background-image":"","background-repeat":"repeat","background-position":"center center","background-size":"auto","background-attachment":"scroll","background-type":"","background-media":"","overlay-type":"","overlay-color":"","overlay-opacity":"","overlay-gradient":""},"mobile":{"background-color":"var(--ast-global-color-4)","background-image":"","background-repeat":"repeat","background-position":"center center","background-size":"auto","background-attachment":"scroll","background-type":"","background-media":"","overlay-type":"","overlay-color":"","overlay-opacity":"","overlay-gradient":""}},"footnotes":""},"class_list":["post-8143","page","type-page","status-publish","hentry"],"yoast_head":"<!-- This site is optimized with the Yoast SEO plugin v27.1.1 - https:\/\/yoast.com\/product\/yoast-seo-wordpress\/ -->\n<title>Compte CicloZone Web - Historique des versions - Ciclozone<\/title>\n<meta name=\"robots\" content=\"index, follow, max-snippet:-1, max-image-preview:large, max-video-preview:-1\" \/>\n<link rel=\"canonical\" href=\"https:\/\/ciclozone.com\/fr\/compte-ciclozone-web-historique-des-versions\/\" \/>\n<meta property=\"og:locale\" content=\"fr_FR\" \/>\n<meta property=\"og:type\" content=\"article\" \/>\n<meta property=\"og:title\" content=\"Compte CicloZone Web - Historique des versions - Ciclozone\" \/>\n<meta property=\"og:description\" content=\"Compte CicloZone Web &#8211; Historique des versions Cette page documente l&rsquo;\u00e9volution de la plateforme de comptes CicloZone Web, utilis\u00e9e par [&hellip;]\" \/>\n<meta property=\"og:url\" content=\"https:\/\/ciclozone.com\/fr\/compte-ciclozone-web-historique-des-versions\/\" \/>\n<meta property=\"og:site_name\" content=\"Ciclozone\" \/>\n<meta property=\"article:publisher\" content=\"https:\/\/www.facebook.com\/WeareCicloZone\/\" \/>\n<meta property=\"article:modified_time\" content=\"2026-03-30T17:20:55+00:00\" \/>\n<meta property=\"og:image\" content=\"https:\/\/ciclozone.com\/wp-content\/uploads\/2025\/08\/Swatch-Group.png\" \/>\n\t<meta property=\"og:image:width\" content=\"550\" \/>\n\t<meta property=\"og:image:height\" content=\"12\" \/>\n\t<meta property=\"og:image:type\" content=\"image\/png\" \/>\n<meta name=\"twitter:card\" content=\"summary_large_image\" \/>\n<meta name=\"twitter:label1\" content=\"Dur\u00e9e de lecture estim\u00e9e\" \/>\n\t<meta name=\"twitter:data1\" content=\"2 minutes\" \/>\n<script type=\"application\/ld+json\" class=\"yoast-schema-graph\">{\"@context\":\"https:\/\/schema.org\",\"@graph\":[{\"@type\":\"WebPage\",\"@id\":\"https:\/\/ciclozone.com\/fr\/compte-ciclozone-web-historique-des-versions\/\",\"url\":\"https:\/\/ciclozone.com\/fr\/compte-ciclozone-web-historique-des-versions\/\",\"name\":\"Compte CicloZone Web - Historique des versions - Ciclozone\",\"isPartOf\":{\"@id\":\"https:\/\/ciclozone.com\/fr\/#website\"},\"primaryImageOfPage\":{\"@id\":\"https:\/\/ciclozone.com\/fr\/compte-ciclozone-web-historique-des-versions\/#primaryimage\"},\"image\":{\"@id\":\"https:\/\/ciclozone.com\/fr\/compte-ciclozone-web-historique-des-versions\/#primaryimage\"},\"thumbnailUrl\":\"https:\/\/ciclozone.com\/wp-content\/uploads\/2025\/08\/Swatch-Group-300x7.png\",\"datePublished\":\"2026-02-10T20:43:13+00:00\",\"dateModified\":\"2026-03-30T17:20:55+00:00\",\"breadcrumb\":{\"@id\":\"https:\/\/ciclozone.com\/fr\/compte-ciclozone-web-historique-des-versions\/#breadcrumb\"},\"inLanguage\":\"fr-FR\",\"potentialAction\":[{\"@type\":\"ReadAction\",\"target\":[\"https:\/\/ciclozone.com\/fr\/compte-ciclozone-web-historique-des-versions\/\"]}]},{\"@type\":\"ImageObject\",\"inLanguage\":\"fr-FR\",\"@id\":\"https:\/\/ciclozone.com\/fr\/compte-ciclozone-web-historique-des-versions\/#primaryimage\",\"url\":\"https:\/\/ciclozone.com\/wp-content\/uploads\/2025\/08\/Swatch-Group-300x7.png\",\"contentUrl\":\"https:\/\/ciclozone.com\/wp-content\/uploads\/2025\/08\/Swatch-Group-300x7.png\"},{\"@type\":\"BreadcrumbList\",\"@id\":\"https:\/\/ciclozone.com\/fr\/compte-ciclozone-web-historique-des-versions\/#breadcrumb\",\"itemListElement\":[{\"@type\":\"ListItem\",\"position\":1,\"name\":\"Home\",\"item\":\"https:\/\/ciclozone.com\/fr\/\"},{\"@type\":\"ListItem\",\"position\":2,\"name\":\"Compte CicloZone Web &#8211; Historique des versions\"}]},{\"@type\":\"WebSite\",\"@id\":\"https:\/\/ciclozone.com\/fr\/#website\",\"url\":\"https:\/\/ciclozone.com\/fr\/\",\"name\":\"Ciclozone\",\"description\":\"Indoor Cycling Redefined\",\"publisher\":{\"@id\":\"https:\/\/ciclozone.com\/fr\/#organization\"},\"potentialAction\":[{\"@type\":\"SearchAction\",\"target\":{\"@type\":\"EntryPoint\",\"urlTemplate\":\"https:\/\/ciclozone.com\/fr\/?s={search_term_string}\"},\"query-input\":{\"@type\":\"PropertyValueSpecification\",\"valueRequired\":true,\"valueName\":\"search_term_string\"}}],\"inLanguage\":\"fr-FR\"},{\"@type\":\"Organization\",\"@id\":\"https:\/\/ciclozone.com\/fr\/#organization\",\"name\":\"Ciclozone\",\"url\":\"https:\/\/ciclozone.com\/fr\/\",\"logo\":{\"@type\":\"ImageObject\",\"inLanguage\":\"fr-FR\",\"@id\":\"https:\/\/ciclozone.com\/fr\/#\/schema\/logo\/image\/\",\"url\":\"https:\/\/ciclozone.com\/wp-content\/uploads\/2025\/08\/ciclo-logo.png\",\"contentUrl\":\"https:\/\/ciclozone.com\/wp-content\/uploads\/2025\/08\/ciclo-logo.png\",\"width\":177,\"height\":44,\"caption\":\"Ciclozone\"},\"image\":{\"@id\":\"https:\/\/ciclozone.com\/fr\/#\/schema\/logo\/image\/\"},\"sameAs\":[\"https:\/\/www.facebook.com\/WeareCicloZone\/\",\"https:\/\/www.instagram.com\/ciclozoneuk\/\",\"https:\/\/www.linkedin.com\/company\/ciclozone\/\",\"https:\/\/www.youtube.com\/@ciclozone1059\/\"]}]}<\/script>\n<!-- \/ Yoast SEO plugin. -->","yoast_head_json":{"title":"Compte CicloZone Web - Historique des versions - Ciclozone","robots":{"index":"index","follow":"follow","max-snippet":"max-snippet:-1","max-image-preview":"max-image-preview:large","max-video-preview":"max-video-preview:-1"},"canonical":"https:\/\/ciclozone.com\/fr\/compte-ciclozone-web-historique-des-versions\/","og_locale":"fr_FR","og_type":"article","og_title":"Compte CicloZone Web - Historique des versions - Ciclozone","og_description":"Compte CicloZone Web &#8211; Historique des versions Cette page documente l&rsquo;\u00e9volution de la plateforme de comptes CicloZone Web, utilis\u00e9e par [&hellip;]","og_url":"https:\/\/ciclozone.com\/fr\/compte-ciclozone-web-historique-des-versions\/","og_site_name":"Ciclozone","article_publisher":"https:\/\/www.facebook.com\/WeareCicloZone\/","article_modified_time":"2026-03-30T17:20:55+00:00","og_image":[{"width":550,"height":12,"url":"https:\/\/ciclozone.com\/wp-content\/uploads\/2025\/08\/Swatch-Group.png","type":"image\/png"}],"twitter_card":"summary_large_image","twitter_misc":{"Dur\u00e9e de lecture estim\u00e9e":"2 minutes"},"schema":{"@context":"https:\/\/schema.org","@graph":[{"@type":"WebPage","@id":"https:\/\/ciclozone.com\/fr\/compte-ciclozone-web-historique-des-versions\/","url":"https:\/\/ciclozone.com\/fr\/compte-ciclozone-web-historique-des-versions\/","name":"Compte CicloZone Web - Historique des versions - Ciclozone","isPartOf":{"@id":"https:\/\/ciclozone.com\/fr\/#website"},"primaryImageOfPage":{"@id":"https:\/\/ciclozone.com\/fr\/compte-ciclozone-web-historique-des-versions\/#primaryimage"},"image":{"@id":"https:\/\/ciclozone.com\/fr\/compte-ciclozone-web-historique-des-versions\/#primaryimage"},"thumbnailUrl":"https:\/\/ciclozone.com\/wp-content\/uploads\/2025\/08\/Swatch-Group-300x7.png","datePublished":"2026-02-10T20:43:13+00:00","dateModified":"2026-03-30T17:20:55+00:00","breadcrumb":{"@id":"https:\/\/ciclozone.com\/fr\/compte-ciclozone-web-historique-des-versions\/#breadcrumb"},"inLanguage":"fr-FR","potentialAction":[{"@type":"ReadAction","target":["https:\/\/ciclozone.com\/fr\/compte-ciclozone-web-historique-des-versions\/"]}]},{"@type":"ImageObject","inLanguage":"fr-FR","@id":"https:\/\/ciclozone.com\/fr\/compte-ciclozone-web-historique-des-versions\/#primaryimage","url":"https:\/\/ciclozone.com\/wp-content\/uploads\/2025\/08\/Swatch-Group-300x7.png","contentUrl":"https:\/\/ciclozone.com\/wp-content\/uploads\/2025\/08\/Swatch-Group-300x7.png"},{"@type":"BreadcrumbList","@id":"https:\/\/ciclozone.com\/fr\/compte-ciclozone-web-historique-des-versions\/#breadcrumb","itemListElement":[{"@type":"ListItem","position":1,"name":"Home","item":"https:\/\/ciclozone.com\/fr\/"},{"@type":"ListItem","position":2,"name":"Compte CicloZone Web &#8211; Historique des versions"}]},{"@type":"WebSite","@id":"https:\/\/ciclozone.com\/fr\/#website","url":"https:\/\/ciclozone.com\/fr\/","name":"Ciclozone","description":"Indoor Cycling Redefined","publisher":{"@id":"https:\/\/ciclozone.com\/fr\/#organization"},"potentialAction":[{"@type":"SearchAction","target":{"@type":"EntryPoint","urlTemplate":"https:\/\/ciclozone.com\/fr\/?s={search_term_string}"},"query-input":{"@type":"PropertyValueSpecification","valueRequired":true,"valueName":"search_term_string"}}],"inLanguage":"fr-FR"},{"@type":"Organization","@id":"https:\/\/ciclozone.com\/fr\/#organization","name":"Ciclozone","url":"https:\/\/ciclozone.com\/fr\/","logo":{"@type":"ImageObject","inLanguage":"fr-FR","@id":"https:\/\/ciclozone.com\/fr\/#\/schema\/logo\/image\/","url":"https:\/\/ciclozone.com\/wp-content\/uploads\/2025\/08\/ciclo-logo.png","contentUrl":"https:\/\/ciclozone.com\/wp-content\/uploads\/2025\/08\/ciclo-logo.png","width":177,"height":44,"caption":"Ciclozone"},"image":{"@id":"https:\/\/ciclozone.com\/fr\/#\/schema\/logo\/image\/"},"sameAs":["https:\/\/www.facebook.com\/WeareCicloZone\/","https:\/\/www.instagram.com\/ciclozoneuk\/","https:\/\/www.linkedin.com\/company\/ciclozone\/","https:\/\/www.youtube.com\/@ciclozone1059\/"]}]}},"_links":{"self":[{"href":"https:\/\/ciclozone.com\/fr\/wp-json\/wp\/v2\/pages\/8143","targetHints":{"allow":["GET"]}}],"collection":[{"href":"https:\/\/ciclozone.com\/fr\/wp-json\/wp\/v2\/pages"}],"about":[{"href":"https:\/\/ciclozone.com\/fr\/wp-json\/wp\/v2\/types\/page"}],"author":[{"embeddable":true,"href":"https:\/\/ciclozone.com\/fr\/wp-json\/wp\/v2\/users\/1"}],"replies":[{"embeddable":true,"href":"https:\/\/ciclozone.com\/fr\/wp-json\/wp\/v2\/comments?post=8143"}],"version-history":[{"count":5,"href":"https:\/\/ciclozone.com\/fr\/wp-json\/wp\/v2\/pages\/8143\/revisions"}],"predecessor-version":[{"id":8205,"href":"https:\/\/ciclozone.com\/fr\/wp-json\/wp\/v2\/pages\/8143\/revisions\/8205"}],"wp:attachment":[{"href":"https:\/\/ciclozone.com\/fr\/wp-json\/wp\/v2\/media?parent=8143"}],"curies":[{"name":"wp","href":"https:\/\/api.w.org\/{rel}","templated":true}]}}