{"id":8141,"date":"2026-02-10T20:32:10","date_gmt":"2026-02-10T20:32:10","guid":{"rendered":"https:\/\/ciclozone.com\/ciclozone-application-historique-des-versions\/"},"modified":"2026-03-30T18:20:55","modified_gmt":"2026-03-30T17:20:55","slug":"ciclozone-application-historique-des-versions","status":"publish","type":"page","link":"https:\/\/ciclozone.com\/fr\/ciclozone-application-historique-des-versions\/","title":{"rendered":"CicloZone Application Historique des versions"},"content":{"rendered":"\t\t<div data-elementor-type=\"wp-page\" data-elementor-id=\"8141\" class=\"elementor elementor-8141 elementor-6417\" data-elementor-post-type=\"page\">\n\t\t\t\t<div class=\"elementor-element elementor-element-ce82d27 e-flex e-con-boxed e-con e-parent\" data-id=\"ce82d27\" data-element_type=\"container\" data-e-type=\"container\" data-settings=\"{&quot;background_background&quot;:&quot;classic&quot;,&quot;animation&quot;:&quot;none&quot;,&quot;shape_divider_bottom&quot;:&quot;triangle&quot;,&quot;shape_divider_bottom_negative&quot;:&quot;yes&quot;}\">\n\t\t\t\t\t<div class=\"e-con-inner\">\n\t\t\t\t<div class=\"elementor-shape elementor-shape-bottom\" aria-hidden=\"true\" data-negative=\"true\">\n\t\t\t<svg xmlns=\"http:\/\/www.w3.org\/2000\/svg\" viewBox=\"0 0 1000 100\" preserveAspectRatio=\"none\">\n\t<path class=\"elementor-shape-fill\" d=\"M500.2,94.7L0,0v100h1000V0L500.2,94.7z\"\/>\n<\/svg>\t\t<\/div>\n\t\t<div class=\"elementor-element elementor-element-1f1638d e-con-full e-flex e-con e-child\" data-id=\"1f1638d\" data-element_type=\"container\" data-e-type=\"container\">\n\t\t\t\t<div class=\"elementor-element elementor-element-67e7ba5 elementor-widget__width-initial elementor-widget elementor-widget-heading\" data-id=\"67e7ba5\" data-element_type=\"widget\" data-e-type=\"widget\" data-widget_type=\"heading.default\">\n\t\t\t\t\t<h1 class=\"elementor-heading-title elementor-size-default\">CicloZone Application Historique des versions<\/h1>\t\t\t\t<\/div>\n\t\t\t\t<div class=\"elementor-element elementor-element-e0d15e2 elementor-widget elementor-widget-image\" data-id=\"e0d15e2\" data-element_type=\"widget\" data-e-type=\"widget\" data-widget_type=\"image.default\">\n\t\t\t\t\t\t\t\t\t\t\t\t\t\t\t<img decoding=\"async\" width=\"300\" height=\"7\" src=\"https:\/\/ciclozone.com\/wp-content\/uploads\/2025\/08\/Swatch-Group-300x7.png\" class=\"attachment-medium size-medium wp-image-7132\" alt=\"\" srcset=\"https:\/\/ciclozone.com\/wp-content\/uploads\/2025\/08\/Swatch-Group-300x7.png 300w, https:\/\/ciclozone.com\/wp-content\/uploads\/2025\/08\/Swatch-Group.png 550w\" sizes=\"(max-width: 300px) 100vw, 300px\" \/>\t\t\t\t\t\t\t\t\t\t\t\t\t\t\t<\/div>\n\t\t\t\t<\/div>\n\t\t\t\t\t<\/div>\n\t\t\t\t<\/div>\n\t\t<div class=\"elementor-element elementor-element-21387e6 e-flex e-con-boxed e-con e-parent\" data-id=\"21387e6\" data-element_type=\"container\" data-e-type=\"container\" data-settings=\"{&quot;background_background&quot;:&quot;classic&quot;}\">\n\t\t\t\t\t<div class=\"e-con-inner\">\n\t\t\t\t<div class=\"elementor-element elementor-element-b0f64b3 elementor-widget__width-initial elementor-widget elementor-widget-text-editor\" data-id=\"b0f64b3\" data-element_type=\"widget\" data-e-type=\"widget\" data-widget_type=\"text-editor.default\">\n\t\t\t\t\t\t\t\t\t<h3><strong>iOS\u00a0: CicloZone App &#8211; App StoreCicloZone App &#8211; App Store<\/strong><\/h3><h3><strong>Android\u00a0: CicloZone App &#8211; Google PlayCicloZone App &#8211; Google Play<\/strong><\/h3><h3><strong>Derni\u00e8re mise \u00e0 jour : 22 septembre 2025<\/strong><\/h3><h4><strong>Introduction<\/strong><\/h4><p>Cette page documente les versions rendues publiques de l&rsquo;application mobile CicloZone. Il fournit un aper\u00e7u historique des ajouts de fonctionnalit\u00e9s, des am\u00e9liorations et des mises \u00e0 jour de stabilit\u00e9 dans l&rsquo;application CicloZone.<\/p><p>Cet historique des versions est con\u00e7u comme un journal des modifications factuel et ne d\u00e9crit pas les futures fonctionnalit\u00e9s ni les engagements de la feuille de route du produit.<\/p><h4><strong>Navigation rapide (par ann\u00e9e)<\/strong><\/h4><p>Mises \u00e0 jour 2025<\/p><p>Mises \u00e0 jour 2024<\/p><p>Notes sur les versions historiques<\/p><p>Politique de mise \u00e0 jour<\/p><h4><strong>Champ d&rsquo;application<\/strong><\/h4><p>L&rsquo;application mobile CicloZone est disponible sur iOS et Android et est construite \u00e0 l&rsquo;aide d&rsquo;une base de code React Native partag\u00e9e.<\/p><p>Sauf indication contraire explicite, les num\u00e9ros de version r\u00e9pertori\u00e9s dans ce document s&rsquo;appliquent aux deux plates-formes mobiles et sont publi\u00e9s simultan\u00e9ment.<\/p><h3><strong>Mises \u00e0 jour 2025<\/strong><\/h3><h4><strong>Version 6.7.36 \u2014 22 septembre 2025<\/strong><\/h4><p>Connectivit\u00e9 v\u00e9lo am\u00e9lior\u00e9e<\/p><h4><strong>Version 6.7.35 \u2014 15 septembre 2025<\/strong><\/h4><p>Am\u00e9liorations mineures de la stabilit\u00e9<\/p><h4><strong>Version 6.7.34 \u2014 8 septembre 2025<\/strong><\/h4><p>Corrections de bugs et am\u00e9liorations des performances<\/p><h4><strong>Version 6.7.33 \u2014 1er septembre 2025<\/strong><\/h4><p>Gestion am\u00e9lior\u00e9e des connexions Bluetooth<\/p><p>Am\u00e9liorations mineures de l&rsquo;interface utilisateur<\/p><h4><strong>Version 6.7.31 \u2014 18 ao\u00fbt 2025<\/strong><\/h4><p>Am\u00e9liorations de la stabilit\u00e9 pour les balades en studio<\/p><h4><strong>Version 6.7.29 \u2014 4 ao\u00fbt 2025<\/strong><\/h4><p>Am\u00e9liorations de la pr\u00e9cision du suivi des trajets<\/p><p>Corrections de bugs li\u00e9s \u00e0 la reconnexion des appareils<\/p><h4><strong>Version 6.7.27 \u2014 21 juillet 2025<\/strong><\/h4><p>Performances am\u00e9lior\u00e9es pour les trajets en studio<\/p><p>Corrections de bugs mineurs<\/p><h4><strong>Version 6.7.25 \u2014 7 juillet 2025<\/strong><\/h4><p>Am\u00e9liorations de la gestion des appareils Bluetooth<\/p><p>Am\u00e9liorations g\u00e9n\u00e9rales de la stabilit\u00e9<\/p><h4><strong>Version 6.7.23 \u2014 23 juin 2025<\/strong><\/h4><p>Pr\u00e9cision am\u00e9lior\u00e9e des analyses de trajet<\/p><p>Optimisations des performances<\/p><h4><strong>Version 6.6.15 \u2014 18 mai 2025<\/strong><\/h4><p>Riders peut glisser pour afficher les classements de classe directement sur leurs appareils<\/p><p>Les tests adaptatifs FTP permettent aux coureurs de comparer FTP lors d&rsquo;un cours normal<\/p><p>Optimisations des performances<\/p><p>Compatibilit\u00e9 am\u00e9lior\u00e9e avec certains mod\u00e8les de v\u00e9los<\/p><p>Riders peut renommer ses appareils Bluetooth<\/p><h4><strong>Version 6.5.14 \u2014 31 mars 2025<\/strong><\/h4><p>Stabilit\u00e9 am\u00e9lior\u00e9e des analyses de trajet<br \/>Corrections de bugs affectant les man\u00e8ges en studio<\/p><h4><strong>Version 6.4.12 \u2014 17 f\u00e9vrier 2025<\/strong><\/h4><p>Fiabilit\u00e9 de la connexion Bluetooth am\u00e9lior\u00e9e<\/p><p>Am\u00e9liorations des performances pendant les cours plus longs<\/p><h4><strong>Version 6.3.10 \u2014 6 janvier 2025<\/strong><\/h4><p>Am\u00e9liorations g\u00e9n\u00e9rales des performances et de la stabilit\u00e9<\/p><h3><strong>Mises \u00e0 jour 2024<\/strong><\/h3><h4><strong>Version 6.2.8 \u2014 25 novembre 2024<\/strong><\/h4><p>Gestion am\u00e9lior\u00e9e des m\u00e9triques des coureurs pendant les cours en direct<\/p><h4><strong>Version 6.1.6 \u2014 14 octobre 2024<\/strong><\/h4><p>Corrections de bugs et am\u00e9liorations mineures des performances<\/p><h4><strong>Version 6.0.4 \u2014 2 septembre 2024<\/strong><\/h4><p>Am\u00e9liorations de la connectivit\u00e9 des studios<\/p><p>Gestion am\u00e9lior\u00e9e des capteurs Bluetooth<\/p><h4><strong>Version 5.9.3 \u2014 22 juillet 2024<\/strong><\/h4><p>Optimisations des performances<\/p><p>Am\u00e9liorations de la stabilit\u00e9 sur les appareils pris en charge<\/p><h3><strong>Notes sur les versions historiques<\/strong><\/h3><p>Les versions ant\u00e9rieures peuvent inclure des am\u00e9liorations group\u00e9es ou des modifications internes non r\u00e9pertori\u00e9es individuellement ici. Cet historique refl\u00e8te les versions rendues publiques et distribu\u00e9es via les magasins d&rsquo;applications officiels.<\/p><h3><strong>Politique de mise \u00e0 jour<\/strong><\/h3><p>Cette page est mise \u00e0 jour lorsque de nouvelles versions de l&rsquo;application mobile CicloZone sont publi\u00e9es.<\/p>\t\t\t\t\t\t\t\t<\/div>\n\t\t\t\t\t<\/div>\n\t\t\t\t<\/div>\n\t\t\t\t<\/div>\n\t\t","protected":false},"excerpt":{"rendered":"<p>CicloZone Application Historique des versions iOS\u00a0: CicloZone App &#8211; App StoreCicloZone App &#8211; App Store Android\u00a0: CicloZone App &#8211; Google [&hellip;]<\/p>\n","protected":false},"author":1,"featured_media":0,"parent":0,"menu_order":0,"comment_status":"closed","ping_status":"closed","template":"","meta":{"site-sidebar-layout":"no-sidebar","site-content-layout":"","ast-site-content-layout":"full-width-container","site-content-style":"default","site-sidebar-style":"default","ast-global-header-display":"","ast-banner-title-visibility":"","ast-main-header-display":"","ast-hfb-above-header-display":"","ast-hfb-below-header-display":"","ast-hfb-mobile-header-display":"","site-post-title":"","ast-breadcrumbs-content":"","ast-featured-img":"disabled","footer-sml-layout":"","ast-disable-related-posts":"","theme-transparent-header-meta":"","adv-header-id-meta":"","stick-header-meta":"","header-above-stick-meta":"","header-main-stick-meta":"","header-below-stick-meta":"","astra-migrate-meta-layouts":"default","ast-page-background-enabled":"default","ast-page-background-meta":{"desktop":{"background-color":"var(--ast-global-color-5)","background-image":"","background-repeat":"repeat","background-position":"center center","background-size":"auto","background-attachment":"scroll","background-type":"","background-media":"","overlay-type":"","overlay-color":"","overlay-opacity":"","overlay-gradient":""},"tablet":{"background-color":"","background-image":"","background-repeat":"repeat","background-position":"center center","background-size":"auto","background-attachment":"scroll","background-type":"","background-media":"","overlay-type":"","overlay-color":"","overlay-opacity":"","overlay-gradient":""},"mobile":{"background-color":"","background-image":"","background-repeat":"repeat","background-position":"center center","background-size":"auto","background-attachment":"scroll","background-type":"","background-media":"","overlay-type":"","overlay-color":"","overlay-opacity":"","overlay-gradient":""}},"ast-content-background-meta":{"desktop":{"background-color":"var(--ast-global-color-4)","background-image":"","background-repeat":"repeat","background-position":"center center","background-size":"auto","background-attachment":"scroll","background-type":"","background-media":"","overlay-type":"","overlay-color":"","overlay-opacity":"","overlay-gradient":""},"tablet":{"background-color":"var(--ast-global-color-4)","background-image":"","background-repeat":"repeat","background-position":"center center","background-size":"auto","background-attachment":"scroll","background-type":"","background-media":"","overlay-type":"","overlay-color":"","overlay-opacity":"","overlay-gradient":""},"mobile":{"background-color":"var(--ast-global-color-4)","background-image":"","background-repeat":"repeat","background-position":"center center","background-size":"auto","background-attachment":"scroll","background-type":"","background-media":"","overlay-type":"","overlay-color":"","overlay-opacity":"","overlay-gradient":""}},"footnotes":""},"class_list":["post-8141","page","type-page","status-publish","hentry"],"yoast_head":"<!-- This site is optimized with the Yoast SEO plugin v27.1.1 - https:\/\/yoast.com\/product\/yoast-seo-wordpress\/ -->\n<title>CicloZone Application Historique des versions - Ciclozone<\/title>\n<meta name=\"robots\" content=\"index, follow, max-snippet:-1, max-image-preview:large, max-video-preview:-1\" \/>\n<link rel=\"canonical\" href=\"https:\/\/ciclozone.com\/fr\/ciclozone-application-historique-des-versions\/\" \/>\n<meta property=\"og:locale\" content=\"fr_FR\" \/>\n<meta property=\"og:type\" content=\"article\" \/>\n<meta property=\"og:title\" content=\"CicloZone Application Historique des versions - Ciclozone\" \/>\n<meta property=\"og:description\" content=\"CicloZone Application Historique des versions iOS\u00a0: CicloZone App &#8211; App StoreCicloZone App &#8211; App Store Android\u00a0: CicloZone App &#8211; Google [&hellip;]\" \/>\n<meta property=\"og:url\" content=\"https:\/\/ciclozone.com\/fr\/ciclozone-application-historique-des-versions\/\" \/>\n<meta property=\"og:site_name\" content=\"Ciclozone\" \/>\n<meta property=\"article:publisher\" content=\"https:\/\/www.facebook.com\/WeareCicloZone\/\" \/>\n<meta property=\"article:modified_time\" content=\"2026-03-30T17:20:55+00:00\" \/>\n<meta property=\"og:image\" content=\"https:\/\/ciclozone.com\/wp-content\/uploads\/2025\/08\/Swatch-Group.png\" \/>\n\t<meta property=\"og:image:width\" content=\"550\" \/>\n\t<meta property=\"og:image:height\" content=\"12\" \/>\n\t<meta property=\"og:image:type\" content=\"image\/png\" \/>\n<meta name=\"twitter:card\" content=\"summary_large_image\" \/>\n<meta name=\"twitter:label1\" content=\"Dur\u00e9e de lecture estim\u00e9e\" \/>\n\t<meta name=\"twitter:data1\" content=\"2 minutes\" \/>\n<script type=\"application\/ld+json\" class=\"yoast-schema-graph\">{\"@context\":\"https:\/\/schema.org\",\"@graph\":[{\"@type\":\"WebPage\",\"@id\":\"https:\/\/ciclozone.com\/fr\/ciclozone-application-historique-des-versions\/\",\"url\":\"https:\/\/ciclozone.com\/fr\/ciclozone-application-historique-des-versions\/\",\"name\":\"CicloZone Application Historique des versions - Ciclozone\",\"isPartOf\":{\"@id\":\"https:\/\/ciclozone.com\/fr\/#website\"},\"primaryImageOfPage\":{\"@id\":\"https:\/\/ciclozone.com\/fr\/ciclozone-application-historique-des-versions\/#primaryimage\"},\"image\":{\"@id\":\"https:\/\/ciclozone.com\/fr\/ciclozone-application-historique-des-versions\/#primaryimage\"},\"thumbnailUrl\":\"https:\/\/ciclozone.com\/wp-content\/uploads\/2025\/08\/Swatch-Group-300x7.png\",\"datePublished\":\"2026-02-10T20:32:10+00:00\",\"dateModified\":\"2026-03-30T17:20:55+00:00\",\"breadcrumb\":{\"@id\":\"https:\/\/ciclozone.com\/fr\/ciclozone-application-historique-des-versions\/#breadcrumb\"},\"inLanguage\":\"fr-FR\",\"potentialAction\":[{\"@type\":\"ReadAction\",\"target\":[\"https:\/\/ciclozone.com\/fr\/ciclozone-application-historique-des-versions\/\"]}]},{\"@type\":\"ImageObject\",\"inLanguage\":\"fr-FR\",\"@id\":\"https:\/\/ciclozone.com\/fr\/ciclozone-application-historique-des-versions\/#primaryimage\",\"url\":\"https:\/\/ciclozone.com\/wp-content\/uploads\/2025\/08\/Swatch-Group-300x7.png\",\"contentUrl\":\"https:\/\/ciclozone.com\/wp-content\/uploads\/2025\/08\/Swatch-Group-300x7.png\"},{\"@type\":\"BreadcrumbList\",\"@id\":\"https:\/\/ciclozone.com\/fr\/ciclozone-application-historique-des-versions\/#breadcrumb\",\"itemListElement\":[{\"@type\":\"ListItem\",\"position\":1,\"name\":\"Home\",\"item\":\"https:\/\/ciclozone.com\/fr\/\"},{\"@type\":\"ListItem\",\"position\":2,\"name\":\"CicloZone Application Historique des versions\"}]},{\"@type\":\"WebSite\",\"@id\":\"https:\/\/ciclozone.com\/fr\/#website\",\"url\":\"https:\/\/ciclozone.com\/fr\/\",\"name\":\"Ciclozone\",\"description\":\"Indoor Cycling Redefined\",\"publisher\":{\"@id\":\"https:\/\/ciclozone.com\/fr\/#organization\"},\"potentialAction\":[{\"@type\":\"SearchAction\",\"target\":{\"@type\":\"EntryPoint\",\"urlTemplate\":\"https:\/\/ciclozone.com\/fr\/?s={search_term_string}\"},\"query-input\":{\"@type\":\"PropertyValueSpecification\",\"valueRequired\":true,\"valueName\":\"search_term_string\"}}],\"inLanguage\":\"fr-FR\"},{\"@type\":\"Organization\",\"@id\":\"https:\/\/ciclozone.com\/fr\/#organization\",\"name\":\"Ciclozone\",\"url\":\"https:\/\/ciclozone.com\/fr\/\",\"logo\":{\"@type\":\"ImageObject\",\"inLanguage\":\"fr-FR\",\"@id\":\"https:\/\/ciclozone.com\/fr\/#\/schema\/logo\/image\/\",\"url\":\"https:\/\/ciclozone.com\/wp-content\/uploads\/2025\/08\/ciclo-logo.png\",\"contentUrl\":\"https:\/\/ciclozone.com\/wp-content\/uploads\/2025\/08\/ciclo-logo.png\",\"width\":177,\"height\":44,\"caption\":\"Ciclozone\"},\"image\":{\"@id\":\"https:\/\/ciclozone.com\/fr\/#\/schema\/logo\/image\/\"},\"sameAs\":[\"https:\/\/www.facebook.com\/WeareCicloZone\/\",\"https:\/\/www.instagram.com\/ciclozoneuk\/\",\"https:\/\/www.linkedin.com\/company\/ciclozone\/\",\"https:\/\/www.youtube.com\/@ciclozone1059\/\"]}]}<\/script>\n<!-- \/ Yoast SEO plugin. -->","yoast_head_json":{"title":"CicloZone Application Historique des versions - Ciclozone","robots":{"index":"index","follow":"follow","max-snippet":"max-snippet:-1","max-image-preview":"max-image-preview:large","max-video-preview":"max-video-preview:-1"},"canonical":"https:\/\/ciclozone.com\/fr\/ciclozone-application-historique-des-versions\/","og_locale":"fr_FR","og_type":"article","og_title":"CicloZone Application Historique des versions - Ciclozone","og_description":"CicloZone Application Historique des versions iOS\u00a0: CicloZone App &#8211; App StoreCicloZone App &#8211; App Store Android\u00a0: CicloZone App &#8211; Google [&hellip;]","og_url":"https:\/\/ciclozone.com\/fr\/ciclozone-application-historique-des-versions\/","og_site_name":"Ciclozone","article_publisher":"https:\/\/www.facebook.com\/WeareCicloZone\/","article_modified_time":"2026-03-30T17:20:55+00:00","og_image":[{"width":550,"height":12,"url":"https:\/\/ciclozone.com\/wp-content\/uploads\/2025\/08\/Swatch-Group.png","type":"image\/png"}],"twitter_card":"summary_large_image","twitter_misc":{"Dur\u00e9e de lecture estim\u00e9e":"2 minutes"},"schema":{"@context":"https:\/\/schema.org","@graph":[{"@type":"WebPage","@id":"https:\/\/ciclozone.com\/fr\/ciclozone-application-historique-des-versions\/","url":"https:\/\/ciclozone.com\/fr\/ciclozone-application-historique-des-versions\/","name":"CicloZone Application Historique des versions - Ciclozone","isPartOf":{"@id":"https:\/\/ciclozone.com\/fr\/#website"},"primaryImageOfPage":{"@id":"https:\/\/ciclozone.com\/fr\/ciclozone-application-historique-des-versions\/#primaryimage"},"image":{"@id":"https:\/\/ciclozone.com\/fr\/ciclozone-application-historique-des-versions\/#primaryimage"},"thumbnailUrl":"https:\/\/ciclozone.com\/wp-content\/uploads\/2025\/08\/Swatch-Group-300x7.png","datePublished":"2026-02-10T20:32:10+00:00","dateModified":"2026-03-30T17:20:55+00:00","breadcrumb":{"@id":"https:\/\/ciclozone.com\/fr\/ciclozone-application-historique-des-versions\/#breadcrumb"},"inLanguage":"fr-FR","potentialAction":[{"@type":"ReadAction","target":["https:\/\/ciclozone.com\/fr\/ciclozone-application-historique-des-versions\/"]}]},{"@type":"ImageObject","inLanguage":"fr-FR","@id":"https:\/\/ciclozone.com\/fr\/ciclozone-application-historique-des-versions\/#primaryimage","url":"https:\/\/ciclozone.com\/wp-content\/uploads\/2025\/08\/Swatch-Group-300x7.png","contentUrl":"https:\/\/ciclozone.com\/wp-content\/uploads\/2025\/08\/Swatch-Group-300x7.png"},{"@type":"BreadcrumbList","@id":"https:\/\/ciclozone.com\/fr\/ciclozone-application-historique-des-versions\/#breadcrumb","itemListElement":[{"@type":"ListItem","position":1,"name":"Home","item":"https:\/\/ciclozone.com\/fr\/"},{"@type":"ListItem","position":2,"name":"CicloZone Application Historique des versions"}]},{"@type":"WebSite","@id":"https:\/\/ciclozone.com\/fr\/#website","url":"https:\/\/ciclozone.com\/fr\/","name":"Ciclozone","description":"Indoor Cycling Redefined","publisher":{"@id":"https:\/\/ciclozone.com\/fr\/#organization"},"potentialAction":[{"@type":"SearchAction","target":{"@type":"EntryPoint","urlTemplate":"https:\/\/ciclozone.com\/fr\/?s={search_term_string}"},"query-input":{"@type":"PropertyValueSpecification","valueRequired":true,"valueName":"search_term_string"}}],"inLanguage":"fr-FR"},{"@type":"Organization","@id":"https:\/\/ciclozone.com\/fr\/#organization","name":"Ciclozone","url":"https:\/\/ciclozone.com\/fr\/","logo":{"@type":"ImageObject","inLanguage":"fr-FR","@id":"https:\/\/ciclozone.com\/fr\/#\/schema\/logo\/image\/","url":"https:\/\/ciclozone.com\/wp-content\/uploads\/2025\/08\/ciclo-logo.png","contentUrl":"https:\/\/ciclozone.com\/wp-content\/uploads\/2025\/08\/ciclo-logo.png","width":177,"height":44,"caption":"Ciclozone"},"image":{"@id":"https:\/\/ciclozone.com\/fr\/#\/schema\/logo\/image\/"},"sameAs":["https:\/\/www.facebook.com\/WeareCicloZone\/","https:\/\/www.instagram.com\/ciclozoneuk\/","https:\/\/www.linkedin.com\/company\/ciclozone\/","https:\/\/www.youtube.com\/@ciclozone1059\/"]}]}},"_links":{"self":[{"href":"https:\/\/ciclozone.com\/fr\/wp-json\/wp\/v2\/pages\/8141","targetHints":{"allow":["GET"]}}],"collection":[{"href":"https:\/\/ciclozone.com\/fr\/wp-json\/wp\/v2\/pages"}],"about":[{"href":"https:\/\/ciclozone.com\/fr\/wp-json\/wp\/v2\/types\/page"}],"author":[{"embeddable":true,"href":"https:\/\/ciclozone.com\/fr\/wp-json\/wp\/v2\/users\/1"}],"replies":[{"embeddable":true,"href":"https:\/\/ciclozone.com\/fr\/wp-json\/wp\/v2\/comments?post=8141"}],"version-history":[{"count":5,"href":"https:\/\/ciclozone.com\/fr\/wp-json\/wp\/v2\/pages\/8141\/revisions"}],"predecessor-version":[{"id":8203,"href":"https:\/\/ciclozone.com\/fr\/wp-json\/wp\/v2\/pages\/8141\/revisions\/8203"}],"wp:attachment":[{"href":"https:\/\/ciclozone.com\/fr\/wp-json\/wp\/v2\/media?parent=8141"}],"curies":[{"name":"wp","href":"https:\/\/api.w.org\/{rel}","templated":true}]}}