{"id":8135,"date":"2026-02-10T20:40:45","date_gmt":"2026-02-10T20:40:45","guid":{"rendered":"https:\/\/ciclozone.com\/ciclo-studio-android-tv-historique-des-versions-et-mises-a-jour\/"},"modified":"2026-03-30T18:20:55","modified_gmt":"2026-03-30T17:20:55","slug":"ciclo-studio-android-tv-historique-des-versions-et-mises-a-jour","status":"publish","type":"page","link":"https:\/\/ciclozone.com\/fr\/ciclo-studio-android-tv-historique-des-versions-et-mises-a-jour\/","title":{"rendered":"Ciclo Studio (Android TV) \u2013 Historique des versions et mises \u00e0 jour"},"content":{"rendered":"\t\t<div data-elementor-type=\"wp-page\" data-elementor-id=\"8135\" class=\"elementor elementor-8135 elementor-6423\" data-elementor-post-type=\"page\">\n\t\t\t\t<div class=\"elementor-element elementor-element-1fc1fcc e-flex e-con-boxed e-con e-parent\" data-id=\"1fc1fcc\" data-element_type=\"container\" data-e-type=\"container\" data-settings=\"{&quot;background_background&quot;:&quot;classic&quot;,&quot;animation&quot;:&quot;none&quot;,&quot;shape_divider_bottom&quot;:&quot;triangle&quot;,&quot;shape_divider_bottom_negative&quot;:&quot;yes&quot;}\">\n\t\t\t\t\t<div class=\"e-con-inner\">\n\t\t\t\t<div class=\"elementor-shape elementor-shape-bottom\" aria-hidden=\"true\" data-negative=\"true\">\n\t\t\t<svg xmlns=\"http:\/\/www.w3.org\/2000\/svg\" viewBox=\"0 0 1000 100\" preserveAspectRatio=\"none\">\n\t<path class=\"elementor-shape-fill\" d=\"M500.2,94.7L0,0v100h1000V0L500.2,94.7z\"\/>\n<\/svg>\t\t<\/div>\n\t\t<div class=\"elementor-element elementor-element-b3084b2 e-con-full e-flex e-con e-child\" data-id=\"b3084b2\" data-element_type=\"container\" data-e-type=\"container\">\n\t\t\t\t<div class=\"elementor-element elementor-element-237ed72 elementor-widget__width-initial elementor-widget elementor-widget-heading\" data-id=\"237ed72\" data-element_type=\"widget\" data-e-type=\"widget\" data-widget_type=\"heading.default\">\n\t\t\t\t\t<h1 class=\"elementor-heading-title elementor-size-default\">Ciclo Studio (Android TV) \u2013 Historique des versions et mises \u00e0 jour<\/h1>\t\t\t\t<\/div>\n\t\t\t\t<div class=\"elementor-element elementor-element-607a6ea elementor-widget elementor-widget-image\" data-id=\"607a6ea\" data-element_type=\"widget\" data-e-type=\"widget\" data-widget_type=\"image.default\">\n\t\t\t\t\t\t\t\t\t\t\t\t\t\t\t<img decoding=\"async\" width=\"300\" height=\"7\" src=\"https:\/\/ciclozone.com\/wp-content\/uploads\/2025\/08\/Swatch-Group-300x7.png\" class=\"attachment-medium size-medium wp-image-7132\" alt=\"\" srcset=\"https:\/\/ciclozone.com\/wp-content\/uploads\/2025\/08\/Swatch-Group-300x7.png 300w, https:\/\/ciclozone.com\/wp-content\/uploads\/2025\/08\/Swatch-Group.png 550w\" sizes=\"(max-width: 300px) 100vw, 300px\" \/>\t\t\t\t\t\t\t\t\t\t\t\t\t\t\t<\/div>\n\t\t\t\t<\/div>\n\t\t\t\t\t<\/div>\n\t\t\t\t<\/div>\n\t\t<div class=\"elementor-element elementor-element-be8e3f8 e-flex e-con-boxed e-con e-parent\" data-id=\"be8e3f8\" data-element_type=\"container\" data-e-type=\"container\" data-settings=\"{&quot;background_background&quot;:&quot;classic&quot;}\">\n\t\t\t\t\t<div class=\"e-con-inner\">\n\t\t\t\t<div class=\"elementor-element elementor-element-45ceb5e elementor-widget__width-initial elementor-widget elementor-widget-text-editor\" data-id=\"45ceb5e\" data-element_type=\"widget\" data-e-type=\"widget\" data-widget_type=\"text-editor.default\">\n\t\t\t\t\t\t\t\t\t<h3><strong>Android TV\u00a0: Ciclo Studio Application &#8211; Google PlayCiclo Studio App &#8211; Google Play<\/strong><\/h3><h3><strong>Derni\u00e8re mise \u00e0 jour : 22 mai 2025<\/strong><\/h3><h3><strong>Introduction<\/strong><\/h3><p>Cette page documente les versions rendues publiques de l&rsquo;application Ciclo Studio pour Android TV. Il fournit un aper\u00e7u factuel des am\u00e9liorations de stabilit\u00e9, des mises \u00e0 jour de performances et des ajouts de fonctionnalit\u00e9s dans les versions publi\u00e9es.<\/p><p>Cette page documente la demande Ciclo Studio pour Android TV. Les mises \u00e0 jour des applications mobiles sont document\u00e9es s\u00e9par\u00e9ment.<\/p><p>Sauf indication contraire, les mises \u00e0 jour se concentrent sur la stabilit\u00e9 de la plateforme, la fiabilit\u00e9 de la connectivit\u00e9 et l&rsquo;optimisation des performances.<\/p><h3><strong>Ciclo Studio (Android TV) \u2013 Historique des versions<\/strong><\/h3><h4><strong>Version 5.3.13 (code de version 553) \u2014 22 mai 2025<\/strong><\/h4><p>Am\u00e9liorations g\u00e9n\u00e9rales de la stabilit\u00e9<\/p><p>Optimisations mineures des performances<\/p><h4><strong>Version 5.3.12 (code de version 552) \u2014 18 mai 2025<\/strong><\/h4><p>Optimisations des performances<\/p><p>Am\u00e9liorations de la gestion des processus en arri\u00e8re-plan<\/p><h4><strong>Version 5.1.22 (code de version 532) \u2014 26 mars 2025<\/strong><\/h4><p>Am\u00e9liorations de la stabilit\u00e9 pour les sessions de studio prolong\u00e9es<\/p><h4><strong>Version 4.0.9 (code de version 409) \u2014 15 janvier 2025<\/strong><\/h4><p>Stabilit\u00e9 globale am\u00e9lior\u00e9e de l\u2019application<\/p><p>Am\u00e9liorations des performances pour les appareils Android TV<\/p><h4><strong>Version 3.1.63 (code de version 363) \u2014 12 novembre 2024<\/strong><\/h4><p>Am\u00e9liorations de la stabilit\u00e9<\/p><p>Optimisation de l&rsquo;utilisation des ressources syst\u00e8me<\/p><h4><strong>Version 3.0.0 (code de version 302) \u2014 31 juillet 2024<\/strong><\/h4><h3><strong>Mise \u00e0 jour majeure de la plateforme<\/strong><\/h3><h3><strong>Classement<\/strong><\/h3><ul><li>Introduction d&rsquo;une nouvelle conception de classement et d&rsquo;une logique de classement mise \u00e0 jour<\/li><\/ul><h3><strong>Autorisations<\/strong><\/h3><p>Ajout d&rsquo;une demande d&rsquo;autorisation de superposition Android pour prendre en charge les exigences d&rsquo;affichage au niveau du syst\u00e8me<\/p><h3><strong>Mises \u00e0 jour int\u00e9gr\u00e9es \u00e0 l&rsquo;application<\/strong><\/h3><p>Ajout d&rsquo;une invite de mise \u00e0 jour dans l&rsquo;application pendant le compte \u00e0 rebours lorsqu&rsquo;une version plus r\u00e9cente est disponible<\/p><h4><strong>Version 2.0.3 (code de version 68) \u2014 17 octobre 2023<\/strong><\/h4><p>Am\u00e9liorations g\u00e9n\u00e9rales de la stabilit\u00e9<\/p><p>Optimisation des performances pour les environnements Android TV<\/p><h4><strong>Version 2.0.2 (code de version 67) \u2014 27 septembre 2023<\/strong><\/h4><p>Correctifs de stabilit\u00e9<\/p><p>Am\u00e9liorations mineures de la r\u00e9activit\u00e9 des applications<\/p><h4><strong>Version 2.0.1 (code de version 66) \u2014 12 septembre 2023<\/strong><\/h4><p>Optimisations des performances<\/p><p>Am\u00e9liorations de la fiabilit\u00e9 pour la sortie d&rsquo;affichage en studio<\/p><h4><strong>Version 2.0.0 (code de version 65) \u2014 6 septembre 2023<\/strong><\/h4><p>Am\u00e9liorations de la stabilit\u00e9 de la plateforme<\/p><p>Am\u00e9liorations des performances internes<\/p><h4><strong>Version 2.0.0 (code de version 64) \u2014 4 septembre 2023<\/strong><\/h4><p>Version initiale de la branche plateforme 2.0<\/p><p>Am\u00e9liorations g\u00e9n\u00e9rales de la stabilit\u00e9 et des performances<\/p><h4><strong>Version 1.2.8 (code de version 63) \u2014 8 ao\u00fbt 2023<\/strong><\/h4><p>Am\u00e9liorations de la stabilit\u00e9<\/p><p>Optimisations mineures du syst\u00e8me<\/p><h4><strong>Version 1.2.7 (code de version 62) \u2014 16 juin 2023<\/strong><\/h4><p>Am\u00e9liorations des performances<\/p><p>Corrections de bugs affectant les sessions de longue dur\u00e9e<\/p><h4><strong>Version 1.2.6 (code de version 59) \u2014 25 avril 2023<\/strong><\/h4><p>Am\u00e9liorations g\u00e9n\u00e9rales des performances<\/p><p>Fiabilit\u00e9 accrue sur les appareils Android TV pris en charge<\/p><h4><strong>Version 1.2.5 (code de version 58) \u2014 5 avril 2023<\/strong><\/h4><p>Correctifs de stabilit\u00e9<\/p><p>Am\u00e9liorations mineures du comportement du syst\u00e8me<\/p><h4><strong>Version 1.2.4 (code de version 57) \u2014 8 septembre 2022<\/strong><\/h4><p>Optimisations des performances<\/p><p>Corrections de bugs<\/p><h4><strong>Version 1.2.3 (code de version 55) \u2014 4 ao\u00fbt 2022<\/strong><\/h4><p>Am\u00e9liorations g\u00e9n\u00e9rales de la stabilit\u00e9<\/p><h4><strong>Version 1.2.2 (code de version 53) \u2014 27 juin 2022<\/strong><\/h4><p>Am\u00e9liorations de la stabilit\u00e9 et de la fiabilit\u00e9<\/p><h4><strong>Version 1.2.1 (code de version 52) \u2014 4 mai 2022<\/strong><\/h4><p>Am\u00e9liorations mineures des performances<\/p><h4><strong>Version 1.2.0 (code de version 51) \u2014 29 avril 2022<\/strong><\/h4><p>Am\u00e9liorations g\u00e9n\u00e9rales de la plateforme<\/p><p>Optimisations de stabilit\u00e9<\/p><h4><strong>Version 1.1.0 (code de version 15) \u2014 16 mars 2022<\/strong><\/h4><p>Am\u00e9liorations pr\u00e9coces de la stabilit\u00e9 de la plate-forme<\/p><h4><strong>Version 1.0.5 (code de version 13) \u2014 9 mars 2022<\/strong><\/h4><p>Correctifs de performances<\/p><p>Corrections de bugs mineurs<\/p><h4><strong>Version 1.0.4 (code de version 12) \u2014 8 mars 2022<\/strong><\/h4><p>Am\u00e9liorations de la stabilit\u00e9<\/p><h4><strong>Version 1.0.4 (code de version 11) \u2014 28 f\u00e9vrier 2022<\/strong><\/h4><p>Corrections mineures de performances<\/p><h4><strong>Version 1.0.4 (code de version 10) \u2014 24 f\u00e9vrier 2022<\/strong><\/h4><p>Corrections de bugs<\/p><p>Am\u00e9liorations de la stabilit\u00e9<\/p><h4><strong>Version 1.0.4 (code de version 9) \u2014 23 f\u00e9vrier 2022<\/strong><\/h4><p>Correctifs internes<\/p><h4><strong>Version 1.0.3 (code de version 8) \u2014 14 f\u00e9vrier 2022<\/strong><\/h4><p>Premi\u00e8res versions publiques<\/p><p>Am\u00e9liorations de la stabilit\u00e9 de base<\/p><h3><strong>Notes sur les versions historiques<\/strong><\/h3><p>Seules les versions avec des horodatages de publication Google Play confirm\u00e9s sont r\u00e9pertori\u00e9es.<\/p><p>Les entr\u00e9es sans notes de modification d\u00e9taill\u00e9es refl\u00e8tent des mises \u00e0 jour ax\u00e9es sur la maintenance<\/p><p>Des versions s\u00e9mantiques en double peuvent exister en raison de plusieurs soumissions Play Store avec des codes de version diff\u00e9rents<\/p><h3><strong>Politique de mise \u00e0 jour<\/strong><\/h3><p>Cette page est mise \u00e0 jour \u00e0 mesure que de nouvelles versions de Ciclo Studio sont rendues publiques.<\/p>\t\t\t\t\t\t\t\t<\/div>\n\t\t\t\t\t<\/div>\n\t\t\t\t<\/div>\n\t\t\t\t<\/div>\n\t\t","protected":false},"excerpt":{"rendered":"<p>Ciclo Studio (Android TV) \u2013 Historique des versions et mises \u00e0 jour Android TV\u00a0: Ciclo Studio Application &#8211; Google PlayCiclo [&hellip;]<\/p>\n","protected":false},"author":1,"featured_media":0,"parent":0,"menu_order":0,"comment_status":"closed","ping_status":"closed","template":"","meta":{"site-sidebar-layout":"no-sidebar","site-content-layout":"","ast-site-content-layout":"full-width-container","site-content-style":"default","site-sidebar-style":"default","ast-global-header-display":"","ast-banner-title-visibility":"","ast-main-header-display":"","ast-hfb-above-header-display":"","ast-hfb-below-header-display":"","ast-hfb-mobile-header-display":"","site-post-title":"","ast-breadcrumbs-content":"","ast-featured-img":"disabled","footer-sml-layout":"","ast-disable-related-posts":"","theme-transparent-header-meta":"","adv-header-id-meta":"","stick-header-meta":"","header-above-stick-meta":"","header-main-stick-meta":"","header-below-stick-meta":"","astra-migrate-meta-layouts":"default","ast-page-background-enabled":"default","ast-page-background-meta":{"desktop":{"background-color":"var(--ast-global-color-5)","background-image":"","background-repeat":"repeat","background-position":"center center","background-size":"auto","background-attachment":"scroll","background-type":"","background-media":"","overlay-type":"","overlay-color":"","overlay-opacity":"","overlay-gradient":""},"tablet":{"background-color":"","background-image":"","background-repeat":"repeat","background-position":"center center","background-size":"auto","background-attachment":"scroll","background-type":"","background-media":"","overlay-type":"","overlay-color":"","overlay-opacity":"","overlay-gradient":""},"mobile":{"background-color":"","background-image":"","background-repeat":"repeat","background-position":"center center","background-size":"auto","background-attachment":"scroll","background-type":"","background-media":"","overlay-type":"","overlay-color":"","overlay-opacity":"","overlay-gradient":""}},"ast-content-background-meta":{"desktop":{"background-color":"var(--ast-global-color-4)","background-image":"","background-repeat":"repeat","background-position":"center center","background-size":"auto","background-attachment":"scroll","background-type":"","background-media":"","overlay-type":"","overlay-color":"","overlay-opacity":"","overlay-gradient":""},"tablet":{"background-color":"var(--ast-global-color-4)","background-image":"","background-repeat":"repeat","background-position":"center center","background-size":"auto","background-attachment":"scroll","background-type":"","background-media":"","overlay-type":"","overlay-color":"","overlay-opacity":"","overlay-gradient":""},"mobile":{"background-color":"var(--ast-global-color-4)","background-image":"","background-repeat":"repeat","background-position":"center center","background-size":"auto","background-attachment":"scroll","background-type":"","background-media":"","overlay-type":"","overlay-color":"","overlay-opacity":"","overlay-gradient":""}},"footnotes":""},"class_list":["post-8135","page","type-page","status-publish","hentry"],"yoast_head":"<!-- This site is optimized with the Yoast SEO plugin v27.1.1 - https:\/\/yoast.com\/product\/yoast-seo-wordpress\/ -->\n<title>Ciclo Studio (Android TV) \u2013 Historique des versions et mises \u00e0 jour - Ciclozone<\/title>\n<meta name=\"robots\" content=\"index, follow, max-snippet:-1, max-image-preview:large, max-video-preview:-1\" \/>\n<link rel=\"canonical\" href=\"https:\/\/ciclozone.com\/fr\/ciclo-studio-android-tv-historique-des-versions-et-mises-a-jour\/\" \/>\n<meta property=\"og:locale\" content=\"fr_FR\" \/>\n<meta property=\"og:type\" content=\"article\" \/>\n<meta property=\"og:title\" content=\"Ciclo Studio (Android TV) \u2013 Historique des versions et mises \u00e0 jour - Ciclozone\" \/>\n<meta property=\"og:description\" content=\"Ciclo Studio (Android TV) \u2013 Historique des versions et mises \u00e0 jour Android TV\u00a0: Ciclo Studio Application &#8211; Google PlayCiclo [&hellip;]\" \/>\n<meta property=\"og:url\" content=\"https:\/\/ciclozone.com\/fr\/ciclo-studio-android-tv-historique-des-versions-et-mises-a-jour\/\" \/>\n<meta property=\"og:site_name\" content=\"Ciclozone\" \/>\n<meta property=\"article:publisher\" content=\"https:\/\/www.facebook.com\/WeareCicloZone\/\" \/>\n<meta property=\"article:modified_time\" content=\"2026-03-30T17:20:55+00:00\" \/>\n<meta property=\"og:image\" content=\"https:\/\/ciclozone.com\/wp-content\/uploads\/2025\/08\/Swatch-Group.png\" \/>\n\t<meta property=\"og:image:width\" content=\"550\" \/>\n\t<meta property=\"og:image:height\" content=\"12\" \/>\n\t<meta property=\"og:image:type\" content=\"image\/png\" \/>\n<meta name=\"twitter:card\" content=\"summary_large_image\" \/>\n<meta name=\"twitter:label1\" content=\"Dur\u00e9e de lecture estim\u00e9e\" \/>\n\t<meta name=\"twitter:data1\" content=\"3 minutes\" \/>\n<script type=\"application\/ld+json\" class=\"yoast-schema-graph\">{\"@context\":\"https:\/\/schema.org\",\"@graph\":[{\"@type\":\"WebPage\",\"@id\":\"https:\/\/ciclozone.com\/fr\/ciclo-studio-android-tv-historique-des-versions-et-mises-a-jour\/\",\"url\":\"https:\/\/ciclozone.com\/fr\/ciclo-studio-android-tv-historique-des-versions-et-mises-a-jour\/\",\"name\":\"Ciclo Studio (Android TV) \u2013 Historique des versions et mises \u00e0 jour - Ciclozone\",\"isPartOf\":{\"@id\":\"https:\/\/ciclozone.com\/fr\/#website\"},\"primaryImageOfPage\":{\"@id\":\"https:\/\/ciclozone.com\/fr\/ciclo-studio-android-tv-historique-des-versions-et-mises-a-jour\/#primaryimage\"},\"image\":{\"@id\":\"https:\/\/ciclozone.com\/fr\/ciclo-studio-android-tv-historique-des-versions-et-mises-a-jour\/#primaryimage\"},\"thumbnailUrl\":\"https:\/\/ciclozone.com\/wp-content\/uploads\/2025\/08\/Swatch-Group-300x7.png\",\"datePublished\":\"2026-02-10T20:40:45+00:00\",\"dateModified\":\"2026-03-30T17:20:55+00:00\",\"breadcrumb\":{\"@id\":\"https:\/\/ciclozone.com\/fr\/ciclo-studio-android-tv-historique-des-versions-et-mises-a-jour\/#breadcrumb\"},\"inLanguage\":\"fr-FR\",\"potentialAction\":[{\"@type\":\"ReadAction\",\"target\":[\"https:\/\/ciclozone.com\/fr\/ciclo-studio-android-tv-historique-des-versions-et-mises-a-jour\/\"]}]},{\"@type\":\"ImageObject\",\"inLanguage\":\"fr-FR\",\"@id\":\"https:\/\/ciclozone.com\/fr\/ciclo-studio-android-tv-historique-des-versions-et-mises-a-jour\/#primaryimage\",\"url\":\"https:\/\/ciclozone.com\/wp-content\/uploads\/2025\/08\/Swatch-Group-300x7.png\",\"contentUrl\":\"https:\/\/ciclozone.com\/wp-content\/uploads\/2025\/08\/Swatch-Group-300x7.png\"},{\"@type\":\"BreadcrumbList\",\"@id\":\"https:\/\/ciclozone.com\/fr\/ciclo-studio-android-tv-historique-des-versions-et-mises-a-jour\/#breadcrumb\",\"itemListElement\":[{\"@type\":\"ListItem\",\"position\":1,\"name\":\"Home\",\"item\":\"https:\/\/ciclozone.com\/fr\/\"},{\"@type\":\"ListItem\",\"position\":2,\"name\":\"Ciclo Studio (Android TV) \u2013 Historique des versions et mises \u00e0 jour\"}]},{\"@type\":\"WebSite\",\"@id\":\"https:\/\/ciclozone.com\/fr\/#website\",\"url\":\"https:\/\/ciclozone.com\/fr\/\",\"name\":\"Ciclozone\",\"description\":\"Indoor Cycling Redefined\",\"publisher\":{\"@id\":\"https:\/\/ciclozone.com\/fr\/#organization\"},\"potentialAction\":[{\"@type\":\"SearchAction\",\"target\":{\"@type\":\"EntryPoint\",\"urlTemplate\":\"https:\/\/ciclozone.com\/fr\/?s={search_term_string}\"},\"query-input\":{\"@type\":\"PropertyValueSpecification\",\"valueRequired\":true,\"valueName\":\"search_term_string\"}}],\"inLanguage\":\"fr-FR\"},{\"@type\":\"Organization\",\"@id\":\"https:\/\/ciclozone.com\/fr\/#organization\",\"name\":\"Ciclozone\",\"url\":\"https:\/\/ciclozone.com\/fr\/\",\"logo\":{\"@type\":\"ImageObject\",\"inLanguage\":\"fr-FR\",\"@id\":\"https:\/\/ciclozone.com\/fr\/#\/schema\/logo\/image\/\",\"url\":\"https:\/\/ciclozone.com\/wp-content\/uploads\/2025\/08\/ciclo-logo.png\",\"contentUrl\":\"https:\/\/ciclozone.com\/wp-content\/uploads\/2025\/08\/ciclo-logo.png\",\"width\":177,\"height\":44,\"caption\":\"Ciclozone\"},\"image\":{\"@id\":\"https:\/\/ciclozone.com\/fr\/#\/schema\/logo\/image\/\"},\"sameAs\":[\"https:\/\/www.facebook.com\/WeareCicloZone\/\",\"https:\/\/www.instagram.com\/ciclozoneuk\/\",\"https:\/\/www.linkedin.com\/company\/ciclozone\/\",\"https:\/\/www.youtube.com\/@ciclozone1059\/\"]}]}<\/script>\n<!-- \/ Yoast SEO plugin. -->","yoast_head_json":{"title":"Ciclo Studio (Android TV) \u2013 Historique des versions et mises \u00e0 jour - Ciclozone","robots":{"index":"index","follow":"follow","max-snippet":"max-snippet:-1","max-image-preview":"max-image-preview:large","max-video-preview":"max-video-preview:-1"},"canonical":"https:\/\/ciclozone.com\/fr\/ciclo-studio-android-tv-historique-des-versions-et-mises-a-jour\/","og_locale":"fr_FR","og_type":"article","og_title":"Ciclo Studio (Android TV) \u2013 Historique des versions et mises \u00e0 jour - Ciclozone","og_description":"Ciclo Studio (Android TV) \u2013 Historique des versions et mises \u00e0 jour Android TV\u00a0: Ciclo Studio Application &#8211; Google PlayCiclo [&hellip;]","og_url":"https:\/\/ciclozone.com\/fr\/ciclo-studio-android-tv-historique-des-versions-et-mises-a-jour\/","og_site_name":"Ciclozone","article_publisher":"https:\/\/www.facebook.com\/WeareCicloZone\/","article_modified_time":"2026-03-30T17:20:55+00:00","og_image":[{"width":550,"height":12,"url":"https:\/\/ciclozone.com\/wp-content\/uploads\/2025\/08\/Swatch-Group.png","type":"image\/png"}],"twitter_card":"summary_large_image","twitter_misc":{"Dur\u00e9e de lecture estim\u00e9e":"3 minutes"},"schema":{"@context":"https:\/\/schema.org","@graph":[{"@type":"WebPage","@id":"https:\/\/ciclozone.com\/fr\/ciclo-studio-android-tv-historique-des-versions-et-mises-a-jour\/","url":"https:\/\/ciclozone.com\/fr\/ciclo-studio-android-tv-historique-des-versions-et-mises-a-jour\/","name":"Ciclo Studio (Android TV) \u2013 Historique des versions et mises \u00e0 jour - Ciclozone","isPartOf":{"@id":"https:\/\/ciclozone.com\/fr\/#website"},"primaryImageOfPage":{"@id":"https:\/\/ciclozone.com\/fr\/ciclo-studio-android-tv-historique-des-versions-et-mises-a-jour\/#primaryimage"},"image":{"@id":"https:\/\/ciclozone.com\/fr\/ciclo-studio-android-tv-historique-des-versions-et-mises-a-jour\/#primaryimage"},"thumbnailUrl":"https:\/\/ciclozone.com\/wp-content\/uploads\/2025\/08\/Swatch-Group-300x7.png","datePublished":"2026-02-10T20:40:45+00:00","dateModified":"2026-03-30T17:20:55+00:00","breadcrumb":{"@id":"https:\/\/ciclozone.com\/fr\/ciclo-studio-android-tv-historique-des-versions-et-mises-a-jour\/#breadcrumb"},"inLanguage":"fr-FR","potentialAction":[{"@type":"ReadAction","target":["https:\/\/ciclozone.com\/fr\/ciclo-studio-android-tv-historique-des-versions-et-mises-a-jour\/"]}]},{"@type":"ImageObject","inLanguage":"fr-FR","@id":"https:\/\/ciclozone.com\/fr\/ciclo-studio-android-tv-historique-des-versions-et-mises-a-jour\/#primaryimage","url":"https:\/\/ciclozone.com\/wp-content\/uploads\/2025\/08\/Swatch-Group-300x7.png","contentUrl":"https:\/\/ciclozone.com\/wp-content\/uploads\/2025\/08\/Swatch-Group-300x7.png"},{"@type":"BreadcrumbList","@id":"https:\/\/ciclozone.com\/fr\/ciclo-studio-android-tv-historique-des-versions-et-mises-a-jour\/#breadcrumb","itemListElement":[{"@type":"ListItem","position":1,"name":"Home","item":"https:\/\/ciclozone.com\/fr\/"},{"@type":"ListItem","position":2,"name":"Ciclo Studio (Android TV) \u2013 Historique des versions et mises \u00e0 jour"}]},{"@type":"WebSite","@id":"https:\/\/ciclozone.com\/fr\/#website","url":"https:\/\/ciclozone.com\/fr\/","name":"Ciclozone","description":"Indoor Cycling Redefined","publisher":{"@id":"https:\/\/ciclozone.com\/fr\/#organization"},"potentialAction":[{"@type":"SearchAction","target":{"@type":"EntryPoint","urlTemplate":"https:\/\/ciclozone.com\/fr\/?s={search_term_string}"},"query-input":{"@type":"PropertyValueSpecification","valueRequired":true,"valueName":"search_term_string"}}],"inLanguage":"fr-FR"},{"@type":"Organization","@id":"https:\/\/ciclozone.com\/fr\/#organization","name":"Ciclozone","url":"https:\/\/ciclozone.com\/fr\/","logo":{"@type":"ImageObject","inLanguage":"fr-FR","@id":"https:\/\/ciclozone.com\/fr\/#\/schema\/logo\/image\/","url":"https:\/\/ciclozone.com\/wp-content\/uploads\/2025\/08\/ciclo-logo.png","contentUrl":"https:\/\/ciclozone.com\/wp-content\/uploads\/2025\/08\/ciclo-logo.png","width":177,"height":44,"caption":"Ciclozone"},"image":{"@id":"https:\/\/ciclozone.com\/fr\/#\/schema\/logo\/image\/"},"sameAs":["https:\/\/www.facebook.com\/WeareCicloZone\/","https:\/\/www.instagram.com\/ciclozoneuk\/","https:\/\/www.linkedin.com\/company\/ciclozone\/","https:\/\/www.youtube.com\/@ciclozone1059\/"]}]}},"_links":{"self":[{"href":"https:\/\/ciclozone.com\/fr\/wp-json\/wp\/v2\/pages\/8135","targetHints":{"allow":["GET"]}}],"collection":[{"href":"https:\/\/ciclozone.com\/fr\/wp-json\/wp\/v2\/pages"}],"about":[{"href":"https:\/\/ciclozone.com\/fr\/wp-json\/wp\/v2\/types\/page"}],"author":[{"embeddable":true,"href":"https:\/\/ciclozone.com\/fr\/wp-json\/wp\/v2\/users\/1"}],"replies":[{"embeddable":true,"href":"https:\/\/ciclozone.com\/fr\/wp-json\/wp\/v2\/comments?post=8135"}],"version-history":[{"count":5,"href":"https:\/\/ciclozone.com\/fr\/wp-json\/wp\/v2\/pages\/8135\/revisions"}],"predecessor-version":[{"id":8197,"href":"https:\/\/ciclozone.com\/fr\/wp-json\/wp\/v2\/pages\/8135\/revisions\/8197"}],"wp:attachment":[{"href":"https:\/\/ciclozone.com\/fr\/wp-json\/wp\/v2\/media?parent=8135"}],"curies":[{"name":"wp","href":"https:\/\/api.w.org\/{rel}","templated":true}]}}