{"id":10646,"date":"2026-01-06T17:46:07","date_gmt":"2026-01-06T17:46:07","guid":{"rendered":"https:\/\/ciclozone.com\/politique-en-matiere-de-cookies\/"},"modified":"2026-04-13T14:39:17","modified_gmt":"2026-04-13T13:39:17","slug":"politique-en-matiere-de-cookies","status":"publish","type":"page","link":"https:\/\/ciclozone.com\/fr\/politique-en-matiere-de-cookies\/","title":{"rendered":"Politique en mati\u00e8re de cookies"},"content":{"rendered":"\t\t<div data-elementor-type=\"wp-page\" data-elementor-id=\"10646\" class=\"elementor elementor-10646 elementor-5772\" data-elementor-post-type=\"page\">\n\t\t\t\t<div class=\"elementor-element elementor-element-4a5f615 e-flex e-con-boxed e-con e-parent\" data-id=\"4a5f615\" data-element_type=\"container\" data-e-type=\"container\" data-settings=\"{&quot;background_background&quot;:&quot;classic&quot;,&quot;animation&quot;:&quot;none&quot;,&quot;shape_divider_bottom&quot;:&quot;triangle&quot;,&quot;shape_divider_bottom_negative&quot;:&quot;yes&quot;}\">\n\t\t\t\t\t<div class=\"e-con-inner\">\n\t\t\t\t<div class=\"elementor-shape elementor-shape-bottom\" aria-hidden=\"true\" data-negative=\"true\">\n\t\t\t<svg xmlns=\"http:\/\/www.w3.org\/2000\/svg\" viewBox=\"0 0 1000 100\" preserveAspectRatio=\"none\">\n\t<path class=\"elementor-shape-fill\" d=\"M500.2,94.7L0,0v100h1000V0L500.2,94.7z\"\/>\n<\/svg>\t\t<\/div>\n\t\t<div class=\"elementor-element elementor-element-27d0884 e-con-full e-flex e-con e-child\" data-id=\"27d0884\" data-element_type=\"container\" data-e-type=\"container\">\n\t\t\t\t<div class=\"elementor-element elementor-element-eb3fdd0 elementor-widget__width-initial elementor-widget elementor-widget-heading\" data-id=\"eb3fdd0\" data-element_type=\"widget\" data-e-type=\"widget\" data-widget_type=\"heading.default\">\n\t\t\t\t\t<h1 class=\"elementor-heading-title elementor-size-default\">Politique en mati\u00e8re de cookies<\/h1>\t\t\t\t<\/div>\n\t\t\t\t<div class=\"elementor-element elementor-element-75d7e37 elementor-widget elementor-widget-image\" data-id=\"75d7e37\" data-element_type=\"widget\" data-e-type=\"widget\" data-widget_type=\"image.default\">\n\t\t\t\t\t\t\t\t\t\t\t\t\t\t\t<img decoding=\"async\" width=\"300\" height=\"7\" src=\"https:\/\/ciclozone.com\/wp-content\/uploads\/2025\/08\/Swatch-Group-300x7.png\" class=\"attachment-medium size-medium wp-image-7132\" alt=\"\" srcset=\"https:\/\/ciclozone.com\/wp-content\/uploads\/2025\/08\/Swatch-Group-300x7.png 300w, https:\/\/ciclozone.com\/wp-content\/uploads\/2025\/08\/Swatch-Group.png 550w\" sizes=\"(max-width: 300px) 100vw, 300px\" \/>\t\t\t\t\t\t\t\t\t\t\t\t\t\t\t<\/div>\n\t\t\t\t<\/div>\n\t\t\t\t\t<\/div>\n\t\t\t\t<\/div>\n\t\t<div class=\"elementor-element elementor-element-7959cbe policy-page e-flex e-con-boxed e-con e-parent\" data-id=\"7959cbe\" data-element_type=\"container\" data-e-type=\"container\" data-settings=\"{&quot;background_background&quot;:&quot;classic&quot;}\">\n\t\t\t\t\t<div class=\"e-con-inner\">\n\t\t\t\t<div class=\"elementor-element elementor-element-9c91c72 elementor-widget__width-initial elementor-widget elementor-widget-text-editor\" data-id=\"9c91c72\" data-element_type=\"widget\" data-e-type=\"widget\" data-widget_type=\"text-editor.default\">\n\t\t\t\t\t\t\t\t\t<p>Date d&rsquo;entr\u00e9e en vigueur : 1er janvier 2026<\/p><p>Derni\u00e8re mise \u00e0 jour : 1er janvier 2026<\/p><p>La pr\u00e9sente Politique en mati\u00e8re de cookies s&rsquo;applique au site web CicloZone et aux services num\u00e9riques associ\u00e9s, y compris les plateformes destin\u00e9es aux cyclistes et aux studios accessibles via https:\/\/ciclozone-marketing.on-forge.com<\/p><p>Pour en savoir plus sur la mani\u00e8re dont nous traitons les donn\u00e9es personnelles et sur vos droits en vertu des lois sur la protection des donn\u00e9es, veuillez consulter notre Politique de confidentialit\u00e9.<\/p><p>1. Que sont les cookies ?<\/p><p>Les cookies sont de petits fichiers texte stock\u00e9s sur votre appareil lorsqu&rsquo;un site web se charge dans votre navigateur. Ils sont couramment utilis\u00e9s pour garantir le bon fonctionnement des sites web, renforcer la s\u00e9curit\u00e9, am\u00e9liorer l&rsquo;exp\u00e9rience utilisateur et analyser les performances afin d&rsquo;identifier les axes d&rsquo;am\u00e9lioration.<\/p><p>2. Comment nous utilisons les cookies<\/p><p>Comme la plupart des services en ligne, CicloZone utilise des cookies propri\u00e9taires et des cookies tiers \u00e0 plusieurs fins.<\/p><p>Les cookies propri\u00e9taires sont principalement n\u00e9cessaires au bon fonctionnement du site web et ne collectent pas d&rsquo;informations permettant d&rsquo;identifier une personne.<\/p><p>Les cookies tiers, lorsqu&rsquo;ils sont utilis\u00e9s, nous aident \u00e0 comprendre les performances du site web, la mani\u00e8re dont les visiteurs interagissent avec celui-ci, \u00e0 s\u00e9curiser nos services et \u00e0 am\u00e9liorer les exp\u00e9riences utilisateur futures.<\/p><p>Les cookies ne sont d\u00e9pos\u00e9s que conform\u00e9ment \u00e0 vos pr\u00e9f\u00e9rences de consentement, sauf lorsqu&rsquo;ils sont strictement n\u00e9cessaires au fonctionnement du site.<\/p><p>3. Types de cookies que nous utilisons \u2013 Cookies n\u00e9cessaires<\/p><p>Les cookies n\u00e9cessaires sont requis pour activer les fonctionnalit\u00e9s essentielles, telles que la connexion s\u00e9curis\u00e9e, la gestion des sessions et la m\u00e9morisation de vos pr\u00e9f\u00e9rences de consentement. Ces cookies ne stockent pas d&rsquo;informations permettant d&rsquo;identifier une personne.<\/p><p>Cookie\tDur\u00e9e\tDescription<\/p><p>wpEmojiSettingsSupports\tSession\tD\u00e9pos\u00e9 par WordPress lorsqu&rsquo;un utilisateur interagit avec des emojis. Il d\u00e9termine si le navigateur peut afficher correctement les emojis.<\/p><p>cookieyes-consent\t1 an\tD\u00e9pos\u00e9 par CookieYes pour stocker vos pr\u00e9f\u00e9rences de consentement en mati\u00e8re de cookies afin qu&rsquo;elles soient respect\u00e9es lors de vos visites ult\u00e9rieures.<\/p><p>Nous pouvons utiliser des cookies d&rsquo;analyse et de performance pour nous aider \u00e0 comprendre comment les visiteurs utilisent notre site web, am\u00e9liorer les performances et optimiser l&rsquo;exp\u00e9rience utilisateur.<\/p><p>Ces cookies ne sont d\u00e9pos\u00e9s que lorsque vous avez donn\u00e9 votre consentement via notre bandeau de cookies.<\/p><p>Les d\u00e9tails de tout cookie d&rsquo;analyse ou de performance en cours d&rsquo;utilisation seront indiqu\u00e9s ci-dessus lorsqu&rsquo;ils sont actifs.<\/p><p>Cookies tiers<\/p><p>Certaines pages peuvent inclure du contenu int\u00e9gr\u00e9 ou des int\u00e9grations (par exemple, des plateformes vid\u00e9o ou d&rsquo;autres services tiers). Ces tiers peuvent d\u00e9poser leurs propres cookies.<\/p><p>Nous ne contr\u00f4lons pas ces cookies, et leur utilisation est r\u00e9gie par les politiques de confidentialit\u00e9 et de cookies du tiers concern\u00e9.<\/p><p>4. Cookies sp\u00e9cifiques \u00e0 WordPress<\/p><p>Notre site est construit sur WordPress, qui peut d\u00e9poser des cookies suppl\u00e9mentaires dans certaines situations :<\/p><p>Les cookies de commentaires (nom, e-mail, site web) peuvent \u00eatre stock\u00e9s pendant un an maximum si vous choisissez de les enregistrer.<\/p><p>Les cookies de connexion durent jusqu&rsquo;\u00e0 deux jours, ou jusqu&rsquo;\u00e0 deux semaines si l&rsquo;option \u00ab Se souvenir de moi \u00bb est s\u00e9lectionn\u00e9e.<\/p><p>Les cookies de pr\u00e9f\u00e9rences d&rsquo;affichage peuvent durer jusqu&rsquo;\u00e0 un an.<\/p><p>Les cookies d&rsquo;\u00e9dition ou de publication expirent apr\u00e8s un jour et ne contiennent pas de donn\u00e9es personnelles.<\/p><p>5. G\u00e9rer vos pr\u00e9f\u00e9rences en mati\u00e8re de cookies<\/p><p>Vous pouvez g\u00e9rer vos pr\u00e9f\u00e9rences en mati\u00e8re de cookies \u00e0 tout moment en cliquant sur le bouton \u00ab Pr\u00e9f\u00e9rences de consentement \u00bb disponible sur le site. Cela vous permet de consulter, mettre \u00e0 jour ou retirer votre consentement.<\/p><p>Vous pouvez \u00e9galement contr\u00f4ler ou supprimer les cookies via les param\u00e8tres de votre navigateur. Veuillez noter que la d\u00e9sactivation des cookies peut affecter le fonctionnement du site.<\/p><p>Documentation d&rsquo;assistance des navigateurs :<\/p><p>Chrome : https:\/\/support.google.com\/accounts\/answer\/32050<\/p><p>Safari : https:\/\/support.apple.com\/guide\/safari\/manage-cookies-and-website-data-sfri11471\/mac<\/p><p>Firefox : https:\/\/support.mozilla.org\/en-US\/kb\/clear-cookies-and-site-data-firefox<\/p><p>Internet Explorer : https:\/\/support.microsoft.com\/help\/17442<\/p><p>Si vous utilisez un autre navigateur, veuillez consulter sa documentation d&rsquo;assistance officielle.<\/p><p>6. Modifications de la pr\u00e9sente Politique en mati\u00e8re de cookies<\/p><p>Nous pouvons mettre \u00e0 jour la pr\u00e9sente Politique en mati\u00e8re de cookies de temps \u00e0 autre pour tenir compte des \u00e9volutions technologiques, l\u00e9gislatives ou de notre utilisation des cookies. Les mises \u00e0 jour seront publi\u00e9es sur cette page avec une date \u00ab Derni\u00e8re mise \u00e0 jour \u00bb r\u00e9vis\u00e9e.<\/p>\t\t\t\t\t\t\t\t<\/div>\n\t\t\t\t\t<\/div>\n\t\t\t\t<\/div>\n\t\t\t\t<\/div>\n\t\t","protected":false},"excerpt":{"rendered":"<p>Politique en mati\u00e8re de cookies Date d&rsquo;entr\u00e9e en vigueur : 1er janvier 2026 Derni\u00e8re mise \u00e0 jour : 1er janvier [&hellip;]<\/p>\n","protected":false},"author":1,"featured_media":0,"parent":0,"menu_order":0,"comment_status":"closed","ping_status":"closed","template":"","meta":{"site-sidebar-layout":"no-sidebar","site-content-layout":"","ast-site-content-layout":"full-width-container","site-content-style":"default","site-sidebar-style":"default","ast-global-header-display":"","ast-banner-title-visibility":"","ast-main-header-display":"","ast-hfb-above-header-display":"","ast-hfb-below-header-display":"","ast-hfb-mobile-header-display":"","site-post-title":"","ast-breadcrumbs-content":"","ast-featured-img":"disabled","footer-sml-layout":"","ast-disable-related-posts":"","theme-transparent-header-meta":"","adv-header-id-meta":"","stick-header-meta":"","header-above-stick-meta":"","header-main-stick-meta":"","header-below-stick-meta":"","astra-migrate-meta-layouts":"default","ast-page-background-enabled":"default","ast-page-background-meta":{"desktop":{"background-color":"var(--ast-global-color-5)","background-image":"","background-repeat":"repeat","background-position":"center center","background-size":"auto","background-attachment":"scroll","background-type":"","background-media":"","overlay-type":"","overlay-color":"","overlay-opacity":"","overlay-gradient":""},"tablet":{"background-color":"","background-image":"","background-repeat":"repeat","background-position":"center center","background-size":"auto","background-attachment":"scroll","background-type":"","background-media":"","overlay-type":"","overlay-color":"","overlay-opacity":"","overlay-gradient":""},"mobile":{"background-color":"","background-image":"","background-repeat":"repeat","background-position":"center center","background-size":"auto","background-attachment":"scroll","background-type":"","background-media":"","overlay-type":"","overlay-color":"","overlay-opacity":"","overlay-gradient":""}},"ast-content-background-meta":{"desktop":{"background-color":"var(--ast-global-color-4)","background-image":"","background-repeat":"repeat","background-position":"center center","background-size":"auto","background-attachment":"scroll","background-type":"","background-media":"","overlay-type":"","overlay-color":"","overlay-opacity":"","overlay-gradient":""},"tablet":{"background-color":"var(--ast-global-color-4)","background-image":"","background-repeat":"repeat","background-position":"center center","background-size":"auto","background-attachment":"scroll","background-type":"","background-media":"","overlay-type":"","overlay-color":"","overlay-opacity":"","overlay-gradient":""},"mobile":{"background-color":"var(--ast-global-color-4)","background-image":"","background-repeat":"repeat","background-position":"center center","background-size":"auto","background-attachment":"scroll","background-type":"","background-media":"","overlay-type":"","overlay-color":"","overlay-opacity":"","overlay-gradient":""}},"footnotes":""},"class_list":["post-10646","page","type-page","status-publish","hentry"],"yoast_head":"<!-- This site is optimized with the Yoast SEO plugin v27.1.1 - https:\/\/yoast.com\/product\/yoast-seo-wordpress\/ -->\n<title>Politique en mati\u00e8re de cookies - Ciclozone<\/title>\n<meta name=\"robots\" content=\"index, follow, max-snippet:-1, max-image-preview:large, max-video-preview:-1\" \/>\n<link rel=\"canonical\" href=\"https:\/\/ciclozone.com\/fr\/politique-en-matiere-de-cookies\/\" \/>\n<meta property=\"og:locale\" content=\"fr_FR\" \/>\n<meta property=\"og:type\" content=\"article\" \/>\n<meta property=\"og:title\" content=\"Politique en mati\u00e8re de cookies - Ciclozone\" \/>\n<meta property=\"og:description\" content=\"Politique en mati\u00e8re de cookies Date d&rsquo;entr\u00e9e en vigueur : 1er janvier 2026 Derni\u00e8re mise \u00e0 jour : 1er janvier [&hellip;]\" \/>\n<meta property=\"og:url\" content=\"https:\/\/ciclozone.com\/fr\/politique-en-matiere-de-cookies\/\" \/>\n<meta property=\"og:site_name\" content=\"Ciclozone\" \/>\n<meta property=\"article:publisher\" content=\"https:\/\/www.facebook.com\/WeareCicloZone\/\" \/>\n<meta property=\"article:modified_time\" content=\"2026-04-13T13:39:17+00:00\" \/>\n<meta property=\"og:image\" content=\"https:\/\/ciclozone.com\/wp-content\/uploads\/2025\/08\/Swatch-Group.png\" \/>\n\t<meta property=\"og:image:width\" content=\"550\" \/>\n\t<meta property=\"og:image:height\" content=\"12\" \/>\n\t<meta property=\"og:image:type\" content=\"image\/png\" \/>\n<meta name=\"twitter:card\" content=\"summary_large_image\" \/>\n<meta name=\"twitter:label1\" content=\"Dur\u00e9e de lecture estim\u00e9e\" \/>\n\t<meta name=\"twitter:data1\" content=\"4 minutes\" \/>\n<script type=\"application\/ld+json\" class=\"yoast-schema-graph\">{\"@context\":\"https:\/\/schema.org\",\"@graph\":[{\"@type\":\"WebPage\",\"@id\":\"https:\/\/ciclozone.com\/fr\/politique-en-matiere-de-cookies\/\",\"url\":\"https:\/\/ciclozone.com\/fr\/politique-en-matiere-de-cookies\/\",\"name\":\"Politique en mati\u00e8re de cookies - Ciclozone\",\"isPartOf\":{\"@id\":\"https:\/\/ciclozone.com\/fr\/#website\"},\"primaryImageOfPage\":{\"@id\":\"https:\/\/ciclozone.com\/fr\/politique-en-matiere-de-cookies\/#primaryimage\"},\"image\":{\"@id\":\"https:\/\/ciclozone.com\/fr\/politique-en-matiere-de-cookies\/#primaryimage\"},\"thumbnailUrl\":\"https:\/\/ciclozone.com\/wp-content\/uploads\/2025\/08\/Swatch-Group-300x7.png\",\"datePublished\":\"2026-01-06T17:46:07+00:00\",\"dateModified\":\"2026-04-13T13:39:17+00:00\",\"breadcrumb\":{\"@id\":\"https:\/\/ciclozone.com\/fr\/politique-en-matiere-de-cookies\/#breadcrumb\"},\"inLanguage\":\"fr-FR\",\"potentialAction\":[{\"@type\":\"ReadAction\",\"target\":[\"https:\/\/ciclozone.com\/fr\/politique-en-matiere-de-cookies\/\"]}]},{\"@type\":\"ImageObject\",\"inLanguage\":\"fr-FR\",\"@id\":\"https:\/\/ciclozone.com\/fr\/politique-en-matiere-de-cookies\/#primaryimage\",\"url\":\"https:\/\/ciclozone.com\/wp-content\/uploads\/2025\/08\/Swatch-Group-300x7.png\",\"contentUrl\":\"https:\/\/ciclozone.com\/wp-content\/uploads\/2025\/08\/Swatch-Group-300x7.png\"},{\"@type\":\"BreadcrumbList\",\"@id\":\"https:\/\/ciclozone.com\/fr\/politique-en-matiere-de-cookies\/#breadcrumb\",\"itemListElement\":[{\"@type\":\"ListItem\",\"position\":1,\"name\":\"Home\",\"item\":\"https:\/\/ciclozone.com\/fr\/\"},{\"@type\":\"ListItem\",\"position\":2,\"name\":\"Politique en mati\u00e8re de cookies\"}]},{\"@type\":\"WebSite\",\"@id\":\"https:\/\/ciclozone.com\/fr\/#website\",\"url\":\"https:\/\/ciclozone.com\/fr\/\",\"name\":\"Ciclozone\",\"description\":\"Indoor Cycling Redefined\",\"publisher\":{\"@id\":\"https:\/\/ciclozone.com\/fr\/#organization\"},\"potentialAction\":[{\"@type\":\"SearchAction\",\"target\":{\"@type\":\"EntryPoint\",\"urlTemplate\":\"https:\/\/ciclozone.com\/fr\/?s={search_term_string}\"},\"query-input\":{\"@type\":\"PropertyValueSpecification\",\"valueRequired\":true,\"valueName\":\"search_term_string\"}}],\"inLanguage\":\"fr-FR\"},{\"@type\":\"Organization\",\"@id\":\"https:\/\/ciclozone.com\/fr\/#organization\",\"name\":\"Ciclozone\",\"url\":\"https:\/\/ciclozone.com\/fr\/\",\"logo\":{\"@type\":\"ImageObject\",\"inLanguage\":\"fr-FR\",\"@id\":\"https:\/\/ciclozone.com\/fr\/#\/schema\/logo\/image\/\",\"url\":\"https:\/\/ciclozone.com\/wp-content\/uploads\/2025\/08\/ciclo-logo.png\",\"contentUrl\":\"https:\/\/ciclozone.com\/wp-content\/uploads\/2025\/08\/ciclo-logo.png\",\"width\":177,\"height\":44,\"caption\":\"Ciclozone\"},\"image\":{\"@id\":\"https:\/\/ciclozone.com\/fr\/#\/schema\/logo\/image\/\"},\"sameAs\":[\"https:\/\/www.facebook.com\/WeareCicloZone\/\",\"https:\/\/www.instagram.com\/ciclozoneuk\/\",\"https:\/\/www.linkedin.com\/company\/ciclozone\/\",\"https:\/\/www.youtube.com\/@ciclozone1059\/\"]}]}<\/script>\n<!-- \/ Yoast SEO plugin. -->","yoast_head_json":{"title":"Politique en mati\u00e8re de cookies - Ciclozone","robots":{"index":"index","follow":"follow","max-snippet":"max-snippet:-1","max-image-preview":"max-image-preview:large","max-video-preview":"max-video-preview:-1"},"canonical":"https:\/\/ciclozone.com\/fr\/politique-en-matiere-de-cookies\/","og_locale":"fr_FR","og_type":"article","og_title":"Politique en mati\u00e8re de cookies - Ciclozone","og_description":"Politique en mati\u00e8re de cookies Date d&rsquo;entr\u00e9e en vigueur : 1er janvier 2026 Derni\u00e8re mise \u00e0 jour : 1er janvier [&hellip;]","og_url":"https:\/\/ciclozone.com\/fr\/politique-en-matiere-de-cookies\/","og_site_name":"Ciclozone","article_publisher":"https:\/\/www.facebook.com\/WeareCicloZone\/","article_modified_time":"2026-04-13T13:39:17+00:00","og_image":[{"width":550,"height":12,"url":"https:\/\/ciclozone.com\/wp-content\/uploads\/2025\/08\/Swatch-Group.png","type":"image\/png"}],"twitter_card":"summary_large_image","twitter_misc":{"Dur\u00e9e de lecture estim\u00e9e":"4 minutes"},"schema":{"@context":"https:\/\/schema.org","@graph":[{"@type":"WebPage","@id":"https:\/\/ciclozone.com\/fr\/politique-en-matiere-de-cookies\/","url":"https:\/\/ciclozone.com\/fr\/politique-en-matiere-de-cookies\/","name":"Politique en mati\u00e8re de cookies - Ciclozone","isPartOf":{"@id":"https:\/\/ciclozone.com\/fr\/#website"},"primaryImageOfPage":{"@id":"https:\/\/ciclozone.com\/fr\/politique-en-matiere-de-cookies\/#primaryimage"},"image":{"@id":"https:\/\/ciclozone.com\/fr\/politique-en-matiere-de-cookies\/#primaryimage"},"thumbnailUrl":"https:\/\/ciclozone.com\/wp-content\/uploads\/2025\/08\/Swatch-Group-300x7.png","datePublished":"2026-01-06T17:46:07+00:00","dateModified":"2026-04-13T13:39:17+00:00","breadcrumb":{"@id":"https:\/\/ciclozone.com\/fr\/politique-en-matiere-de-cookies\/#breadcrumb"},"inLanguage":"fr-FR","potentialAction":[{"@type":"ReadAction","target":["https:\/\/ciclozone.com\/fr\/politique-en-matiere-de-cookies\/"]}]},{"@type":"ImageObject","inLanguage":"fr-FR","@id":"https:\/\/ciclozone.com\/fr\/politique-en-matiere-de-cookies\/#primaryimage","url":"https:\/\/ciclozone.com\/wp-content\/uploads\/2025\/08\/Swatch-Group-300x7.png","contentUrl":"https:\/\/ciclozone.com\/wp-content\/uploads\/2025\/08\/Swatch-Group-300x7.png"},{"@type":"BreadcrumbList","@id":"https:\/\/ciclozone.com\/fr\/politique-en-matiere-de-cookies\/#breadcrumb","itemListElement":[{"@type":"ListItem","position":1,"name":"Home","item":"https:\/\/ciclozone.com\/fr\/"},{"@type":"ListItem","position":2,"name":"Politique en mati\u00e8re de cookies"}]},{"@type":"WebSite","@id":"https:\/\/ciclozone.com\/fr\/#website","url":"https:\/\/ciclozone.com\/fr\/","name":"Ciclozone","description":"Indoor Cycling Redefined","publisher":{"@id":"https:\/\/ciclozone.com\/fr\/#organization"},"potentialAction":[{"@type":"SearchAction","target":{"@type":"EntryPoint","urlTemplate":"https:\/\/ciclozone.com\/fr\/?s={search_term_string}"},"query-input":{"@type":"PropertyValueSpecification","valueRequired":true,"valueName":"search_term_string"}}],"inLanguage":"fr-FR"},{"@type":"Organization","@id":"https:\/\/ciclozone.com\/fr\/#organization","name":"Ciclozone","url":"https:\/\/ciclozone.com\/fr\/","logo":{"@type":"ImageObject","inLanguage":"fr-FR","@id":"https:\/\/ciclozone.com\/fr\/#\/schema\/logo\/image\/","url":"https:\/\/ciclozone.com\/wp-content\/uploads\/2025\/08\/ciclo-logo.png","contentUrl":"https:\/\/ciclozone.com\/wp-content\/uploads\/2025\/08\/ciclo-logo.png","width":177,"height":44,"caption":"Ciclozone"},"image":{"@id":"https:\/\/ciclozone.com\/fr\/#\/schema\/logo\/image\/"},"sameAs":["https:\/\/www.facebook.com\/WeareCicloZone\/","https:\/\/www.instagram.com\/ciclozoneuk\/","https:\/\/www.linkedin.com\/company\/ciclozone\/","https:\/\/www.youtube.com\/@ciclozone1059\/"]}]}},"_links":{"self":[{"href":"https:\/\/ciclozone.com\/fr\/wp-json\/wp\/v2\/pages\/10646","targetHints":{"allow":["GET"]}}],"collection":[{"href":"https:\/\/ciclozone.com\/fr\/wp-json\/wp\/v2\/pages"}],"about":[{"href":"https:\/\/ciclozone.com\/fr\/wp-json\/wp\/v2\/types\/page"}],"author":[{"embeddable":true,"href":"https:\/\/ciclozone.com\/fr\/wp-json\/wp\/v2\/users\/1"}],"replies":[{"embeddable":true,"href":"https:\/\/ciclozone.com\/fr\/wp-json\/wp\/v2\/comments?post=10646"}],"version-history":[{"count":2,"href":"https:\/\/ciclozone.com\/fr\/wp-json\/wp\/v2\/pages\/10646\/revisions"}],"predecessor-version":[{"id":10815,"href":"https:\/\/ciclozone.com\/fr\/wp-json\/wp\/v2\/pages\/10646\/revisions\/10815"}],"wp:attachment":[{"href":"https:\/\/ciclozone.com\/fr\/wp-json\/wp\/v2\/media?parent=10646"}],"curies":[{"name":"wp","href":"https:\/\/api.w.org\/{rel}","templated":true}]}}