{"id":8235,"date":"2026-02-10T20:43:13","date_gmt":"2026-02-10T20:43:13","guid":{"rendered":"https:\/\/ciclozone.com\/ciclozone-web-cuenta-historial-de-versiones\/"},"modified":"2026-03-30T18:21:38","modified_gmt":"2026-03-30T17:21:38","slug":"ciclozone-web-cuenta-historial-de-versiones","status":"publish","type":"page","link":"https:\/\/ciclozone.com\/es\/ciclozone-web-cuenta-historial-de-versiones\/","title":{"rendered":"CicloZone Web Cuenta &#8211; Historial de versiones"},"content":{"rendered":"\t\t<div data-elementor-type=\"wp-page\" data-elementor-id=\"8235\" class=\"elementor elementor-8235 elementor-6428\" data-elementor-post-type=\"page\">\n\t\t\t\t<div class=\"elementor-element elementor-element-8fb9b8f e-flex e-con-boxed e-con e-parent\" data-id=\"8fb9b8f\" data-element_type=\"container\" data-e-type=\"container\" data-settings=\"{&quot;background_background&quot;:&quot;classic&quot;,&quot;animation&quot;:&quot;none&quot;,&quot;shape_divider_bottom&quot;:&quot;triangle&quot;,&quot;shape_divider_bottom_negative&quot;:&quot;yes&quot;}\">\n\t\t\t\t\t<div class=\"e-con-inner\">\n\t\t\t\t<div class=\"elementor-shape elementor-shape-bottom\" aria-hidden=\"true\" data-negative=\"true\">\n\t\t\t<svg xmlns=\"http:\/\/www.w3.org\/2000\/svg\" viewBox=\"0 0 1000 100\" preserveAspectRatio=\"none\">\n\t<path class=\"elementor-shape-fill\" d=\"M500.2,94.7L0,0v100h1000V0L500.2,94.7z\"\/>\n<\/svg>\t\t<\/div>\n\t\t<div class=\"elementor-element elementor-element-7be3c4b e-con-full e-flex e-con e-child\" data-id=\"7be3c4b\" data-element_type=\"container\" data-e-type=\"container\">\n\t\t\t\t<div class=\"elementor-element elementor-element-8518ff2 elementor-widget__width-initial elementor-widget elementor-widget-heading\" data-id=\"8518ff2\" data-element_type=\"widget\" data-e-type=\"widget\" data-widget_type=\"heading.default\">\n\t\t\t\t\t<h1 class=\"elementor-heading-title elementor-size-default\">CicloZone Web Cuenta - Historial de versiones<\/h1>\t\t\t\t<\/div>\n\t\t\t\t<div class=\"elementor-element elementor-element-130bca1 elementor-widget elementor-widget-image\" data-id=\"130bca1\" data-element_type=\"widget\" data-e-type=\"widget\" data-widget_type=\"image.default\">\n\t\t\t\t\t\t\t\t\t\t\t\t\t\t\t<img decoding=\"async\" width=\"300\" height=\"7\" src=\"https:\/\/ciclozone.com\/wp-content\/uploads\/2025\/08\/Swatch-Group-300x7.png\" class=\"attachment-medium size-medium wp-image-7396\" alt=\"\" srcset=\"https:\/\/ciclozone.com\/wp-content\/uploads\/2025\/08\/Swatch-Group-300x7.png 300w, https:\/\/ciclozone.com\/wp-content\/uploads\/2025\/08\/Swatch-Group.png 550w\" sizes=\"(max-width: 300px) 100vw, 300px\" \/>\t\t\t\t\t\t\t\t\t\t\t\t\t\t\t<\/div>\n\t\t\t\t<\/div>\n\t\t\t\t\t<\/div>\n\t\t\t\t<\/div>\n\t\t<div class=\"elementor-element elementor-element-a7ae7de e-flex e-con-boxed e-con e-parent\" data-id=\"a7ae7de\" data-element_type=\"container\" data-e-type=\"container\" data-settings=\"{&quot;background_background&quot;:&quot;classic&quot;}\">\n\t\t\t\t\t<div class=\"e-con-inner\">\n\t\t\t\t<div class=\"elementor-element elementor-element-f13c1c6 elementor-widget__width-initial elementor-widget elementor-widget-text-editor\" data-id=\"f13c1c6\" data-element_type=\"widget\" data-e-type=\"widget\" data-widget_type=\"text-editor.default\">\n\t\t\t\t\t\t\t\t\t<p>Esta p\u00e1gina documenta la evoluci\u00f3n de la plataforma de cuentas CicloZone Web, utilizada por estudios, instructores y personal para gestionar la programaci\u00f3n, las clases y las operaciones del estudio. CicloZone Web Accounts es una plataforma de gesti\u00f3n basada en navegador para estudios de ciclismo indoor.<\/p><h3><strong>CicloZone Web &#8211; Iniciar sesi\u00f3nLog In<\/strong><\/h3><h3><strong>\u00daltima actualizaci\u00f3n: enero de 2026<\/strong><\/h3><h3><strong>Revisi\u00f3n de la plataforma (2025)<\/strong><\/h3><p>En 2025, CicloZone introdujo una importante revisi\u00f3n de su plataforma de Cuentas Web.<\/p><p>Esta actualizaci\u00f3n reemplaz\u00f3 el sistema web heredado utilizado antes de 2025 con una arquitectura nueva y unificada dise\u00f1ada para admitir flujos de trabajo de estudio modernos, bibliotecas de clases escalables y desarrollo continuo de funciones.<\/p><p>Debido al alcance de esta transici\u00f3n, las actualizaciones individuales de la plataforma heredada no se enumeran por separado. Todas las actualizaciones a continuaci\u00f3n se aplican a la plataforma de cuentas CicloZone Web actual.<\/p><h4><strong>Cambios principales introducidos en el cuarto trimestre de 2025<\/strong><\/h4><p>Nueva arquitectura de cuentas web<\/p><p>Acceso al estudio y al instructor.<\/p><p>Flujos de trabajo de calendario y programaci\u00f3n redise\u00f1ados<\/p><p>Rendimiento y confiabilidad mejorados del sistema<\/p><p>Base para lanzamientos continuos de funciones web<\/p><h3><strong>Actualizaciones de cuentas web<\/strong><\/h3><h4><strong>enero 2026<\/strong><\/h4><h3><strong>Mejorado<\/strong><\/h3><ul><li>Coherencia visual en las pantallas de programaci\u00f3n y gesti\u00f3n<\/li><\/ul><h3><strong>Fijado<\/strong><\/h3><ul><li>Inconsistencias menores en la interfaz de usuario y el dise\u00f1o<\/li><\/ul><h4><strong>diciembre 2025<\/strong><\/h4><h3><strong>Agregado<\/strong><\/h3><ul><li>Lanzamiento inicial de la nueva plataforma de Cuentas CicloZone Web<\/li><li>Vistas ampliadas de la programaci\u00f3n de Studio TV (d\u00eda, semana y mes)<\/li><li>Filtrado de clases por tipo, formador, etiquetas y m\u00e9tricas de rendimiento<\/li><li>Vista previa y selecci\u00f3n de clases mejoradas desde la biblioteca de clases<\/li><li>Listas de reproducci\u00f3n de d\u00eda y semana<\/li><li>Introducci\u00f3n a los permisos del equipo<\/li><li>p\u00e1gina de facturaci\u00f3n<\/li><li>Class Builder P\u00e1gina<\/li><li>Interfaz de modo oscuro\/claro<\/li><\/ul><h3><strong>Fijado<\/strong><\/h3><ul><li>Problemas iniciales de la plataforma relacionados con la asignaci\u00f3n de clases y la actualizaci\u00f3n del calendario<\/li><\/ul><h4><strong>noviembre 2025<\/strong><\/h4><h3><strong>Agregado<\/strong><\/h3><ul><li>Fundamentos de acceso basado en roles para directores de estudio e instructores<\/li><\/ul><h3><strong>Mejorado<\/strong><\/h3><p>Manejo de datos entre clases programadas y contenido de la biblioteca.<\/p><p>Precisi\u00f3n de programaci\u00f3n para las horas de inicio y finalizaci\u00f3n de clases<\/p><p>Buscar y filtrar dentro de la biblioteca de clases<\/p><h3><strong>Fijado<\/strong><\/h3><p>Problemas menores de validaci\u00f3n y selecci\u00f3n de tiempo.<\/p><h3><strong>Desarrollo continuo<\/strong><\/h3><p>La plataforma de cuentas CicloZone Web se mantiene y actualiza activamente. Continuamente se publican nuevas funciones, mejoras y correcciones como parte del desarrollo continuo de la plataforma.<\/p><h4><strong>Alcance y notas<\/strong><\/h4><p>Este historial de versiones se aplica \u00fanicamente a las cuentas CicloZone Web.<\/p><p>Las aplicaciones m\u00f3viles para pasajeros y el software de pantalla de estudio tienen historiales de actualizaci\u00f3n separados.<\/p>\t\t\t\t\t\t\t\t<\/div>\n\t\t\t\t\t<\/div>\n\t\t\t\t<\/div>\n\t\t\t\t<\/div>\n\t\t","protected":false},"excerpt":{"rendered":"<p>CicloZone Web Cuenta &#8211; Historial de versiones Esta p\u00e1gina documenta la evoluci\u00f3n de la plataforma de cuentas CicloZone Web, utilizada [&hellip;]<\/p>\n","protected":false},"author":1,"featured_media":0,"parent":0,"menu_order":0,"comment_status":"closed","ping_status":"closed","template":"","meta":{"site-sidebar-layout":"no-sidebar","site-content-layout":"","ast-site-content-layout":"full-width-container","site-content-style":"default","site-sidebar-style":"default","ast-global-header-display":"","ast-banner-title-visibility":"","ast-main-header-display":"","ast-hfb-above-header-display":"","ast-hfb-below-header-display":"","ast-hfb-mobile-header-display":"","site-post-title":"disabled","ast-breadcrumbs-content":"","ast-featured-img":"disabled","footer-sml-layout":"","ast-disable-related-posts":"","theme-transparent-header-meta":"","adv-header-id-meta":"","stick-header-meta":"","header-above-stick-meta":"","header-main-stick-meta":"","header-below-stick-meta":"","astra-migrate-meta-layouts":"default","ast-page-background-enabled":"default","ast-page-background-meta":{"desktop":{"background-color":"var(--ast-global-color-5)","background-image":"","background-repeat":"repeat","background-position":"center center","background-size":"auto","background-attachment":"scroll","background-type":"","background-media":"","overlay-type":"","overlay-color":"","overlay-opacity":"","overlay-gradient":""},"tablet":{"background-color":"","background-image":"","background-repeat":"repeat","background-position":"center center","background-size":"auto","background-attachment":"scroll","background-type":"","background-media":"","overlay-type":"","overlay-color":"","overlay-opacity":"","overlay-gradient":""},"mobile":{"background-color":"","background-image":"","background-repeat":"repeat","background-position":"center center","background-size":"auto","background-attachment":"scroll","background-type":"","background-media":"","overlay-type":"","overlay-color":"","overlay-opacity":"","overlay-gradient":""}},"ast-content-background-meta":{"desktop":{"background-color":"var(--ast-global-color-4)","background-image":"","background-repeat":"repeat","background-position":"center center","background-size":"auto","background-attachment":"scroll","background-type":"","background-media":"","overlay-type":"","overlay-color":"","overlay-opacity":"","overlay-gradient":""},"tablet":{"background-color":"var(--ast-global-color-4)","background-image":"","background-repeat":"repeat","background-position":"center center","background-size":"auto","background-attachment":"scroll","background-type":"","background-media":"","overlay-type":"","overlay-color":"","overlay-opacity":"","overlay-gradient":""},"mobile":{"background-color":"var(--ast-global-color-4)","background-image":"","background-repeat":"repeat","background-position":"center center","background-size":"auto","background-attachment":"scroll","background-type":"","background-media":"","overlay-type":"","overlay-color":"","overlay-opacity":"","overlay-gradient":""}},"footnotes":""},"class_list":["post-8235","page","type-page","status-publish","hentry"],"yoast_head":"<!-- This site is optimized with the Yoast SEO plugin v27.1.1 - https:\/\/yoast.com\/product\/yoast-seo-wordpress\/ -->\n<title>CicloZone Web Cuenta - Historial de versiones - Ciclozone<\/title>\n<meta name=\"robots\" content=\"index, follow, max-snippet:-1, max-image-preview:large, max-video-preview:-1\" \/>\n<link rel=\"canonical\" href=\"https:\/\/ciclozone.com\/es\/ciclozone-web-cuenta-historial-de-versiones\/\" \/>\n<meta property=\"og:locale\" content=\"es_ES\" \/>\n<meta property=\"og:type\" content=\"article\" \/>\n<meta property=\"og:title\" content=\"CicloZone Web Cuenta - Historial de versiones - Ciclozone\" \/>\n<meta property=\"og:description\" content=\"CicloZone Web Cuenta &#8211; Historial de versiones Esta p\u00e1gina documenta la evoluci\u00f3n de la plataforma de cuentas CicloZone Web, utilizada [&hellip;]\" \/>\n<meta property=\"og:url\" content=\"https:\/\/ciclozone.com\/es\/ciclozone-web-cuenta-historial-de-versiones\/\" \/>\n<meta property=\"og:site_name\" content=\"Ciclozone\" \/>\n<meta property=\"article:publisher\" content=\"https:\/\/www.facebook.com\/WeareCicloZone\/\" \/>\n<meta property=\"article:modified_time\" content=\"2026-03-30T17:21:38+00:00\" \/>\n<meta property=\"og:image\" content=\"https:\/\/ciclozone.com\/wp-content\/uploads\/2025\/08\/Swatch-Group.png\" \/>\n\t<meta property=\"og:image:width\" content=\"550\" \/>\n\t<meta property=\"og:image:height\" content=\"12\" \/>\n\t<meta property=\"og:image:type\" content=\"image\/png\" \/>\n<meta name=\"twitter:card\" content=\"summary_large_image\" \/>\n<meta name=\"twitter:label1\" content=\"Tiempo de lectura\" \/>\n\t<meta name=\"twitter:data1\" content=\"2 minutos\" \/>\n<script type=\"application\/ld+json\" class=\"yoast-schema-graph\">{\"@context\":\"https:\/\/schema.org\",\"@graph\":[{\"@type\":\"WebPage\",\"@id\":\"https:\/\/ciclozone.com\/es\/ciclozone-web-cuenta-historial-de-versiones\/\",\"url\":\"https:\/\/ciclozone.com\/es\/ciclozone-web-cuenta-historial-de-versiones\/\",\"name\":\"CicloZone Web Cuenta - Historial de versiones - Ciclozone\",\"isPartOf\":{\"@id\":\"https:\/\/ciclozone.com\/es\/#website\"},\"primaryImageOfPage\":{\"@id\":\"https:\/\/ciclozone.com\/es\/ciclozone-web-cuenta-historial-de-versiones\/#primaryimage\"},\"image\":{\"@id\":\"https:\/\/ciclozone.com\/es\/ciclozone-web-cuenta-historial-de-versiones\/#primaryimage\"},\"thumbnailUrl\":\"https:\/\/ciclozone.com\/wp-content\/uploads\/2025\/08\/Swatch-Group-300x7.png\",\"datePublished\":\"2026-02-10T20:43:13+00:00\",\"dateModified\":\"2026-03-30T17:21:38+00:00\",\"breadcrumb\":{\"@id\":\"https:\/\/ciclozone.com\/es\/ciclozone-web-cuenta-historial-de-versiones\/#breadcrumb\"},\"inLanguage\":\"es\",\"potentialAction\":[{\"@type\":\"ReadAction\",\"target\":[\"https:\/\/ciclozone.com\/es\/ciclozone-web-cuenta-historial-de-versiones\/\"]}]},{\"@type\":\"ImageObject\",\"inLanguage\":\"es\",\"@id\":\"https:\/\/ciclozone.com\/es\/ciclozone-web-cuenta-historial-de-versiones\/#primaryimage\",\"url\":\"https:\/\/ciclozone.com\/wp-content\/uploads\/2025\/08\/Swatch-Group-300x7.png\",\"contentUrl\":\"https:\/\/ciclozone.com\/wp-content\/uploads\/2025\/08\/Swatch-Group-300x7.png\"},{\"@type\":\"BreadcrumbList\",\"@id\":\"https:\/\/ciclozone.com\/es\/ciclozone-web-cuenta-historial-de-versiones\/#breadcrumb\",\"itemListElement\":[{\"@type\":\"ListItem\",\"position\":1,\"name\":\"Home\",\"item\":\"https:\/\/ciclozone.com\/es\/\"},{\"@type\":\"ListItem\",\"position\":2,\"name\":\"CicloZone Web Cuenta &#8211; Historial de versiones\"}]},{\"@type\":\"WebSite\",\"@id\":\"https:\/\/ciclozone.com\/es\/#website\",\"url\":\"https:\/\/ciclozone.com\/es\/\",\"name\":\"Ciclozone\",\"description\":\"Indoor Cycling Redefined\",\"publisher\":{\"@id\":\"https:\/\/ciclozone.com\/es\/#organization\"},\"potentialAction\":[{\"@type\":\"SearchAction\",\"target\":{\"@type\":\"EntryPoint\",\"urlTemplate\":\"https:\/\/ciclozone.com\/es\/?s={search_term_string}\"},\"query-input\":{\"@type\":\"PropertyValueSpecification\",\"valueRequired\":true,\"valueName\":\"search_term_string\"}}],\"inLanguage\":\"es\"},{\"@type\":\"Organization\",\"@id\":\"https:\/\/ciclozone.com\/es\/#organization\",\"name\":\"Ciclozone\",\"url\":\"https:\/\/ciclozone.com\/es\/\",\"logo\":{\"@type\":\"ImageObject\",\"inLanguage\":\"es\",\"@id\":\"https:\/\/ciclozone.com\/es\/#\/schema\/logo\/image\/\",\"url\":\"https:\/\/ciclozone.com\/wp-content\/uploads\/2025\/08\/ciclo-logo.png\",\"contentUrl\":\"https:\/\/ciclozone.com\/wp-content\/uploads\/2025\/08\/ciclo-logo.png\",\"width\":177,\"height\":44,\"caption\":\"Ciclozone\"},\"image\":{\"@id\":\"https:\/\/ciclozone.com\/es\/#\/schema\/logo\/image\/\"},\"sameAs\":[\"https:\/\/www.facebook.com\/WeareCicloZone\/\",\"https:\/\/www.instagram.com\/ciclozoneuk\/\",\"https:\/\/www.linkedin.com\/company\/ciclozone\/\",\"https:\/\/www.youtube.com\/@ciclozone1059\/\"]}]}<\/script>\n<!-- \/ Yoast SEO plugin. -->","yoast_head_json":{"title":"CicloZone Web Cuenta - Historial de versiones - Ciclozone","robots":{"index":"index","follow":"follow","max-snippet":"max-snippet:-1","max-image-preview":"max-image-preview:large","max-video-preview":"max-video-preview:-1"},"canonical":"https:\/\/ciclozone.com\/es\/ciclozone-web-cuenta-historial-de-versiones\/","og_locale":"es_ES","og_type":"article","og_title":"CicloZone Web Cuenta - Historial de versiones - Ciclozone","og_description":"CicloZone Web Cuenta &#8211; Historial de versiones Esta p\u00e1gina documenta la evoluci\u00f3n de la plataforma de cuentas CicloZone Web, utilizada [&hellip;]","og_url":"https:\/\/ciclozone.com\/es\/ciclozone-web-cuenta-historial-de-versiones\/","og_site_name":"Ciclozone","article_publisher":"https:\/\/www.facebook.com\/WeareCicloZone\/","article_modified_time":"2026-03-30T17:21:38+00:00","og_image":[{"width":550,"height":12,"url":"https:\/\/ciclozone.com\/wp-content\/uploads\/2025\/08\/Swatch-Group.png","type":"image\/png"}],"twitter_card":"summary_large_image","twitter_misc":{"Tiempo de lectura":"2 minutos"},"schema":{"@context":"https:\/\/schema.org","@graph":[{"@type":"WebPage","@id":"https:\/\/ciclozone.com\/es\/ciclozone-web-cuenta-historial-de-versiones\/","url":"https:\/\/ciclozone.com\/es\/ciclozone-web-cuenta-historial-de-versiones\/","name":"CicloZone Web Cuenta - Historial de versiones - Ciclozone","isPartOf":{"@id":"https:\/\/ciclozone.com\/es\/#website"},"primaryImageOfPage":{"@id":"https:\/\/ciclozone.com\/es\/ciclozone-web-cuenta-historial-de-versiones\/#primaryimage"},"image":{"@id":"https:\/\/ciclozone.com\/es\/ciclozone-web-cuenta-historial-de-versiones\/#primaryimage"},"thumbnailUrl":"https:\/\/ciclozone.com\/wp-content\/uploads\/2025\/08\/Swatch-Group-300x7.png","datePublished":"2026-02-10T20:43:13+00:00","dateModified":"2026-03-30T17:21:38+00:00","breadcrumb":{"@id":"https:\/\/ciclozone.com\/es\/ciclozone-web-cuenta-historial-de-versiones\/#breadcrumb"},"inLanguage":"es","potentialAction":[{"@type":"ReadAction","target":["https:\/\/ciclozone.com\/es\/ciclozone-web-cuenta-historial-de-versiones\/"]}]},{"@type":"ImageObject","inLanguage":"es","@id":"https:\/\/ciclozone.com\/es\/ciclozone-web-cuenta-historial-de-versiones\/#primaryimage","url":"https:\/\/ciclozone.com\/wp-content\/uploads\/2025\/08\/Swatch-Group-300x7.png","contentUrl":"https:\/\/ciclozone.com\/wp-content\/uploads\/2025\/08\/Swatch-Group-300x7.png"},{"@type":"BreadcrumbList","@id":"https:\/\/ciclozone.com\/es\/ciclozone-web-cuenta-historial-de-versiones\/#breadcrumb","itemListElement":[{"@type":"ListItem","position":1,"name":"Home","item":"https:\/\/ciclozone.com\/es\/"},{"@type":"ListItem","position":2,"name":"CicloZone Web Cuenta &#8211; Historial de versiones"}]},{"@type":"WebSite","@id":"https:\/\/ciclozone.com\/es\/#website","url":"https:\/\/ciclozone.com\/es\/","name":"Ciclozone","description":"Indoor Cycling Redefined","publisher":{"@id":"https:\/\/ciclozone.com\/es\/#organization"},"potentialAction":[{"@type":"SearchAction","target":{"@type":"EntryPoint","urlTemplate":"https:\/\/ciclozone.com\/es\/?s={search_term_string}"},"query-input":{"@type":"PropertyValueSpecification","valueRequired":true,"valueName":"search_term_string"}}],"inLanguage":"es"},{"@type":"Organization","@id":"https:\/\/ciclozone.com\/es\/#organization","name":"Ciclozone","url":"https:\/\/ciclozone.com\/es\/","logo":{"@type":"ImageObject","inLanguage":"es","@id":"https:\/\/ciclozone.com\/es\/#\/schema\/logo\/image\/","url":"https:\/\/ciclozone.com\/wp-content\/uploads\/2025\/08\/ciclo-logo.png","contentUrl":"https:\/\/ciclozone.com\/wp-content\/uploads\/2025\/08\/ciclo-logo.png","width":177,"height":44,"caption":"Ciclozone"},"image":{"@id":"https:\/\/ciclozone.com\/es\/#\/schema\/logo\/image\/"},"sameAs":["https:\/\/www.facebook.com\/WeareCicloZone\/","https:\/\/www.instagram.com\/ciclozoneuk\/","https:\/\/www.linkedin.com\/company\/ciclozone\/","https:\/\/www.youtube.com\/@ciclozone1059\/"]}]}},"_links":{"self":[{"href":"https:\/\/ciclozone.com\/es\/wp-json\/wp\/v2\/pages\/8235","targetHints":{"allow":["GET"]}}],"collection":[{"href":"https:\/\/ciclozone.com\/es\/wp-json\/wp\/v2\/pages"}],"about":[{"href":"https:\/\/ciclozone.com\/es\/wp-json\/wp\/v2\/types\/page"}],"author":[{"embeddable":true,"href":"https:\/\/ciclozone.com\/es\/wp-json\/wp\/v2\/users\/1"}],"replies":[{"embeddable":true,"href":"https:\/\/ciclozone.com\/es\/wp-json\/wp\/v2\/comments?post=8235"}],"version-history":[{"count":1,"href":"https:\/\/ciclozone.com\/es\/wp-json\/wp\/v2\/pages\/8235\/revisions"}],"predecessor-version":[{"id":8236,"href":"https:\/\/ciclozone.com\/es\/wp-json\/wp\/v2\/pages\/8235\/revisions\/8236"}],"wp:attachment":[{"href":"https:\/\/ciclozone.com\/es\/wp-json\/wp\/v2\/media?parent=8235"}],"curies":[{"name":"wp","href":"https:\/\/api.w.org\/{rel}","templated":true}]}}