{"id":8227,"date":"2026-02-10T20:40:45","date_gmt":"2026-02-10T20:40:45","guid":{"rendered":"https:\/\/ciclozone.com\/ciclo-studio-android-tv-historial-de-versiones-y-actualizaciones\/"},"modified":"2026-03-30T18:21:37","modified_gmt":"2026-03-30T17:21:37","slug":"ciclo-studio-android-tv-historial-de-versiones-y-actualizaciones","status":"publish","type":"page","link":"https:\/\/ciclozone.com\/es\/ciclo-studio-android-tv-historial-de-versiones-y-actualizaciones\/","title":{"rendered":"Ciclo Studio (Android TV) \u2013 Historial de versiones y actualizaciones"},"content":{"rendered":"\t\t<div data-elementor-type=\"wp-page\" data-elementor-id=\"8227\" class=\"elementor elementor-8227 elementor-6423\" data-elementor-post-type=\"page\">\n\t\t\t\t<div class=\"elementor-element elementor-element-1fc1fcc e-flex e-con-boxed e-con e-parent\" data-id=\"1fc1fcc\" data-element_type=\"container\" data-e-type=\"container\" data-settings=\"{&quot;background_background&quot;:&quot;classic&quot;,&quot;animation&quot;:&quot;none&quot;,&quot;shape_divider_bottom&quot;:&quot;triangle&quot;,&quot;shape_divider_bottom_negative&quot;:&quot;yes&quot;}\">\n\t\t\t\t\t<div class=\"e-con-inner\">\n\t\t\t\t<div class=\"elementor-shape elementor-shape-bottom\" aria-hidden=\"true\" data-negative=\"true\">\n\t\t\t<svg xmlns=\"http:\/\/www.w3.org\/2000\/svg\" viewBox=\"0 0 1000 100\" preserveAspectRatio=\"none\">\n\t<path class=\"elementor-shape-fill\" d=\"M500.2,94.7L0,0v100h1000V0L500.2,94.7z\"\/>\n<\/svg>\t\t<\/div>\n\t\t<div class=\"elementor-element elementor-element-b3084b2 e-con-full e-flex e-con e-child\" data-id=\"b3084b2\" data-element_type=\"container\" data-e-type=\"container\">\n\t\t\t\t<div class=\"elementor-element elementor-element-237ed72 elementor-widget__width-initial elementor-widget elementor-widget-heading\" data-id=\"237ed72\" data-element_type=\"widget\" data-e-type=\"widget\" data-widget_type=\"heading.default\">\n\t\t\t\t\t<h1 class=\"elementor-heading-title elementor-size-default\">Ciclo Studio (Android TV) \u2013 Historial de versiones y actualizaciones<\/h1>\t\t\t\t<\/div>\n\t\t\t\t<div class=\"elementor-element elementor-element-607a6ea elementor-widget elementor-widget-image\" data-id=\"607a6ea\" data-element_type=\"widget\" data-e-type=\"widget\" data-widget_type=\"image.default\">\n\t\t\t\t\t\t\t\t\t\t\t\t\t\t\t<img decoding=\"async\" width=\"300\" height=\"7\" src=\"https:\/\/ciclozone.com\/wp-content\/uploads\/2025\/08\/Swatch-Group-300x7.png\" class=\"attachment-medium size-medium wp-image-7396\" alt=\"\" srcset=\"https:\/\/ciclozone.com\/wp-content\/uploads\/2025\/08\/Swatch-Group-300x7.png 300w, https:\/\/ciclozone.com\/wp-content\/uploads\/2025\/08\/Swatch-Group.png 550w\" sizes=\"(max-width: 300px) 100vw, 300px\" \/>\t\t\t\t\t\t\t\t\t\t\t\t\t\t\t<\/div>\n\t\t\t\t<\/div>\n\t\t\t\t\t<\/div>\n\t\t\t\t<\/div>\n\t\t<div class=\"elementor-element elementor-element-be8e3f8 e-flex e-con-boxed e-con e-parent\" data-id=\"be8e3f8\" data-element_type=\"container\" data-e-type=\"container\" data-settings=\"{&quot;background_background&quot;:&quot;classic&quot;}\">\n\t\t\t\t\t<div class=\"e-con-inner\">\n\t\t\t\t<div class=\"elementor-element elementor-element-45ceb5e elementor-widget__width-initial elementor-widget elementor-widget-text-editor\" data-id=\"45ceb5e\" data-element_type=\"widget\" data-e-type=\"widget\" data-widget_type=\"text-editor.default\">\n\t\t\t\t\t\t\t\t\t<p><strong>Android TV:<\/strong> <a href=\"https:\/\/play.google.com\/store\/apps\/details?id=com.ciclozone.x&amp;hl=en_GB\">Ciclo Studio App &#8211; Google Play<\/a><\/p><h3><strong>\u00daltima actualizaci\u00f3n: 22 de mayo de 2025<\/strong><\/h3><h3><strong>Introducci\u00f3n<\/strong><\/h3><p>Esta p\u00e1gina documenta las versiones publicadas de la aplicaci\u00f3n Ciclo Studio para Android TV. Proporciona una descripci\u00f3n general objetiva de las mejoras de estabilidad, actualizaciones de rendimiento y adiciones de funciones en las versiones publicadas.<\/p><p>Esta p\u00e1gina documenta la solicitud Ciclo Studio para Android TV. Las actualizaciones de aplicaciones m\u00f3viles se documentan por separado.<\/p><p>A menos que se indique lo contrario, las actualizaciones se centran en la estabilidad de la plataforma, la confiabilidad de la conectividad y la optimizaci\u00f3n del rendimiento.<\/p><h3><strong>Ciclo Studio (Android TV) \u2013 Historial de versiones<\/strong><\/h3><h4><strong>Versi\u00f3n 5.3.13 (c\u00f3digo de versi\u00f3n 553) \u2014 22 de mayo de 2025<\/strong><\/h4><p>Mejoras generales de estabilidad.<\/p><p>Optimizaciones menores de rendimiento<\/p><h4><strong>Versi\u00f3n 5.3.12 (c\u00f3digo de versi\u00f3n 552) \u2014 18 de mayo de 2025<\/strong><\/h4><p>Optimizaciones de rendimiento<\/p><p>Mejoras en el manejo de procesos en segundo plano.<\/p><h4><strong>Versi\u00f3n 5.1.22 (c\u00f3digo de versi\u00f3n 532) \u2014 26 de marzo de 2025<\/strong><\/h4><p>Mejoras de estabilidad para sesiones de estudio prolongadas.<\/p><h4><strong>Versi\u00f3n 4.0.9 (c\u00f3digo de versi\u00f3n 409) \u2014 15 de enero de 2025<\/strong><\/h4><p>Estabilidad general mejorada de la aplicaci\u00f3n<\/p><p>Mejoras de rendimiento para dispositivos Android TV<\/p><h4><strong>Versi\u00f3n 3.1.63 (c\u00f3digo de versi\u00f3n 363) \u2014 12 de noviembre de 2024<\/strong><\/h4><p>Mejoras de estabilidad<\/p><p>Optimizaci\u00f3n del uso de recursos del sistema.<\/p><h4><strong>Versi\u00f3n 3.0.0 (c\u00f3digo de versi\u00f3n 302) \u2014 31 de julio de 2024<\/strong><\/h4><h3><strong>Actualizaci\u00f3n importante de la plataforma<\/strong><\/h3><h3><strong>Tabla de clasificaci\u00f3n<\/strong><\/h3><p>Se introdujo un nuevo dise\u00f1o de tabla de clasificaci\u00f3n y una l\u00f3gica de tabla de clasificaci\u00f3n actualizada.<\/p><h3><strong>Permisos<\/strong><\/h3><p>Se agreg\u00f3 una solicitud de permiso de superposici\u00f3n Android para admitir los requisitos de visualizaci\u00f3n a nivel del sistema.<\/p><h3><strong>Actualizaciones en la aplicaci\u00f3n<\/strong><\/h3><p>Se agreg\u00f3 un mensaje de actualizaci\u00f3n en la aplicaci\u00f3n durante la cuenta regresiva cuando hay una versi\u00f3n m\u00e1s nueva disponible<\/p><h4><strong>Versi\u00f3n 2.0.3 (c\u00f3digo de versi\u00f3n 68) \u2014 17 de octubre de 2023<\/strong><\/h4><p>Mejoras generales de estabilidad.<\/p><p>Ajuste de rendimiento para entornos Android TV<\/p><h4><strong>Versi\u00f3n 2.0.2 (c\u00f3digo de versi\u00f3n 67) \u2014 27 de septiembre de 2023<\/strong><\/h4><p>Correcciones de estabilidad<\/p><p>Mejoras menores en la capacidad de respuesta de la aplicaci\u00f3n.<\/p><h4><strong>Versi\u00f3n 2.0.1 (c\u00f3digo de versi\u00f3n 66) \u2014 12 de septiembre de 2023<\/strong><\/h4><p>Optimizaciones de rendimiento<\/p><p>Mejoras de confiabilidad para la salida de pantalla de estudio<\/p><h4><strong>Versi\u00f3n 2.0.0 (c\u00f3digo de versi\u00f3n 65) \u2014 6 de septiembre de 2023<\/strong><\/h4><p>Mejoras en la estabilidad de la plataforma<\/p><p>Mejoras en el rendimiento interno<\/p><h4><strong>Versi\u00f3n 2.0.0 (c\u00f3digo de versi\u00f3n 64) \u2014 4 de septiembre de 2023<\/strong><\/h4><p>Lanzamiento inicial de la rama de la plataforma 2.0<\/p><p>Mejoras generales de estabilidad y rendimiento.<\/p><h4><strong>Versi\u00f3n 1.2.8 (c\u00f3digo de versi\u00f3n 63) \u2014 8 de agosto de 2023<\/strong><\/h4><p>Mejoras de estabilidad<\/p><p>Optimizaciones menores del sistema.<\/p><h4><strong>Versi\u00f3n 1.2.7 (c\u00f3digo de versi\u00f3n 62) \u2014 16 de junio de 2023<\/strong><\/h4><p>Mejoras de rendimiento<\/p><p>Correcci\u00f3n de errores que afectan a sesiones de larga duraci\u00f3n.<\/p><h4><strong>Versi\u00f3n 1.2.6 (c\u00f3digo de versi\u00f3n 59) \u2014 25 de abril de 2023<\/strong><\/h4><p>Mejoras generales de rendimiento<\/p><p>Mayor confiabilidad en dispositivos Android TV compatibles<\/p><h4><strong>Versi\u00f3n 1.2.5 (c\u00f3digo de versi\u00f3n 58) \u2014 5 de abril de 2023<\/strong><\/h4><p>Correcciones de estabilidad<\/p><p>Mejoras menores en el comportamiento del sistema.<\/p><h4><strong>Versi\u00f3n 1.2.4 (c\u00f3digo de versi\u00f3n 57) \u2014 8 de septiembre de 2022<\/strong><\/h4><p>Optimizaciones de rendimiento<\/p><p>Correcci\u00f3n de errores<\/p><h4><strong>Versi\u00f3n 1.2.3 (c\u00f3digo de versi\u00f3n 55) \u2014 4 de agosto de 2022<\/strong><\/h4><p>Mejoras generales de estabilidad.<\/p><h4><strong>Versi\u00f3n 1.2.2 (c\u00f3digo de versi\u00f3n 53) \u2014 27 de junio de 2022<\/strong><\/h4><p>Mejoras de estabilidad y confiabilidad.<\/p><h4><strong>Versi\u00f3n 1.2.1 (c\u00f3digo de versi\u00f3n 52) \u2014 4 de mayo de 2022<\/strong><\/h4><p>Mejoras menores de rendimiento<\/p><h4><strong>Versi\u00f3n 1.2.0 (c\u00f3digo de versi\u00f3n 51) \u2014 29 de abril de 2022<\/strong><\/h4><p>Mejoras generales de la plataforma.<\/p><p>Optimizaciones de estabilidad<\/p><h4><strong>Versi\u00f3n 1.1.0 (c\u00f3digo de versi\u00f3n 15) \u2014 16 de marzo de 2022<\/strong><\/h4><p>Mejoras tempranas en la estabilidad de la plataforma<\/p><h4><strong>Versi\u00f3n 1.0.5 (c\u00f3digo de versi\u00f3n 13) \u2014 9 de marzo de 2022<\/strong><\/h4><p>Correcciones de rendimiento<\/p><p>Correcciones de errores menores<\/p><h4><strong>Versi\u00f3n 1.0.4 (c\u00f3digo de versi\u00f3n 12) \u2014 8 de marzo de 2022<\/strong><\/h4><p>Mejoras de estabilidad<\/p><h4><strong>Versi\u00f3n 1.0.4 (c\u00f3digo de versi\u00f3n 11) \u2014 28 de febrero de 2022<\/strong><\/h4><p>Correcciones menores de rendimiento<\/p><h4><strong>Versi\u00f3n 1.0.4 (c\u00f3digo de versi\u00f3n 10) \u2014 24 de febrero de 2022<\/strong><\/h4><p>Correcci\u00f3n de errores<\/p><p>Mejoras de estabilidad<\/p><h4><strong>Versi\u00f3n 1.0.4 (c\u00f3digo de versi\u00f3n 9) \u2014 23 de febrero de 2022<\/strong><\/h4><p>Correcciones internas<\/p><h4><strong>Versi\u00f3n 1.0.3 (c\u00f3digo de versi\u00f3n 8) \u2014 14 de febrero de 2022<\/strong><\/h4><p>Lanzamientos p\u00fablicos iniciales<\/p><p>Mejoras en la estabilidad del n\u00facleo<\/p><h3><strong>Notas sobre versiones hist\u00f3ricas<\/strong><\/h3><p>Solo se enumeran las versiones con marcas de tiempo de lanzamiento confirmadas Google Play<\/p><p>Las entradas sin notas de cambios detalladas reflejan actualizaciones centradas en el mantenimiento<\/p><p>Es posible que existan versiones sem\u00e1nticas duplicadas debido a m\u00faltiples env\u00edos de Play Store con diferentes c\u00f3digos de versi\u00f3n.<\/p><h3><strong>Pol\u00edtica de actualizaci\u00f3n<\/strong><\/h3><p>Esta p\u00e1gina se actualiza a medida que se publican nuevas versiones de Ciclo Studio.<\/p>\t\t\t\t\t\t\t\t<\/div>\n\t\t\t\t\t<\/div>\n\t\t\t\t<\/div>\n\t\t\t\t<\/div>\n\t\t","protected":false},"excerpt":{"rendered":"<p>Ciclo Studio (Android TV) \u2013 Historial de versiones y actualizaciones Android TV: Ciclo Studio App &#8211; Google Play \u00daltima actualizaci\u00f3n: [&hellip;]<\/p>\n","protected":false},"author":1,"featured_media":0,"parent":0,"menu_order":0,"comment_status":"closed","ping_status":"closed","template":"","meta":{"site-sidebar-layout":"no-sidebar","site-content-layout":"","ast-site-content-layout":"full-width-container","site-content-style":"default","site-sidebar-style":"default","ast-global-header-display":"","ast-banner-title-visibility":"","ast-main-header-display":"","ast-hfb-above-header-display":"","ast-hfb-below-header-display":"","ast-hfb-mobile-header-display":"","site-post-title":"","ast-breadcrumbs-content":"","ast-featured-img":"disabled","footer-sml-layout":"","ast-disable-related-posts":"","theme-transparent-header-meta":"","adv-header-id-meta":"","stick-header-meta":"","header-above-stick-meta":"","header-main-stick-meta":"","header-below-stick-meta":"","astra-migrate-meta-layouts":"default","ast-page-background-enabled":"default","ast-page-background-meta":{"desktop":{"background-color":"var(--ast-global-color-5)","background-image":"","background-repeat":"repeat","background-position":"center center","background-size":"auto","background-attachment":"scroll","background-type":"","background-media":"","overlay-type":"","overlay-color":"","overlay-opacity":"","overlay-gradient":""},"tablet":{"background-color":"","background-image":"","background-repeat":"repeat","background-position":"center center","background-size":"auto","background-attachment":"scroll","background-type":"","background-media":"","overlay-type":"","overlay-color":"","overlay-opacity":"","overlay-gradient":""},"mobile":{"background-color":"","background-image":"","background-repeat":"repeat","background-position":"center center","background-size":"auto","background-attachment":"scroll","background-type":"","background-media":"","overlay-type":"","overlay-color":"","overlay-opacity":"","overlay-gradient":""}},"ast-content-background-meta":{"desktop":{"background-color":"var(--ast-global-color-4)","background-image":"","background-repeat":"repeat","background-position":"center center","background-size":"auto","background-attachment":"scroll","background-type":"","background-media":"","overlay-type":"","overlay-color":"","overlay-opacity":"","overlay-gradient":""},"tablet":{"background-color":"var(--ast-global-color-4)","background-image":"","background-repeat":"repeat","background-position":"center center","background-size":"auto","background-attachment":"scroll","background-type":"","background-media":"","overlay-type":"","overlay-color":"","overlay-opacity":"","overlay-gradient":""},"mobile":{"background-color":"var(--ast-global-color-4)","background-image":"","background-repeat":"repeat","background-position":"center center","background-size":"auto","background-attachment":"scroll","background-type":"","background-media":"","overlay-type":"","overlay-color":"","overlay-opacity":"","overlay-gradient":""}},"footnotes":""},"class_list":["post-8227","page","type-page","status-publish","hentry"],"yoast_head":"<!-- This site is optimized with the Yoast SEO plugin v27.1.1 - https:\/\/yoast.com\/product\/yoast-seo-wordpress\/ -->\n<title>Ciclo Studio (Android TV) \u2013 Historial de versiones y actualizaciones - Ciclozone<\/title>\n<meta name=\"robots\" content=\"index, follow, max-snippet:-1, max-image-preview:large, max-video-preview:-1\" \/>\n<link rel=\"canonical\" href=\"https:\/\/ciclozone.com\/es\/ciclo-studio-android-tv-historial-de-versiones-y-actualizaciones\/\" \/>\n<meta property=\"og:locale\" content=\"es_ES\" \/>\n<meta property=\"og:type\" content=\"article\" \/>\n<meta property=\"og:title\" content=\"Ciclo Studio (Android TV) \u2013 Historial de versiones y actualizaciones - Ciclozone\" \/>\n<meta property=\"og:description\" content=\"Ciclo Studio (Android TV) \u2013 Historial de versiones y actualizaciones Android TV: Ciclo Studio App &#8211; Google Play \u00daltima actualizaci\u00f3n: [&hellip;]\" \/>\n<meta property=\"og:url\" content=\"https:\/\/ciclozone.com\/es\/ciclo-studio-android-tv-historial-de-versiones-y-actualizaciones\/\" \/>\n<meta property=\"og:site_name\" content=\"Ciclozone\" \/>\n<meta property=\"article:publisher\" content=\"https:\/\/www.facebook.com\/WeareCicloZone\/\" \/>\n<meta property=\"article:modified_time\" content=\"2026-03-30T17:21:37+00:00\" \/>\n<meta property=\"og:image\" content=\"https:\/\/ciclozone.com\/wp-content\/uploads\/2025\/08\/Swatch-Group.png\" \/>\n\t<meta property=\"og:image:width\" content=\"550\" \/>\n\t<meta property=\"og:image:height\" content=\"12\" \/>\n\t<meta property=\"og:image:type\" content=\"image\/png\" \/>\n<meta name=\"twitter:card\" content=\"summary_large_image\" \/>\n<meta name=\"twitter:label1\" content=\"Tiempo de lectura\" \/>\n\t<meta name=\"twitter:data1\" content=\"4 minutos\" \/>\n<script type=\"application\/ld+json\" class=\"yoast-schema-graph\">{\"@context\":\"https:\/\/schema.org\",\"@graph\":[{\"@type\":\"WebPage\",\"@id\":\"https:\/\/ciclozone.com\/es\/ciclo-studio-android-tv-historial-de-versiones-y-actualizaciones\/\",\"url\":\"https:\/\/ciclozone.com\/es\/ciclo-studio-android-tv-historial-de-versiones-y-actualizaciones\/\",\"name\":\"Ciclo Studio (Android TV) \u2013 Historial de versiones y actualizaciones - Ciclozone\",\"isPartOf\":{\"@id\":\"https:\/\/ciclozone.com\/es\/#website\"},\"primaryImageOfPage\":{\"@id\":\"https:\/\/ciclozone.com\/es\/ciclo-studio-android-tv-historial-de-versiones-y-actualizaciones\/#primaryimage\"},\"image\":{\"@id\":\"https:\/\/ciclozone.com\/es\/ciclo-studio-android-tv-historial-de-versiones-y-actualizaciones\/#primaryimage\"},\"thumbnailUrl\":\"https:\/\/ciclozone.com\/wp-content\/uploads\/2025\/08\/Swatch-Group-300x7.png\",\"datePublished\":\"2026-02-10T20:40:45+00:00\",\"dateModified\":\"2026-03-30T17:21:37+00:00\",\"breadcrumb\":{\"@id\":\"https:\/\/ciclozone.com\/es\/ciclo-studio-android-tv-historial-de-versiones-y-actualizaciones\/#breadcrumb\"},\"inLanguage\":\"es\",\"potentialAction\":[{\"@type\":\"ReadAction\",\"target\":[\"https:\/\/ciclozone.com\/es\/ciclo-studio-android-tv-historial-de-versiones-y-actualizaciones\/\"]}]},{\"@type\":\"ImageObject\",\"inLanguage\":\"es\",\"@id\":\"https:\/\/ciclozone.com\/es\/ciclo-studio-android-tv-historial-de-versiones-y-actualizaciones\/#primaryimage\",\"url\":\"https:\/\/ciclozone.com\/wp-content\/uploads\/2025\/08\/Swatch-Group-300x7.png\",\"contentUrl\":\"https:\/\/ciclozone.com\/wp-content\/uploads\/2025\/08\/Swatch-Group-300x7.png\"},{\"@type\":\"BreadcrumbList\",\"@id\":\"https:\/\/ciclozone.com\/es\/ciclo-studio-android-tv-historial-de-versiones-y-actualizaciones\/#breadcrumb\",\"itemListElement\":[{\"@type\":\"ListItem\",\"position\":1,\"name\":\"Home\",\"item\":\"https:\/\/ciclozone.com\/es\/\"},{\"@type\":\"ListItem\",\"position\":2,\"name\":\"Ciclo Studio (Android TV) \u2013 Historial de versiones y actualizaciones\"}]},{\"@type\":\"WebSite\",\"@id\":\"https:\/\/ciclozone.com\/es\/#website\",\"url\":\"https:\/\/ciclozone.com\/es\/\",\"name\":\"Ciclozone\",\"description\":\"Indoor Cycling Redefined\",\"publisher\":{\"@id\":\"https:\/\/ciclozone.com\/es\/#organization\"},\"potentialAction\":[{\"@type\":\"SearchAction\",\"target\":{\"@type\":\"EntryPoint\",\"urlTemplate\":\"https:\/\/ciclozone.com\/es\/?s={search_term_string}\"},\"query-input\":{\"@type\":\"PropertyValueSpecification\",\"valueRequired\":true,\"valueName\":\"search_term_string\"}}],\"inLanguage\":\"es\"},{\"@type\":\"Organization\",\"@id\":\"https:\/\/ciclozone.com\/es\/#organization\",\"name\":\"Ciclozone\",\"url\":\"https:\/\/ciclozone.com\/es\/\",\"logo\":{\"@type\":\"ImageObject\",\"inLanguage\":\"es\",\"@id\":\"https:\/\/ciclozone.com\/es\/#\/schema\/logo\/image\/\",\"url\":\"https:\/\/ciclozone.com\/wp-content\/uploads\/2025\/08\/ciclo-logo.png\",\"contentUrl\":\"https:\/\/ciclozone.com\/wp-content\/uploads\/2025\/08\/ciclo-logo.png\",\"width\":177,\"height\":44,\"caption\":\"Ciclozone\"},\"image\":{\"@id\":\"https:\/\/ciclozone.com\/es\/#\/schema\/logo\/image\/\"},\"sameAs\":[\"https:\/\/www.facebook.com\/WeareCicloZone\/\",\"https:\/\/www.instagram.com\/ciclozoneuk\/\",\"https:\/\/www.linkedin.com\/company\/ciclozone\/\",\"https:\/\/www.youtube.com\/@ciclozone1059\/\"]}]}<\/script>\n<!-- \/ Yoast SEO plugin. -->","yoast_head_json":{"title":"Ciclo Studio (Android TV) \u2013 Historial de versiones y actualizaciones - Ciclozone","robots":{"index":"index","follow":"follow","max-snippet":"max-snippet:-1","max-image-preview":"max-image-preview:large","max-video-preview":"max-video-preview:-1"},"canonical":"https:\/\/ciclozone.com\/es\/ciclo-studio-android-tv-historial-de-versiones-y-actualizaciones\/","og_locale":"es_ES","og_type":"article","og_title":"Ciclo Studio (Android TV) \u2013 Historial de versiones y actualizaciones - Ciclozone","og_description":"Ciclo Studio (Android TV) \u2013 Historial de versiones y actualizaciones Android TV: Ciclo Studio App &#8211; Google Play \u00daltima actualizaci\u00f3n: [&hellip;]","og_url":"https:\/\/ciclozone.com\/es\/ciclo-studio-android-tv-historial-de-versiones-y-actualizaciones\/","og_site_name":"Ciclozone","article_publisher":"https:\/\/www.facebook.com\/WeareCicloZone\/","article_modified_time":"2026-03-30T17:21:37+00:00","og_image":[{"width":550,"height":12,"url":"https:\/\/ciclozone.com\/wp-content\/uploads\/2025\/08\/Swatch-Group.png","type":"image\/png"}],"twitter_card":"summary_large_image","twitter_misc":{"Tiempo de lectura":"4 minutos"},"schema":{"@context":"https:\/\/schema.org","@graph":[{"@type":"WebPage","@id":"https:\/\/ciclozone.com\/es\/ciclo-studio-android-tv-historial-de-versiones-y-actualizaciones\/","url":"https:\/\/ciclozone.com\/es\/ciclo-studio-android-tv-historial-de-versiones-y-actualizaciones\/","name":"Ciclo Studio (Android TV) \u2013 Historial de versiones y actualizaciones - Ciclozone","isPartOf":{"@id":"https:\/\/ciclozone.com\/es\/#website"},"primaryImageOfPage":{"@id":"https:\/\/ciclozone.com\/es\/ciclo-studio-android-tv-historial-de-versiones-y-actualizaciones\/#primaryimage"},"image":{"@id":"https:\/\/ciclozone.com\/es\/ciclo-studio-android-tv-historial-de-versiones-y-actualizaciones\/#primaryimage"},"thumbnailUrl":"https:\/\/ciclozone.com\/wp-content\/uploads\/2025\/08\/Swatch-Group-300x7.png","datePublished":"2026-02-10T20:40:45+00:00","dateModified":"2026-03-30T17:21:37+00:00","breadcrumb":{"@id":"https:\/\/ciclozone.com\/es\/ciclo-studio-android-tv-historial-de-versiones-y-actualizaciones\/#breadcrumb"},"inLanguage":"es","potentialAction":[{"@type":"ReadAction","target":["https:\/\/ciclozone.com\/es\/ciclo-studio-android-tv-historial-de-versiones-y-actualizaciones\/"]}]},{"@type":"ImageObject","inLanguage":"es","@id":"https:\/\/ciclozone.com\/es\/ciclo-studio-android-tv-historial-de-versiones-y-actualizaciones\/#primaryimage","url":"https:\/\/ciclozone.com\/wp-content\/uploads\/2025\/08\/Swatch-Group-300x7.png","contentUrl":"https:\/\/ciclozone.com\/wp-content\/uploads\/2025\/08\/Swatch-Group-300x7.png"},{"@type":"BreadcrumbList","@id":"https:\/\/ciclozone.com\/es\/ciclo-studio-android-tv-historial-de-versiones-y-actualizaciones\/#breadcrumb","itemListElement":[{"@type":"ListItem","position":1,"name":"Home","item":"https:\/\/ciclozone.com\/es\/"},{"@type":"ListItem","position":2,"name":"Ciclo Studio (Android TV) \u2013 Historial de versiones y actualizaciones"}]},{"@type":"WebSite","@id":"https:\/\/ciclozone.com\/es\/#website","url":"https:\/\/ciclozone.com\/es\/","name":"Ciclozone","description":"Indoor Cycling Redefined","publisher":{"@id":"https:\/\/ciclozone.com\/es\/#organization"},"potentialAction":[{"@type":"SearchAction","target":{"@type":"EntryPoint","urlTemplate":"https:\/\/ciclozone.com\/es\/?s={search_term_string}"},"query-input":{"@type":"PropertyValueSpecification","valueRequired":true,"valueName":"search_term_string"}}],"inLanguage":"es"},{"@type":"Organization","@id":"https:\/\/ciclozone.com\/es\/#organization","name":"Ciclozone","url":"https:\/\/ciclozone.com\/es\/","logo":{"@type":"ImageObject","inLanguage":"es","@id":"https:\/\/ciclozone.com\/es\/#\/schema\/logo\/image\/","url":"https:\/\/ciclozone.com\/wp-content\/uploads\/2025\/08\/ciclo-logo.png","contentUrl":"https:\/\/ciclozone.com\/wp-content\/uploads\/2025\/08\/ciclo-logo.png","width":177,"height":44,"caption":"Ciclozone"},"image":{"@id":"https:\/\/ciclozone.com\/es\/#\/schema\/logo\/image\/"},"sameAs":["https:\/\/www.facebook.com\/WeareCicloZone\/","https:\/\/www.instagram.com\/ciclozoneuk\/","https:\/\/www.linkedin.com\/company\/ciclozone\/","https:\/\/www.youtube.com\/@ciclozone1059\/"]}]}},"_links":{"self":[{"href":"https:\/\/ciclozone.com\/es\/wp-json\/wp\/v2\/pages\/8227","targetHints":{"allow":["GET"]}}],"collection":[{"href":"https:\/\/ciclozone.com\/es\/wp-json\/wp\/v2\/pages"}],"about":[{"href":"https:\/\/ciclozone.com\/es\/wp-json\/wp\/v2\/types\/page"}],"author":[{"embeddable":true,"href":"https:\/\/ciclozone.com\/es\/wp-json\/wp\/v2\/users\/1"}],"replies":[{"embeddable":true,"href":"https:\/\/ciclozone.com\/es\/wp-json\/wp\/v2\/comments?post=8227"}],"version-history":[{"count":1,"href":"https:\/\/ciclozone.com\/es\/wp-json\/wp\/v2\/pages\/8227\/revisions"}],"predecessor-version":[{"id":8228,"href":"https:\/\/ciclozone.com\/es\/wp-json\/wp\/v2\/pages\/8227\/revisions\/8228"}],"wp:attachment":[{"href":"https:\/\/ciclozone.com\/es\/wp-json\/wp\/v2\/media?parent=8227"}],"curies":[{"name":"wp","href":"https:\/\/api.w.org\/{rel}","templated":true}]}}