{"id":10638,"date":"2026-01-06T17:46:07","date_gmt":"2026-01-06T17:46:07","guid":{"rendered":"https:\/\/ciclozone.com\/politica-de-cookies\/"},"modified":"2026-04-13T14:39:16","modified_gmt":"2026-04-13T13:39:16","slug":"politica-de-cookies","status":"publish","type":"page","link":"https:\/\/ciclozone.com\/es\/politica-de-cookies\/","title":{"rendered":"Pol\u00edtica de Cookies"},"content":{"rendered":"\t\t<div data-elementor-type=\"wp-page\" data-elementor-id=\"10638\" class=\"elementor elementor-10638 elementor-5772\" data-elementor-post-type=\"page\">\n\t\t\t\t<div class=\"elementor-element elementor-element-4a5f615 e-flex e-con-boxed e-con e-parent\" data-id=\"4a5f615\" data-element_type=\"container\" data-e-type=\"container\" data-settings=\"{&quot;background_background&quot;:&quot;classic&quot;,&quot;animation&quot;:&quot;none&quot;,&quot;shape_divider_bottom&quot;:&quot;triangle&quot;,&quot;shape_divider_bottom_negative&quot;:&quot;yes&quot;}\">\n\t\t\t\t\t<div class=\"e-con-inner\">\n\t\t\t\t<div class=\"elementor-shape elementor-shape-bottom\" aria-hidden=\"true\" data-negative=\"true\">\n\t\t\t<svg xmlns=\"http:\/\/www.w3.org\/2000\/svg\" viewBox=\"0 0 1000 100\" preserveAspectRatio=\"none\">\n\t<path class=\"elementor-shape-fill\" d=\"M500.2,94.7L0,0v100h1000V0L500.2,94.7z\"\/>\n<\/svg>\t\t<\/div>\n\t\t<div class=\"elementor-element elementor-element-27d0884 e-con-full e-flex e-con e-child\" data-id=\"27d0884\" data-element_type=\"container\" data-e-type=\"container\">\n\t\t\t\t<div class=\"elementor-element elementor-element-eb3fdd0 elementor-widget__width-initial elementor-widget elementor-widget-heading\" data-id=\"eb3fdd0\" data-element_type=\"widget\" data-e-type=\"widget\" data-widget_type=\"heading.default\">\n\t\t\t\t\t<h1 class=\"elementor-heading-title elementor-size-default\">Pol\u00edtica de Cookies<\/h1>\t\t\t\t<\/div>\n\t\t\t\t<div class=\"elementor-element elementor-element-75d7e37 elementor-widget elementor-widget-image\" data-id=\"75d7e37\" data-element_type=\"widget\" data-e-type=\"widget\" data-widget_type=\"image.default\">\n\t\t\t\t\t\t\t\t\t\t\t\t\t\t\t<img decoding=\"async\" width=\"300\" height=\"7\" src=\"https:\/\/ciclozone.com\/wp-content\/uploads\/2025\/08\/Swatch-Group-300x7.png\" class=\"attachment-medium size-medium wp-image-7396\" alt=\"\" srcset=\"https:\/\/ciclozone.com\/wp-content\/uploads\/2025\/08\/Swatch-Group-300x7.png 300w, https:\/\/ciclozone.com\/wp-content\/uploads\/2025\/08\/Swatch-Group.png 550w\" sizes=\"(max-width: 300px) 100vw, 300px\" \/>\t\t\t\t\t\t\t\t\t\t\t\t\t\t\t<\/div>\n\t\t\t\t<\/div>\n\t\t\t\t\t<\/div>\n\t\t\t\t<\/div>\n\t\t<div class=\"elementor-element elementor-element-7959cbe policy-page e-flex e-con-boxed e-con e-parent\" data-id=\"7959cbe\" data-element_type=\"container\" data-e-type=\"container\" data-settings=\"{&quot;background_background&quot;:&quot;classic&quot;}\">\n\t\t\t\t\t<div class=\"e-con-inner\">\n\t\t\t\t<div class=\"elementor-element elementor-element-9c91c72 elementor-widget__width-initial elementor-widget elementor-widget-text-editor\" data-id=\"9c91c72\" data-element_type=\"widget\" data-e-type=\"widget\" data-widget_type=\"text-editor.default\">\n\t\t\t\t\t\t\t\t\t<p>Fecha de entrada en vigor: 1 de enero de 2026<\/p><p>\u00daltima actualizaci\u00f3n: 1 de enero de 2026<\/p><p>Esta Pol\u00edtica de Cookies se aplica al sitio web de CicloZone y a los servicios digitales relacionados, incluidas las plataformas dirigidas a ciclistas y estudios accesibles a trav\u00e9s de https:\/\/ciclozone-marketing.on-forge.com<\/p><p>Para obtener m\u00e1s informaci\u00f3n sobre c\u00f3mo procesamos los datos personales y sus derechos en virtud de las leyes de protecci\u00f3n de datos, consulte nuestra Pol\u00edtica de Privacidad.<\/p><p>1. \u00bfQu\u00e9 son las cookies?<\/p><p>Las cookies son peque\u00f1os archivos de texto que se almacenan en su dispositivo cuando un sitio web se carga en su navegador. Se utilizan ampliamente para garantizar que los sitios web funcionen correctamente, mejorar la seguridad, optimizar la experiencia del usuario y analizar el rendimiento para identificar \u00e1reas de mejora.<\/p><p>2. C\u00f3mo utilizamos las cookies<\/p><p>Como la mayor\u00eda de los servicios en l\u00ednea, CicloZone utiliza cookies propias y de terceros para diversos fines.<\/p><p>Las cookies propias son principalmente necesarias para que el sitio web funcione correctamente y no recopilan informaci\u00f3n de identificaci\u00f3n personal.<\/p><p>Las cookies de terceros, cuando se utilizan, nos ayudan a comprender el rendimiento del sitio web, c\u00f3mo interact\u00faan los visitantes con \u00e9l, mantener nuestros servicios seguros y mejorar futuras experiencias de usuario.<\/p><p>Las cookies solo se establecen de acuerdo con sus preferencias de consentimiento, excepto cuando sean estrictamente necesarias para el funcionamiento del sitio.<\/p><p>3. Tipos de cookies que utilizamos Cookies necesarias<\/p><p>Las cookies necesarias son imprescindibles para habilitar funcionalidades b\u00e1sicas, como el inicio de sesi\u00f3n seguro, la gesti\u00f3n de sesiones y recordar sus preferencias de consentimiento. Estas cookies no almacenan informaci\u00f3n de identificaci\u00f3n personal.<\/p><p>Cookie\tDuration\tDescription<\/p><p>wpEmojiSettingsSupports\tSession\tSet by WordPress when a user interacts with emojis. It determines whether the browser can display emojis correctly.<\/p><p>cookieyes-consent\t1 year\tSet by CookieYes to store your cookie consent preferences so they are respected on subsequent visits.<\/p><p>Podemos utilizar cookies de an\u00e1lisis y rendimiento para ayudarnos a comprender c\u00f3mo los visitantes utilizan nuestro sitio web, mejorar el rendimiento y optimizar la experiencia del usuario.<\/p><p>Estas cookies solo se establecen cuando usted ha proporcionado su consentimiento a trav\u00e9s de nuestro banner de cookies.<\/p><p>Los detalles de cualquier cookie de an\u00e1lisis o rendimiento en uso se enumerar\u00e1n arriba cuando est\u00e9n activas.<\/p><p>Cookies de terceros<\/p><p>Algunas p\u00e1ginas pueden incluir contenido integrado o integraciones (por ejemplo, plataformas de v\u00eddeo u otros servicios de terceros). Estos terceros pueden establecer sus propias cookies.<\/p><p>We do not control these cookies, and their use is governed by the third party\u2019s own privacy and cookie policies.<\/p><p>4. Cookies espec\u00edficas de WordPress<\/p><p>Nuestro sitio est\u00e1 construido sobre WordPress, que puede establecer cookies adicionales en situaciones espec\u00edficas:<\/p><p>Las cookies de comentarios (nombre, correo electr\u00f3nico, sitio web) pueden almacenarse hasta un a\u00f1o si elige guardarlas.<\/p><p>Login cookies last up to two days, or up to two weeks if \u201cRemember Me\u201d is selected.<\/p><p>Las cookies de preferencias de pantalla pueden durar hasta un a\u00f1o.<\/p><p>Las cookies de edici\u00f3n o publicaci\u00f3n caducan despu\u00e9s de un d\u00eda y no contienen datos personales.<\/p><p>5. Gesti\u00f3n de sus preferencias de cookies<\/p><p>You can manage your cookie preferences at any time by clicking the \u201cConsent Preferences\u201d button available on the site. This allows you to review, update, or withdraw your consent.<\/p><p>Tambi\u00e9n puede controlar o eliminar cookies a trav\u00e9s de la configuraci\u00f3n de su navegador. Tenga en cuenta que deshabilitar las cookies puede afectar la funcionalidad del sitio.<\/p><p>Documentaci\u00f3n de soporte del navegador:<\/p><p>Chrome: https:\/\/support.google.com\/accounts\/answer\/32050<\/p><p>Safari: https:\/\/support.apple.com\/guide\/safari\/manage-cookies-and-website-data-sfri11471\/mac<\/p><p>Firefox: https:\/\/support.mozilla.org\/en-US\/kb\/clear-cookies-and-site-data-firefox<\/p><p>Internet Explorer: https:\/\/support.microsoft.com\/help\/17442<\/p><p>Si utiliza un navegador diferente, consulte su documentaci\u00f3n de soporte oficial.<\/p><p>6. Cambios en esta Pol\u00edtica de Cookies<\/p><p>We may update this Cookie Policy from time to time to reflect changes in technology, legislation, or how we use cookies. Updates will be posted on this page with a revised \u201cLast updated\u201d date.<\/p>\t\t\t\t\t\t\t\t<\/div>\n\t\t\t\t\t<\/div>\n\t\t\t\t<\/div>\n\t\t\t\t<\/div>\n\t\t","protected":false},"excerpt":{"rendered":"<p>Pol\u00edtica de Cookies Fecha de entrada en vigor: 1 de enero de 2026 \u00daltima actualizaci\u00f3n: 1 de enero de 2026 [&hellip;]<\/p>\n","protected":false},"author":1,"featured_media":0,"parent":0,"menu_order":0,"comment_status":"closed","ping_status":"closed","template":"","meta":{"site-sidebar-layout":"no-sidebar","site-content-layout":"","ast-site-content-layout":"full-width-container","site-content-style":"default","site-sidebar-style":"default","ast-global-header-display":"","ast-banner-title-visibility":"","ast-main-header-display":"","ast-hfb-above-header-display":"","ast-hfb-below-header-display":"","ast-hfb-mobile-header-display":"","site-post-title":"","ast-breadcrumbs-content":"","ast-featured-img":"disabled","footer-sml-layout":"","ast-disable-related-posts":"","theme-transparent-header-meta":"","adv-header-id-meta":"","stick-header-meta":"","header-above-stick-meta":"","header-main-stick-meta":"","header-below-stick-meta":"","astra-migrate-meta-layouts":"default","ast-page-background-enabled":"default","ast-page-background-meta":{"desktop":{"background-color":"var(--ast-global-color-5)","background-image":"","background-repeat":"repeat","background-position":"center center","background-size":"auto","background-attachment":"scroll","background-type":"","background-media":"","overlay-type":"","overlay-color":"","overlay-opacity":"","overlay-gradient":""},"tablet":{"background-color":"","background-image":"","background-repeat":"repeat","background-position":"center center","background-size":"auto","background-attachment":"scroll","background-type":"","background-media":"","overlay-type":"","overlay-color":"","overlay-opacity":"","overlay-gradient":""},"mobile":{"background-color":"","background-image":"","background-repeat":"repeat","background-position":"center center","background-size":"auto","background-attachment":"scroll","background-type":"","background-media":"","overlay-type":"","overlay-color":"","overlay-opacity":"","overlay-gradient":""}},"ast-content-background-meta":{"desktop":{"background-color":"var(--ast-global-color-4)","background-image":"","background-repeat":"repeat","background-position":"center center","background-size":"auto","background-attachment":"scroll","background-type":"","background-media":"","overlay-type":"","overlay-color":"","overlay-opacity":"","overlay-gradient":""},"tablet":{"background-color":"var(--ast-global-color-4)","background-image":"","background-repeat":"repeat","background-position":"center center","background-size":"auto","background-attachment":"scroll","background-type":"","background-media":"","overlay-type":"","overlay-color":"","overlay-opacity":"","overlay-gradient":""},"mobile":{"background-color":"var(--ast-global-color-4)","background-image":"","background-repeat":"repeat","background-position":"center center","background-size":"auto","background-attachment":"scroll","background-type":"","background-media":"","overlay-type":"","overlay-color":"","overlay-opacity":"","overlay-gradient":""}},"footnotes":""},"class_list":["post-10638","page","type-page","status-publish","hentry"],"yoast_head":"<!-- This site is optimized with the Yoast SEO plugin v27.1.1 - https:\/\/yoast.com\/product\/yoast-seo-wordpress\/ -->\n<title>Pol\u00edtica de Cookies - Ciclozone<\/title>\n<meta name=\"robots\" content=\"index, follow, max-snippet:-1, max-image-preview:large, max-video-preview:-1\" \/>\n<link rel=\"canonical\" href=\"https:\/\/ciclozone.com\/es\/politica-de-cookies\/\" \/>\n<meta property=\"og:locale\" content=\"es_ES\" \/>\n<meta property=\"og:type\" content=\"article\" \/>\n<meta property=\"og:title\" content=\"Pol\u00edtica de Cookies - Ciclozone\" \/>\n<meta property=\"og:description\" content=\"Pol\u00edtica de Cookies Fecha de entrada en vigor: 1 de enero de 2026 \u00daltima actualizaci\u00f3n: 1 de enero de 2026 [&hellip;]\" \/>\n<meta property=\"og:url\" content=\"https:\/\/ciclozone.com\/es\/politica-de-cookies\/\" \/>\n<meta property=\"og:site_name\" content=\"Ciclozone\" \/>\n<meta property=\"article:publisher\" content=\"https:\/\/www.facebook.com\/WeareCicloZone\/\" \/>\n<meta property=\"article:modified_time\" content=\"2026-04-13T13:39:16+00:00\" \/>\n<meta property=\"og:image\" content=\"https:\/\/ciclozone.com\/wp-content\/uploads\/2025\/08\/Swatch-Group.png\" \/>\n\t<meta property=\"og:image:width\" content=\"550\" \/>\n\t<meta property=\"og:image:height\" content=\"12\" \/>\n\t<meta property=\"og:image:type\" content=\"image\/png\" \/>\n<meta name=\"twitter:card\" content=\"summary_large_image\" \/>\n<meta name=\"twitter:label1\" content=\"Tiempo de lectura\" \/>\n\t<meta name=\"twitter:data1\" content=\"3 minutos\" \/>\n<script type=\"application\/ld+json\" class=\"yoast-schema-graph\">{\"@context\":\"https:\/\/schema.org\",\"@graph\":[{\"@type\":\"WebPage\",\"@id\":\"https:\/\/ciclozone.com\/es\/politica-de-cookies\/\",\"url\":\"https:\/\/ciclozone.com\/es\/politica-de-cookies\/\",\"name\":\"Pol\u00edtica de Cookies - Ciclozone\",\"isPartOf\":{\"@id\":\"https:\/\/ciclozone.com\/es\/#website\"},\"primaryImageOfPage\":{\"@id\":\"https:\/\/ciclozone.com\/es\/politica-de-cookies\/#primaryimage\"},\"image\":{\"@id\":\"https:\/\/ciclozone.com\/es\/politica-de-cookies\/#primaryimage\"},\"thumbnailUrl\":\"https:\/\/ciclozone.com\/wp-content\/uploads\/2025\/08\/Swatch-Group-300x7.png\",\"datePublished\":\"2026-01-06T17:46:07+00:00\",\"dateModified\":\"2026-04-13T13:39:16+00:00\",\"breadcrumb\":{\"@id\":\"https:\/\/ciclozone.com\/es\/politica-de-cookies\/#breadcrumb\"},\"inLanguage\":\"es\",\"potentialAction\":[{\"@type\":\"ReadAction\",\"target\":[\"https:\/\/ciclozone.com\/es\/politica-de-cookies\/\"]}]},{\"@type\":\"ImageObject\",\"inLanguage\":\"es\",\"@id\":\"https:\/\/ciclozone.com\/es\/politica-de-cookies\/#primaryimage\",\"url\":\"https:\/\/ciclozone.com\/wp-content\/uploads\/2025\/08\/Swatch-Group-300x7.png\",\"contentUrl\":\"https:\/\/ciclozone.com\/wp-content\/uploads\/2025\/08\/Swatch-Group-300x7.png\"},{\"@type\":\"BreadcrumbList\",\"@id\":\"https:\/\/ciclozone.com\/es\/politica-de-cookies\/#breadcrumb\",\"itemListElement\":[{\"@type\":\"ListItem\",\"position\":1,\"name\":\"Home\",\"item\":\"https:\/\/ciclozone.com\/es\/\"},{\"@type\":\"ListItem\",\"position\":2,\"name\":\"Pol\u00edtica de Cookies\"}]},{\"@type\":\"WebSite\",\"@id\":\"https:\/\/ciclozone.com\/es\/#website\",\"url\":\"https:\/\/ciclozone.com\/es\/\",\"name\":\"Ciclozone\",\"description\":\"Indoor Cycling Redefined\",\"publisher\":{\"@id\":\"https:\/\/ciclozone.com\/es\/#organization\"},\"potentialAction\":[{\"@type\":\"SearchAction\",\"target\":{\"@type\":\"EntryPoint\",\"urlTemplate\":\"https:\/\/ciclozone.com\/es\/?s={search_term_string}\"},\"query-input\":{\"@type\":\"PropertyValueSpecification\",\"valueRequired\":true,\"valueName\":\"search_term_string\"}}],\"inLanguage\":\"es\"},{\"@type\":\"Organization\",\"@id\":\"https:\/\/ciclozone.com\/es\/#organization\",\"name\":\"Ciclozone\",\"url\":\"https:\/\/ciclozone.com\/es\/\",\"logo\":{\"@type\":\"ImageObject\",\"inLanguage\":\"es\",\"@id\":\"https:\/\/ciclozone.com\/es\/#\/schema\/logo\/image\/\",\"url\":\"https:\/\/ciclozone.com\/wp-content\/uploads\/2025\/08\/ciclo-logo.png\",\"contentUrl\":\"https:\/\/ciclozone.com\/wp-content\/uploads\/2025\/08\/ciclo-logo.png\",\"width\":177,\"height\":44,\"caption\":\"Ciclozone\"},\"image\":{\"@id\":\"https:\/\/ciclozone.com\/es\/#\/schema\/logo\/image\/\"},\"sameAs\":[\"https:\/\/www.facebook.com\/WeareCicloZone\/\",\"https:\/\/www.instagram.com\/ciclozoneuk\/\",\"https:\/\/www.linkedin.com\/company\/ciclozone\/\",\"https:\/\/www.youtube.com\/@ciclozone1059\/\"]}]}<\/script>\n<!-- \/ Yoast SEO plugin. -->","yoast_head_json":{"title":"Pol\u00edtica de Cookies - Ciclozone","robots":{"index":"index","follow":"follow","max-snippet":"max-snippet:-1","max-image-preview":"max-image-preview:large","max-video-preview":"max-video-preview:-1"},"canonical":"https:\/\/ciclozone.com\/es\/politica-de-cookies\/","og_locale":"es_ES","og_type":"article","og_title":"Pol\u00edtica de Cookies - Ciclozone","og_description":"Pol\u00edtica de Cookies Fecha de entrada en vigor: 1 de enero de 2026 \u00daltima actualizaci\u00f3n: 1 de enero de 2026 [&hellip;]","og_url":"https:\/\/ciclozone.com\/es\/politica-de-cookies\/","og_site_name":"Ciclozone","article_publisher":"https:\/\/www.facebook.com\/WeareCicloZone\/","article_modified_time":"2026-04-13T13:39:16+00:00","og_image":[{"width":550,"height":12,"url":"https:\/\/ciclozone.com\/wp-content\/uploads\/2025\/08\/Swatch-Group.png","type":"image\/png"}],"twitter_card":"summary_large_image","twitter_misc":{"Tiempo de lectura":"3 minutos"},"schema":{"@context":"https:\/\/schema.org","@graph":[{"@type":"WebPage","@id":"https:\/\/ciclozone.com\/es\/politica-de-cookies\/","url":"https:\/\/ciclozone.com\/es\/politica-de-cookies\/","name":"Pol\u00edtica de Cookies - Ciclozone","isPartOf":{"@id":"https:\/\/ciclozone.com\/es\/#website"},"primaryImageOfPage":{"@id":"https:\/\/ciclozone.com\/es\/politica-de-cookies\/#primaryimage"},"image":{"@id":"https:\/\/ciclozone.com\/es\/politica-de-cookies\/#primaryimage"},"thumbnailUrl":"https:\/\/ciclozone.com\/wp-content\/uploads\/2025\/08\/Swatch-Group-300x7.png","datePublished":"2026-01-06T17:46:07+00:00","dateModified":"2026-04-13T13:39:16+00:00","breadcrumb":{"@id":"https:\/\/ciclozone.com\/es\/politica-de-cookies\/#breadcrumb"},"inLanguage":"es","potentialAction":[{"@type":"ReadAction","target":["https:\/\/ciclozone.com\/es\/politica-de-cookies\/"]}]},{"@type":"ImageObject","inLanguage":"es","@id":"https:\/\/ciclozone.com\/es\/politica-de-cookies\/#primaryimage","url":"https:\/\/ciclozone.com\/wp-content\/uploads\/2025\/08\/Swatch-Group-300x7.png","contentUrl":"https:\/\/ciclozone.com\/wp-content\/uploads\/2025\/08\/Swatch-Group-300x7.png"},{"@type":"BreadcrumbList","@id":"https:\/\/ciclozone.com\/es\/politica-de-cookies\/#breadcrumb","itemListElement":[{"@type":"ListItem","position":1,"name":"Home","item":"https:\/\/ciclozone.com\/es\/"},{"@type":"ListItem","position":2,"name":"Pol\u00edtica de Cookies"}]},{"@type":"WebSite","@id":"https:\/\/ciclozone.com\/es\/#website","url":"https:\/\/ciclozone.com\/es\/","name":"Ciclozone","description":"Indoor Cycling Redefined","publisher":{"@id":"https:\/\/ciclozone.com\/es\/#organization"},"potentialAction":[{"@type":"SearchAction","target":{"@type":"EntryPoint","urlTemplate":"https:\/\/ciclozone.com\/es\/?s={search_term_string}"},"query-input":{"@type":"PropertyValueSpecification","valueRequired":true,"valueName":"search_term_string"}}],"inLanguage":"es"},{"@type":"Organization","@id":"https:\/\/ciclozone.com\/es\/#organization","name":"Ciclozone","url":"https:\/\/ciclozone.com\/es\/","logo":{"@type":"ImageObject","inLanguage":"es","@id":"https:\/\/ciclozone.com\/es\/#\/schema\/logo\/image\/","url":"https:\/\/ciclozone.com\/wp-content\/uploads\/2025\/08\/ciclo-logo.png","contentUrl":"https:\/\/ciclozone.com\/wp-content\/uploads\/2025\/08\/ciclo-logo.png","width":177,"height":44,"caption":"Ciclozone"},"image":{"@id":"https:\/\/ciclozone.com\/es\/#\/schema\/logo\/image\/"},"sameAs":["https:\/\/www.facebook.com\/WeareCicloZone\/","https:\/\/www.instagram.com\/ciclozoneuk\/","https:\/\/www.linkedin.com\/company\/ciclozone\/","https:\/\/www.youtube.com\/@ciclozone1059\/"]}]}},"_links":{"self":[{"href":"https:\/\/ciclozone.com\/es\/wp-json\/wp\/v2\/pages\/10638","targetHints":{"allow":["GET"]}}],"collection":[{"href":"https:\/\/ciclozone.com\/es\/wp-json\/wp\/v2\/pages"}],"about":[{"href":"https:\/\/ciclozone.com\/es\/wp-json\/wp\/v2\/types\/page"}],"author":[{"embeddable":true,"href":"https:\/\/ciclozone.com\/es\/wp-json\/wp\/v2\/users\/1"}],"replies":[{"embeddable":true,"href":"https:\/\/ciclozone.com\/es\/wp-json\/wp\/v2\/comments?post=10638"}],"version-history":[{"count":2,"href":"https:\/\/ciclozone.com\/es\/wp-json\/wp\/v2\/pages\/10638\/revisions"}],"predecessor-version":[{"id":10814,"href":"https:\/\/ciclozone.com\/es\/wp-json\/wp\/v2\/pages\/10638\/revisions\/10814"}],"wp:attachment":[{"href":"https:\/\/ciclozone.com\/es\/wp-json\/wp\/v2\/media?parent=10638"}],"curies":[{"name":"wp","href":"https:\/\/api.w.org\/{rel}","templated":true}]}}