{"id":8112,"date":"2026-02-10T20:43:13","date_gmt":"2026-02-10T20:43:13","guid":{"rendered":"https:\/\/ciclozone.com\/ciclozone-web-konto-versionsverlauf\/"},"modified":"2026-03-30T18:15:42","modified_gmt":"2026-03-30T17:15:42","slug":"ciclozone-web-konto-versionsverlauf","status":"publish","type":"page","link":"https:\/\/ciclozone.com\/de\/ciclozone-web-konto-versionsverlauf\/","title":{"rendered":"CicloZone Web Konto \u2013 Versionsverlauf"},"content":{"rendered":"\t\t<div data-elementor-type=\"wp-page\" data-elementor-id=\"8112\" class=\"elementor elementor-8112 elementor-6428\" data-elementor-post-type=\"page\">\n\t\t\t\t<div class=\"elementor-element elementor-element-8fb9b8f e-flex e-con-boxed e-con e-parent\" data-id=\"8fb9b8f\" data-element_type=\"container\" data-e-type=\"container\" data-settings=\"{&quot;background_background&quot;:&quot;classic&quot;,&quot;animation&quot;:&quot;none&quot;,&quot;shape_divider_bottom&quot;:&quot;triangle&quot;,&quot;shape_divider_bottom_negative&quot;:&quot;yes&quot;}\">\n\t\t\t\t\t<div class=\"e-con-inner\">\n\t\t\t\t<div class=\"elementor-shape elementor-shape-bottom\" aria-hidden=\"true\" data-negative=\"true\">\n\t\t\t<svg xmlns=\"http:\/\/www.w3.org\/2000\/svg\" viewBox=\"0 0 1000 100\" preserveAspectRatio=\"none\">\n\t<path class=\"elementor-shape-fill\" d=\"M500.2,94.7L0,0v100h1000V0L500.2,94.7z\"\/>\n<\/svg>\t\t<\/div>\n\t\t<div class=\"elementor-element elementor-element-7be3c4b e-con-full e-flex e-con e-child\" data-id=\"7be3c4b\" data-element_type=\"container\" data-e-type=\"container\">\n\t\t\t\t<div class=\"elementor-element elementor-element-8518ff2 elementor-widget__width-initial elementor-widget elementor-widget-heading\" data-id=\"8518ff2\" data-element_type=\"widget\" data-e-type=\"widget\" data-widget_type=\"heading.default\">\n\t\t\t\t\t<h1 class=\"elementor-heading-title elementor-size-default\">CicloZone Web Konto \u2013 Versionsverlauf<\/h1>\t\t\t\t<\/div>\n\t\t\t\t<div class=\"elementor-element elementor-element-130bca1 elementor-widget elementor-widget-image\" data-id=\"130bca1\" data-element_type=\"widget\" data-e-type=\"widget\" data-widget_type=\"image.default\">\n\t\t\t\t\t\t\t\t\t\t\t\t\t\t\t<img decoding=\"async\" width=\"300\" height=\"7\" src=\"https:\/\/ciclozone.com\/wp-content\/uploads\/2025\/08\/Swatch-Group-300x7.png\" class=\"attachment-medium size-medium wp-image-7142\" alt=\"\" srcset=\"https:\/\/ciclozone.com\/wp-content\/uploads\/2025\/08\/Swatch-Group-300x7.png 300w, https:\/\/ciclozone.com\/wp-content\/uploads\/2025\/08\/Swatch-Group.png 550w\" sizes=\"(max-width: 300px) 100vw, 300px\" \/>\t\t\t\t\t\t\t\t\t\t\t\t\t\t\t<\/div>\n\t\t\t\t<\/div>\n\t\t\t\t\t<\/div>\n\t\t\t\t<\/div>\n\t\t<div class=\"elementor-element elementor-element-a7ae7de e-flex e-con-boxed e-con e-parent\" data-id=\"a7ae7de\" data-element_type=\"container\" data-e-type=\"container\" data-settings=\"{&quot;background_background&quot;:&quot;classic&quot;}\">\n\t\t\t\t\t<div class=\"e-con-inner\">\n\t\t\t\t<div class=\"elementor-element elementor-element-f13c1c6 elementor-widget__width-initial elementor-widget elementor-widget-text-editor\" data-id=\"f13c1c6\" data-element_type=\"widget\" data-e-type=\"widget\" data-widget_type=\"text-editor.default\">\n\t\t\t\t\t\t\t\t\t<p>Diese Seite dokumentiert die Entwicklung der CicloZone Web-Kontenplattform, die von Studios, Dozenten und Mitarbeitern zur Verwaltung von Terminen, Kursen und Studiobetrieben verwendet wird. CicloZone Web Accounts ist eine browserbasierte Verwaltungsplattform f\u00fcr Indoor-Cycling-Studios.<\/p><h3><strong>CicloZone Web \u2013 AnmeldenLog In<\/strong><\/h3><h3><strong>Letzte Aktualisierung: Januar 2026<\/strong><\/h3><h3><strong>Plattform\u00fcberholung (2025)<\/strong><\/h3><p>Im Jahr 2025 f\u00fchrte CicloZone eine umfassende \u00dcberarbeitung seiner Web-Accounts-Plattform ein.<\/p><p>Dieses Update ersetzte das vor 2025 verwendete alte Websystem durch eine neue, einheitliche Architektur, die moderne Studio-Workflows, skalierbare Klassenbibliotheken und die fortlaufende Funktionsentwicklung unterst\u00fctzt.<\/p><p>Aufgrund des Umfangs dieser Umstellung werden einzelne Updates der Legacy-Plattform nicht separat aufgef\u00fchrt. Alle unten aufgef\u00fchrten Aktualisierungen gelten f\u00fcr die aktuelle CicloZone Web Accounts-Plattform.<\/p><h4><strong>Im vierten Quartal 2025 eingef\u00fchrte Kern\u00e4nderungen<\/strong><\/h4><p>Neue Architektur f\u00fcr Webkonten<\/p><p>Zugang zum Studio und f\u00fcr Dozenten<\/p><p>Neu gestaltete Planungs- und Kalender-Workflows<\/p><p>Verbesserte Systemleistung und Zuverl\u00e4ssigkeit<\/p><p>Grundlage f\u00fcr fortlaufende Web-Feature-Releases<\/p><h3><strong>Aktualisierungen von Webkonten<\/strong><\/h3><h4><strong>Januar 2026<\/strong><\/h4><h3><strong>Verbessert<\/strong><\/h3><ul><li>Visuelle Konsistenz \u00fcber alle Planungs- und Verwaltungsbildschirme hinweg<\/li><\/ul><h3><strong>Behoben<\/strong><\/h3><ul><li>Kleinere Inkonsistenzen in der Benutzeroberfl\u00e4che und im Layout<\/li><\/ul><h4><strong>Dezember 2025<\/strong><\/h4><h3><strong>Hinzugef\u00fcgt<\/strong><\/h3><ul><li>Erste Ver\u00f6ffentlichung der neuen CicloZone Web Accounts-Plattform<\/li><li>Erweiterte Studio-TV-Programmansichten (Tag, Woche und Monat)<\/li><li>Klassenfilterung nach Typ, Trainer, Tags und Leistungsmetriken<\/li><li>Verbesserte Klassenvorschau und -auswahl aus der Klassenbibliothek<\/li><li>Tages- und Wochen-Playlists<\/li><li>Einf\u00fchrung in Teamberechtigungen<\/li><li>Abrechnungsseite<\/li><li>Class Builder Seite<\/li><li>Schnittstelle f\u00fcr den Dunkel-\/Hellmodus<\/li><\/ul><h3><strong>Behoben<\/strong><\/h3><ul><li>Fr\u00fche Plattformprobleme im Zusammenhang mit der Klassenzuweisung und der Kalenderaktualisierung<\/li><\/ul><h4><strong>November 2025<\/strong><\/h4><h3><strong>Hinzugef\u00fcgt<\/strong><\/h3><ul><li>Rollenbasierte Zugriffsgrundlagen f\u00fcr Studiomanager und Dozenten<\/li><\/ul><h3><strong>Verbessert<\/strong><\/h3><ul><li>Datenverarbeitung zwischen geplanten Kursen und Bibliotheksinhalten<\/li><li>Planungsgenauigkeit f\u00fcr Unterrichtsbeginn und -ende<\/li><li>Suchen und Filtern in der Klassenbibliothek<\/li><\/ul><h3><strong>Behoben<\/strong><\/h3><ul><li>Kleinere Probleme bei der Validierung und Zeitauswahl<\/li><\/ul><h3><strong>Laufende Entwicklung<\/strong><\/h3><p>Die CicloZone Web-Kontenplattform wird aktiv gepflegt und aktualisiert. Im Rahmen der kontinuierlichen Plattformentwicklung werden laufend neue Funktionen, Verbesserungen und Korrekturen ver\u00f6ffentlicht.<\/p><h4><strong>Geltungsbereich und Hinweise<\/strong><\/h4><p>Dieser Versionsverlauf gilt nur f\u00fcr CicloZone Web-Konten.<\/p><p>Mobile Fahrer-Apps und Studio-Bildschirmsoftware haben separate Update-Verl\u00e4ufe.<\/p>\t\t\t\t\t\t\t\t<\/div>\n\t\t\t\t\t<\/div>\n\t\t\t\t<\/div>\n\t\t\t\t<\/div>\n\t\t","protected":false},"excerpt":{"rendered":"<p>CicloZone Web Konto \u2013 Versionsverlauf Diese Seite dokumentiert die Entwicklung der CicloZone Web-Kontenplattform, die von Studios, Dozenten und Mitarbeitern zur [&hellip;]<\/p>\n","protected":false},"author":1,"featured_media":0,"parent":0,"menu_order":0,"comment_status":"closed","ping_status":"closed","template":"","meta":{"site-sidebar-layout":"no-sidebar","site-content-layout":"","ast-site-content-layout":"full-width-container","site-content-style":"default","site-sidebar-style":"default","ast-global-header-display":"","ast-banner-title-visibility":"","ast-main-header-display":"","ast-hfb-above-header-display":"","ast-hfb-below-header-display":"","ast-hfb-mobile-header-display":"","site-post-title":"disabled","ast-breadcrumbs-content":"","ast-featured-img":"disabled","footer-sml-layout":"","ast-disable-related-posts":"","theme-transparent-header-meta":"","adv-header-id-meta":"","stick-header-meta":"","header-above-stick-meta":"","header-main-stick-meta":"","header-below-stick-meta":"","astra-migrate-meta-layouts":"default","ast-page-background-enabled":"default","ast-page-background-meta":{"desktop":{"background-color":"var(--ast-global-color-5)","background-image":"","background-repeat":"repeat","background-position":"center center","background-size":"auto","background-attachment":"scroll","background-type":"","background-media":"","overlay-type":"","overlay-color":"","overlay-opacity":"","overlay-gradient":""},"tablet":{"background-color":"","background-image":"","background-repeat":"repeat","background-position":"center center","background-size":"auto","background-attachment":"scroll","background-type":"","background-media":"","overlay-type":"","overlay-color":"","overlay-opacity":"","overlay-gradient":""},"mobile":{"background-color":"","background-image":"","background-repeat":"repeat","background-position":"center center","background-size":"auto","background-attachment":"scroll","background-type":"","background-media":"","overlay-type":"","overlay-color":"","overlay-opacity":"","overlay-gradient":""}},"ast-content-background-meta":{"desktop":{"background-color":"var(--ast-global-color-4)","background-image":"","background-repeat":"repeat","background-position":"center center","background-size":"auto","background-attachment":"scroll","background-type":"","background-media":"","overlay-type":"","overlay-color":"","overlay-opacity":"","overlay-gradient":""},"tablet":{"background-color":"var(--ast-global-color-4)","background-image":"","background-repeat":"repeat","background-position":"center center","background-size":"auto","background-attachment":"scroll","background-type":"","background-media":"","overlay-type":"","overlay-color":"","overlay-opacity":"","overlay-gradient":""},"mobile":{"background-color":"var(--ast-global-color-4)","background-image":"","background-repeat":"repeat","background-position":"center center","background-size":"auto","background-attachment":"scroll","background-type":"","background-media":"","overlay-type":"","overlay-color":"","overlay-opacity":"","overlay-gradient":""}},"footnotes":""},"class_list":["post-8112","page","type-page","status-publish","hentry"],"yoast_head":"<!-- This site is optimized with the Yoast SEO plugin v27.1.1 - https:\/\/yoast.com\/product\/yoast-seo-wordpress\/ -->\n<title>CicloZone Web Konto \u2013 Versionsverlauf - Ciclozone<\/title>\n<meta name=\"robots\" content=\"index, follow, max-snippet:-1, max-image-preview:large, max-video-preview:-1\" \/>\n<link rel=\"canonical\" href=\"https:\/\/ciclozone.com\/de\/ciclozone-web-konto-versionsverlauf\/\" \/>\n<meta property=\"og:locale\" content=\"de_DE\" \/>\n<meta property=\"og:type\" content=\"article\" \/>\n<meta property=\"og:title\" content=\"CicloZone Web Konto \u2013 Versionsverlauf - Ciclozone\" \/>\n<meta property=\"og:description\" content=\"CicloZone Web Konto \u2013 Versionsverlauf Diese Seite dokumentiert die Entwicklung der CicloZone Web-Kontenplattform, die von Studios, Dozenten und Mitarbeitern zur [&hellip;]\" \/>\n<meta property=\"og:url\" content=\"https:\/\/ciclozone.com\/de\/ciclozone-web-konto-versionsverlauf\/\" \/>\n<meta property=\"og:site_name\" content=\"Ciclozone\" \/>\n<meta property=\"article:publisher\" content=\"https:\/\/www.facebook.com\/WeareCicloZone\/\" \/>\n<meta property=\"article:modified_time\" content=\"2026-03-30T17:15:42+00:00\" \/>\n<meta property=\"og:image\" content=\"https:\/\/ciclozone.com\/wp-content\/uploads\/2025\/08\/Swatch-Group.png\" \/>\n\t<meta property=\"og:image:width\" content=\"550\" \/>\n\t<meta property=\"og:image:height\" content=\"12\" \/>\n\t<meta property=\"og:image:type\" content=\"image\/png\" \/>\n<meta name=\"twitter:card\" content=\"summary_large_image\" \/>\n<meta name=\"twitter:label1\" content=\"Gesch\u00e4tzte Lesezeit\" \/>\n\t<meta name=\"twitter:data1\" content=\"1\u00a0Minute\" \/>\n<script type=\"application\/ld+json\" class=\"yoast-schema-graph\">{\"@context\":\"https:\/\/schema.org\",\"@graph\":[{\"@type\":\"WebPage\",\"@id\":\"https:\/\/ciclozone.com\/de\/ciclozone-web-konto-versionsverlauf\/\",\"url\":\"https:\/\/ciclozone.com\/de\/ciclozone-web-konto-versionsverlauf\/\",\"name\":\"CicloZone Web Konto \u2013 Versionsverlauf - Ciclozone\",\"isPartOf\":{\"@id\":\"https:\/\/ciclozone.com\/de\/#website\"},\"primaryImageOfPage\":{\"@id\":\"https:\/\/ciclozone.com\/de\/ciclozone-web-konto-versionsverlauf\/#primaryimage\"},\"image\":{\"@id\":\"https:\/\/ciclozone.com\/de\/ciclozone-web-konto-versionsverlauf\/#primaryimage\"},\"thumbnailUrl\":\"https:\/\/ciclozone.com\/wp-content\/uploads\/2025\/08\/Swatch-Group-300x7.png\",\"datePublished\":\"2026-02-10T20:43:13+00:00\",\"dateModified\":\"2026-03-30T17:15:42+00:00\",\"breadcrumb\":{\"@id\":\"https:\/\/ciclozone.com\/de\/ciclozone-web-konto-versionsverlauf\/#breadcrumb\"},\"inLanguage\":\"de\",\"potentialAction\":[{\"@type\":\"ReadAction\",\"target\":[\"https:\/\/ciclozone.com\/de\/ciclozone-web-konto-versionsverlauf\/\"]}]},{\"@type\":\"ImageObject\",\"inLanguage\":\"de\",\"@id\":\"https:\/\/ciclozone.com\/de\/ciclozone-web-konto-versionsverlauf\/#primaryimage\",\"url\":\"https:\/\/ciclozone.com\/wp-content\/uploads\/2025\/08\/Swatch-Group-300x7.png\",\"contentUrl\":\"https:\/\/ciclozone.com\/wp-content\/uploads\/2025\/08\/Swatch-Group-300x7.png\"},{\"@type\":\"BreadcrumbList\",\"@id\":\"https:\/\/ciclozone.com\/de\/ciclozone-web-konto-versionsverlauf\/#breadcrumb\",\"itemListElement\":[{\"@type\":\"ListItem\",\"position\":1,\"name\":\"Home\",\"item\":\"https:\/\/ciclozone.com\/de\/startseite\/\"},{\"@type\":\"ListItem\",\"position\":2,\"name\":\"CicloZone Web Konto \u2013 Versionsverlauf\"}]},{\"@type\":\"WebSite\",\"@id\":\"https:\/\/ciclozone.com\/de\/#website\",\"url\":\"https:\/\/ciclozone.com\/de\/\",\"name\":\"Ciclozone\",\"description\":\"Indoor Cycling Redefined\",\"publisher\":{\"@id\":\"https:\/\/ciclozone.com\/de\/#organization\"},\"potentialAction\":[{\"@type\":\"SearchAction\",\"target\":{\"@type\":\"EntryPoint\",\"urlTemplate\":\"https:\/\/ciclozone.com\/de\/?s={search_term_string}\"},\"query-input\":{\"@type\":\"PropertyValueSpecification\",\"valueRequired\":true,\"valueName\":\"search_term_string\"}}],\"inLanguage\":\"de\"},{\"@type\":\"Organization\",\"@id\":\"https:\/\/ciclozone.com\/de\/#organization\",\"name\":\"Ciclozone\",\"url\":\"https:\/\/ciclozone.com\/de\/\",\"logo\":{\"@type\":\"ImageObject\",\"inLanguage\":\"de\",\"@id\":\"https:\/\/ciclozone.com\/de\/#\/schema\/logo\/image\/\",\"url\":\"https:\/\/ciclozone.com\/wp-content\/uploads\/2025\/08\/ciclo-logo.png\",\"contentUrl\":\"https:\/\/ciclozone.com\/wp-content\/uploads\/2025\/08\/ciclo-logo.png\",\"width\":177,\"height\":44,\"caption\":\"Ciclozone\"},\"image\":{\"@id\":\"https:\/\/ciclozone.com\/de\/#\/schema\/logo\/image\/\"},\"sameAs\":[\"https:\/\/www.facebook.com\/WeareCicloZone\/\",\"https:\/\/www.instagram.com\/ciclozoneuk\/\",\"https:\/\/www.linkedin.com\/company\/ciclozone\/\",\"https:\/\/www.youtube.com\/@ciclozone1059\/\"]}]}<\/script>\n<!-- \/ Yoast SEO plugin. -->","yoast_head_json":{"title":"CicloZone Web Konto \u2013 Versionsverlauf - Ciclozone","robots":{"index":"index","follow":"follow","max-snippet":"max-snippet:-1","max-image-preview":"max-image-preview:large","max-video-preview":"max-video-preview:-1"},"canonical":"https:\/\/ciclozone.com\/de\/ciclozone-web-konto-versionsverlauf\/","og_locale":"de_DE","og_type":"article","og_title":"CicloZone Web Konto \u2013 Versionsverlauf - Ciclozone","og_description":"CicloZone Web Konto \u2013 Versionsverlauf Diese Seite dokumentiert die Entwicklung der CicloZone Web-Kontenplattform, die von Studios, Dozenten und Mitarbeitern zur [&hellip;]","og_url":"https:\/\/ciclozone.com\/de\/ciclozone-web-konto-versionsverlauf\/","og_site_name":"Ciclozone","article_publisher":"https:\/\/www.facebook.com\/WeareCicloZone\/","article_modified_time":"2026-03-30T17:15:42+00:00","og_image":[{"width":550,"height":12,"url":"https:\/\/ciclozone.com\/wp-content\/uploads\/2025\/08\/Swatch-Group.png","type":"image\/png"}],"twitter_card":"summary_large_image","twitter_misc":{"Gesch\u00e4tzte Lesezeit":"1\u00a0Minute"},"schema":{"@context":"https:\/\/schema.org","@graph":[{"@type":"WebPage","@id":"https:\/\/ciclozone.com\/de\/ciclozone-web-konto-versionsverlauf\/","url":"https:\/\/ciclozone.com\/de\/ciclozone-web-konto-versionsverlauf\/","name":"CicloZone Web Konto \u2013 Versionsverlauf - Ciclozone","isPartOf":{"@id":"https:\/\/ciclozone.com\/de\/#website"},"primaryImageOfPage":{"@id":"https:\/\/ciclozone.com\/de\/ciclozone-web-konto-versionsverlauf\/#primaryimage"},"image":{"@id":"https:\/\/ciclozone.com\/de\/ciclozone-web-konto-versionsverlauf\/#primaryimage"},"thumbnailUrl":"https:\/\/ciclozone.com\/wp-content\/uploads\/2025\/08\/Swatch-Group-300x7.png","datePublished":"2026-02-10T20:43:13+00:00","dateModified":"2026-03-30T17:15:42+00:00","breadcrumb":{"@id":"https:\/\/ciclozone.com\/de\/ciclozone-web-konto-versionsverlauf\/#breadcrumb"},"inLanguage":"de","potentialAction":[{"@type":"ReadAction","target":["https:\/\/ciclozone.com\/de\/ciclozone-web-konto-versionsverlauf\/"]}]},{"@type":"ImageObject","inLanguage":"de","@id":"https:\/\/ciclozone.com\/de\/ciclozone-web-konto-versionsverlauf\/#primaryimage","url":"https:\/\/ciclozone.com\/wp-content\/uploads\/2025\/08\/Swatch-Group-300x7.png","contentUrl":"https:\/\/ciclozone.com\/wp-content\/uploads\/2025\/08\/Swatch-Group-300x7.png"},{"@type":"BreadcrumbList","@id":"https:\/\/ciclozone.com\/de\/ciclozone-web-konto-versionsverlauf\/#breadcrumb","itemListElement":[{"@type":"ListItem","position":1,"name":"Home","item":"https:\/\/ciclozone.com\/de\/startseite\/"},{"@type":"ListItem","position":2,"name":"CicloZone Web Konto \u2013 Versionsverlauf"}]},{"@type":"WebSite","@id":"https:\/\/ciclozone.com\/de\/#website","url":"https:\/\/ciclozone.com\/de\/","name":"Ciclozone","description":"Indoor Cycling Redefined","publisher":{"@id":"https:\/\/ciclozone.com\/de\/#organization"},"potentialAction":[{"@type":"SearchAction","target":{"@type":"EntryPoint","urlTemplate":"https:\/\/ciclozone.com\/de\/?s={search_term_string}"},"query-input":{"@type":"PropertyValueSpecification","valueRequired":true,"valueName":"search_term_string"}}],"inLanguage":"de"},{"@type":"Organization","@id":"https:\/\/ciclozone.com\/de\/#organization","name":"Ciclozone","url":"https:\/\/ciclozone.com\/de\/","logo":{"@type":"ImageObject","inLanguage":"de","@id":"https:\/\/ciclozone.com\/de\/#\/schema\/logo\/image\/","url":"https:\/\/ciclozone.com\/wp-content\/uploads\/2025\/08\/ciclo-logo.png","contentUrl":"https:\/\/ciclozone.com\/wp-content\/uploads\/2025\/08\/ciclo-logo.png","width":177,"height":44,"caption":"Ciclozone"},"image":{"@id":"https:\/\/ciclozone.com\/de\/#\/schema\/logo\/image\/"},"sameAs":["https:\/\/www.facebook.com\/WeareCicloZone\/","https:\/\/www.instagram.com\/ciclozoneuk\/","https:\/\/www.linkedin.com\/company\/ciclozone\/","https:\/\/www.youtube.com\/@ciclozone1059\/"]}]}},"_links":{"self":[{"href":"https:\/\/ciclozone.com\/de\/wp-json\/wp\/v2\/pages\/8112","targetHints":{"allow":["GET"]}}],"collection":[{"href":"https:\/\/ciclozone.com\/de\/wp-json\/wp\/v2\/pages"}],"about":[{"href":"https:\/\/ciclozone.com\/de\/wp-json\/wp\/v2\/types\/page"}],"author":[{"embeddable":true,"href":"https:\/\/ciclozone.com\/de\/wp-json\/wp\/v2\/users\/1"}],"replies":[{"embeddable":true,"href":"https:\/\/ciclozone.com\/de\/wp-json\/wp\/v2\/comments?post=8112"}],"version-history":[{"count":13,"href":"https:\/\/ciclozone.com\/de\/wp-json\/wp\/v2\/pages\/8112\/revisions"}],"predecessor-version":[{"id":8195,"href":"https:\/\/ciclozone.com\/de\/wp-json\/wp\/v2\/pages\/8112\/revisions\/8195"}],"wp:attachment":[{"href":"https:\/\/ciclozone.com\/de\/wp-json\/wp\/v2\/media?parent=8112"}],"curies":[{"name":"wp","href":"https:\/\/api.w.org\/{rel}","templated":true}]}}