{"id":8104,"date":"2026-02-10T20:40:45","date_gmt":"2026-02-10T20:40:45","guid":{"rendered":"https:\/\/ciclozone.com\/ciclo-studio-android-tv-versionsverlauf-und-updates\/"},"modified":"2026-03-30T18:15:41","modified_gmt":"2026-03-30T17:15:41","slug":"ciclo-studio-android-tv-versionsverlauf-und-updates","status":"publish","type":"page","link":"https:\/\/ciclozone.com\/de\/ciclo-studio-android-tv-versionsverlauf-und-updates\/","title":{"rendered":"Ciclo Studio (Android TV) \u2013 Versionsverlauf und Updates"},"content":{"rendered":"\t\t<div data-elementor-type=\"wp-page\" data-elementor-id=\"8104\" class=\"elementor elementor-8104 elementor-6423\" data-elementor-post-type=\"page\">\n\t\t\t\t<div class=\"elementor-element elementor-element-1fc1fcc e-flex e-con-boxed e-con e-parent\" data-id=\"1fc1fcc\" data-element_type=\"container\" data-e-type=\"container\" data-settings=\"{&quot;background_background&quot;:&quot;classic&quot;,&quot;animation&quot;:&quot;none&quot;,&quot;shape_divider_bottom&quot;:&quot;triangle&quot;,&quot;shape_divider_bottom_negative&quot;:&quot;yes&quot;}\">\n\t\t\t\t\t<div class=\"e-con-inner\">\n\t\t\t\t<div class=\"elementor-shape elementor-shape-bottom\" aria-hidden=\"true\" data-negative=\"true\">\n\t\t\t<svg xmlns=\"http:\/\/www.w3.org\/2000\/svg\" viewBox=\"0 0 1000 100\" preserveAspectRatio=\"none\">\n\t<path class=\"elementor-shape-fill\" d=\"M500.2,94.7L0,0v100h1000V0L500.2,94.7z\"\/>\n<\/svg>\t\t<\/div>\n\t\t<div class=\"elementor-element elementor-element-b3084b2 e-con-full e-flex e-con e-child\" data-id=\"b3084b2\" data-element_type=\"container\" data-e-type=\"container\">\n\t\t\t\t<div class=\"elementor-element elementor-element-237ed72 elementor-widget__width-initial elementor-widget elementor-widget-heading\" data-id=\"237ed72\" data-element_type=\"widget\" data-e-type=\"widget\" data-widget_type=\"heading.default\">\n\t\t\t\t\t<h1 class=\"elementor-heading-title elementor-size-default\">Ciclo Studio (Android TV) \u2013 Versionsverlauf und Updates<\/h1>\t\t\t\t<\/div>\n\t\t\t\t<div class=\"elementor-element elementor-element-607a6ea elementor-widget elementor-widget-image\" data-id=\"607a6ea\" data-element_type=\"widget\" data-e-type=\"widget\" data-widget_type=\"image.default\">\n\t\t\t\t\t\t\t\t\t\t\t\t\t\t\t<img decoding=\"async\" width=\"300\" height=\"7\" src=\"https:\/\/ciclozone.com\/wp-content\/uploads\/2025\/08\/Swatch-Group-300x7.png\" class=\"attachment-medium size-medium wp-image-7142\" alt=\"\" srcset=\"https:\/\/ciclozone.com\/wp-content\/uploads\/2025\/08\/Swatch-Group-300x7.png 300w, https:\/\/ciclozone.com\/wp-content\/uploads\/2025\/08\/Swatch-Group.png 550w\" sizes=\"(max-width: 300px) 100vw, 300px\" \/>\t\t\t\t\t\t\t\t\t\t\t\t\t\t\t<\/div>\n\t\t\t\t<\/div>\n\t\t\t\t\t<\/div>\n\t\t\t\t<\/div>\n\t\t<div class=\"elementor-element elementor-element-be8e3f8 e-flex e-con-boxed e-con e-parent\" data-id=\"be8e3f8\" data-element_type=\"container\" data-e-type=\"container\" data-settings=\"{&quot;background_background&quot;:&quot;classic&quot;}\">\n\t\t\t\t\t<div class=\"e-con-inner\">\n\t\t\t\t<div class=\"elementor-element elementor-element-45ceb5e elementor-widget__width-initial elementor-widget elementor-widget-text-editor\" data-id=\"45ceb5e\" data-element_type=\"widget\" data-e-type=\"widget\" data-widget_type=\"text-editor.default\">\n\t\t\t\t\t\t\t\t\t<p><strong>Android TV:<\/strong> <a href=\"https:\/\/play.google.com\/store\/apps\/details?id=com.ciclozone.x&amp;hl=en_GB\">Ciclo Studio App &#8211; Google Play<\/a><\/p><h3><strong>Letzte Aktualisierung: 22. Mai 2025<\/strong><\/h3><h3><strong>Einf\u00fchrung<\/strong><\/h3><p>Auf dieser Seite werden \u00f6ffentlich ver\u00f6ffentlichte Versionen der Anwendung Ciclo Studio f\u00fcr Android TV dokumentiert. Es bietet einen sachlichen \u00dcberblick \u00fcber Stabilit\u00e4tsverbesserungen, Leistungsaktualisierungen und Funktionserweiterungen in allen ver\u00f6ffentlichten Versionen.<\/p><p>Diese Seite dokumentiert den Ciclo Studio-Antrag f\u00fcr Android TV. Updates f\u00fcr mobile Apps werden separat dokumentiert.<\/p><p>Sofern nicht anders angegeben, konzentrieren sich Updates auf Plattformstabilit\u00e4t, Konnektivit\u00e4tszuverl\u00e4ssigkeit und Leistungsoptimierung.<\/p><h3><strong>Ciclo Studio (Android TV) \u2013 Versionsverlauf<\/strong><\/h3><h4><strong>Version 5.3.13 (Versionscode 553) \u2013 22. Mai 2025<\/strong><\/h4><p>Allgemeine Stabilit\u00e4tsverbesserungen<\/p><p>Kleinere Leistungsoptimierungen<\/p><h4><strong>Version 5.3.12 (Versionscode 552) \u2013 18. Mai 2025<\/strong><\/h4><p>Leistungsoptimierungen<\/p><p>Verbesserungen bei der Verarbeitung von Hintergrundprozessen<\/p><h4><strong>Version 5.1.22 (Versionscode 532) \u2013 26. M\u00e4rz 2025<\/strong><\/h4><p>Stabilit\u00e4tsverbesserungen f\u00fcr l\u00e4ngere Studiositzungen<\/p><h4><strong>Version 4.0.9 (Versionscode 409) \u2013 15. Januar 2025<\/strong><\/h4><p>Verbesserte Gesamtstabilit\u00e4t der Anwendung<\/p><p>Leistungsverbesserungen f\u00fcr Android TV-Ger\u00e4te<\/p><h4><strong>Version 3.1.63 (Versionscode 363) \u2013 12. November 2024<\/strong><\/h4><p>Stabilit\u00e4tsverbesserungen<\/p><p>Optimierung der Systemressourcennutzung<\/p><h4><strong>Version 3.0.0 (Versionscode 302) \u2013 31. Juli 2024<\/strong><\/h4><h3><strong>Gro\u00dfes Plattform-Update<\/strong><\/h3><h3><strong>Bestenliste<\/strong><\/h3><ul><li>Einf\u00fchrung eines neuen Bestenlisten-Designs und einer aktualisierten Bestenlisten-Logik<\/li><\/ul><h3><strong>Berechtigungen<\/strong><\/h3><ul><li>Anfrage f\u00fcr Android Overlay-Berechtigung hinzugef\u00fcgt, um Anzeigeanforderungen auf Systemebene zu unterst\u00fctzen<\/li><\/ul><h3><strong>In-App-Updates<\/strong><\/h3><ul><li>In-App-Aktualisierungsaufforderung w\u00e4hrend des Countdowns hinzugef\u00fcgt, wenn eine neuere Version verf\u00fcgbar ist<\/li><\/ul><h4><strong>Version 2.0.3 (Versionscode 68) \u2013 17. Oktober 2023<\/strong><\/h4><p>Allgemeine Stabilit\u00e4tsverbesserungen<\/p><p>Leistungsoptimierung f\u00fcr Android TV-Umgebungen<\/p><h4><strong>Version 2.0.2 (Versionscode 67) \u2013 27. September 2023<\/strong><\/h4><p>Stabilit\u00e4tskorrekturen<\/p><p>Kleinere Verbesserungen der Reaktionsf\u00e4higkeit der Anwendung<\/p><h4><strong>Version 2.0.1 (Versionscode 66) \u2013 12. September 2023<\/strong><\/h4><p>Leistungsoptimierungen<\/p><p>Zuverl\u00e4ssigkeitsverbesserungen f\u00fcr die Studio-Display-Ausgabe<\/p><h4><strong>Version 2.0.0 (Versionscode 65) \u2013 6. September 2023<\/strong><\/h4><p>Verbesserungen der Plattformstabilit\u00e4t<\/p><p>Interne Leistungsverbesserungen<\/p><h4><strong>Version 2.0.0 (Versionscode 64) \u2013 4. September 2023<\/strong><\/h4><p>Erste Ver\u00f6ffentlichung des 2.0-Plattformzweigs<\/p><p>Allgemeine Stabilit\u00e4ts- und Leistungsverbesserungen<\/p><h4><strong>Version 1.2.8 (Versionscode 63) \u2013 8. August 2023<\/strong><\/h4><p>Stabilit\u00e4tsverbesserungen<\/p><p>Kleinere Systemoptimierungen<\/p><h4><strong>Version 1.2.7 (Versionscode 62) \u2013 16. Juni 2023<\/strong><\/h4><p>Leistungsverbesserungen<\/p><p>Fehlerbehebungen, die sich auf lang laufende Sitzungen auswirken<\/p><h4><strong>Version 1.2.6 (Versionscode 59) \u2013 25. April 2023<\/strong><\/h4><p>Allgemeine Leistungsverbesserungen<\/p><p>Erh\u00f6hte Zuverl\u00e4ssigkeit auf unterst\u00fctzten Android TV-Ger\u00e4ten<\/p><h4><strong>Version 1.2.5 (Versionscode 58) \u2013 5. April 2023<\/strong><\/h4><p>Stabilit\u00e4tskorrekturen<\/p><p>Kleinere Verbesserungen des Systemverhaltens<\/p><h4><strong>Version 1.2.4 (Versionscode 57) \u2013 8. September 2022<\/strong><\/h4><p>Leistungsoptimierungen<\/p><p>Fehlerbehebungen<\/p><h4><strong>Version 1.2.3 (Versionscode 55) \u2013 4. August 2022<\/strong><\/h4><p>Allgemeine Stabilit\u00e4tsverbesserungen<\/p><h4><strong>Version 1.2.2 (Versionscode 53) \u2013 27. Juni 2022<\/strong><\/h4><p>Stabilit\u00e4ts- und Zuverl\u00e4ssigkeitsverbesserungen<\/p><h4><strong>Version 1.2.1 (Versionscode 52) \u2013 4. Mai 2022<\/strong><\/h4><p>Kleinere Leistungsverbesserungen<\/p><h4><strong>Version 1.2.0 (Versionscode 51) \u2013 29. April 2022<\/strong><\/h4><p>Allgemeine Plattformverbesserungen<\/p><p>Stabilit\u00e4tsoptimierungen<\/p><h4><strong>Version 1.1.0 (Versionscode 15) \u2013 16. M\u00e4rz 2022<\/strong><\/h4><p>Fr\u00fche Verbesserungen der Plattformstabilit\u00e4t<\/p><h4><strong>Version 1.0.5 (Versionscode 13) \u2013 9. M\u00e4rz 2022<\/strong><\/h4><p>Leistungskorrekturen<\/p><p>Kleinere Fehlerbehebungen<\/p><h4><strong>Version 1.0.4 (Versionscode 12) \u2013 8. M\u00e4rz 2022<\/strong><\/h4><p>Stabilit\u00e4tsverbesserungen<\/p><h4><strong>Version 1.0.4 (Versionscode 11) \u2013 28. Februar 2022<\/strong><\/h4><p>Kleinere Leistungskorrekturen<\/p><h4><strong>Version 1.0.4 (Versionscode 10) \u2013 24. Februar 2022<\/strong><\/h4><p>Fehlerbehebungen<\/p><p>Stabilit\u00e4tsverbesserungen<\/p><h4><strong>Version 1.0.4 (Versionscode 9) \u2013 23. Februar 2022<\/strong><\/h4><p>Interne Korrekturen<\/p><h4><strong>Version 1.0.3 (Versionscode 8) \u2013 14. Februar 2022<\/strong><\/h4><p>Erste \u00f6ffentliche Ver\u00f6ffentlichungen<\/p><p>Verbesserungen der Kernstabilit\u00e4t<\/p><h3><strong>Hinweise zu historischen Versionen<\/strong><\/h3><p>Es werden nur Versionen mit best\u00e4tigten Google Play-Ver\u00f6ffentlichungszeitstempeln aufgef\u00fchrt<\/p><p>Eintr\u00e4ge ohne detaillierte \u00c4nderungshinweise spiegeln wartungsorientierte Aktualisierungen wider<\/p><p>Aufgrund mehrerer Play Store-Einreichungen mit unterschiedlichen Versionscodes k\u00f6nnen doppelte semantische Versionen vorhanden sein<\/p><h3><strong>Update-Richtlinie<\/strong><\/h3><p>Diese Seite wird aktualisiert, sobald neue Versionen von Ciclo Studio \u00f6ffentlich ver\u00f6ffentlicht werden.<\/p>\t\t\t\t\t\t\t\t<\/div>\n\t\t\t\t\t<\/div>\n\t\t\t\t<\/div>\n\t\t\t\t<\/div>\n\t\t","protected":false},"excerpt":{"rendered":"<p>Ciclo Studio (Android TV) \u2013 Versionsverlauf und Updates Android TV: Ciclo Studio App &#8211; Google Play Letzte Aktualisierung: 22. Mai [&hellip;]<\/p>\n","protected":false},"author":1,"featured_media":0,"parent":0,"menu_order":0,"comment_status":"closed","ping_status":"closed","template":"","meta":{"site-sidebar-layout":"no-sidebar","site-content-layout":"","ast-site-content-layout":"full-width-container","site-content-style":"default","site-sidebar-style":"default","ast-global-header-display":"","ast-banner-title-visibility":"","ast-main-header-display":"","ast-hfb-above-header-display":"","ast-hfb-below-header-display":"","ast-hfb-mobile-header-display":"","site-post-title":"","ast-breadcrumbs-content":"","ast-featured-img":"disabled","footer-sml-layout":"","ast-disable-related-posts":"","theme-transparent-header-meta":"","adv-header-id-meta":"","stick-header-meta":"","header-above-stick-meta":"","header-main-stick-meta":"","header-below-stick-meta":"","astra-migrate-meta-layouts":"default","ast-page-background-enabled":"default","ast-page-background-meta":{"desktop":{"background-color":"var(--ast-global-color-5)","background-image":"","background-repeat":"repeat","background-position":"center center","background-size":"auto","background-attachment":"scroll","background-type":"","background-media":"","overlay-type":"","overlay-color":"","overlay-opacity":"","overlay-gradient":""},"tablet":{"background-color":"","background-image":"","background-repeat":"repeat","background-position":"center center","background-size":"auto","background-attachment":"scroll","background-type":"","background-media":"","overlay-type":"","overlay-color":"","overlay-opacity":"","overlay-gradient":""},"mobile":{"background-color":"","background-image":"","background-repeat":"repeat","background-position":"center center","background-size":"auto","background-attachment":"scroll","background-type":"","background-media":"","overlay-type":"","overlay-color":"","overlay-opacity":"","overlay-gradient":""}},"ast-content-background-meta":{"desktop":{"background-color":"var(--ast-global-color-4)","background-image":"","background-repeat":"repeat","background-position":"center center","background-size":"auto","background-attachment":"scroll","background-type":"","background-media":"","overlay-type":"","overlay-color":"","overlay-opacity":"","overlay-gradient":""},"tablet":{"background-color":"var(--ast-global-color-4)","background-image":"","background-repeat":"repeat","background-position":"center center","background-size":"auto","background-attachment":"scroll","background-type":"","background-media":"","overlay-type":"","overlay-color":"","overlay-opacity":"","overlay-gradient":""},"mobile":{"background-color":"var(--ast-global-color-4)","background-image":"","background-repeat":"repeat","background-position":"center center","background-size":"auto","background-attachment":"scroll","background-type":"","background-media":"","overlay-type":"","overlay-color":"","overlay-opacity":"","overlay-gradient":""}},"footnotes":""},"class_list":["post-8104","page","type-page","status-publish","hentry"],"yoast_head":"<!-- This site is optimized with the Yoast SEO plugin v27.1.1 - https:\/\/yoast.com\/product\/yoast-seo-wordpress\/ -->\n<title>Ciclo Studio (Android TV) \u2013 Versionsverlauf und Updates - Ciclozone<\/title>\n<meta name=\"robots\" content=\"index, follow, max-snippet:-1, max-image-preview:large, max-video-preview:-1\" \/>\n<link rel=\"canonical\" href=\"https:\/\/ciclozone.com\/de\/ciclo-studio-android-tv-versionsverlauf-und-updates\/\" \/>\n<meta property=\"og:locale\" content=\"de_DE\" \/>\n<meta property=\"og:type\" content=\"article\" \/>\n<meta property=\"og:title\" content=\"Ciclo Studio (Android TV) \u2013 Versionsverlauf und Updates - Ciclozone\" \/>\n<meta property=\"og:description\" content=\"Ciclo Studio (Android TV) \u2013 Versionsverlauf und Updates Android TV: Ciclo Studio App &#8211; Google Play Letzte Aktualisierung: 22. Mai [&hellip;]\" \/>\n<meta property=\"og:url\" content=\"https:\/\/ciclozone.com\/de\/ciclo-studio-android-tv-versionsverlauf-und-updates\/\" \/>\n<meta property=\"og:site_name\" content=\"Ciclozone\" \/>\n<meta property=\"article:publisher\" content=\"https:\/\/www.facebook.com\/WeareCicloZone\/\" \/>\n<meta property=\"article:modified_time\" content=\"2026-03-30T17:15:41+00:00\" \/>\n<meta property=\"og:image\" content=\"https:\/\/ciclozone.com\/wp-content\/uploads\/2025\/08\/Swatch-Group.png\" \/>\n\t<meta property=\"og:image:width\" content=\"550\" \/>\n\t<meta property=\"og:image:height\" content=\"12\" \/>\n\t<meta property=\"og:image:type\" content=\"image\/png\" \/>\n<meta name=\"twitter:card\" content=\"summary_large_image\" \/>\n<meta name=\"twitter:label1\" content=\"Gesch\u00e4tzte Lesezeit\" \/>\n\t<meta name=\"twitter:data1\" content=\"2\u00a0Minuten\" \/>\n<script type=\"application\/ld+json\" class=\"yoast-schema-graph\">{\"@context\":\"https:\/\/schema.org\",\"@graph\":[{\"@type\":\"WebPage\",\"@id\":\"https:\/\/ciclozone.com\/de\/ciclo-studio-android-tv-versionsverlauf-und-updates\/\",\"url\":\"https:\/\/ciclozone.com\/de\/ciclo-studio-android-tv-versionsverlauf-und-updates\/\",\"name\":\"Ciclo Studio (Android TV) \u2013 Versionsverlauf und Updates - Ciclozone\",\"isPartOf\":{\"@id\":\"https:\/\/ciclozone.com\/de\/#website\"},\"primaryImageOfPage\":{\"@id\":\"https:\/\/ciclozone.com\/de\/ciclo-studio-android-tv-versionsverlauf-und-updates\/#primaryimage\"},\"image\":{\"@id\":\"https:\/\/ciclozone.com\/de\/ciclo-studio-android-tv-versionsverlauf-und-updates\/#primaryimage\"},\"thumbnailUrl\":\"https:\/\/ciclozone.com\/wp-content\/uploads\/2025\/08\/Swatch-Group-300x7.png\",\"datePublished\":\"2026-02-10T20:40:45+00:00\",\"dateModified\":\"2026-03-30T17:15:41+00:00\",\"breadcrumb\":{\"@id\":\"https:\/\/ciclozone.com\/de\/ciclo-studio-android-tv-versionsverlauf-und-updates\/#breadcrumb\"},\"inLanguage\":\"de\",\"potentialAction\":[{\"@type\":\"ReadAction\",\"target\":[\"https:\/\/ciclozone.com\/de\/ciclo-studio-android-tv-versionsverlauf-und-updates\/\"]}]},{\"@type\":\"ImageObject\",\"inLanguage\":\"de\",\"@id\":\"https:\/\/ciclozone.com\/de\/ciclo-studio-android-tv-versionsverlauf-und-updates\/#primaryimage\",\"url\":\"https:\/\/ciclozone.com\/wp-content\/uploads\/2025\/08\/Swatch-Group-300x7.png\",\"contentUrl\":\"https:\/\/ciclozone.com\/wp-content\/uploads\/2025\/08\/Swatch-Group-300x7.png\"},{\"@type\":\"BreadcrumbList\",\"@id\":\"https:\/\/ciclozone.com\/de\/ciclo-studio-android-tv-versionsverlauf-und-updates\/#breadcrumb\",\"itemListElement\":[{\"@type\":\"ListItem\",\"position\":1,\"name\":\"Home\",\"item\":\"https:\/\/ciclozone.com\/de\/startseite\/\"},{\"@type\":\"ListItem\",\"position\":2,\"name\":\"Ciclo Studio (Android TV) \u2013 Versionsverlauf und Updates\"}]},{\"@type\":\"WebSite\",\"@id\":\"https:\/\/ciclozone.com\/de\/#website\",\"url\":\"https:\/\/ciclozone.com\/de\/\",\"name\":\"Ciclozone\",\"description\":\"Indoor Cycling Redefined\",\"publisher\":{\"@id\":\"https:\/\/ciclozone.com\/de\/#organization\"},\"potentialAction\":[{\"@type\":\"SearchAction\",\"target\":{\"@type\":\"EntryPoint\",\"urlTemplate\":\"https:\/\/ciclozone.com\/de\/?s={search_term_string}\"},\"query-input\":{\"@type\":\"PropertyValueSpecification\",\"valueRequired\":true,\"valueName\":\"search_term_string\"}}],\"inLanguage\":\"de\"},{\"@type\":\"Organization\",\"@id\":\"https:\/\/ciclozone.com\/de\/#organization\",\"name\":\"Ciclozone\",\"url\":\"https:\/\/ciclozone.com\/de\/\",\"logo\":{\"@type\":\"ImageObject\",\"inLanguage\":\"de\",\"@id\":\"https:\/\/ciclozone.com\/de\/#\/schema\/logo\/image\/\",\"url\":\"https:\/\/ciclozone.com\/wp-content\/uploads\/2025\/08\/ciclo-logo.png\",\"contentUrl\":\"https:\/\/ciclozone.com\/wp-content\/uploads\/2025\/08\/ciclo-logo.png\",\"width\":177,\"height\":44,\"caption\":\"Ciclozone\"},\"image\":{\"@id\":\"https:\/\/ciclozone.com\/de\/#\/schema\/logo\/image\/\"},\"sameAs\":[\"https:\/\/www.facebook.com\/WeareCicloZone\/\",\"https:\/\/www.instagram.com\/ciclozoneuk\/\",\"https:\/\/www.linkedin.com\/company\/ciclozone\/\",\"https:\/\/www.youtube.com\/@ciclozone1059\/\"]}]}<\/script>\n<!-- \/ Yoast SEO plugin. -->","yoast_head_json":{"title":"Ciclo Studio (Android TV) \u2013 Versionsverlauf und Updates - Ciclozone","robots":{"index":"index","follow":"follow","max-snippet":"max-snippet:-1","max-image-preview":"max-image-preview:large","max-video-preview":"max-video-preview:-1"},"canonical":"https:\/\/ciclozone.com\/de\/ciclo-studio-android-tv-versionsverlauf-und-updates\/","og_locale":"de_DE","og_type":"article","og_title":"Ciclo Studio (Android TV) \u2013 Versionsverlauf und Updates - Ciclozone","og_description":"Ciclo Studio (Android TV) \u2013 Versionsverlauf und Updates Android TV: Ciclo Studio App &#8211; Google Play Letzte Aktualisierung: 22. Mai [&hellip;]","og_url":"https:\/\/ciclozone.com\/de\/ciclo-studio-android-tv-versionsverlauf-und-updates\/","og_site_name":"Ciclozone","article_publisher":"https:\/\/www.facebook.com\/WeareCicloZone\/","article_modified_time":"2026-03-30T17:15:41+00:00","og_image":[{"width":550,"height":12,"url":"https:\/\/ciclozone.com\/wp-content\/uploads\/2025\/08\/Swatch-Group.png","type":"image\/png"}],"twitter_card":"summary_large_image","twitter_misc":{"Gesch\u00e4tzte Lesezeit":"2\u00a0Minuten"},"schema":{"@context":"https:\/\/schema.org","@graph":[{"@type":"WebPage","@id":"https:\/\/ciclozone.com\/de\/ciclo-studio-android-tv-versionsverlauf-und-updates\/","url":"https:\/\/ciclozone.com\/de\/ciclo-studio-android-tv-versionsverlauf-und-updates\/","name":"Ciclo Studio (Android TV) \u2013 Versionsverlauf und Updates - Ciclozone","isPartOf":{"@id":"https:\/\/ciclozone.com\/de\/#website"},"primaryImageOfPage":{"@id":"https:\/\/ciclozone.com\/de\/ciclo-studio-android-tv-versionsverlauf-und-updates\/#primaryimage"},"image":{"@id":"https:\/\/ciclozone.com\/de\/ciclo-studio-android-tv-versionsverlauf-und-updates\/#primaryimage"},"thumbnailUrl":"https:\/\/ciclozone.com\/wp-content\/uploads\/2025\/08\/Swatch-Group-300x7.png","datePublished":"2026-02-10T20:40:45+00:00","dateModified":"2026-03-30T17:15:41+00:00","breadcrumb":{"@id":"https:\/\/ciclozone.com\/de\/ciclo-studio-android-tv-versionsverlauf-und-updates\/#breadcrumb"},"inLanguage":"de","potentialAction":[{"@type":"ReadAction","target":["https:\/\/ciclozone.com\/de\/ciclo-studio-android-tv-versionsverlauf-und-updates\/"]}]},{"@type":"ImageObject","inLanguage":"de","@id":"https:\/\/ciclozone.com\/de\/ciclo-studio-android-tv-versionsverlauf-und-updates\/#primaryimage","url":"https:\/\/ciclozone.com\/wp-content\/uploads\/2025\/08\/Swatch-Group-300x7.png","contentUrl":"https:\/\/ciclozone.com\/wp-content\/uploads\/2025\/08\/Swatch-Group-300x7.png"},{"@type":"BreadcrumbList","@id":"https:\/\/ciclozone.com\/de\/ciclo-studio-android-tv-versionsverlauf-und-updates\/#breadcrumb","itemListElement":[{"@type":"ListItem","position":1,"name":"Home","item":"https:\/\/ciclozone.com\/de\/startseite\/"},{"@type":"ListItem","position":2,"name":"Ciclo Studio (Android TV) \u2013 Versionsverlauf und Updates"}]},{"@type":"WebSite","@id":"https:\/\/ciclozone.com\/de\/#website","url":"https:\/\/ciclozone.com\/de\/","name":"Ciclozone","description":"Indoor Cycling Redefined","publisher":{"@id":"https:\/\/ciclozone.com\/de\/#organization"},"potentialAction":[{"@type":"SearchAction","target":{"@type":"EntryPoint","urlTemplate":"https:\/\/ciclozone.com\/de\/?s={search_term_string}"},"query-input":{"@type":"PropertyValueSpecification","valueRequired":true,"valueName":"search_term_string"}}],"inLanguage":"de"},{"@type":"Organization","@id":"https:\/\/ciclozone.com\/de\/#organization","name":"Ciclozone","url":"https:\/\/ciclozone.com\/de\/","logo":{"@type":"ImageObject","inLanguage":"de","@id":"https:\/\/ciclozone.com\/de\/#\/schema\/logo\/image\/","url":"https:\/\/ciclozone.com\/wp-content\/uploads\/2025\/08\/ciclo-logo.png","contentUrl":"https:\/\/ciclozone.com\/wp-content\/uploads\/2025\/08\/ciclo-logo.png","width":177,"height":44,"caption":"Ciclozone"},"image":{"@id":"https:\/\/ciclozone.com\/de\/#\/schema\/logo\/image\/"},"sameAs":["https:\/\/www.facebook.com\/WeareCicloZone\/","https:\/\/www.instagram.com\/ciclozoneuk\/","https:\/\/www.linkedin.com\/company\/ciclozone\/","https:\/\/www.youtube.com\/@ciclozone1059\/"]}]}},"_links":{"self":[{"href":"https:\/\/ciclozone.com\/de\/wp-json\/wp\/v2\/pages\/8104","targetHints":{"allow":["GET"]}}],"collection":[{"href":"https:\/\/ciclozone.com\/de\/wp-json\/wp\/v2\/pages"}],"about":[{"href":"https:\/\/ciclozone.com\/de\/wp-json\/wp\/v2\/types\/page"}],"author":[{"embeddable":true,"href":"https:\/\/ciclozone.com\/de\/wp-json\/wp\/v2\/users\/1"}],"replies":[{"embeddable":true,"href":"https:\/\/ciclozone.com\/de\/wp-json\/wp\/v2\/comments?post=8104"}],"version-history":[{"count":13,"href":"https:\/\/ciclozone.com\/de\/wp-json\/wp\/v2\/pages\/8104\/revisions"}],"predecessor-version":[{"id":8187,"href":"https:\/\/ciclozone.com\/de\/wp-json\/wp\/v2\/pages\/8104\/revisions\/8187"}],"wp:attachment":[{"href":"https:\/\/ciclozone.com\/de\/wp-json\/wp\/v2\/media?parent=8104"}],"curies":[{"name":"wp","href":"https:\/\/api.w.org\/{rel}","templated":true}]}}