{"id":10644,"date":"2026-01-06T17:46:07","date_gmt":"2026-01-06T17:46:07","guid":{"rendered":"https:\/\/ciclozone.com\/cookie-richtlinie\/"},"modified":"2026-04-13T14:39:16","modified_gmt":"2026-04-13T13:39:16","slug":"cookie-richtlinie","status":"publish","type":"page","link":"https:\/\/ciclozone.com\/de\/cookie-richtlinie\/","title":{"rendered":"Cookie-Richtlinie"},"content":{"rendered":"\t\t<div data-elementor-type=\"wp-page\" data-elementor-id=\"10644\" class=\"elementor elementor-10644 elementor-5772\" data-elementor-post-type=\"page\">\n\t\t\t\t<div class=\"elementor-element elementor-element-4a5f615 e-flex e-con-boxed e-con e-parent\" data-id=\"4a5f615\" data-element_type=\"container\" data-e-type=\"container\" data-settings=\"{&quot;background_background&quot;:&quot;classic&quot;,&quot;animation&quot;:&quot;none&quot;,&quot;shape_divider_bottom&quot;:&quot;triangle&quot;,&quot;shape_divider_bottom_negative&quot;:&quot;yes&quot;}\">\n\t\t\t\t\t<div class=\"e-con-inner\">\n\t\t\t\t<div class=\"elementor-shape elementor-shape-bottom\" aria-hidden=\"true\" data-negative=\"true\">\n\t\t\t<svg xmlns=\"http:\/\/www.w3.org\/2000\/svg\" viewBox=\"0 0 1000 100\" preserveAspectRatio=\"none\">\n\t<path class=\"elementor-shape-fill\" d=\"M500.2,94.7L0,0v100h1000V0L500.2,94.7z\"\/>\n<\/svg>\t\t<\/div>\n\t\t<div class=\"elementor-element elementor-element-27d0884 e-con-full e-flex e-con e-child\" data-id=\"27d0884\" data-element_type=\"container\" data-e-type=\"container\">\n\t\t\t\t<div class=\"elementor-element elementor-element-eb3fdd0 elementor-widget__width-initial elementor-widget elementor-widget-heading\" data-id=\"eb3fdd0\" data-element_type=\"widget\" data-e-type=\"widget\" data-widget_type=\"heading.default\">\n\t\t\t\t\t<h1 class=\"elementor-heading-title elementor-size-default\">Cookie-Richtlinie<\/h1>\t\t\t\t<\/div>\n\t\t\t\t<div class=\"elementor-element elementor-element-75d7e37 elementor-widget elementor-widget-image\" data-id=\"75d7e37\" data-element_type=\"widget\" data-e-type=\"widget\" data-widget_type=\"image.default\">\n\t\t\t\t\t\t\t\t\t\t\t\t\t\t\t<img decoding=\"async\" width=\"300\" height=\"7\" src=\"https:\/\/ciclozone.com\/wp-content\/uploads\/2025\/08\/Swatch-Group-300x7.png\" class=\"attachment-medium size-medium wp-image-7142\" alt=\"\" srcset=\"https:\/\/ciclozone.com\/wp-content\/uploads\/2025\/08\/Swatch-Group-300x7.png 300w, https:\/\/ciclozone.com\/wp-content\/uploads\/2025\/08\/Swatch-Group.png 550w\" sizes=\"(max-width: 300px) 100vw, 300px\" \/>\t\t\t\t\t\t\t\t\t\t\t\t\t\t\t<\/div>\n\t\t\t\t<\/div>\n\t\t\t\t\t<\/div>\n\t\t\t\t<\/div>\n\t\t<div class=\"elementor-element elementor-element-7959cbe policy-page e-flex e-con-boxed e-con e-parent\" data-id=\"7959cbe\" data-element_type=\"container\" data-e-type=\"container\" data-settings=\"{&quot;background_background&quot;:&quot;classic&quot;}\">\n\t\t\t\t\t<div class=\"e-con-inner\">\n\t\t\t\t<div class=\"elementor-element elementor-element-9c91c72 elementor-widget__width-initial elementor-widget elementor-widget-text-editor\" data-id=\"9c91c72\" data-element_type=\"widget\" data-e-type=\"widget\" data-widget_type=\"text-editor.default\">\n\t\t\t\t\t\t\t\t\t<p>Datum des Inkrafttretens: 1. Januar 2026<\/p><p>Letzte Aktualisierung: 1. Januar 2026<\/p><p>Diese Cookie-Richtlinie gilt f\u00fcr die CicloZone-Website und damit verbundene digitale Dienste, einschlie\u00dflich der Plattformen f\u00fcr Fahrer und Studios, die \u00fcber https:\/\/ciclozone-marketing.on-forge.com zug\u00e4nglich sind.<\/p><p>Weitere Informationen dar\u00fcber, wie wir personenbezogene Daten verarbeiten und welche Rechte Sie nach den Datenschutzgesetzen haben, finden Sie in unserer Datenschutzrichtlinie.<\/p><p>1. Was sind Cookies?<\/p><p>Cookies sind kleine Textdateien, die auf Ihrem Ger\u00e4t gespeichert werden, wenn eine Website in Ihrem Browser geladen wird. Sie werden weitverbreitet eingesetzt, um das ordnungsgem\u00e4\u00dfe Funktionieren von Websites zu gew\u00e4hrleisten, die Sicherheit zu erh\u00f6hen, das Nutzererlebnis zu verbessern und die Leistung zu analysieren, um Verbesserungsm\u00f6glichkeiten zu ermitteln.<\/p><p>2. Wie wir Cookies verwenden<\/p><p>Wie die meisten Online-Dienste verwendet CicloZone Erstanbieter- und Drittanbieter-Cookies f\u00fcr verschiedene Zwecke.<\/p><p>Erstanbieter-Cookies sind in erster Linie f\u00fcr das ordnungsgem\u00e4\u00dfe Funktionieren der Website erforderlich und erfassen keine personenbezogenen Daten.<\/p><p>Drittanbieter-Cookies helfen uns, soweit sie eingesetzt werden, zu verstehen, wie die Website funktioniert, wie Besucher mit ihr interagieren, unsere Dienste sicher zu halten und zuk\u00fcnftige Nutzererfahrungen zu verbessern.<\/p><p>Cookies werden nur gem\u00e4\u00df Ihren Einwilligungspr\u00e4ferenzen gesetzt, es sei denn, sie sind f\u00fcr den Betrieb der Website zwingend erforderlich.<\/p><p>3. Arten von Cookies, die wir verwenden \u2013 Notwendige Cookies<\/p><p>Notwendige Cookies sind erforderlich, um grundlegende Funktionen zu erm\u00f6glichen, wie z. B. sichere Anmeldung, Sitzungsverwaltung und das Speichern Ihrer Einwilligungspr\u00e4ferenzen. Diese Cookies speichern keine personenbezogenen Daten.<\/p><p>Cookie\tDauer\tBeschreibung<\/p><p>wpEmojiSettingsSupports\tSitzung\tWird von WordPress gesetzt, wenn ein Nutzer mit Emojis interagiert. Es wird ermittelt, ob der Browser Emojis korrekt anzeigen kann.<\/p><p>cookieyes-consent\t1 Jahr\tWird von CookieYes gesetzt, um Ihre Cookie-Einwilligungspr\u00e4ferenzen zu speichern, damit diese bei sp\u00e4teren Besuchen ber\u00fccksichtigt werden.<\/p><p>Wir verwenden m\u00f6glicherweise Analyse- und Leistungs-Cookies, um zu verstehen, wie Besucher unsere Website nutzen, die Leistung zu verbessern und das Nutzererlebnis zu optimieren.<\/p><p>Diese Cookies werden nur gesetzt, wenn Sie \u00fcber unser Cookie-Banner Ihre Einwilligung erteilt haben.<\/p><p>Einzelheiten zu aktiven Analyse- oder Leistungs-Cookies werden oben aufgef\u00fchrt, sobald sie aktiv sind.<\/p><p>Drittanbieter-Cookies<\/p><p>Einige Seiten k\u00f6nnen eingebettete Inhalte oder Integrationen enthalten (z. B. Videoplattformen oder andere Dienste von Drittanbietern). Diese Drittanbieter k\u00f6nnen eigene Cookies setzen.<\/p><p>Wir haben keine Kontrolle \u00fcber diese Cookies, und ihre Verwendung unterliegt den Datenschutz- und Cookie-Richtlinien des jeweiligen Drittanbieters.<\/p><p>4. WordPress-spezifische Cookies<\/p><p>Unsere Website basiert auf WordPress, das in bestimmten Situationen zus\u00e4tzliche Cookies setzen kann:<\/p><p>Kommentar-Cookies (Name, E-Mail, Website) k\u00f6nnen bis zu einem Jahr gespeichert werden, wenn Sie diese speichern m\u00f6chten.<\/p><p>Anmelde-Cookies sind bis zu zwei Tage g\u00fcltig oder bis zu zwei Wochen, wenn \u201eAngemeldet bleiben\u201c ausgew\u00e4hlt wurde.<\/p><p>Bildschirmeinstellungs-Cookies k\u00f6nnen bis zu einem Jahr g\u00fcltig bleiben.<\/p><p>Bearbeitungs- oder Ver\u00f6ffentlichungs-Cookies verfallen nach einem Tag und enthalten keine personenbezogenen Daten.<\/p><p>5. Verwaltung Ihrer Cookie-Einstellungen<\/p><p>Sie k\u00f6nnen Ihre Cookie-Einstellungen jederzeit verwalten, indem Sie auf die Schaltfl\u00e4che \u201eEinwilligungspr\u00e4ferenzen\u201c auf der Website klicken. Damit k\u00f6nnen Sie Ihre Einwilligung \u00fcberpr\u00fcfen, aktualisieren oder widerrufen.<\/p><p>Sie k\u00f6nnen Cookies auch \u00fcber Ihre Browsereinstellungen steuern oder l\u00f6schen. Bitte beachten Sie, dass das Deaktivieren von Cookies die Funktionalit\u00e4t der Website beeintr\u00e4chtigen kann.<\/p><p>Supportdokumentation der Browser:<\/p><p>Chrome: https:\/\/support.google.com\/accounts\/answer\/32050<\/p><p>Safari: https:\/\/support.apple.com\/guide\/safari\/manage-cookies-and-website-data-sfri11471\/mac<\/p><p>Firefox: https:\/\/support.mozilla.org\/en-US\/kb\/clear-cookies-and-site-data-firefox<\/p><p>Internet Explorer: https:\/\/support.microsoft.com\/help\/17442<\/p><p>Wenn Sie einen anderen Browser verwenden, lesen Sie bitte dessen offizielle Supportdokumentation.<\/p><p>6. \u00c4nderungen dieser Cookie-Richtlinie<\/p><p>Wir k\u00f6nnen diese Cookie-Richtlinie von Zeit zu Zeit aktualisieren, um \u00c4nderungen in der Technologie, der Gesetzgebung oder unserer Verwendung von Cookies zu ber\u00fccksichtigen. Aktualisierungen werden auf dieser Seite mit einem \u00fcberarbeiteten Datum \u201eLetzte Aktualisierung\u201c ver\u00f6ffentlicht.<\/p>\t\t\t\t\t\t\t\t<\/div>\n\t\t\t\t\t<\/div>\n\t\t\t\t<\/div>\n\t\t\t\t<\/div>\n\t\t","protected":false},"excerpt":{"rendered":"<p>Cookie-Richtlinie Datum des Inkrafttretens: 1. Januar 2026 Letzte Aktualisierung: 1. Januar 2026 Diese Cookie-Richtlinie gilt f\u00fcr die CicloZone-Website und damit [&hellip;]<\/p>\n","protected":false},"author":1,"featured_media":0,"parent":0,"menu_order":0,"comment_status":"closed","ping_status":"closed","template":"","meta":{"site-sidebar-layout":"no-sidebar","site-content-layout":"","ast-site-content-layout":"full-width-container","site-content-style":"default","site-sidebar-style":"default","ast-global-header-display":"","ast-banner-title-visibility":"","ast-main-header-display":"","ast-hfb-above-header-display":"","ast-hfb-below-header-display":"","ast-hfb-mobile-header-display":"","site-post-title":"","ast-breadcrumbs-content":"","ast-featured-img":"disabled","footer-sml-layout":"","ast-disable-related-posts":"","theme-transparent-header-meta":"","adv-header-id-meta":"","stick-header-meta":"","header-above-stick-meta":"","header-main-stick-meta":"","header-below-stick-meta":"","astra-migrate-meta-layouts":"default","ast-page-background-enabled":"default","ast-page-background-meta":{"desktop":{"background-color":"var(--ast-global-color-5)","background-image":"","background-repeat":"repeat","background-position":"center center","background-size":"auto","background-attachment":"scroll","background-type":"","background-media":"","overlay-type":"","overlay-color":"","overlay-opacity":"","overlay-gradient":""},"tablet":{"background-color":"","background-image":"","background-repeat":"repeat","background-position":"center center","background-size":"auto","background-attachment":"scroll","background-type":"","background-media":"","overlay-type":"","overlay-color":"","overlay-opacity":"","overlay-gradient":""},"mobile":{"background-color":"","background-image":"","background-repeat":"repeat","background-position":"center center","background-size":"auto","background-attachment":"scroll","background-type":"","background-media":"","overlay-type":"","overlay-color":"","overlay-opacity":"","overlay-gradient":""}},"ast-content-background-meta":{"desktop":{"background-color":"var(--ast-global-color-4)","background-image":"","background-repeat":"repeat","background-position":"center center","background-size":"auto","background-attachment":"scroll","background-type":"","background-media":"","overlay-type":"","overlay-color":"","overlay-opacity":"","overlay-gradient":""},"tablet":{"background-color":"var(--ast-global-color-4)","background-image":"","background-repeat":"repeat","background-position":"center center","background-size":"auto","background-attachment":"scroll","background-type":"","background-media":"","overlay-type":"","overlay-color":"","overlay-opacity":"","overlay-gradient":""},"mobile":{"background-color":"var(--ast-global-color-4)","background-image":"","background-repeat":"repeat","background-position":"center center","background-size":"auto","background-attachment":"scroll","background-type":"","background-media":"","overlay-type":"","overlay-color":"","overlay-opacity":"","overlay-gradient":""}},"footnotes":""},"class_list":["post-10644","page","type-page","status-publish","hentry"],"yoast_head":"<!-- This site is optimized with the Yoast SEO plugin v27.1.1 - https:\/\/yoast.com\/product\/yoast-seo-wordpress\/ -->\n<title>Cookie-Richtlinie - Ciclozone<\/title>\n<meta name=\"robots\" content=\"index, follow, max-snippet:-1, max-image-preview:large, max-video-preview:-1\" \/>\n<link rel=\"canonical\" href=\"https:\/\/ciclozone.com\/de\/cookie-richtlinie\/\" \/>\n<meta property=\"og:locale\" content=\"de_DE\" \/>\n<meta property=\"og:type\" content=\"article\" \/>\n<meta property=\"og:title\" content=\"Cookie-Richtlinie - Ciclozone\" \/>\n<meta property=\"og:description\" content=\"Cookie-Richtlinie Datum des Inkrafttretens: 1. Januar 2026 Letzte Aktualisierung: 1. Januar 2026 Diese Cookie-Richtlinie gilt f\u00fcr die CicloZone-Website und damit [&hellip;]\" \/>\n<meta property=\"og:url\" content=\"https:\/\/ciclozone.com\/de\/cookie-richtlinie\/\" \/>\n<meta property=\"og:site_name\" content=\"Ciclozone\" \/>\n<meta property=\"article:publisher\" content=\"https:\/\/www.facebook.com\/WeareCicloZone\/\" \/>\n<meta property=\"article:modified_time\" content=\"2026-04-13T13:39:16+00:00\" \/>\n<meta property=\"og:image\" content=\"https:\/\/ciclozone.com\/wp-content\/uploads\/2025\/08\/Swatch-Group.png\" \/>\n\t<meta property=\"og:image:width\" content=\"550\" \/>\n\t<meta property=\"og:image:height\" content=\"12\" \/>\n\t<meta property=\"og:image:type\" content=\"image\/png\" \/>\n<meta name=\"twitter:card\" content=\"summary_large_image\" \/>\n<meta name=\"twitter:label1\" content=\"Gesch\u00e4tzte Lesezeit\" \/>\n\t<meta name=\"twitter:data1\" content=\"3\u00a0Minuten\" \/>\n<script type=\"application\/ld+json\" class=\"yoast-schema-graph\">{\"@context\":\"https:\/\/schema.org\",\"@graph\":[{\"@type\":\"WebPage\",\"@id\":\"https:\/\/ciclozone.com\/de\/cookie-richtlinie\/\",\"url\":\"https:\/\/ciclozone.com\/de\/cookie-richtlinie\/\",\"name\":\"Cookie-Richtlinie - Ciclozone\",\"isPartOf\":{\"@id\":\"https:\/\/ciclozone.com\/de\/#website\"},\"primaryImageOfPage\":{\"@id\":\"https:\/\/ciclozone.com\/de\/cookie-richtlinie\/#primaryimage\"},\"image\":{\"@id\":\"https:\/\/ciclozone.com\/de\/cookie-richtlinie\/#primaryimage\"},\"thumbnailUrl\":\"https:\/\/ciclozone.com\/wp-content\/uploads\/2025\/08\/Swatch-Group-300x7.png\",\"datePublished\":\"2026-01-06T17:46:07+00:00\",\"dateModified\":\"2026-04-13T13:39:16+00:00\",\"breadcrumb\":{\"@id\":\"https:\/\/ciclozone.com\/de\/cookie-richtlinie\/#breadcrumb\"},\"inLanguage\":\"de\",\"potentialAction\":[{\"@type\":\"ReadAction\",\"target\":[\"https:\/\/ciclozone.com\/de\/cookie-richtlinie\/\"]}]},{\"@type\":\"ImageObject\",\"inLanguage\":\"de\",\"@id\":\"https:\/\/ciclozone.com\/de\/cookie-richtlinie\/#primaryimage\",\"url\":\"https:\/\/ciclozone.com\/wp-content\/uploads\/2025\/08\/Swatch-Group-300x7.png\",\"contentUrl\":\"https:\/\/ciclozone.com\/wp-content\/uploads\/2025\/08\/Swatch-Group-300x7.png\"},{\"@type\":\"BreadcrumbList\",\"@id\":\"https:\/\/ciclozone.com\/de\/cookie-richtlinie\/#breadcrumb\",\"itemListElement\":[{\"@type\":\"ListItem\",\"position\":1,\"name\":\"Home\",\"item\":\"https:\/\/ciclozone.com\/de\/startseite\/\"},{\"@type\":\"ListItem\",\"position\":2,\"name\":\"Cookie-Richtlinie\"}]},{\"@type\":\"WebSite\",\"@id\":\"https:\/\/ciclozone.com\/de\/#website\",\"url\":\"https:\/\/ciclozone.com\/de\/\",\"name\":\"Ciclozone\",\"description\":\"Indoor Cycling Redefined\",\"publisher\":{\"@id\":\"https:\/\/ciclozone.com\/de\/#organization\"},\"potentialAction\":[{\"@type\":\"SearchAction\",\"target\":{\"@type\":\"EntryPoint\",\"urlTemplate\":\"https:\/\/ciclozone.com\/de\/?s={search_term_string}\"},\"query-input\":{\"@type\":\"PropertyValueSpecification\",\"valueRequired\":true,\"valueName\":\"search_term_string\"}}],\"inLanguage\":\"de\"},{\"@type\":\"Organization\",\"@id\":\"https:\/\/ciclozone.com\/de\/#organization\",\"name\":\"Ciclozone\",\"url\":\"https:\/\/ciclozone.com\/de\/\",\"logo\":{\"@type\":\"ImageObject\",\"inLanguage\":\"de\",\"@id\":\"https:\/\/ciclozone.com\/de\/#\/schema\/logo\/image\/\",\"url\":\"https:\/\/ciclozone.com\/wp-content\/uploads\/2025\/08\/ciclo-logo.png\",\"contentUrl\":\"https:\/\/ciclozone.com\/wp-content\/uploads\/2025\/08\/ciclo-logo.png\",\"width\":177,\"height\":44,\"caption\":\"Ciclozone\"},\"image\":{\"@id\":\"https:\/\/ciclozone.com\/de\/#\/schema\/logo\/image\/\"},\"sameAs\":[\"https:\/\/www.facebook.com\/WeareCicloZone\/\",\"https:\/\/www.instagram.com\/ciclozoneuk\/\",\"https:\/\/www.linkedin.com\/company\/ciclozone\/\",\"https:\/\/www.youtube.com\/@ciclozone1059\/\"]}]}<\/script>\n<!-- \/ Yoast SEO plugin. -->","yoast_head_json":{"title":"Cookie-Richtlinie - Ciclozone","robots":{"index":"index","follow":"follow","max-snippet":"max-snippet:-1","max-image-preview":"max-image-preview:large","max-video-preview":"max-video-preview:-1"},"canonical":"https:\/\/ciclozone.com\/de\/cookie-richtlinie\/","og_locale":"de_DE","og_type":"article","og_title":"Cookie-Richtlinie - Ciclozone","og_description":"Cookie-Richtlinie Datum des Inkrafttretens: 1. Januar 2026 Letzte Aktualisierung: 1. Januar 2026 Diese Cookie-Richtlinie gilt f\u00fcr die CicloZone-Website und damit [&hellip;]","og_url":"https:\/\/ciclozone.com\/de\/cookie-richtlinie\/","og_site_name":"Ciclozone","article_publisher":"https:\/\/www.facebook.com\/WeareCicloZone\/","article_modified_time":"2026-04-13T13:39:16+00:00","og_image":[{"width":550,"height":12,"url":"https:\/\/ciclozone.com\/wp-content\/uploads\/2025\/08\/Swatch-Group.png","type":"image\/png"}],"twitter_card":"summary_large_image","twitter_misc":{"Gesch\u00e4tzte Lesezeit":"3\u00a0Minuten"},"schema":{"@context":"https:\/\/schema.org","@graph":[{"@type":"WebPage","@id":"https:\/\/ciclozone.com\/de\/cookie-richtlinie\/","url":"https:\/\/ciclozone.com\/de\/cookie-richtlinie\/","name":"Cookie-Richtlinie - Ciclozone","isPartOf":{"@id":"https:\/\/ciclozone.com\/de\/#website"},"primaryImageOfPage":{"@id":"https:\/\/ciclozone.com\/de\/cookie-richtlinie\/#primaryimage"},"image":{"@id":"https:\/\/ciclozone.com\/de\/cookie-richtlinie\/#primaryimage"},"thumbnailUrl":"https:\/\/ciclozone.com\/wp-content\/uploads\/2025\/08\/Swatch-Group-300x7.png","datePublished":"2026-01-06T17:46:07+00:00","dateModified":"2026-04-13T13:39:16+00:00","breadcrumb":{"@id":"https:\/\/ciclozone.com\/de\/cookie-richtlinie\/#breadcrumb"},"inLanguage":"de","potentialAction":[{"@type":"ReadAction","target":["https:\/\/ciclozone.com\/de\/cookie-richtlinie\/"]}]},{"@type":"ImageObject","inLanguage":"de","@id":"https:\/\/ciclozone.com\/de\/cookie-richtlinie\/#primaryimage","url":"https:\/\/ciclozone.com\/wp-content\/uploads\/2025\/08\/Swatch-Group-300x7.png","contentUrl":"https:\/\/ciclozone.com\/wp-content\/uploads\/2025\/08\/Swatch-Group-300x7.png"},{"@type":"BreadcrumbList","@id":"https:\/\/ciclozone.com\/de\/cookie-richtlinie\/#breadcrumb","itemListElement":[{"@type":"ListItem","position":1,"name":"Home","item":"https:\/\/ciclozone.com\/de\/startseite\/"},{"@type":"ListItem","position":2,"name":"Cookie-Richtlinie"}]},{"@type":"WebSite","@id":"https:\/\/ciclozone.com\/de\/#website","url":"https:\/\/ciclozone.com\/de\/","name":"Ciclozone","description":"Indoor Cycling Redefined","publisher":{"@id":"https:\/\/ciclozone.com\/de\/#organization"},"potentialAction":[{"@type":"SearchAction","target":{"@type":"EntryPoint","urlTemplate":"https:\/\/ciclozone.com\/de\/?s={search_term_string}"},"query-input":{"@type":"PropertyValueSpecification","valueRequired":true,"valueName":"search_term_string"}}],"inLanguage":"de"},{"@type":"Organization","@id":"https:\/\/ciclozone.com\/de\/#organization","name":"Ciclozone","url":"https:\/\/ciclozone.com\/de\/","logo":{"@type":"ImageObject","inLanguage":"de","@id":"https:\/\/ciclozone.com\/de\/#\/schema\/logo\/image\/","url":"https:\/\/ciclozone.com\/wp-content\/uploads\/2025\/08\/ciclo-logo.png","contentUrl":"https:\/\/ciclozone.com\/wp-content\/uploads\/2025\/08\/ciclo-logo.png","width":177,"height":44,"caption":"Ciclozone"},"image":{"@id":"https:\/\/ciclozone.com\/de\/#\/schema\/logo\/image\/"},"sameAs":["https:\/\/www.facebook.com\/WeareCicloZone\/","https:\/\/www.instagram.com\/ciclozoneuk\/","https:\/\/www.linkedin.com\/company\/ciclozone\/","https:\/\/www.youtube.com\/@ciclozone1059\/"]}]}},"_links":{"self":[{"href":"https:\/\/ciclozone.com\/de\/wp-json\/wp\/v2\/pages\/10644","targetHints":{"allow":["GET"]}}],"collection":[{"href":"https:\/\/ciclozone.com\/de\/wp-json\/wp\/v2\/pages"}],"about":[{"href":"https:\/\/ciclozone.com\/de\/wp-json\/wp\/v2\/types\/page"}],"author":[{"embeddable":true,"href":"https:\/\/ciclozone.com\/de\/wp-json\/wp\/v2\/users\/1"}],"replies":[{"embeddable":true,"href":"https:\/\/ciclozone.com\/de\/wp-json\/wp\/v2\/comments?post=10644"}],"version-history":[{"count":2,"href":"https:\/\/ciclozone.com\/de\/wp-json\/wp\/v2\/pages\/10644\/revisions"}],"predecessor-version":[{"id":10813,"href":"https:\/\/ciclozone.com\/de\/wp-json\/wp\/v2\/pages\/10644\/revisions\/10813"}],"wp:attachment":[{"href":"https:\/\/ciclozone.com\/de\/wp-json\/wp\/v2\/media?parent=10644"}],"curies":[{"name":"wp","href":"https:\/\/api.w.org\/{rel}","templated":true}]}}